{"id":7226,"date":"2025-09-01T05:25:27","date_gmt":"2025-09-01T05:25:27","guid":{"rendered":"https:\/\/dersuessestopp.com\/?post_type=product&#038;p=7226"},"modified":"2025-10-08T19:10:01","modified_gmt":"2025-10-08T19:10:01","slug":"sommelier-6","status":"publish","type":"product","link":"https:\/\/dersuessestopp.com\/hu\/product\/sommelier-6\/","title":{"rendered":"SOMMELIER 6"},"content":{"rendered":"<p data-start=\"243\" data-end=\"450\"><img fetchpriority=\"high\" decoding=\"async\" class=\"alignnone wp-image-11542 size-full\" src=\"https:\/\/dersuessestopp.com\/wp-content\/uploads\/2025\/09\/SOMMELIER-4.jpg\" alt=\"\" width=\"2000\" height=\"600\" srcset=\"https:\/\/dersuessestopp.com\/wp-content\/uploads\/2025\/09\/SOMMELIER-4.jpg 2000w, https:\/\/dersuessestopp.com\/wp-content\/uploads\/2025\/09\/SOMMELIER-4-300x90.jpg 300w, https:\/\/dersuessestopp.com\/wp-content\/uploads\/2025\/09\/SOMMELIER-4-1024x307.jpg 1024w, https:\/\/dersuessestopp.com\/wp-content\/uploads\/2025\/09\/SOMMELIER-4-768x230.jpg 768w, https:\/\/dersuessestopp.com\/wp-content\/uploads\/2025\/09\/SOMMELIER-4-1536x461.jpg 1536w, https:\/\/dersuessestopp.com\/wp-content\/uploads\/2025\/09\/SOMMELIER-4-250x75.jpg 250w, https:\/\/dersuessestopp.com\/wp-content\/uploads\/2025\/09\/SOMMELIER-4-600x180.jpg 600w\" sizes=\"(max-width: 2000px) 100vw, 2000px\" \/><\/p>\n<p data-start=\"243\" data-end=\"450\">A <strong data-start=\"247\" data-end=\"262\">Sommelier 6<\/strong> egy professzion\u00e1lis min\u0151s\u00e9g\u0171 <strong data-start=\"287\" data-end=\"338\">6 palackos boradagol\u00f3 \u00e9s tart\u00f3s\u00edt\u00f3 rendszer<\/strong>, \u00e9ttermek, boroz\u00f3k \u00e9s borb\u00e1rok sz\u00e1m\u00e1ra tervezt\u00e9k, amelyek prec\u00edz t\u00e1lal\u00e1st \u00e9s hossz\u00fa t\u00e1v\u00fa meg\u0151rz\u00e9st ig\u00e9nyelnek.<\/p>\n<p data-start=\"452\" data-end=\"737\">Felszerelve egy <strong data-start=\"468\" data-end=\"505\">digit\u00e1lis adagol\u00f3 minden egyes palackhoz<\/strong>, biztos\u00edtja a pontos ki\u00f6nt\u00e9st egy <strong data-start=\"543\" data-end=\"580\">\u00e1ll\u00edthat\u00f3 adagol\u00e1s (alap\u00e9rtelmezett 75 ml)<\/strong>. Az integr\u00e1lt <strong data-start=\"597\" data-end=\"636\">nitrog\u00e9n tart\u00f3s\u00edt\u00f3 rendszer (E941)<\/strong> megakad\u00e1lyozza az oxid\u00e1ci\u00f3t, \u00edgy a bor eredeti min\u0151s\u00e9g\u00e9t ak\u00e1r t\u00f6bb \u00e9vig is meg\u0151rzi. <strong data-start=\"707\" data-end=\"720\">3-4 h\u00e9t<\/strong> nyit\u00e1s ut\u00e1n.<\/p>\n<p data-start=\"739\" data-end=\"981\">A <strong data-start=\"748\" data-end=\"815\">f\u00fcggetlen elektronikus h\u0151m\u00e9rs\u00e9klet-szab\u00e1lyoz\u00e1s (+4 \u00b0C \u00e9s +18 \u00b0C k\u00f6z\u00f6tt)<\/strong>, <strong data-start=\"817\" data-end=\"849\">rozsdamentes ac\u00e9lszerkezet<\/strong>, <strong data-start=\"851\" data-end=\"886\">csendes kompresszoros h\u0171t\u00e9s<\/strong>, \u00e9s <strong data-start=\"892\" data-end=\"916\">eleg\u00e1ns LED vil\u00e1g\u00edt\u00e1s<\/strong>, A Sommelier 6 a nagy teljes\u00edtm\u00e9nyt modern diz\u00e1jnnal \u00f6tv\u00f6zi.<\/p>\n<h2 data-start=\"1439\" data-end=\"1474\"><strong data-start=\"1442\" data-end=\"1474\">M\u0171szaki adatok - Sommelier 6<\/strong><\/h2>\n<table>\n<thead>\n<tr>\n<th><strong>Kateg\u00f3ria<\/strong><\/th>\n<th><strong>Specifik\u00e1ci\u00f3<\/strong><\/th>\n<\/tr>\n<\/thead>\n<tbody>\n<tr>\n<td><strong>Palack kapacit\u00e1s<\/strong><\/td>\n<td>6 palack<\/td>\n<\/tr>\n<tr>\n<td><strong>H\u0151m\u00e9rs\u00e9klet tartom\u00e1ny<\/strong><\/td>\n<td>+4 \u00b0C \u00e9s +18 \u00b0C k\u00f6z\u00f6tt<\/td>\n<\/tr>\n<tr>\n<td><strong>Kl\u00edmaoszt\u00e1ly<\/strong><\/td>\n<td>3<\/td>\n<\/tr>\n<tr>\n<td><strong>K\u00fcls\u0151 test<\/strong><\/td>\n<td>Rozsdamentes ac\u00e9l<\/td>\n<\/tr>\n<tr>\n<td><strong>Bels\u0151 b\u00e9l\u00e9s<\/strong><\/td>\n<td>Rozsdamentes ac\u00e9l<\/td>\n<\/tr>\n<tr>\n<td><strong>Termoszt\u00e1t<\/strong><\/td>\n<td>Elektronikus<\/td>\n<\/tr>\n<tr>\n<td><strong>Zajszint<\/strong><\/td>\n<td>40 dB<\/td>\n<\/tr>\n<tr>\n<td><strong>Leolvaszt\u00e1s<\/strong><\/td>\n<td>Automatikus (kompresszor ciklus)<\/td>\n<\/tr>\n<tr>\n<td><strong>H\u0171t\u0151rendszer<\/strong><\/td>\n<td>Csendes kompresszor<\/td>\n<\/tr>\n<tr>\n<td><strong>Vil\u00e1g\u00edt\u00e1s<\/strong><\/td>\n<td>4 LED<\/td>\n<\/tr>\n<tr>\n<td><strong>Z\u00e1r \u00e9s kulcs<\/strong><\/td>\n<td>Igen<\/td>\n<\/tr>\n<tr>\n<td><strong>L\u00e1bak \/ g\u00f6rg\u0151k<\/strong><\/td>\n<td>6 \u00e1ll\u00edthat\u00f3 l\u00e1b<\/td>\n<\/tr>\n<tr>\n<td><strong>Telep\u00edt\u00e9s<\/strong><\/td>\n<td>Plug &amp; Play<\/td>\n<\/tr>\n<tr>\n<td><strong>Bor t\u00e1rol\u00e1si id\u0151szak<\/strong><\/td>\n<td>3-4 h\u00e9t<\/td>\n<\/tr>\n<tr>\n<td><strong>\u00c1ll\u00edthat\u00f3 d\u00f3zis<\/strong><\/td>\n<td>Alap\u00e9rtelmezett 75 ml<\/td>\n<\/tr>\n<tr>\n<td><strong>H\u0171t\u0151k\u00f6zeg<\/strong><\/td>\n<td>R600A<\/td>\n<\/tr>\n<tr>\n<td><strong>Fesz\u00fclts\u00e9g<\/strong><\/td>\n<td>220-240 V<\/td>\n<\/tr>\n<tr>\n<td><strong>Frekvencia<\/strong><\/td>\n<td>50 Hz<\/td>\n<\/tr>\n<tr>\n<td><strong>Abszorpci\u00f3<\/strong><\/td>\n<td>100 W<\/td>\n<\/tr>\n<tr>\n<td><strong>Energiafogyaszt\u00e1s<\/strong><\/td>\n<td>0,36 kWh \/ 24 \u00f3ra<\/td>\n<\/tr>\n<\/tbody>\n<\/table>\n<h2 data-start=\"2254\" data-end=\"2294\"><strong data-start=\"2257\" data-end=\"2294\">M\u00e9retek \u00e9s s\u00faly - Sommelier 6<\/strong><\/h2>\n<div class=\"_tableContainer_1rjym_1\">\n<div class=\"_tableWrapper_1rjym_13 group flex w-fit flex-col-reverse\">\n<table>\n<thead>\n<tr>\n<th><strong>Specifik\u00e1ci\u00f3<\/strong><\/th>\n<th><strong>M\u00e9r\u00e9s<\/strong><\/th>\n<\/tr>\n<\/thead>\n<tbody>\n<tr>\n<td>K\u00fcls\u0151 m\u00e9retek (WxDxH)<\/td>\n<td>845 \u00d7 380 \u00d7 641 mm<\/td>\n<\/tr>\n<tr>\n<td>Csomagol\u00e1si m\u00e9retek (WxDxH)<\/td>\n<td>910 \u00d7 440 \u00d7 800 mm<\/td>\n<\/tr>\n<tr>\n<td>\u00dcveg matrica<\/td>\n<td>333 \u00d7 477,5 mm (x2)<\/td>\n<\/tr>\n<tr>\n<td>Nett\u00f3 \/ brutt\u00f3 s\u00faly<\/td>\n<td>51 \/ 55 kg<\/td>\n<\/tr>\n<\/tbody>\n<\/table>\n<\/div>\n<\/div>","protected":false},"excerpt":{"rendered":"<p>The Sommelier 6 is a professional-grade 6-bottle wine dispenser and preservation system, designed for restaurants, wine bars, and enoteche that require precision serving and long-term preservation. Equipped with a digital dispenser for each bottle, it ensures accurate pouring with an adjustable dosage (default 75 ml). The integrated nitrogen preservation system (E941) prevents oxidation, maintaining the [&hellip;]<\/p>\n","protected":false},"featured_media":7227,"comment_status":"open","ping_status":"closed","template":"","meta":[],"product_brand":[],"product_cat":[49],"product_tag":[],"class_list":{"0":"post-7226","1":"product","2":"type-product","3":"status-publish","4":"has-post-thumbnail","6":"product_cat-wine-fridges","8":"first","9":"instock","10":"shipping-taxable","11":"product-type-simple"},"_links":{"self":[{"href":"https:\/\/dersuessestopp.com\/hu\/wp-json\/wp\/v2\/product\/7226","targetHints":{"allow":["GET"]}}],"collection":[{"href":"https:\/\/dersuessestopp.com\/hu\/wp-json\/wp\/v2\/product"}],"about":[{"href":"https:\/\/dersuessestopp.com\/hu\/wp-json\/wp\/v2\/types\/product"}],"replies":[{"embeddable":true,"href":"https:\/\/dersuessestopp.com\/hu\/wp-json\/wp\/v2\/comments?post=7226"}],"version-history":[{"count":6,"href":"https:\/\/dersuessestopp.com\/hu\/wp-json\/wp\/v2\/product\/7226\/revisions"}],"predecessor-version":[{"id":11650,"href":"https:\/\/dersuessestopp.com\/hu\/wp-json\/wp\/v2\/product\/7226\/revisions\/11650"}],"wp:featuredmedia":[{"embeddable":true,"href":"https:\/\/dersuessestopp.com\/hu\/wp-json\/wp\/v2\/media\/7227"}],"wp:attachment":[{"href":"https:\/\/dersuessestopp.com\/hu\/wp-json\/wp\/v2\/media?parent=7226"}],"wp:term":[{"taxonomy":"product_brand","embeddable":true,"href":"https:\/\/dersuessestopp.com\/hu\/wp-json\/wp\/v2\/product_brand?post=7226"},{"taxonomy":"product_cat","embeddable":true,"href":"https:\/\/dersuessestopp.com\/hu\/wp-json\/wp\/v2\/product_cat?post=7226"},{"taxonomy":"product_tag","embeddable":true,"href":"https:\/\/dersuessestopp.com\/hu\/wp-json\/wp\/v2\/product_tag?post=7226"}],"curies":[{"name":"wp","href":"https:\/\/api.w.org\/{rel}","templated":true}]}}