{"id":7221,"date":"2025-09-01T05:23:00","date_gmt":"2025-09-01T05:23:00","guid":{"rendered":"https:\/\/dersuessestopp.com\/?post_type=product&#038;p=7221"},"modified":"2025-10-08T19:12:32","modified_gmt":"2025-10-08T19:12:32","slug":"sommelier-4","status":"publish","type":"product","link":"https:\/\/dersuessestopp.com\/hu\/product\/sommelier-4\/","title":{"rendered":"SOMMELIER 4"},"content":{"rendered":"<p data-start=\"198\" data-end=\"500\"><img fetchpriority=\"high\" decoding=\"async\" class=\"alignnone wp-image-11542 size-full\" src=\"https:\/\/dersuessestopp.com\/wp-content\/uploads\/2025\/09\/SOMMELIER-4.jpg\" alt=\"\" width=\"2000\" height=\"600\" srcset=\"https:\/\/dersuessestopp.com\/wp-content\/uploads\/2025\/09\/SOMMELIER-4.jpg 2000w, https:\/\/dersuessestopp.com\/wp-content\/uploads\/2025\/09\/SOMMELIER-4-300x90.jpg 300w, https:\/\/dersuessestopp.com\/wp-content\/uploads\/2025\/09\/SOMMELIER-4-1024x307.jpg 1024w, https:\/\/dersuessestopp.com\/wp-content\/uploads\/2025\/09\/SOMMELIER-4-768x230.jpg 768w, https:\/\/dersuessestopp.com\/wp-content\/uploads\/2025\/09\/SOMMELIER-4-1536x461.jpg 1536w, https:\/\/dersuessestopp.com\/wp-content\/uploads\/2025\/09\/SOMMELIER-4-250x75.jpg 250w, https:\/\/dersuessestopp.com\/wp-content\/uploads\/2025\/09\/SOMMELIER-4-600x180.jpg 600w\" sizes=\"(max-width: 2000px) 100vw, 2000px\" \/><\/p>\n<p data-start=\"198\" data-end=\"500\">A <strong data-start=\"202\" data-end=\"220\">Sommelier vonal<\/strong> egy professzion\u00e1lis megold\u00e1s a borok szervizel\u00e9s\u00e9hez \u00e9s tart\u00f3s\u00edt\u00e1s\u00e1hoz, amely a k\u00f6vetkez\u0151kben \u00e9rhet\u0151 el <strong data-start=\"296\" data-end=\"324\">4, 6 vagy 8 palackos modellek<\/strong>. \u00c9ttermek, borb\u00e1rok \u00e9s k\u00f3stol\u00f3termek sz\u00e1m\u00e1ra tervezt\u00e9k ezeket az adagol\u00f3kat. <strong data-start=\"407\" data-end=\"447\">eleg\u00e1ns rozsdamentes ac\u00e9lszerkezet<\/strong> fejlett <strong data-start=\"462\" data-end=\"497\">digit\u00e1lis bort\u00f6lt\u00e9si technol\u00f3gia<\/strong>.<\/p>\n<p data-start=\"502\" data-end=\"775\">A <strong data-start=\"506\" data-end=\"545\">nitrog\u00e9n tart\u00f3s\u00edt\u00f3 rendszer (E941)<\/strong> megakad\u00e1lyozza az oxid\u00e1ci\u00f3t \u00e9s meg\u0151rzi a bor eredeti jellemz\u0151it ak\u00e1r <strong data-start=\"625\" data-end=\"638\">3-4 h\u00e9t<\/strong> nyit\u00e1s ut\u00e1n. Minden palack egy <strong data-start=\"685\" data-end=\"706\">digit\u00e1lis adagol\u00f3<\/strong>, lehet\u0151v\u00e9 t\u00e9ve az ellen\u0151rz\u00f6tt \u00e9s \u00e1ll\u00edthat\u00f3 adagol\u00e1st (alap\u00e9rtelmezett 75 ml).<\/p>\n<p data-start=\"777\" data-end=\"948\">Az egys\u00e9gek jellemz\u0151i <strong data-start=\"795\" data-end=\"861\">f\u00fcggetlen elektronikus h\u0151m\u00e9rs\u00e9klet-szab\u00e1lyoz\u00e1s (+4 \u00b0C \/ +18 \u00b0C)<\/strong>, <strong data-start=\"863\" data-end=\"883\">LED megvil\u00e1g\u00edt\u00e1s<\/strong>, <strong data-start=\"885\" data-end=\"909\">z\u00e1rhat\u00f3 \u00fcvegajt\u00f3k<\/strong>, \u00e9s egy <strong data-start=\"917\" data-end=\"945\">csendes kompresszor rendszer<\/strong>.<\/p>\n<h2 data-start=\"955\" data-end=\"970\"><strong data-start=\"958\" data-end=\"970\">Kapacit\u00e1s<\/strong><\/h2>\n<table>\n<thead>\n<tr>\n<th>Modell<\/th>\n<th>Palack kapacit\u00e1s<\/th>\n<\/tr>\n<\/thead>\n<tbody>\n<tr>\n<td>Sommelier 4<\/td>\n<td>4 palack<\/td>\n<\/tr>\n<tr>\n<td>Sommelier 6<\/td>\n<td>6 palack<\/td>\n<\/tr>\n<tr>\n<td>Sommelier 8<\/td>\n<td>8 palack<\/td>\n<\/tr>\n<\/tbody>\n<\/table>\n<h2 data-start=\"1117\" data-end=\"1134\"><strong data-start=\"1120\" data-end=\"1134\">M\u00e9retek<\/strong><\/h2>\n<div class=\"_tableContainer_1rjym_1\">\n<div class=\"_tableWrapper_1rjym_13 group flex w-fit flex-col-reverse\">\n<table>\n<thead>\n<tr>\n<th>Specifik\u00e1ci\u00f3<\/th>\n<th>Sommelier 4<\/th>\n<th>Sommelier 6<\/th>\n<th>Sommelier 8<\/th>\n<\/tr>\n<\/thead>\n<tbody>\n<tr>\n<td>K\u00fcls\u0151 m\u00e9retek (SzxMxH mm)<\/td>\n<td>650 \u00d7 325 \u00d7 610<\/td>\n<td>845 \u00d7 380 \u00d7 641<\/td>\n<td>1002 \u00d7 359 \u00d7 645<\/td>\n<\/tr>\n<tr>\n<td>Csomagol\u00e1si m\u00e9retek (SzxDxH mm)<\/td>\n<td>715 \u00d7 390 \u00d7 755<\/td>\n<td>910 \u00d7 440 \u00d7 800<\/td>\n<td>1070 \u00d7 430 \u00d7 800<\/td>\n<\/tr>\n<tr>\n<td>\u00dcvegmatrica (mm)<\/td>\n<td>233.5 \u00d7 447 (x2)<\/td>\n<td>333 \u00d7 477.5 (x2)<\/td>\n<td>413.5 \u00d7 477.5 (x2)<\/td>\n<\/tr>\n<tr>\n<td>Nett\u00f3 \/ brutt\u00f3 s\u00faly<\/td>\n<td>40 \/ 43 kg<\/td>\n<td>51 \/ 55 kg<\/td>\n<td>54 \/ 58,5 kg<\/td>\n<\/tr>\n<\/tbody>\n<\/table>\n<h2 data-start=\"1588\" data-end=\"1613\"><strong data-start=\"1591\" data-end=\"1613\">M\u0171szaki jellemz\u0151k<\/strong><\/h2>\n<div class=\"_tableContainer_1rjym_1\">\n<div class=\"_tableWrapper_1rjym_13 group flex w-fit flex-col-reverse\">\n<table>\n<thead>\n<tr>\n<th>Jellemz\u0151<\/th>\n<th>Sommelier 4<\/th>\n<th>Sommelier 6<\/th>\n<th>Sommelier 8<\/th>\n<\/tr>\n<\/thead>\n<tbody>\n<tr>\n<td>H\u0151m\u00e9rs\u00e9klet tartom\u00e1ny<\/td>\n<td>+4 \u00b0C \u00e9s +18 \u00b0C k\u00f6z\u00f6tt<\/td>\n<td>+4 \u00b0C \u00e9s +18 \u00b0C k\u00f6z\u00f6tt<\/td>\n<td>+4 \u00b0C \u00e9s +18 \u00b0C k\u00f6z\u00f6tt<\/td>\n<\/tr>\n<tr>\n<td>Kl\u00edmaoszt\u00e1ly<\/td>\n<td>3<\/td>\n<td>3<\/td>\n<td>3<\/td>\n<\/tr>\n<tr>\n<td>K\u00fcls\u0151 test<\/td>\n<td>Rozsdamentes ac\u00e9l<\/td>\n<td>Rozsdamentes ac\u00e9l<\/td>\n<td>Rozsdamentes ac\u00e9l<\/td>\n<\/tr>\n<tr>\n<td>Bels\u0151 b\u00e9l\u00e9s<\/td>\n<td>Rozsdamentes ac\u00e9l<\/td>\n<td>Rozsdamentes ac\u00e9l<\/td>\n<td>Rozsdamentes ac\u00e9l<\/td>\n<\/tr>\n<tr>\n<td>Termoszt\u00e1t<\/td>\n<td>Elektronikus<\/td>\n<td>Elektronikus<\/td>\n<td>Elektronikus<\/td>\n<\/tr>\n<tr>\n<td>Zajszint<\/td>\n<td>40 dB<\/td>\n<td>40 dB<\/td>\n<td>40 dB<\/td>\n<\/tr>\n<tr>\n<td>Leolvaszt\u00e1s<\/td>\n<td>Automatikus (kompresszor le\u00e1ll\u00edt\u00e1sa)<\/td>\n<td>Automatikus (kompresszor le\u00e1ll\u00edt\u00e1sa)<\/td>\n<td>Automatikus (kompresszor le\u00e1ll\u00edt\u00e1sa)<\/td>\n<\/tr>\n<tr>\n<td>H\u0171t\u0151rendszer<\/td>\n<td>Csendes kompresszor<\/td>\n<td>Csendes kompresszor<\/td>\n<td>Csendes kompresszor<\/td>\n<\/tr>\n<tr>\n<td>Vil\u00e1g\u00edt\u00e1s<\/td>\n<td>4 LED<\/td>\n<td>4 LED<\/td>\n<td>4 LED<\/td>\n<\/tr>\n<tr>\n<td>Z\u00e1r \u00e9s kulcs<\/td>\n<td>Igen<\/td>\n<td>Igen<\/td>\n<td>Igen<\/td>\n<\/tr>\n<tr>\n<td>G\u00f6rg\u0151k \/ l\u00e1bak<\/td>\n<td>6 l\u00e1b<\/td>\n<td>6 l\u00e1b<\/td>\n<td>6 l\u00e1b<\/td>\n<\/tr>\n<tr>\n<td>Telep\u00edt\u00e9s<\/td>\n<td>Plug &amp; Play<\/td>\n<td>Plug &amp; Play<\/td>\n<td>Plug &amp; Play<\/td>\n<\/tr>\n<tr>\n<td>Adagol\u00f3<\/td>\n<td>Digit\u00e1lis<\/td>\n<td>Digit\u00e1lis<\/td>\n<td>Digit\u00e1lis<\/td>\n<\/tr>\n<tr>\n<td>T\u00e1rol\u00e1si rendszer<\/td>\n<td>Nitrog\u00e9n E941 (palack n\u00e9lk\u00fcl, 950 ml)<\/td>\n<td>Nitrog\u00e9n E941 (palack n\u00e9lk\u00fcl, 950 ml)<\/td>\n<td>Nitrog\u00e9n E941 (palack n\u00e9lk\u00fcl, 950 ml)<\/td>\n<\/tr>\n<tr>\n<td>Bor t\u00e1rol\u00e1si id\u0151szak<\/td>\n<td>3-4 h\u00e9t<\/td>\n<td>3-4 h\u00e9t<\/td>\n<td>3-4 h\u00e9t<\/td>\n<\/tr>\n<tr>\n<td>\u00c1ll\u00edthat\u00f3 d\u00f3zis<\/td>\n<td>Alap\u00e9rtelmezett 75 ml<\/td>\n<td>Alap\u00e9rtelmezett 75 ml<\/td>\n<td>Alap\u00e9rtelmezett 75 ml<\/td>\n<\/tr>\n<tr>\n<td>Fesz\u00fclts\u00e9g<\/td>\n<td>220-240 V<\/td>\n<td>220-240 V<\/td>\n<td>220-240 V<\/td>\n<\/tr>\n<tr>\n<td>Frekvencia<\/td>\n<td>50 Hz<\/td>\n<td>50 Hz<\/td>\n<td>50 Hz<\/td>\n<\/tr>\n<tr>\n<td>H\u0171t\u0151k\u00f6zeg<\/td>\n<td>R600A<\/td>\n<td>R600A<\/td>\n<td>R600A<\/td>\n<\/tr>\n<tr>\n<td>Abszorpci\u00f3<\/td>\n<td>95 W<\/td>\n<td>100 W<\/td>\n<td>105 W<\/td>\n<\/tr>\n<tr>\n<td>Energiafogyaszt\u00e1s<\/td>\n<td>0,36 kWh\/24h<\/td>\n<td>0,36 kWh\/24h<\/td>\n<td>0,35 kWh\/24h<\/td>\n<\/tr>\n<\/tbody>\n<\/table>\n<\/div>\n<\/div>\n<\/div>\n<\/div>","protected":false},"excerpt":{"rendered":"<p>The Sommelier Line is a professional solution for wine service and preservation, available in 4, 6, or 8 bottle models. Designed for restaurants, wine bars, and tasting rooms, these dispensers combine elegant stainless-steel construction with advanced digital wine pouring technology. The nitrogen preservation system (E941) prevents oxidation and maintains the wine\u2019s original characteristics for up [&hellip;]<\/p>\n","protected":false},"featured_media":7224,"comment_status":"open","ping_status":"closed","template":"","meta":[],"product_brand":[],"product_cat":[49],"product_tag":[],"class_list":{"0":"post-7221","1":"product","2":"type-product","3":"status-publish","4":"has-post-thumbnail","6":"product_cat-wine-fridges","8":"first","9":"instock","10":"shipping-taxable","11":"product-type-simple"},"_links":{"self":[{"href":"https:\/\/dersuessestopp.com\/hu\/wp-json\/wp\/v2\/product\/7221","targetHints":{"allow":["GET"]}}],"collection":[{"href":"https:\/\/dersuessestopp.com\/hu\/wp-json\/wp\/v2\/product"}],"about":[{"href":"https:\/\/dersuessestopp.com\/hu\/wp-json\/wp\/v2\/types\/product"}],"replies":[{"embeddable":true,"href":"https:\/\/dersuessestopp.com\/hu\/wp-json\/wp\/v2\/comments?post=7221"}],"version-history":[{"count":4,"href":"https:\/\/dersuessestopp.com\/hu\/wp-json\/wp\/v2\/product\/7221\/revisions"}],"predecessor-version":[{"id":11543,"href":"https:\/\/dersuessestopp.com\/hu\/wp-json\/wp\/v2\/product\/7221\/revisions\/11543"}],"wp:featuredmedia":[{"embeddable":true,"href":"https:\/\/dersuessestopp.com\/hu\/wp-json\/wp\/v2\/media\/7224"}],"wp:attachment":[{"href":"https:\/\/dersuessestopp.com\/hu\/wp-json\/wp\/v2\/media?parent=7221"}],"wp:term":[{"taxonomy":"product_brand","embeddable":true,"href":"https:\/\/dersuessestopp.com\/hu\/wp-json\/wp\/v2\/product_brand?post=7221"},{"taxonomy":"product_cat","embeddable":true,"href":"https:\/\/dersuessestopp.com\/hu\/wp-json\/wp\/v2\/product_cat?post=7221"},{"taxonomy":"product_tag","embeddable":true,"href":"https:\/\/dersuessestopp.com\/hu\/wp-json\/wp\/v2\/product_tag?post=7221"}],"curies":[{"name":"wp","href":"https:\/\/api.w.org\/{rel}","templated":true}]}}