{"id":7217,"date":"2025-09-01T05:17:19","date_gmt":"2025-09-01T05:17:19","guid":{"rendered":"https:\/\/dersuessestopp.com\/?post_type=product&#038;p=7217"},"modified":"2025-10-08T20:29:56","modified_gmt":"2025-10-08T20:29:56","slug":"dw-17-1thk","status":"publish","type":"product","link":"https:\/\/dersuessestopp.com\/hu\/product\/dw-17-1thk\/","title":{"rendered":"DW 17 1THK"},"content":{"rendered":"<p data-start=\"190\" data-end=\"502\"><img fetchpriority=\"high\" decoding=\"async\" class=\"alignnone wp-image-11530 size-full\" src=\"https:\/\/dersuessestopp.com\/wp-content\/uploads\/2025\/09\/DW-17-1THK.jpg\" alt=\"\" width=\"2000\" height=\"600\" srcset=\"https:\/\/dersuessestopp.com\/wp-content\/uploads\/2025\/09\/DW-17-1THK.jpg 2000w, https:\/\/dersuessestopp.com\/wp-content\/uploads\/2025\/09\/DW-17-1THK-300x90.jpg 300w, https:\/\/dersuessestopp.com\/wp-content\/uploads\/2025\/09\/DW-17-1THK-1024x307.jpg 1024w, https:\/\/dersuessestopp.com\/wp-content\/uploads\/2025\/09\/DW-17-1THK-768x230.jpg 768w, https:\/\/dersuessestopp.com\/wp-content\/uploads\/2025\/09\/DW-17-1THK-1536x461.jpg 1536w, https:\/\/dersuessestopp.com\/wp-content\/uploads\/2025\/09\/DW-17-1THK-250x75.jpg 250w, https:\/\/dersuessestopp.com\/wp-content\/uploads\/2025\/09\/DW-17-1THK-600x180.jpg 600w\" sizes=\"(max-width: 2000px) 100vw, 2000px\" \/><\/p>\n<p data-start=\"190\" data-end=\"502\">A <strong data-start=\"194\" data-end=\"208\">DW 17 1THK<\/strong> \u00e9s <strong data-start=\"213\" data-end=\"227\">DW 17 1THX<\/strong> kompakt, pr\u00e9mium min\u0151s\u00e9g\u0171 borh\u0171t\u0151k, amelyeket professzion\u00e1lis \u00e9s otthoni k\u00f6rnyezetbe terveztek. \u00c9p\u00edtett <strong data-start=\"334\" data-end=\"375\">AISI 304 rozsdamentes ac\u00e9l bels\u0151 b\u00e9l\u00e9sek<\/strong> \u00e9s egy <strong data-start=\"382\" data-end=\"432\">keret n\u00e9lk\u00fcli \u00fcveg vagy rozsdamentes ac\u00e9l ajt\u00f3 opci\u00f3val<\/strong>, ezek a modellek az eleg\u00e1ns eszt\u00e9tik\u00e1t megb\u00edzhat\u00f3 teljes\u00edtm\u00e9nnyel \u00f6tv\u00f6zik.<\/p>\n<p data-start=\"504\" data-end=\"723\">H\u00e1la a <strong data-start=\"518\" data-end=\"549\">elektronikus \u00e9rint\u00e9ses termoszt\u00e1t<\/strong> \u00e9s <strong data-start=\"554\" data-end=\"583\">szell\u0151ztetett h\u0171t\u0151rendszer<\/strong>, stabil t\u00e1rol\u00e1si k\u00f6r\u00fclm\u00e9nyeket biztos\u00edtanak a k\u00f6vetkez\u0151 h\u0151m\u00e9rs\u00e9klet-tartom\u00e1nyban <strong data-start=\"652\" data-end=\"671\">+3 \u00b0C \u00e9s +20 \u00b0C k\u00f6z\u00f6tt<\/strong>, biztos\u00edtva, hogy borai a lehet\u0151 legjobban megmaradjanak.<\/p>\n<p data-start=\"725\" data-end=\"981\">Mindk\u00e9t modell fel van szerelve <strong data-start=\"755\" data-end=\"789\">levehet\u0151 b\u00fckkfa polcok<\/strong>, <strong data-start=\"791\" data-end=\"815\">automatikus leolvaszt\u00e1s<\/strong>, \u00e9s <strong data-start=\"821\" data-end=\"845\">egyenletes LED vil\u00e1g\u00edt\u00e1s<\/strong> amely az ajt\u00f3 kinyit\u00e1sakor bekapcsol. A <strong data-start=\"889\" data-end=\"921\">puha z\u00e1r\u00e1s\u00fa Push&amp;Pull zsan\u00e9r<\/strong> (Hettich-rendszer) biztos\u00edtja a z\u00f6kken\u0151mentes m\u0171k\u00f6d\u00e9st \u00e9s a tart\u00f3ss\u00e1got.<\/p>\n<h2 data-start=\"988\" data-end=\"1003\"><strong data-start=\"991\" data-end=\"1003\">Kapacit\u00e1s<\/strong><\/h2>\n<table>\n<thead>\n<tr>\n<th>Modell<\/th>\n<th>Palack kapacit\u00e1sa (cl. 75)<\/th>\n<\/tr>\n<\/thead>\n<tbody>\n<tr>\n<td>DW 17 1THK<\/td>\n<td>17 palack<\/td>\n<\/tr>\n<tr>\n<td>DW 17 1THX<\/td>\n<td>17 palack<\/td>\n<\/tr>\n<\/tbody>\n<\/table>\n<h2 data-start=\"988\" data-end=\"1003\"><strong data-start=\"991\" data-end=\"1003\">M\u00e9retek<\/strong><\/h2>\n<table>\n<thead>\n<tr>\n<th>Specifik\u00e1ci\u00f3<\/th>\n<th>DW 17 1THK<\/th>\n<th>DW 17 1THX<\/th>\n<\/tr>\n<\/thead>\n<tbody>\n<tr>\n<td>Csomagol\u00e1si m\u00e9retek (SzxDxH mm)<\/td>\n<td>730 \u00d7 710 \u00d7 565<\/td>\n<td>730 \u00d7 710 \u00d7 565<\/td>\n<\/tr>\n<tr>\n<td>Fels\u0151 polc (SzxD mm)<\/td>\n<td>432 \u00d7 365<\/td>\n<td>432 \u00d7 365<\/td>\n<\/tr>\n<tr>\n<td>Als\u00f3 polc (SzxD mm)<\/td>\n<td>460 \u00d7 315<\/td>\n<td>460 \u00d7 315<\/td>\n<\/tr>\n<tr>\n<td>Nett\u00f3 \/ brutt\u00f3 s\u00faly<\/td>\n<td>33 \/ 39 kg<\/td>\n<td>33 \/ 39 kg<\/td>\n<\/tr>\n<\/tbody>\n<\/table>\n<h2 data-start=\"1539\" data-end=\"1564\"><strong data-start=\"1542\" data-end=\"1564\">M\u0171szaki jellemz\u0151k<\/strong><\/h2>\n<div class=\"_tableContainer_1rjym_1\">\n<div class=\"_tableWrapper_1rjym_13 group flex w-fit flex-col-reverse\">\n<table>\n<thead>\n<tr>\n<th>Jellemz\u0151<\/th>\n<th>DW 17 1THK<\/th>\n<th>DW 17 1THX<\/th>\n<\/tr>\n<\/thead>\n<tbody>\n<tr>\n<td>H\u0151m\u00e9rs\u00e9klet tartom\u00e1ny<\/td>\n<td>+3 \u00b0C \u00e9s +20 \u00b0C k\u00f6z\u00f6tt<\/td>\n<td>+3 \u00b0C \u00e9s +20 \u00b0C k\u00f6z\u00f6tt<\/td>\n<\/tr>\n<tr>\n<td>Kl\u00edmaoszt\u00e1ly<\/td>\n<td>ST<\/td>\n<td>ST<\/td>\n<\/tr>\n<tr>\n<td>Nett\u00f3 t\u00e9rfogat<\/td>\n<td>37 L<\/td>\n<td>37 L<\/td>\n<\/tr>\n<tr>\n<td>K\u00fcls\u0151 test<\/td>\n<td>Hidegen hengerelt ac\u00e9llemez<\/td>\n<td>Hidegen hengerelt ac\u00e9llemez<\/td>\n<\/tr>\n<tr>\n<td>Ajt\u00f3<\/td>\n<td>Keret n\u00e9lk\u00fcli fekete teljes \u00fcveg<\/td>\n<td>Varrat n\u00e9lk\u00fcli AISI 304 ac\u00e9l (szat\u00e9n kivitelben)<\/td>\n<\/tr>\n<tr>\n<td>Bels\u0151 b\u00e9l\u00e9s<\/td>\n<td>AISI 304 rozsdamentes ac\u00e9l, szatin\u00e1lt kivitelben<\/td>\n<td>AISI 304 rozsdamentes ac\u00e9l, szatin\u00e1lt kivitelben<\/td>\n<\/tr>\n<tr>\n<td>Termoszt\u00e1t<\/td>\n<td>Elektronikus \u00e9rint\u0151k\u00e9perny\u0151<\/td>\n<td>Elektronikus \u00e9rint\u0151k\u00e9perny\u0151<\/td>\n<\/tr>\n<tr>\n<td>Zajszint<\/td>\n<td>36 dB<\/td>\n<td>36 dB<\/td>\n<\/tr>\n<tr>\n<td>Szigetel\u00e9s vastags\u00e1ga<\/td>\n<td>42 mm<\/td>\n<td>42 mm<\/td>\n<\/tr>\n<tr>\n<td>Leolvaszt\u00e1s<\/td>\n<td>Automatikus<\/td>\n<td>Automatikus<\/td>\n<\/tr>\n<tr>\n<td>Vil\u00e1g\u00edt\u00e1s<\/td>\n<td>Egys\u00e9ges oldals\u00f3 vil\u00e1g\u00edt\u00e1s, automatikus ajt\u00f3nyit\u00e1skor<\/td>\n<td>Egys\u00e9ges oldals\u00f3 vil\u00e1g\u00edt\u00e1s, automatikus ajt\u00f3nyit\u00e1skor<\/td>\n<\/tr>\n<tr>\n<td>Ajt\u00f3csuk\u00f3d\u00e1s<\/td>\n<td>L\u00e1gy z\u00e1r\u00e1s, Push&amp;Pull<\/td>\n<td>L\u00e1gy z\u00e1r\u00e1s, Push&amp;Pull<\/td>\n<\/tr>\n<tr>\n<td>Megford\u00edthat\u00f3 ajt\u00f3<\/td>\n<td>Igen<\/td>\n<td>Igen<\/td>\n<\/tr>\n<tr>\n<td>H\u0171t\u0151k\u00f6zeg<\/td>\n<td>R600A<\/td>\n<td>R600A<\/td>\n<\/tr>\n<tr>\n<td>Fesz\u00fclts\u00e9g<\/td>\n<td>220-240 V<\/td>\n<td>220-240 V<\/td>\n<\/tr>\n<tr>\n<td>Frekvencia<\/td>\n<td>50 Hz<\/td>\n<td>50 Hz<\/td>\n<\/tr>\n<tr>\n<td>Abszorpci\u00f3<\/td>\n<td>120 W<\/td>\n<td>120 W<\/td>\n<\/tr>\n<tr>\n<td>Energiafogyaszt\u00e1s<\/td>\n<td>0,266 kWh\/24h<\/td>\n<td>0,266 kWh\/24h<\/td>\n<\/tr>\n<\/tbody>\n<\/table>\n<\/div>\n<\/div>","protected":false},"excerpt":{"rendered":"<p>The DW 17 1THK and DW 17 1THX are compact, premium-quality wine coolers designed for professional and domestic environments. Built with AISI 304 stainless steel inner liners and a frameless glass or stainless-steel door option, these models combine elegant aesthetics with reliable performance. Thanks to the electronic touch thermostat and ventilated cooling system, they provide [&hellip;]<\/p>\n","protected":false},"featured_media":7218,"comment_status":"open","ping_status":"closed","template":"","meta":[],"product_brand":[],"product_cat":[49],"product_tag":[],"class_list":{"0":"post-7217","1":"product","2":"type-product","3":"status-publish","4":"has-post-thumbnail","6":"product_cat-wine-fridges","8":"first","9":"instock","10":"shipping-taxable","11":"product-type-simple"},"_links":{"self":[{"href":"https:\/\/dersuessestopp.com\/hu\/wp-json\/wp\/v2\/product\/7217","targetHints":{"allow":["GET"]}}],"collection":[{"href":"https:\/\/dersuessestopp.com\/hu\/wp-json\/wp\/v2\/product"}],"about":[{"href":"https:\/\/dersuessestopp.com\/hu\/wp-json\/wp\/v2\/types\/product"}],"replies":[{"embeddable":true,"href":"https:\/\/dersuessestopp.com\/hu\/wp-json\/wp\/v2\/comments?post=7217"}],"version-history":[{"count":3,"href":"https:\/\/dersuessestopp.com\/hu\/wp-json\/wp\/v2\/product\/7217\/revisions"}],"predecessor-version":[{"id":11531,"href":"https:\/\/dersuessestopp.com\/hu\/wp-json\/wp\/v2\/product\/7217\/revisions\/11531"}],"wp:featuredmedia":[{"embeddable":true,"href":"https:\/\/dersuessestopp.com\/hu\/wp-json\/wp\/v2\/media\/7218"}],"wp:attachment":[{"href":"https:\/\/dersuessestopp.com\/hu\/wp-json\/wp\/v2\/media?parent=7217"}],"wp:term":[{"taxonomy":"product_brand","embeddable":true,"href":"https:\/\/dersuessestopp.com\/hu\/wp-json\/wp\/v2\/product_brand?post=7217"},{"taxonomy":"product_cat","embeddable":true,"href":"https:\/\/dersuessestopp.com\/hu\/wp-json\/wp\/v2\/product_cat?post=7217"},{"taxonomy":"product_tag","embeddable":true,"href":"https:\/\/dersuessestopp.com\/hu\/wp-json\/wp\/v2\/product_tag?post=7217"}],"curies":[{"name":"wp","href":"https:\/\/api.w.org\/{rel}","templated":true}]}}