{"id":7213,"date":"2025-09-01T05:12:55","date_gmt":"2025-09-01T05:12:55","guid":{"rendered":"https:\/\/dersuessestopp.com\/?post_type=product&#038;p=7213"},"modified":"2025-10-08T20:26:25","modified_gmt":"2025-10-08T20:26:25","slug":"dw-46-f2t","status":"publish","type":"product","link":"https:\/\/dersuessestopp.com\/hu\/product\/dw-46-f2t\/","title":{"rendered":"DW 46 F2T"},"content":{"rendered":"<p data-start=\"213\" data-end=\"646\"><img fetchpriority=\"high\" decoding=\"async\" class=\"alignnone wp-image-11536 size-full\" src=\"https:\/\/dersuessestopp.com\/wp-content\/uploads\/2025\/09\/DW-46-F2T.jpg\" alt=\"\" width=\"2000\" height=\"600\" srcset=\"https:\/\/dersuessestopp.com\/wp-content\/uploads\/2025\/09\/DW-46-F2T.jpg 2000w, https:\/\/dersuessestopp.com\/wp-content\/uploads\/2025\/09\/DW-46-F2T-300x90.jpg 300w, https:\/\/dersuessestopp.com\/wp-content\/uploads\/2025\/09\/DW-46-F2T-1024x307.jpg 1024w, https:\/\/dersuessestopp.com\/wp-content\/uploads\/2025\/09\/DW-46-F2T-768x230.jpg 768w, https:\/\/dersuessestopp.com\/wp-content\/uploads\/2025\/09\/DW-46-F2T-1536x461.jpg 1536w, https:\/\/dersuessestopp.com\/wp-content\/uploads\/2025\/09\/DW-46-F2T-250x75.jpg 250w, https:\/\/dersuessestopp.com\/wp-content\/uploads\/2025\/09\/DW-46-F2T-600x180.jpg 600w\" sizes=\"(max-width: 2000px) 100vw, 2000px\" \/><\/p>\n<p data-start=\"213\" data-end=\"646\">A <strong data-start=\"217\" data-end=\"230\">DW 46 F2T<\/strong> egy pr\u00e9mium szell\u0151ztetett borh\u0171t\u0151 a <strong data-start=\"276\" data-end=\"292\">Klasszikus vonal<\/strong>, a funkcionalit\u00e1s \u00e9s az elegancia jegy\u00e9ben tervezt\u00e9k. A k\u00f6vetkez\u0151kkel <strong data-start=\"352\" data-end=\"384\">k\u00e9tz\u00f3n\u00e1s h\u0151m\u00e9rs\u00e9kleti rendszer<\/strong>, lehet\u0151v\u00e9 teszi a k\u00fcl\u00f6nb\u00f6z\u0151 t\u00edpus\u00fa borok ide\u00e1lis t\u00e1lal\u00e1si h\u0151m\u00e9rs\u00e9kleten t\u00f6rt\u00e9n\u0151 t\u00e1rol\u00e1s\u00e1t \u00e9s meg\u0151rz\u00e9s\u00e9t. Keret n\u00e9lk\u00fcli <strong data-start=\"501\" data-end=\"526\">fekete teljes \u00fcvegajt\u00f3<\/strong>, integr\u00e1lt foganty\u00faval \u00e9s eleg\u00e1ns fa polcokkal ez a h\u0171t\u0151t\u00e1ska z\u00f6kken\u0151mentesen illeszkedik b\u00e1rmely modern konyh\u00e1ba vagy borospinc\u00e9be.<\/p>\n<p data-start=\"648\" data-end=\"800\">T\u00f6k\u00e9letes a borrajong\u00f3k \u00e9s a szakemberek sz\u00e1m\u00e1ra, stabil h\u0171t\u00e9si teljes\u00edtm\u00e9nyt, csendes m\u0171k\u00f6d\u00e9st \u00e9s fejlett elektronikus vez\u00e9rl\u00e9st biztos\u00edt a precizit\u00e1s \u00e9rdek\u00e9ben.<\/p>\n<h2 data-start=\"1421\" data-end=\"1450\">M\u0171szaki specifik\u00e1ci\u00f3k<\/h2>\n<div class=\"_tableContainer_1rjym_1\">\n<div class=\"_tableWrapper_1rjym_13 group flex w-fit flex-col-reverse\">\n<table>\n<thead>\n<tr>\n<th><strong>Specifik\u00e1ci\u00f3<\/strong><\/th>\n<th><strong>DW 46 F2T<\/strong><\/th>\n<\/tr>\n<\/thead>\n<tbody>\n<tr>\n<td><strong>H\u0151m\u00e9rs\u00e9klet tartom\u00e1ny<\/strong><\/td>\n<td>+2 \u00b0C \/ +12 \u00b0C (als\u00f3 z\u00f3na) +12 \u00b0C \/ +20 \u00b0C (fels\u0151 z\u00f3na)<\/td>\n<\/tr>\n<tr>\n<td><strong>Kl\u00edmaoszt\u00e1ly<\/strong><\/td>\n<td>4<\/td>\n<\/tr>\n<tr>\n<td><strong>Nett\u00f3 \/ brutt\u00f3 mennyis\u00e9g<\/strong><\/td>\n<td>132 L \/ 143 L<\/td>\n<\/tr>\n<tr>\n<td><strong>K\u00fcls\u0151 test<\/strong><\/td>\n<td>Hidegen hengerelt ac\u00e9llemez<\/td>\n<\/tr>\n<tr>\n<td><strong>Ajt\u00f3<\/strong><\/td>\n<td>Fekete keret n\u00e9lk\u00fcli teljes \u00fcveg<\/td>\n<\/tr>\n<tr>\n<td><strong>Bels\u0151 b\u00e9l\u00e9s<\/strong><\/td>\n<td>ABS<\/td>\n<\/tr>\n<tr>\n<td><strong>Termoszt\u00e1t<\/strong><\/td>\n<td>Elektronikus \u00e9rint\u0151k\u00e9perny\u0151<\/td>\n<\/tr>\n<tr>\n<td><strong>Zajszint<\/strong><\/td>\n<td>38 dB<\/td>\n<\/tr>\n<tr>\n<td><strong>Szigetel\u00e9s vastags\u00e1ga<\/strong><\/td>\n<td>45 mm<\/td>\n<\/tr>\n<tr>\n<td><strong>Leolvaszt\u00e1s<\/strong><\/td>\n<td>Automatikus<\/td>\n<\/tr>\n<tr>\n<td><strong>Vil\u00e1g\u00edt\u00e1s<\/strong><\/td>\n<td>Egyenletes LED 4000K Automatikus bekapcsol\u00e1s ajt\u00f3nyit\u00e1skor K\u00e9zi bekapcsol\u00e1si funkci\u00f3 z\u00e1rt ajt\u00f3n\u00e1l<\/td>\n<\/tr>\n<tr>\n<td><strong>Polcok<\/strong><\/td>\n<td>5 kivehet\u0151 b\u00fckkfa polc (fi\u00f3kos kivitelben) M\u00e9ret: 480 x 445 mm<\/td>\n<\/tr>\n<tr>\n<td><strong>Ajt\u00f3 megford\u00edthat\u00f3s\u00e1ga<\/strong><\/td>\n<td>Igen<\/td>\n<\/tr>\n<tr>\n<td><strong>L\u00e1bak<\/strong><\/td>\n<td>4 \u00e1ll\u00edthat\u00f3 l\u00e1b (H max. 77 mm)<\/td>\n<\/tr>\n<tr>\n<td><strong>Nett\u00f3 \/ brutt\u00f3 s\u00faly<\/strong><\/td>\n<td>45 \/ 49 kg<\/td>\n<\/tr>\n<tr>\n<td><strong>Fesz\u00fclts\u00e9g \/ frekvencia<\/strong><\/td>\n<td>220-240 V \/ 50 Hz<\/td>\n<\/tr>\n<tr>\n<td><strong>H\u0171t\u0151k\u00f6zeg<\/strong><\/td>\n<td>R600A<\/td>\n<\/tr>\n<tr>\n<td><strong>Energiaelnyel\u00e9s<\/strong><\/td>\n<td>95 W<\/td>\n<\/tr>\n<tr>\n<td><strong>Energiafogyaszt\u00e1s<\/strong><\/td>\n<td>0,385 kWh \/ 24 \u00f3ra<\/td>\n<\/tr>\n<\/tbody>\n<\/table>\n<h2 data-start=\"2706\" data-end=\"2721\">M\u00e9retek<\/h2>\n<div class=\"_tableContainer_1rjym_1\">\n<div class=\"_tableWrapper_1rjym_13 group flex w-fit flex-col-reverse\">\n<table>\n<thead>\n<tr>\n<th><strong>T\u00edpus<\/strong><\/th>\n<th><strong>M\u00e9retek (mm)<\/strong><\/th>\n<\/tr>\n<\/thead>\n<tbody>\n<tr>\n<td><strong>Term\u00e9k (SzxMxH)<\/strong><\/td>\n<td>595 x 585 x 817 mm<\/td>\n<\/tr>\n<tr>\n<td><strong>Be\u00e9p\u00edtett f\u00fclke (BxTxH)<\/strong><\/td>\n<td>605 x 613 x 820 mm<\/td>\n<\/tr>\n<tr>\n<td><strong>Csomagol\u00e1s (SzxDxH)<\/strong><\/td>\n<td>660 x 625 x 890 mm<\/td>\n<\/tr>\n<\/tbody>\n<\/table>\n<\/div>\n<\/div>\n<\/div>\n<\/div>","protected":false},"excerpt":{"rendered":"<p>The DW 46 F2T is a premium ventilated wine cooler from the Classic Line, designed for both functionality and elegance. Featuring a dual-zone temperature system, it allows you to store and preserve different types of wines at their ideal serving temperatures. With a frameless black full glass door, integrated handle, and elegant wooden shelves, this [&hellip;]<\/p>\n","protected":false},"featured_media":7214,"comment_status":"open","ping_status":"closed","template":"","meta":[],"product_brand":[],"product_cat":[49],"product_tag":[],"class_list":{"0":"post-7213","1":"product","2":"type-product","3":"status-publish","4":"has-post-thumbnail","6":"product_cat-wine-fridges","8":"first","9":"instock","10":"shipping-taxable","11":"product-type-simple"},"_links":{"self":[{"href":"https:\/\/dersuessestopp.com\/hu\/wp-json\/wp\/v2\/product\/7213","targetHints":{"allow":["GET"]}}],"collection":[{"href":"https:\/\/dersuessestopp.com\/hu\/wp-json\/wp\/v2\/product"}],"about":[{"href":"https:\/\/dersuessestopp.com\/hu\/wp-json\/wp\/v2\/types\/product"}],"replies":[{"embeddable":true,"href":"https:\/\/dersuessestopp.com\/hu\/wp-json\/wp\/v2\/comments?post=7213"}],"version-history":[{"count":3,"href":"https:\/\/dersuessestopp.com\/hu\/wp-json\/wp\/v2\/product\/7213\/revisions"}],"predecessor-version":[{"id":11538,"href":"https:\/\/dersuessestopp.com\/hu\/wp-json\/wp\/v2\/product\/7213\/revisions\/11538"}],"wp:featuredmedia":[{"embeddable":true,"href":"https:\/\/dersuessestopp.com\/hu\/wp-json\/wp\/v2\/media\/7214"}],"wp:attachment":[{"href":"https:\/\/dersuessestopp.com\/hu\/wp-json\/wp\/v2\/media?parent=7213"}],"wp:term":[{"taxonomy":"product_brand","embeddable":true,"href":"https:\/\/dersuessestopp.com\/hu\/wp-json\/wp\/v2\/product_brand?post=7213"},{"taxonomy":"product_cat","embeddable":true,"href":"https:\/\/dersuessestopp.com\/hu\/wp-json\/wp\/v2\/product_cat?post=7213"},{"taxonomy":"product_tag","embeddable":true,"href":"https:\/\/dersuessestopp.com\/hu\/wp-json\/wp\/v2\/product_tag?post=7213"}],"curies":[{"name":"wp","href":"https:\/\/api.w.org\/{rel}","templated":true}]}}