{"id":7209,"date":"2025-09-01T05:07:47","date_gmt":"2025-09-01T05:07:47","guid":{"rendered":"https:\/\/dersuessestopp.com\/?post_type=product&#038;p=7209"},"modified":"2025-10-08T20:25:47","modified_gmt":"2025-10-08T20:25:47","slug":"dw-20-g1t","status":"publish","type":"product","link":"https:\/\/dersuessestopp.com\/hu\/product\/dw-20-g1t\/","title":{"rendered":"DW 20 G1T"},"content":{"rendered":"<p data-start=\"228\" data-end=\"573\"><img fetchpriority=\"high\" decoding=\"async\" class=\"alignnone wp-image-11532 size-full\" src=\"https:\/\/dersuessestopp.com\/wp-content\/uploads\/2025\/09\/DW-20-F1T.jpg\" alt=\"\" width=\"2000\" height=\"600\" srcset=\"https:\/\/dersuessestopp.com\/wp-content\/uploads\/2025\/09\/DW-20-F1T.jpg 2000w, https:\/\/dersuessestopp.com\/wp-content\/uploads\/2025\/09\/DW-20-F1T-300x90.jpg 300w, https:\/\/dersuessestopp.com\/wp-content\/uploads\/2025\/09\/DW-20-F1T-1024x307.jpg 1024w, https:\/\/dersuessestopp.com\/wp-content\/uploads\/2025\/09\/DW-20-F1T-768x230.jpg 768w, https:\/\/dersuessestopp.com\/wp-content\/uploads\/2025\/09\/DW-20-F1T-1536x461.jpg 1536w, https:\/\/dersuessestopp.com\/wp-content\/uploads\/2025\/09\/DW-20-F1T-250x75.jpg 250w, https:\/\/dersuessestopp.com\/wp-content\/uploads\/2025\/09\/DW-20-F1T-600x180.jpg 600w\" sizes=\"(max-width: 2000px) 100vw, 2000px\" \/><\/p>\n<p data-start=\"228\" data-end=\"573\">A <strong data-start=\"232\" data-end=\"245\">DW 20 G1T<\/strong> egy st\u00edlusos be\u00e9p\u00edtett borh\u0171t\u0151, amelyet olyan borkedvel\u0151k sz\u00e1m\u00e1ra terveztek, akiknek fontos az elegancia \u00e9s a funkcionalit\u00e1s. Az al\u00e1bbi jellemz\u0151kkel <strong data-start=\"365\" data-end=\"417\">keret n\u00e9lk\u00fcli, teljes \u00fcvegajt\u00f3k be\u00e9p\u00edtett foganty\u00faval<\/strong>, kivehet\u0151 b\u00fckkfa polcok, \u00e9s egy <strong data-start=\"458\" data-end=\"483\">elektronikus termoszt\u00e1t<\/strong>, ez a h\u0171t\u0151 t\u00f6k\u00e9letes a borok ide\u00e1lis h\u0151m\u00e9rs\u00e9kleten t\u00f6rt\u00e9n\u0151 t\u00e1rol\u00e1s\u00e1ra \u00e9s meg\u0151rz\u00e9s\u00e9re.<\/p>\n<p data-start=\"575\" data-end=\"921\">A <strong data-start=\"579\" data-end=\"608\">szell\u0151ztetett h\u0171t\u0151rendszer<\/strong> biztos\u00edtja az egyenletes l\u00e9g\u00e1raml\u00e1st, m\u00edg a <strong data-start=\"655\" data-end=\"679\">egyenletes LED vil\u00e1g\u00edt\u00e1s<\/strong> fokozza a l\u00e1that\u00f3s\u00e1got, \u00e9s kifinomults\u00e1got k\u00f6lcs\u00f6n\u00f6z a gy\u0171jtem\u00e9ny\u00e9nek. A DW 20 G1T kompakt, m\u00e9gis hat\u00e9kony, \u00e9s legfeljebb <strong data-start=\"807\" data-end=\"844\">19 bordeaux-i st\u00edlus\u00fa palack (0,75 l)<\/strong>, \u00edgy kiv\u00e1l\u00f3 v\u00e1laszt\u00e1s modern konyh\u00e1kba, b\u00e1rokba vagy borospinc\u00e9kbe.<\/p>\n<h2 data-start=\"928\" data-end=\"943\"><strong data-start=\"931\" data-end=\"943\">Kapacit\u00e1s<\/strong><\/h2>\n<table>\n<thead>\n<tr>\n<th>Palack t\u00edpusa<\/th>\n<th>Kapacit\u00e1s<\/th>\n<\/tr>\n<\/thead>\n<tbody>\n<tr>\n<td>Bordeaux \/ Elz\u00e1szi 0.75L palackok<\/td>\n<td>19 palack<\/td>\n<\/tr>\n<\/tbody>\n<\/table>\n<h2 data-start=\"1495\" data-end=\"1526\"><strong data-start=\"1498\" data-end=\"1526\">M\u0171szaki specifik\u00e1ci\u00f3k<\/strong><\/h2>\n<div class=\"_tableContainer_1rjym_1\">\n<div class=\"_tableWrapper_1rjym_13 group flex w-fit flex-col-reverse\">\n<table>\n<thead>\n<tr>\n<th><strong>Jellemz\u0151<\/strong><\/th>\n<th><strong>Specifik\u00e1ci\u00f3<\/strong><\/th>\n<\/tr>\n<\/thead>\n<tbody>\n<tr>\n<td>H\u0151m\u00e9rs\u00e9klet tartom\u00e1ny<\/td>\n<td>+2 \u00b0C \u00e9s +20 \u00b0C k\u00f6z\u00f6tt<\/td>\n<\/tr>\n<tr>\n<td>Kl\u00edmaoszt\u00e1ly<\/td>\n<td>4<\/td>\n<\/tr>\n<tr>\n<td>Nett\u00f3 \/ brutt\u00f3 mennyis\u00e9g<\/td>\n<td>58 L \/ 60 L<\/td>\n<\/tr>\n<tr>\n<td>Test anyaga<\/td>\n<td>Hidegen hengerelt ac\u00e9llemez<\/td>\n<\/tr>\n<tr>\n<td>Bels\u0151 b\u00e9l\u00e9s<\/td>\n<td>ABS<\/td>\n<\/tr>\n<tr>\n<td>Ajt\u00f3<\/td>\n<td>Fekete teljes \u00fcveg, keret n\u00e9lk\u00fcli<\/td>\n<\/tr>\n<tr>\n<td>Polc t\u00edpusa<\/td>\n<td>5 removable beech wooden shelves (WxD: 184 x 429 mm)<\/td>\n<\/tr>\n<tr>\n<td>Termoszt\u00e1t<\/td>\n<td>Elektronikus (\u00e9rint\u0151k\u00e9perny\u0151)<\/td>\n<\/tr>\n<tr>\n<td>Zajszint<\/td>\n<td>40 dB<\/td>\n<\/tr>\n<tr>\n<td>Szigetel\u00e9s vastags\u00e1ga<\/td>\n<td>45 mm<\/td>\n<\/tr>\n<tr>\n<td>Leolvaszt\u00e1si rendszer<\/td>\n<td>Automatikus<\/td>\n<\/tr>\n<tr>\n<td>Vil\u00e1g\u00edt\u00e1s<\/td>\n<td>Egys\u00e9ges LED k\u00e9zi bekapcsol\u00e1ssal + automatikus bekapcsol\u00e1s ajt\u00f3nyit\u00e1skor<\/td>\n<\/tr>\n<tr>\n<td>Megford\u00edthat\u00f3 ajt\u00f3<\/td>\n<td>Igen<\/td>\n<\/tr>\n<tr>\n<td>G\u00f6rg\u0151k \/ l\u00e1bak<\/td>\n<td>4 \u00e1ll\u00edthat\u00f3 l\u00e1b (H max 77 mm)<\/td>\n<\/tr>\n<tr>\n<td>T\u00e1pk\u00e1bel hossza<\/td>\n<td>1955 mm<\/td>\n<\/tr>\n<tr>\n<td>H\u0171t\u0151k\u00f6zeg<\/td>\n<td>R600A<\/td>\n<\/tr>\n<tr>\n<td>Fesz\u00fclts\u00e9g \/ frekvencia<\/td>\n<td>220 V \/ 50 Hz<\/td>\n<\/tr>\n<tr>\n<td>Abszorpci\u00f3<\/td>\n<td>65 W<\/td>\n<\/tr>\n<tr>\n<td>Energiafogyaszt\u00e1s<\/td>\n<td>0,35 kWh \/ 24 \u00f3ra<\/td>\n<\/tr>\n<\/tbody>\n<\/table>\n<h2 data-start=\"2321\" data-end=\"2347\"><strong data-start=\"2324\" data-end=\"2347\">M\u00e9retek \u00e9s s\u00faly<\/strong><\/h2>\n<div class=\"_tableContainer_1rjym_1\">\n<div class=\"_tableWrapper_1rjym_13 group flex w-fit flex-col-reverse\">\n<table>\n<thead>\n<tr>\n<th><strong>Param\u00e9ter<\/strong><\/th>\n<th><strong>\u00c9rt\u00e9k<\/strong><\/th>\n<\/tr>\n<\/thead>\n<tbody>\n<tr>\n<td>A term\u00e9k m\u00e9retei (Sz\u00e9less\u00e9gxM\u00e9lys\u00e9gxH)<\/td>\n<td>295 x 532 x 820 mm<\/td>\n<\/tr>\n<tr>\n<td>Csomagol\u00e1si m\u00e9retek (WxDxH)<\/td>\n<td>332 x 625 x 873 mm<\/td>\n<\/tr>\n<tr>\n<td>Nett\u00f3 \/ brutt\u00f3 s\u00faly<\/td>\n<td>30 \/ 32 kg<\/td>\n<\/tr>\n<tr>\n<td>Ajt\u00f3 s\u00falya<\/td>\n<td>6,5 kg<\/td>\n<\/tr>\n<\/tbody>\n<\/table>\n<\/div>\n<\/div>\n<\/div>\n<\/div>","protected":false},"excerpt":{"rendered":"<p>The DW 20 G1T is a stylish built-in wine cooler designed for wine enthusiasts who value both elegance and functionality. Featuring a frameless full-glass door with integrated handle, removable beech wooden shelves, and an electronic thermostat, this cooler is perfect for storing and preserving your wines at the ideal temperature. Its ventilated cooling system ensures [&hellip;]<\/p>\n","protected":false},"featured_media":7210,"comment_status":"open","ping_status":"closed","template":"","meta":[],"product_brand":[],"product_cat":[49],"product_tag":[],"class_list":{"0":"post-7209","1":"product","2":"type-product","3":"status-publish","4":"has-post-thumbnail","6":"product_cat-wine-fridges","8":"first","9":"instock","10":"shipping-taxable","11":"product-type-simple"},"_links":{"self":[{"href":"https:\/\/dersuessestopp.com\/hu\/wp-json\/wp\/v2\/product\/7209","targetHints":{"allow":["GET"]}}],"collection":[{"href":"https:\/\/dersuessestopp.com\/hu\/wp-json\/wp\/v2\/product"}],"about":[{"href":"https:\/\/dersuessestopp.com\/hu\/wp-json\/wp\/v2\/types\/product"}],"replies":[{"embeddable":true,"href":"https:\/\/dersuessestopp.com\/hu\/wp-json\/wp\/v2\/comments?post=7209"}],"version-history":[{"count":3,"href":"https:\/\/dersuessestopp.com\/hu\/wp-json\/wp\/v2\/product\/7209\/revisions"}],"predecessor-version":[{"id":11535,"href":"https:\/\/dersuessestopp.com\/hu\/wp-json\/wp\/v2\/product\/7209\/revisions\/11535"}],"wp:featuredmedia":[{"embeddable":true,"href":"https:\/\/dersuessestopp.com\/hu\/wp-json\/wp\/v2\/media\/7210"}],"wp:attachment":[{"href":"https:\/\/dersuessestopp.com\/hu\/wp-json\/wp\/v2\/media?parent=7209"}],"wp:term":[{"taxonomy":"product_brand","embeddable":true,"href":"https:\/\/dersuessestopp.com\/hu\/wp-json\/wp\/v2\/product_brand?post=7209"},{"taxonomy":"product_cat","embeddable":true,"href":"https:\/\/dersuessestopp.com\/hu\/wp-json\/wp\/v2\/product_cat?post=7209"},{"taxonomy":"product_tag","embeddable":true,"href":"https:\/\/dersuessestopp.com\/hu\/wp-json\/wp\/v2\/product_tag?post=7209"}],"curies":[{"name":"wp","href":"https:\/\/api.w.org\/{rel}","templated":true}]}}