{"id":7205,"date":"2025-09-01T05:03:21","date_gmt":"2025-09-01T05:03:21","guid":{"rendered":"https:\/\/dersuessestopp.com\/?post_type=product&#038;p=7205"},"modified":"2025-10-08T20:25:21","modified_gmt":"2025-10-08T20:25:21","slug":"dw-20-f1t","status":"publish","type":"product","link":"https:\/\/dersuessestopp.com\/hu\/product\/dw-20-f1t\/","title":{"rendered":"DW 20 F1T"},"content":{"rendered":"<p data-start=\"249\" data-end=\"535\"><img fetchpriority=\"high\" decoding=\"async\" class=\"alignnone wp-image-11532 size-full\" src=\"https:\/\/dersuessestopp.com\/wp-content\/uploads\/2025\/09\/DW-20-F1T.jpg\" alt=\"\" width=\"2000\" height=\"600\" srcset=\"https:\/\/dersuessestopp.com\/wp-content\/uploads\/2025\/09\/DW-20-F1T.jpg 2000w, https:\/\/dersuessestopp.com\/wp-content\/uploads\/2025\/09\/DW-20-F1T-300x90.jpg 300w, https:\/\/dersuessestopp.com\/wp-content\/uploads\/2025\/09\/DW-20-F1T-1024x307.jpg 1024w, https:\/\/dersuessestopp.com\/wp-content\/uploads\/2025\/09\/DW-20-F1T-768x230.jpg 768w, https:\/\/dersuessestopp.com\/wp-content\/uploads\/2025\/09\/DW-20-F1T-1536x461.jpg 1536w, https:\/\/dersuessestopp.com\/wp-content\/uploads\/2025\/09\/DW-20-F1T-250x75.jpg 250w, https:\/\/dersuessestopp.com\/wp-content\/uploads\/2025\/09\/DW-20-F1T-600x180.jpg 600w\" sizes=\"(max-width: 2000px) 100vw, 2000px\" \/><\/p>\n<p data-start=\"249\" data-end=\"535\">A <strong data-start=\"253\" data-end=\"266\">DW 20 F1T<\/strong> egy st\u00edlusos be\u00e9p\u00edtett borh\u0171t\u0151, amelyet olyan borrajong\u00f3knak terveztek, akik a funkcionalit\u00e1st eleganci\u00e1val kombin\u00e1lj\u00e1k. A <strong data-start=\"387\" data-end=\"416\">keret n\u00e9lk\u00fcli teljes \u00fcvegajt\u00f3<\/strong>, integr\u00e1lt foganty\u00faval \u00e9s kivehet\u0151 fa polcokkal ez a k\u00e9sz\u00fcl\u00e9k t\u00f6k\u00e9letesen kieg\u00e9sz\u00edt minden modern konyh\u00e1t vagy b\u00e1rhelyis\u00e9get.<\/p>\n<p data-start=\"537\" data-end=\"911\">Felszerelve egy <strong data-start=\"554\" data-end=\"579\">elektronikus termoszt\u00e1t<\/strong>, a <strong data-start=\"583\" data-end=\"612\">szell\u0151ztetett h\u0171t\u0151rendszer<\/strong>, \u00e9s <strong data-start=\"618\" data-end=\"639\">automatikus leolvaszt\u00e1s<\/strong>, biztos\u00edtja, hogy a borok ide\u00e1lis h\u0151m\u00e9rs\u00e9kleten t\u00e1rol\u00f3djanak, a k\u00f6vetkez\u0151 tartom\u00e1nyban <strong data-start=\"713\" data-end=\"732\">+2 \u00b0C \u00e9s +20 \u00b0C k\u00f6z\u00f6tt<\/strong>. A <strong data-start=\"738\" data-end=\"771\">egys\u00e9ges bels\u0151 LED vil\u00e1g\u00edt\u00e1s<\/strong> fokozza a l\u00e1that\u00f3s\u00e1got, mik\u00f6zben bemutatja gy\u0171jtem\u00e9ny\u00e9t, egy intelligens funkci\u00f3val, amely lehet\u0151v\u00e9 teszi, hogy a f\u00e9ny m\u00e9g csukott ajt\u00f3 mellett is \u00e9gve maradjon.<\/p>\n<p data-start=\"913\" data-end=\"1125\">Ez a borh\u0171t\u0151 ak\u00e1r <strong data-start=\"942\" data-end=\"990\">19 bordeaux-i vagy elz\u00e1szi palack (0,75 l)<\/strong>, a csomagol\u00e1st\u00f3l f\u00fcgg\u0151en, \u00e9s csendes m\u0171k\u00f6d\u00e9ssel rendelkezik mind\u00f6ssze <strong data-start=\"1053\" data-end=\"1062\">40 dB<\/strong>, \u00edgy kiv\u00e1l\u00f3 v\u00e1laszt\u00e1s otthoni vagy professzion\u00e1lis haszn\u00e1latra.<\/p>\n<h2 data-start=\"1132\" data-end=\"1147\"><strong data-start=\"1135\" data-end=\"1147\">Kapacit\u00e1s<\/strong><\/h2>\n<table>\n<thead>\n<tr>\n<th>T\u00edpus<\/th>\n<th>Kapacit\u00e1s<\/th>\n<\/tr>\n<\/thead>\n<tbody>\n<tr>\n<td>Bordeaux \/ Elz\u00e1sz 0,75 literes palackok<\/td>\n<td>19<\/td>\n<\/tr>\n<\/tbody>\n<\/table>\n<h2 data-start=\"1733\" data-end=\"1764\"><strong data-start=\"1736\" data-end=\"1764\">M\u0171szaki specifik\u00e1ci\u00f3k<\/strong><\/h2>\n<div class=\"_tableContainer_1rjym_1\">\n<div class=\"_tableWrapper_1rjym_13 group flex w-fit flex-col-reverse\">\n<table>\n<thead>\n<tr>\n<th>Specifik\u00e1ci\u00f3<\/th>\n<th>DW 20 F1T<\/th>\n<\/tr>\n<\/thead>\n<tbody>\n<tr>\n<td>H\u0151m\u00e9rs\u00e9klet tartom\u00e1ny<\/td>\n<td>+2 \u00b0C \u00e9s +20 \u00b0C k\u00f6z\u00f6tt<\/td>\n<\/tr>\n<tr>\n<td>Kl\u00edmaoszt\u00e1ly<\/td>\n<td>4<\/td>\n<\/tr>\n<tr>\n<td>Nett\u00f3 \/ brutt\u00f3 mennyis\u00e9g<\/td>\n<td>58 \/ 60 L<\/td>\n<\/tr>\n<tr>\n<td>K\u00fcls\u0151 test<\/td>\n<td>Hidegen hengerelt ac\u00e9llemez<\/td>\n<\/tr>\n<tr>\n<td>Bels\u0151 b\u00e9l\u00e9s<\/td>\n<td>ABS<\/td>\n<\/tr>\n<tr>\n<td>Szigetel\u00e9s vastags\u00e1ga<\/td>\n<td>45 mm<\/td>\n<\/tr>\n<tr>\n<td>Nett\u00f3 \/ brutt\u00f3 s\u00faly<\/td>\n<td>30 \/ 32 kg<\/td>\n<\/tr>\n<tr>\n<td>H\u0171t\u0151k\u00f6zeg<\/td>\n<td>R600A<\/td>\n<\/tr>\n<tr>\n<td>Fesz\u00fclts\u00e9g<\/td>\n<td>220-240 V<\/td>\n<\/tr>\n<tr>\n<td>Frekvencia<\/td>\n<td>50 Hz<\/td>\n<\/tr>\n<tr>\n<td>Energiafogyaszt\u00e1s<\/td>\n<td>65 W<\/td>\n<\/tr>\n<tr>\n<td>Energiafogyaszt\u00e1s<\/td>\n<td>0,35 kWh \/ 24 \u00f3ra<\/td>\n<\/tr>\n<\/tbody>\n<\/table>\n<h2 data-start=\"2199\" data-end=\"2216\"><strong data-start=\"2202\" data-end=\"2216\">M\u00e9retek<\/strong><\/h2>\n<div class=\"_tableContainer_1rjym_1\">\n<div class=\"_tableWrapper_1rjym_13 group flex w-fit flex-col-reverse\">\n<table>\n<thead>\n<tr>\n<th>T\u00edpus<\/th>\n<th>M\u00e9r\u00e9s (mm)<\/th>\n<\/tr>\n<\/thead>\n<tbody>\n<tr>\n<td>Csomagol\u00e1si m\u00e9retek (WxDxH)<\/td>\n<td>332 x 625 x 873<\/td>\n<\/tr>\n<tr>\n<td>\u00c1ll\u00edthat\u00f3 l\u00e1bak magass\u00e1ga<\/td>\n<td>Legfeljebb 77 mm<\/td>\n<\/tr>\n<\/tbody>\n<\/table>\n<p>&nbsp;<\/p>\n<\/div>\n<\/div>\n<\/div>\n<\/div>","protected":false},"excerpt":{"rendered":"<p>The DW 20 F1T is a stylish built-in wine cooler designed for wine enthusiasts who want functionality combined with elegance. With its frameless full-glass door, integrated handle, and removable wooden shelves, this unit perfectly complements any modern kitchen or bar setting. Equipped with an electronic thermostat, a ventilated cooling system, and automatic defrost, it ensures [&hellip;]<\/p>\n","protected":false},"featured_media":7206,"comment_status":"open","ping_status":"closed","template":"","meta":[],"product_brand":[],"product_cat":[49],"product_tag":[],"class_list":{"0":"post-7205","1":"product","2":"type-product","3":"status-publish","4":"has-post-thumbnail","6":"product_cat-wine-fridges","8":"first","9":"instock","10":"shipping-taxable","11":"product-type-simple"},"_links":{"self":[{"href":"https:\/\/dersuessestopp.com\/hu\/wp-json\/wp\/v2\/product\/7205","targetHints":{"allow":["GET"]}}],"collection":[{"href":"https:\/\/dersuessestopp.com\/hu\/wp-json\/wp\/v2\/product"}],"about":[{"href":"https:\/\/dersuessestopp.com\/hu\/wp-json\/wp\/v2\/types\/product"}],"replies":[{"embeddable":true,"href":"https:\/\/dersuessestopp.com\/hu\/wp-json\/wp\/v2\/comments?post=7205"}],"version-history":[{"count":2,"href":"https:\/\/dersuessestopp.com\/hu\/wp-json\/wp\/v2\/product\/7205\/revisions"}],"predecessor-version":[{"id":11533,"href":"https:\/\/dersuessestopp.com\/hu\/wp-json\/wp\/v2\/product\/7205\/revisions\/11533"}],"wp:featuredmedia":[{"embeddable":true,"href":"https:\/\/dersuessestopp.com\/hu\/wp-json\/wp\/v2\/media\/7206"}],"wp:attachment":[{"href":"https:\/\/dersuessestopp.com\/hu\/wp-json\/wp\/v2\/media?parent=7205"}],"wp:term":[{"taxonomy":"product_brand","embeddable":true,"href":"https:\/\/dersuessestopp.com\/hu\/wp-json\/wp\/v2\/product_brand?post=7205"},{"taxonomy":"product_cat","embeddable":true,"href":"https:\/\/dersuessestopp.com\/hu\/wp-json\/wp\/v2\/product_cat?post=7205"},{"taxonomy":"product_tag","embeddable":true,"href":"https:\/\/dersuessestopp.com\/hu\/wp-json\/wp\/v2\/product_tag?post=7205"}],"curies":[{"name":"wp","href":"https:\/\/api.w.org\/{rel}","templated":true}]}}