{"id":7201,"date":"2025-09-01T04:56:53","date_gmt":"2025-09-01T04:56:53","guid":{"rendered":"https:\/\/dersuessestopp.com\/?post_type=product&#038;p=7201"},"modified":"2025-10-08T19:16:56","modified_gmt":"2025-10-08T19:16:56","slug":"clw-420-l-fekete","status":"publish","type":"product","link":"https:\/\/dersuessestopp.com\/hu\/product\/clw-420-l-black\/","title":{"rendered":"CLW 420 L FEKETE"},"content":{"rendered":"<p data-start=\"198\" data-end=\"608\"><img fetchpriority=\"high\" decoding=\"async\" class=\"alignnone wp-image-11469 size-full\" src=\"https:\/\/dersuessestopp.com\/wp-content\/uploads\/2025\/09\/CLW420L-Dettagli-2.jpg\" alt=\"\" width=\"2000\" height=\"1005\" srcset=\"https:\/\/dersuessestopp.com\/wp-content\/uploads\/2025\/09\/CLW420L-Dettagli-2.jpg 2000w, https:\/\/dersuessestopp.com\/wp-content\/uploads\/2025\/09\/CLW420L-Dettagli-2-300x151.jpg 300w, https:\/\/dersuessestopp.com\/wp-content\/uploads\/2025\/09\/CLW420L-Dettagli-2-1024x515.jpg 1024w, https:\/\/dersuessestopp.com\/wp-content\/uploads\/2025\/09\/CLW420L-Dettagli-2-768x386.jpg 768w, https:\/\/dersuessestopp.com\/wp-content\/uploads\/2025\/09\/CLW420L-Dettagli-2-1536x772.jpg 1536w, https:\/\/dersuessestopp.com\/wp-content\/uploads\/2025\/09\/CLW420L-Dettagli-2-250x126.jpg 250w, https:\/\/dersuessestopp.com\/wp-content\/uploads\/2025\/09\/CLW420L-Dettagli-2-600x302.jpg 600w\" sizes=\"(max-width: 2000px) 100vw, 2000px\" \/><\/p>\n<p data-start=\"198\" data-end=\"608\">A <strong data-start=\"202\" data-end=\"221\">CLW 420 L FEKETE<\/strong> egy pr\u00e9mium kateg\u00f3ri\u00e1s statikus borh\u0171t\u0151, amelyet professzion\u00e1lis bort\u00e1rol\u00e1sra \u00e9s -megjelen\u00edt\u00e9sre terveztek. Az al\u00e1bbi jellemz\u0151kkel <strong data-start=\"318\" data-end=\"344\">t\u00f6m\u00f6r k\u0151risfa bevonat<\/strong> Ez az eleg\u00e1ns fekete kivitel\u0171 h\u0171t\u0151 a kifinomult eszt\u00e9tik\u00e1t \u00e9s a fejlett funkcionalit\u00e1st \u00f6tv\u00f6zi. Nagy kapacit\u00e1s\u00e1val, csendes m\u0171k\u00f6d\u00e9s\u00e9vel \u00e9s opcion\u00e1lis WiFi Smart Link t\u00e1vir\u00e1ny\u00edt\u00f3j\u00e1val ide\u00e1lis borospinc\u00e9k, \u00e9ttermek, sz\u00e1llod\u00e1k \u00e9s mag\u00e1ngy\u0171jt\u0151k sz\u00e1m\u00e1ra.<\/p>\n<h2 data-start=\"1154\" data-end=\"1169\"><strong data-start=\"1157\" data-end=\"1169\">Kapacit\u00e1s<\/strong><\/h2>\n<div class=\"_tableContainer_1rjym_1\">\n<div class=\"_tableWrapper_1rjym_13 group flex w-fit flex-col-reverse\">\n<table>\n<thead>\n<tr>\n<th>Kapacit\u00e1s t\u00edpusa<\/th>\n<th>CLW 420 L<\/th>\n<\/tr>\n<\/thead>\n<tbody>\n<tr>\n<td>75cl palackok<\/td>\n<td><strong>126<\/strong><\/td>\n<\/tr>\n<tr>\n<td>Megjegyz\u00e9sek<\/td>\n<td>Az adatok a csomagol\u00e1st\u00f3l f\u00fcgg\u0151en v\u00e1ltozhatnak<\/td>\n<\/tr>\n<\/tbody>\n<\/table>\n<h2 data-start=\"1154\" data-end=\"1169\"><strong data-start=\"1157\" data-end=\"1169\">M\u00e9retek<\/strong><\/h2>\n<table>\n<thead>\n<tr>\n<th>Le\u00edr\u00e1s<\/th>\n<th>M\u00e9r\u00e9s<\/th>\n<\/tr>\n<\/thead>\n<tbody>\n<tr>\n<td>K\u00fcls\u0151 m\u00e9retek (WxDxH)<\/td>\n<td>655 \u00d7 635 \u00d7 1880 mm<\/td>\n<\/tr>\n<tr>\n<td>Csomagol\u00e1si m\u00e9retek (WxDxH)<\/td>\n<td>735 \u00d7 715 \u00d7 2050 mm<\/td>\n<\/tr>\n<tr>\n<td>Bels\u0151 sz\u00e9less\u00e9g (A)<\/td>\n<td>522 mm<\/td>\n<\/tr>\n<tr>\n<td>Bels\u0151 m\u00e9lys\u00e9g (B)<\/td>\n<td>449 mm<\/td>\n<\/tr>\n<tr>\n<td>Bels\u0151 magass\u00e1g (C)<\/td>\n<td>1557 mm<\/td>\n<\/tr>\n<tr>\n<td>Minim\u00e1lis m\u00e9lys\u00e9g (D)<\/td>\n<td>179 mm<\/td>\n<\/tr>\n<tr>\n<td>Minim\u00e1lis magass\u00e1g (E)<\/td>\n<td>1337 mm<\/td>\n<\/tr>\n<tr>\n<td>\u00dcveg matrica<\/td>\n<td>503 \u00d7 1544 mm<\/td>\n<\/tr>\n<\/tbody>\n<\/table>\n<h2 data-start=\"1703\" data-end=\"1728\"><strong data-start=\"1706\" data-end=\"1728\">M\u0171szaki jellemz\u0151k<\/strong><\/h2>\n<div class=\"_tableContainer_1rjym_1\">\n<div class=\"_tableWrapper_1rjym_13 group flex w-fit flex-col-reverse\">\n<table>\n<thead>\n<tr>\n<th>Jellemz\u0151<\/th>\n<th>Specifik\u00e1ci\u00f3<\/th>\n<\/tr>\n<\/thead>\n<tbody>\n<tr>\n<td>H\u0151m\u00e9rs\u00e9klet-tartom\u00e1ny (ventil\u00e1tor kikapcsolva)<\/td>\n<td>+16\u00b0C \/ +10\u00b0C \/ +5\u00b0C<\/td>\n<\/tr>\n<tr>\n<td>H\u0151m\u00e9rs\u00e9klet-tartom\u00e1ny (ventil\u00e1tor bekapcsolva)<\/td>\n<td>+4\u00b0C \/ +18\u00b0C<\/td>\n<\/tr>\n<tr>\n<td>Kl\u00edmaoszt\u00e1ly<\/td>\n<td>4<\/td>\n<\/tr>\n<tr>\n<td>Nett\u00f3 \/ brutt\u00f3 mennyis\u00e9g<\/td>\n<td>342 L \/ 382 L<\/td>\n<\/tr>\n<tr>\n<td>Bevonat<\/td>\n<td>t\u00f6m\u00f6r k\u0151risfa<\/td>\n<\/tr>\n<tr>\n<td>Bels\u0151 b\u00e9l\u00e9s<\/td>\n<td>Termoform\u00e1lt ABS<\/td>\n<\/tr>\n<tr>\n<td>Termoszt\u00e1t<\/td>\n<td>Elektronikus<\/td>\n<\/tr>\n<tr>\n<td>T\u00e1vir\u00e1ny\u00edt\u00f3<\/td>\n<td>Opcion\u00e1lis WiFi Smart Link<\/td>\n<\/tr>\n<tr>\n<td>Zajszint<\/td>\n<td>55 dB<\/td>\n<\/tr>\n<tr>\n<td>Szigetel\u00e9s vastags\u00e1ga<\/td>\n<td>40 mm<\/td>\n<\/tr>\n<tr>\n<td>Leolvaszt\u00e1si rendszer<\/td>\n<td>Automatikus (kompresszor kikapcsolva) + K\u00e9zi<\/td>\n<\/tr>\n<tr>\n<td>Vil\u00e1g\u00edt\u00e1s<\/td>\n<td>2 f\u00fcgg\u0151leges LED<\/td>\n<\/tr>\n<tr>\n<td>\u00d6nz\u00e1r\u00f3 ajt\u00f3<\/td>\n<td>Igen<\/td>\n<\/tr>\n<tr>\n<td>Z\u00e1r \u00e9s kulcs<\/td>\n<td>Igen<\/td>\n<\/tr>\n<tr>\n<td>Polcok<\/td>\n<td>5 (513 \u00d7 410 mm)<\/td>\n<\/tr>\n<tr>\n<td>Fa polcok<\/td>\n<td>Opcion\u00e1lis<\/td>\n<\/tr>\n<tr>\n<td>G\u00f6rg\u0151k \u00e9s l\u00e1bak<\/td>\n<td>2 l\u00e1b + 2 g\u00f6rg\u0151<\/td>\n<\/tr>\n<tr>\n<td>Nett\u00f3 \/ brutt\u00f3 s\u00faly<\/td>\n<td>80 kg \/ 87 kg<\/td>\n<\/tr>\n<\/tbody>\n<\/table>\n<h2 data-start=\"2426\" data-end=\"2448\"><strong data-start=\"2429\" data-end=\"2448\">Elektromos adatok<\/strong><\/h2>\n<div class=\"_tableContainer_1rjym_1\">\n<div class=\"_tableWrapper_1rjym_13 group flex w-fit flex-col-reverse\">\n<table>\n<thead>\n<tr>\n<th>Specifik\u00e1ci\u00f3<\/th>\n<th>\u00c9rt\u00e9k<\/th>\n<\/tr>\n<\/thead>\n<tbody>\n<tr>\n<td>Fesz\u00fclts\u00e9g<\/td>\n<td>220 V<\/td>\n<\/tr>\n<tr>\n<td>Frekvencia<\/td>\n<td>50 Hz<\/td>\n<\/tr>\n<tr>\n<td>H\u0171t\u0151k\u00f6zeg<\/td>\n<td>R600A<\/td>\n<\/tr>\n<tr>\n<td>Energiaelnyel\u00e9s<\/td>\n<td>230 W<\/td>\n<\/tr>\n<tr>\n<td>Energiafogyaszt\u00e1s (24 \u00f3ra)<\/td>\n<td>2,84 kWh<\/td>\n<\/tr>\n<\/tbody>\n<\/table>\n<\/div>\n<\/div>\n<\/div>\n<\/div>\n<\/div>\n<\/div>","protected":false},"excerpt":{"rendered":"<p>The CLW 420 L BLACK is a premium static wine cooler designed for professional wine storage and display. Featuring a solid ash wood coating in elegant black finish, this cooler combines sophisticated aesthetics with advanced functionality. With its large capacity, quiet operation, and optional WiFi Smart Link remote control, it is ideal for wine cellars, [&hellip;]<\/p>\n","protected":false},"featured_media":7202,"comment_status":"open","ping_status":"closed","template":"","meta":[],"product_brand":[],"product_cat":[49],"product_tag":[],"class_list":{"0":"post-7201","1":"product","2":"type-product","3":"status-publish","4":"has-post-thumbnail","6":"product_cat-wine-fridges","8":"first","9":"instock","10":"shipping-taxable","11":"product-type-simple"},"_links":{"self":[{"href":"https:\/\/dersuessestopp.com\/hu\/wp-json\/wp\/v2\/product\/7201","targetHints":{"allow":["GET"]}}],"collection":[{"href":"https:\/\/dersuessestopp.com\/hu\/wp-json\/wp\/v2\/product"}],"about":[{"href":"https:\/\/dersuessestopp.com\/hu\/wp-json\/wp\/v2\/types\/product"}],"replies":[{"embeddable":true,"href":"https:\/\/dersuessestopp.com\/hu\/wp-json\/wp\/v2\/comments?post=7201"}],"version-history":[{"count":3,"href":"https:\/\/dersuessestopp.com\/hu\/wp-json\/wp\/v2\/product\/7201\/revisions"}],"predecessor-version":[{"id":11652,"href":"https:\/\/dersuessestopp.com\/hu\/wp-json\/wp\/v2\/product\/7201\/revisions\/11652"}],"wp:featuredmedia":[{"embeddable":true,"href":"https:\/\/dersuessestopp.com\/hu\/wp-json\/wp\/v2\/media\/7202"}],"wp:attachment":[{"href":"https:\/\/dersuessestopp.com\/hu\/wp-json\/wp\/v2\/media?parent=7201"}],"wp:term":[{"taxonomy":"product_brand","embeddable":true,"href":"https:\/\/dersuessestopp.com\/hu\/wp-json\/wp\/v2\/product_brand?post=7201"},{"taxonomy":"product_cat","embeddable":true,"href":"https:\/\/dersuessestopp.com\/hu\/wp-json\/wp\/v2\/product_cat?post=7201"},{"taxonomy":"product_tag","embeddable":true,"href":"https:\/\/dersuessestopp.com\/hu\/wp-json\/wp\/v2\/product_tag?post=7201"}],"curies":[{"name":"wp","href":"https:\/\/api.w.org\/{rel}","templated":true}]}}