{"id":7197,"date":"2025-09-01T04:53:14","date_gmt":"2025-09-01T04:53:14","guid":{"rendered":"https:\/\/dersuessestopp.com\/?post_type=product&#038;p=7197"},"modified":"2025-10-08T19:15:59","modified_gmt":"2025-10-08T19:15:59","slug":"clw-420-l-feher","status":"publish","type":"product","link":"https:\/\/dersuessestopp.com\/hu\/product\/clw-420-l-white\/","title":{"rendered":"CLW 420 L FEH\u00c9R"},"content":{"rendered":"<p data-start=\"208\" data-end=\"645\"><img fetchpriority=\"high\" decoding=\"async\" class=\"alignnone wp-image-11469 size-full\" src=\"https:\/\/dersuessestopp.com\/wp-content\/uploads\/2025\/09\/CLW420L-Dettagli-2.jpg\" alt=\"\" width=\"2000\" height=\"1005\" srcset=\"https:\/\/dersuessestopp.com\/wp-content\/uploads\/2025\/09\/CLW420L-Dettagli-2.jpg 2000w, https:\/\/dersuessestopp.com\/wp-content\/uploads\/2025\/09\/CLW420L-Dettagli-2-300x151.jpg 300w, https:\/\/dersuessestopp.com\/wp-content\/uploads\/2025\/09\/CLW420L-Dettagli-2-1024x515.jpg 1024w, https:\/\/dersuessestopp.com\/wp-content\/uploads\/2025\/09\/CLW420L-Dettagli-2-768x386.jpg 768w, https:\/\/dersuessestopp.com\/wp-content\/uploads\/2025\/09\/CLW420L-Dettagli-2-1536x772.jpg 1536w, https:\/\/dersuessestopp.com\/wp-content\/uploads\/2025\/09\/CLW420L-Dettagli-2-250x126.jpg 250w, https:\/\/dersuessestopp.com\/wp-content\/uploads\/2025\/09\/CLW420L-Dettagli-2-600x302.jpg 600w\" sizes=\"(max-width: 2000px) 100vw, 2000px\" \/><\/p>\n<p data-start=\"208\" data-end=\"645\">A <strong data-start=\"212\" data-end=\"237\">CLW 420 L borh\u0171t\u0151<\/strong> \u00f6tv\u00f6zi a hagyom\u00e1nyos k\u00e9zm\u0171vess\u00e9get a modern h\u0171t\u00e9si technol\u00f3gi\u00e1val. Az al\u00e1bbi jellemz\u0151kkel <strong data-start=\"317\" data-end=\"344\">t\u00f6m\u00f6r k\u0151risfa k\u00fclseje<\/strong> t\u00f6bbf\u00e9le kivitelben, ez a borszekr\u00e9ny t\u00f6k\u00e9letes v\u00e1laszt\u00e1s kifinomult k\u00f6rnyezetekbe, p\u00e9ld\u00e1ul \u00e9ttermekbe, sz\u00e1llod\u00e1kba \u00e9s borospinc\u00e9kbe. A <strong data-start=\"475\" data-end=\"516\">126 palack (75 cl) befogad\u00f3k\u00e9pess\u00e9ge<\/strong>, elektronikus h\u0151m\u00e9rs\u00e9klet-szab\u00e1lyoz\u00e1s \u00e9s opcion\u00e1lis <strong data-start=\"563\" data-end=\"600\">WiFi Smart Link t\u00e1vfel\u00fcgyelet<\/strong>, egyszerre biztos\u00edtja az eleganci\u00e1t \u00e9s a teljes\u00edtm\u00e9nyt.<\/p>\n<h2 data-start=\"652\" data-end=\"673\">Kapacit\u00e1s<\/h2>\n<table>\n<thead>\n<tr>\n<th>Palack m\u00e9rete<\/th>\n<th>Kapacit\u00e1s<\/th>\n<\/tr>\n<\/thead>\n<tbody>\n<tr>\n<td>0.75 L<\/td>\n<td>126 palack*<\/td>\n<\/tr>\n<\/tbody>\n<\/table>\n<h2 data-start=\"652\" data-end=\"673\">M\u00e9retek<\/h2>\n<table>\n<thead>\n<tr>\n<th>Specifik\u00e1ci\u00f3<\/th>\n<th>M\u00e9r\u00e9s<\/th>\n<\/tr>\n<\/thead>\n<tbody>\n<tr>\n<td>K\u00fcls\u0151 m\u00e9retek (WxDxH)<\/td>\n<td>655 x 635 x 1880 mm<\/td>\n<\/tr>\n<tr>\n<td>Csomagol\u00e1si m\u00e9retek (WxDxH)<\/td>\n<td>735 x 715 x 2050 mm<\/td>\n<\/tr>\n<tr>\n<td>Sz\u00e9less\u00e9g (A)<\/td>\n<td>522 mm<\/td>\n<\/tr>\n<tr>\n<td>M\u00e9lys\u00e9g (B)<\/td>\n<td>449 mm<\/td>\n<\/tr>\n<tr>\n<td>Magass\u00e1g (C)<\/td>\n<td>1557 mm<\/td>\n<\/tr>\n<tr>\n<td>Min. M\u00e9lys\u00e9g (D)<\/td>\n<td>179 mm<\/td>\n<\/tr>\n<tr>\n<td>Min. Magass\u00e1g (E)<\/td>\n<td>1337 mm<\/td>\n<\/tr>\n<tr>\n<td>\u00dcveg matrica<\/td>\n<td>503 x 1544 mm<\/td>\n<\/tr>\n<\/tbody>\n<\/table>\n<h2 data-start=\"1413\" data-end=\"1434\">M\u0171szaki jellemz\u0151k<\/h2>\n<div class=\"_tableContainer_1rjym_1\">\n<div class=\"_tableWrapper_1rjym_13 group flex w-fit flex-col-reverse\">\n<table>\n<thead>\n<tr>\n<th>Jellemz\u0151<\/th>\n<th>R\u00e9szletek<\/th>\n<\/tr>\n<\/thead>\n<tbody>\n<tr>\n<td><strong>H\u0151m\u00e9rs\u00e9klet-tartom\u00e1ny (ventil\u00e1tor kikapcsolva)<\/strong><\/td>\n<td>+16 \u00b0C \/ +10 \u00b0C \/ +5 \u00b0C<\/td>\n<\/tr>\n<tr>\n<td><strong>H\u0151m\u00e9rs\u00e9klet-tartom\u00e1ny (ventil\u00e1tor bekapcsolva)<\/strong><\/td>\n<td>+4 \u00b0C \/ +18 \u00b0C<\/td>\n<\/tr>\n<tr>\n<td><strong>Kl\u00edmaoszt\u00e1ly<\/strong><\/td>\n<td>4<\/td>\n<\/tr>\n<tr>\n<td><strong>Nett\u00f3-brutt\u00f3 volumen<\/strong><\/td>\n<td>342 \/ 382 L<\/td>\n<\/tr>\n<tr>\n<td><strong>Bevonat<\/strong><\/td>\n<td>t\u00f6m\u00f6r k\u0151risfa<\/td>\n<\/tr>\n<tr>\n<td><strong>Bels\u0151 b\u00e9l\u00e9s<\/strong><\/td>\n<td>Termoform\u00e1lt ABS<\/td>\n<\/tr>\n<tr>\n<td><strong>Termoszt\u00e1t<\/strong><\/td>\n<td>Elektronikus<\/td>\n<\/tr>\n<tr>\n<td><strong>Smart Link WiFi<\/strong><\/td>\n<td>Opcion\u00e1lis (t\u00e1vir\u00e1ny\u00edt\u00f3)<\/td>\n<\/tr>\n<tr>\n<td><strong>Zajszint<\/strong><\/td>\n<td>55 dB<\/td>\n<\/tr>\n<tr>\n<td><strong>Szigetel\u00e9s vastags\u00e1ga<\/strong><\/td>\n<td>40 mm<\/td>\n<\/tr>\n<tr>\n<td><strong>Leolvaszt\u00e1s<\/strong><\/td>\n<td>Automatikus kompresszor ciklus + K\u00e9zi<\/td>\n<\/tr>\n<tr>\n<td><strong>Vil\u00e1g\u00edt\u00e1s<\/strong><\/td>\n<td>2 f\u00fcgg\u0151leges LED<\/td>\n<\/tr>\n<tr>\n<td><strong>\u00d6nz\u00e1r\u00f3 ajt\u00f3<\/strong><\/td>\n<td>Igen<\/td>\n<\/tr>\n<tr>\n<td><strong>Z\u00e1r \u00e9s kulcs<\/strong><\/td>\n<td>Igen<\/td>\n<\/tr>\n<tr>\n<td><strong>Polcok<\/strong><\/td>\n<td>5 (513 x 410 mm) - fapolcok opcion\u00e1lisan v\u00e1laszthat\u00f3ak<\/td>\n<\/tr>\n<tr>\n<td><strong>L\u00e1bak \u00e9s g\u00f6rg\u0151k<\/strong><\/td>\n<td>2 l\u00e1b + 2 g\u00f6rg\u0151<\/td>\n<\/tr>\n<tr>\n<td><strong>Nett\u00f3\/brutt\u00f3 s\u00faly<\/strong><\/td>\n<td>80 \/ 87 kg<\/td>\n<\/tr>\n<tr>\n<td><strong>Fesz\u00fclts\u00e9g<\/strong><\/td>\n<td>220 V<\/td>\n<\/tr>\n<tr>\n<td><strong>Frekvencia<\/strong><\/td>\n<td>50 Hz<\/td>\n<\/tr>\n<tr>\n<td><strong>H\u0171t\u0151k\u00f6zeg<\/strong><\/td>\n<td>R600A<\/td>\n<\/tr>\n<tr>\n<td><strong>Energiaelnyel\u00e9s<\/strong><\/td>\n<td>230 W<\/td>\n<\/tr>\n<tr>\n<td><strong>Energiafogyaszt\u00e1s<\/strong><\/td>\n<td>2,84 kWh \/ 24 \u00f3ra<\/td>\n<\/tr>\n<\/tbody>\n<\/table>\n<\/div>\n<\/div>","protected":false},"excerpt":{"rendered":"<p>The CLW 420 L Wine Cooler combines traditional craftsmanship with modern cooling technology. Featuring a solid ash wood exterior in multiple finishes, this wine cabinet is perfect for refined environments such as restaurants, hotels, and wine cellars. With a capacity of up to 126 bottles (75 cl), electronic temperature control, and optional WiFi Smart Link [&hellip;]<\/p>\n","protected":false},"featured_media":7198,"comment_status":"open","ping_status":"closed","template":"","meta":[],"product_brand":[],"product_cat":[49],"product_tag":[],"class_list":{"0":"post-7197","1":"product","2":"type-product","3":"status-publish","4":"has-post-thumbnail","6":"product_cat-wine-fridges","8":"first","9":"instock","10":"shipping-taxable","11":"product-type-simple"},"_links":{"self":[{"href":"https:\/\/dersuessestopp.com\/hu\/wp-json\/wp\/v2\/product\/7197","targetHints":{"allow":["GET"]}}],"collection":[{"href":"https:\/\/dersuessestopp.com\/hu\/wp-json\/wp\/v2\/product"}],"about":[{"href":"https:\/\/dersuessestopp.com\/hu\/wp-json\/wp\/v2\/types\/product"}],"replies":[{"embeddable":true,"href":"https:\/\/dersuessestopp.com\/hu\/wp-json\/wp\/v2\/comments?post=7197"}],"version-history":[{"count":3,"href":"https:\/\/dersuessestopp.com\/hu\/wp-json\/wp\/v2\/product\/7197\/revisions"}],"predecessor-version":[{"id":11513,"href":"https:\/\/dersuessestopp.com\/hu\/wp-json\/wp\/v2\/product\/7197\/revisions\/11513"}],"wp:featuredmedia":[{"embeddable":true,"href":"https:\/\/dersuessestopp.com\/hu\/wp-json\/wp\/v2\/media\/7198"}],"wp:attachment":[{"href":"https:\/\/dersuessestopp.com\/hu\/wp-json\/wp\/v2\/media?parent=7197"}],"wp:term":[{"taxonomy":"product_brand","embeddable":true,"href":"https:\/\/dersuessestopp.com\/hu\/wp-json\/wp\/v2\/product_brand?post=7197"},{"taxonomy":"product_cat","embeddable":true,"href":"https:\/\/dersuessestopp.com\/hu\/wp-json\/wp\/v2\/product_cat?post=7197"},{"taxonomy":"product_tag","embeddable":true,"href":"https:\/\/dersuessestopp.com\/hu\/wp-json\/wp\/v2\/product_tag?post=7197"}],"curies":[{"name":"wp","href":"https:\/\/api.w.org\/{rel}","templated":true}]}}