{"id":7192,"date":"2025-09-01T04:45:13","date_gmt":"2025-09-01T04:45:13","guid":{"rendered":"https:\/\/dersuessestopp.com\/?post_type=product&#038;p=7192"},"modified":"2025-10-07T21:56:43","modified_gmt":"2025-10-07T21:56:43","slug":"clw-420-l-termeszetes","status":"publish","type":"product","link":"https:\/\/dersuessestopp.com\/hu\/product\/clw-420-l-natural\/","title":{"rendered":"CLW 420 L TERM\u00c9SZETES"},"content":{"rendered":"<p data-start=\"173\" data-end=\"425\"><img fetchpriority=\"high\" decoding=\"async\" class=\"alignnone wp-image-11469 size-full\" src=\"https:\/\/dersuessestopp.com\/wp-content\/uploads\/2025\/09\/CLW420L-Dettagli-2.jpg\" alt=\"\" width=\"2000\" height=\"1005\" srcset=\"https:\/\/dersuessestopp.com\/wp-content\/uploads\/2025\/09\/CLW420L-Dettagli-2.jpg 2000w, https:\/\/dersuessestopp.com\/wp-content\/uploads\/2025\/09\/CLW420L-Dettagli-2-300x151.jpg 300w, https:\/\/dersuessestopp.com\/wp-content\/uploads\/2025\/09\/CLW420L-Dettagli-2-1024x515.jpg 1024w, https:\/\/dersuessestopp.com\/wp-content\/uploads\/2025\/09\/CLW420L-Dettagli-2-768x386.jpg 768w, https:\/\/dersuessestopp.com\/wp-content\/uploads\/2025\/09\/CLW420L-Dettagli-2-1536x772.jpg 1536w, https:\/\/dersuessestopp.com\/wp-content\/uploads\/2025\/09\/CLW420L-Dettagli-2-250x126.jpg 250w, https:\/\/dersuessestopp.com\/wp-content\/uploads\/2025\/09\/CLW420L-Dettagli-2-600x302.jpg 600w\" sizes=\"(max-width: 2000px) 100vw, 2000px\" \/><\/p>\n<p data-start=\"173\" data-end=\"425\">A <strong data-start=\"177\" data-end=\"190\">CLW 420 L<\/strong> pr\u00e9mium kateg\u00f3ri\u00e1s statikus borh\u0171t\u0151, amely a k\u00f6vetkez\u0151 sz\u00ednekben kaphat\u00f3 <strong data-start=\"237\" data-end=\"252\">Term\u00e9szetes k\u0151ris<\/strong> vagy <strong data-start=\"256\" data-end=\"269\">Fekete k\u0151ris<\/strong> befejezi. A <strong data-start=\"287\" data-end=\"309\">t\u00f6m\u00f6rfa bevonat<\/strong>, h\u0151re form\u00e1zott ABS bels\u0151vel \u00e9s eleg\u00e1ns kialak\u00edt\u00e1ssal t\u00f6k\u00e9letes megold\u00e1s a finom borok t\u00e1rol\u00e1s\u00e1ra \u00e9s bemutat\u00e1s\u00e1ra.<\/p>\n<p data-start=\"427\" data-end=\"678\">Ez a modell a k\u00f6vetkez\u0151ket kombin\u00e1lja <strong data-start=\"447\" data-end=\"474\">st\u00edlus \u00e9s funkcionalit\u00e1s<\/strong> egy <strong data-start=\"483\" data-end=\"508\">elektronikus termoszt\u00e1t<\/strong>, <strong data-start=\"510\" data-end=\"535\">LED f\u00fcgg\u0151leges vil\u00e1g\u00edt\u00e1s<\/strong>, \u00e9s egy <strong data-start=\"544\" data-end=\"572\">opcion\u00e1lis WiFi Smart Link<\/strong> a t\u00e1vvez\u00e9rl\u00e9shez. A <strong data-start=\"597\" data-end=\"618\">\u00f6nz\u00e1r\u00f3 ajt\u00f3<\/strong> \u00e9s <strong data-start=\"623\" data-end=\"638\">z\u00e1rrendszer<\/strong> egyszerre biztos\u00edtja a k\u00e9nyelmet \u00e9s a biztons\u00e1got.<\/p>\n<h2 data-start=\"685\" data-end=\"700\"><strong data-start=\"688\" data-end=\"700\">Kapacit\u00e1s<\/strong><\/h2>\n<table>\n<thead>\n<tr>\n<th>Palack t\u00edpusa<\/th>\n<th>Kapacit\u00e1s<\/th>\n<\/tr>\n<\/thead>\n<tbody>\n<tr>\n<td>Standard 75 cl-es palackok<\/td>\n<td><strong>126<\/strong><\/td>\n<\/tr>\n<\/tbody>\n<\/table>\n<h2 data-start=\"1210\" data-end=\"1241\"><strong data-start=\"1213\" data-end=\"1241\">M\u0171szaki specifik\u00e1ci\u00f3k<\/strong><\/h2>\n<div class=\"_tableContainer_1rjym_1\">\n<div class=\"_tableWrapper_1rjym_13 group flex w-fit flex-col-reverse\">\n<table>\n<thead>\n<tr>\n<th>Jellemz\u0151<\/th>\n<th>Specifik\u00e1ci\u00f3<\/th>\n<\/tr>\n<\/thead>\n<tbody>\n<tr>\n<td><strong>H\u0151m\u00e9rs\u00e9klet-tartom\u00e1ny (ventil\u00e1tor kikapcsolva)<\/strong><\/td>\n<td>+16 \u00b0C \/ +10 \u00b0C \/ +5 \u00b0C<\/td>\n<\/tr>\n<tr>\n<td><strong>H\u0151m\u00e9rs\u00e9klet-tartom\u00e1ny (ventil\u00e1tor bekapcsolva)<\/strong><\/td>\n<td>+4 \u00b0C \u00e9s +18 \u00b0C k\u00f6z\u00f6tt<\/td>\n<\/tr>\n<tr>\n<td><strong>Kl\u00edmaoszt\u00e1ly<\/strong><\/td>\n<td>4<\/td>\n<\/tr>\n<tr>\n<td><strong>Nett\u00f3\/brutt\u00f3 mennyis\u00e9g<\/strong><\/td>\n<td>342 L \/ 382 L<\/td>\n<\/tr>\n<tr>\n<td><strong>Zajszint<\/strong><\/td>\n<td>55 dB<\/td>\n<\/tr>\n<tr>\n<td><strong>Szigetel\u00e9s vastags\u00e1ga<\/strong><\/td>\n<td>40 mm<\/td>\n<\/tr>\n<tr>\n<td><strong>Leolvaszt\u00e1s<\/strong><\/td>\n<td>Automatikus (kompresszor ciklus) + K\u00e9zi<\/td>\n<\/tr>\n<tr>\n<td><strong>Vil\u00e1g\u00edt\u00e1s<\/strong><\/td>\n<td>2 f\u00fcgg\u0151leges LED<\/td>\n<\/tr>\n<tr>\n<td><strong>Polcok<\/strong><\/td>\n<td>5 (513 x 410 mm)<\/td>\n<\/tr>\n<tr>\n<td><strong>Opcion\u00e1lis polcok<\/strong><\/td>\n<td>Fa<\/td>\n<\/tr>\n<tr>\n<td><strong>L\u00e1bak \u00e9s g\u00f6rg\u0151k<\/strong><\/td>\n<td>2 l\u00e1b + 2 g\u00f6rg\u0151<\/td>\n<\/tr>\n<tr>\n<td><strong>\u00d6nz\u00e1r\u00f3 ajt\u00f3<\/strong><\/td>\n<td>Igen<\/td>\n<\/tr>\n<tr>\n<td><strong>Z\u00e1r \u00e9s kulcs<\/strong><\/td>\n<td>Igen<\/td>\n<\/tr>\n<\/tbody>\n<\/table>\n<h2 data-start=\"1210\" data-end=\"1241\"><strong data-start=\"1213\" data-end=\"1241\">M\u00e9retek<\/strong><\/h2>\n<table>\n<thead>\n<tr>\n<th>Dimenzi\u00f3<\/th>\n<th>M\u00e9r\u00e9s (mm)<\/th>\n<\/tr>\n<\/thead>\n<tbody>\n<tr>\n<td><strong>K\u00fcls\u0151 (WxDxH)<\/strong><\/td>\n<td>655 x 635 x 1880<\/td>\n<\/tr>\n<tr>\n<td><strong>Csomagol\u00e1s (SzxDxH)<\/strong><\/td>\n<td>735 x 715 x 2050<\/td>\n<\/tr>\n<tr>\n<td><strong>Bels\u0151 sz\u00e9less\u00e9g (A)<\/strong><\/td>\n<td>522<\/td>\n<\/tr>\n<tr>\n<td><strong>Bels\u0151 m\u00e9lys\u00e9g (B)<\/strong><\/td>\n<td>449<\/td>\n<\/tr>\n<tr>\n<td><strong>Bels\u0151 magass\u00e1g (C)<\/strong><\/td>\n<td>1557<\/td>\n<\/tr>\n<tr>\n<td><strong>Minim\u00e1lis m\u00e9lys\u00e9g (D)<\/strong><\/td>\n<td>179<\/td>\n<\/tr>\n<tr>\n<td><strong>Minim\u00e1lis magass\u00e1g (E)<\/strong><\/td>\n<td>1337<\/td>\n<\/tr>\n<tr>\n<td><strong>\u00dcveg matrica m\u00e9rete<\/strong><\/td>\n<td>503 x 1544<\/td>\n<\/tr>\n<\/tbody>\n<\/table>\n<h2 data-start=\"2198\" data-end=\"2229\"><strong data-start=\"2201\" data-end=\"2229\">Elektromos \u00e9s energetikai adatok<\/strong><\/h2>\n<div class=\"_tableContainer_1rjym_1\">\n<div class=\"_tableWrapper_1rjym_13 group flex w-fit flex-col-reverse\">\n<table>\n<thead>\n<tr>\n<th>Param\u00e9ter<\/th>\n<th>\u00c9rt\u00e9k<\/th>\n<\/tr>\n<\/thead>\n<tbody>\n<tr>\n<td><strong>Fesz\u00fclts\u00e9g<\/strong><\/td>\n<td>220 V<\/td>\n<\/tr>\n<tr>\n<td><strong>Frekvencia<\/strong><\/td>\n<td>50 Hz<\/td>\n<\/tr>\n<tr>\n<td><strong>H\u0171t\u0151k\u00f6zeg<\/strong><\/td>\n<td>R600A<\/td>\n<\/tr>\n<tr>\n<td><strong>Energiaelnyel\u00e9s<\/strong><\/td>\n<td>230 W<\/td>\n<\/tr>\n<tr>\n<td><strong>Energiafogyaszt\u00e1s<\/strong><\/td>\n<td>2,84 kWh\/24h<\/td>\n<\/tr>\n<\/tbody>\n<\/table>\n<h2 data-start=\"2198\" data-end=\"2229\"><strong data-start=\"2201\" data-end=\"2229\">S\u00faly<\/strong><\/h2>\n<table>\n<thead>\n<tr>\n<th>T\u00edpus<\/th>\n<th>\u00c9rt\u00e9k<\/th>\n<\/tr>\n<\/thead>\n<tbody>\n<tr>\n<td><strong>Nett\u00f3 s\u00faly<\/strong><\/td>\n<td>80 kg<\/td>\n<\/tr>\n<tr>\n<td><strong>Brutt\u00f3 t\u00f6meg<\/strong><\/td>\n<td>87 kg<\/td>\n<\/tr>\n<\/tbody>\n<\/table>\n<\/div>\n<\/div>\n<\/div>\n<\/div>","protected":false},"excerpt":{"rendered":"<p>The CLW 420 L is a premium static wine cooler, available in Natural Ash or Black Ash finishes. With a solid wood coating, thermoformed ABS interior, and elegant design, it is the perfect solution for storing and presenting fine wines. This model combines style and functionality with an electronic thermostat, LED vertical lighting, and an [&hellip;]<\/p>\n","protected":false},"featured_media":7195,"comment_status":"open","ping_status":"closed","template":"","meta":[],"product_brand":[],"product_cat":[49],"product_tag":[],"class_list":{"0":"post-7192","1":"product","2":"type-product","3":"status-publish","4":"has-post-thumbnail","6":"product_cat-wine-fridges","8":"first","9":"instock","10":"shipping-taxable","11":"product-type-simple"},"_links":{"self":[{"href":"https:\/\/dersuessestopp.com\/hu\/wp-json\/wp\/v2\/product\/7192","targetHints":{"allow":["GET"]}}],"collection":[{"href":"https:\/\/dersuessestopp.com\/hu\/wp-json\/wp\/v2\/product"}],"about":[{"href":"https:\/\/dersuessestopp.com\/hu\/wp-json\/wp\/v2\/types\/product"}],"replies":[{"embeddable":true,"href":"https:\/\/dersuessestopp.com\/hu\/wp-json\/wp\/v2\/comments?post=7192"}],"version-history":[{"count":4,"href":"https:\/\/dersuessestopp.com\/hu\/wp-json\/wp\/v2\/product\/7192\/revisions"}],"predecessor-version":[{"id":11505,"href":"https:\/\/dersuessestopp.com\/hu\/wp-json\/wp\/v2\/product\/7192\/revisions\/11505"}],"wp:featuredmedia":[{"embeddable":true,"href":"https:\/\/dersuessestopp.com\/hu\/wp-json\/wp\/v2\/media\/7195"}],"wp:attachment":[{"href":"https:\/\/dersuessestopp.com\/hu\/wp-json\/wp\/v2\/media?parent=7192"}],"wp:term":[{"taxonomy":"product_brand","embeddable":true,"href":"https:\/\/dersuessestopp.com\/hu\/wp-json\/wp\/v2\/product_brand?post=7192"},{"taxonomy":"product_cat","embeddable":true,"href":"https:\/\/dersuessestopp.com\/hu\/wp-json\/wp\/v2\/product_cat?post=7192"},{"taxonomy":"product_tag","embeddable":true,"href":"https:\/\/dersuessestopp.com\/hu\/wp-json\/wp\/v2\/product_tag?post=7192"}],"curies":[{"name":"wp","href":"https:\/\/api.w.org\/{rel}","templated":true}]}}