{"id":7186,"date":"2025-08-30T11:41:34","date_gmt":"2025-08-30T11:41:34","guid":{"rendered":"https:\/\/dersuessestopp.com\/?post_type=product&#038;p=7186"},"modified":"2025-08-30T11:41:34","modified_gmt":"2025-08-30T11:41:34","slug":"clp-300-ps","status":"publish","type":"product","link":"https:\/\/dersuessestopp.com\/hu\/product\/clp-300-ps\/","title":{"rendered":"CLP 300 PS"},"content":{"rendered":"<p data-start=\"257\" data-end=\"575\">A <strong data-start=\"261\" data-end=\"275\">CLP 300 PS<\/strong> egy nagy kapacit\u00e1s\u00fa <strong data-start=\"295\" data-end=\"335\">statikus h\u0171t\u0151t\u00e1ska szil\u00e1rd csukl\u00f3s fedelekkel<\/strong>, professzion\u00e1lis italt\u00e1rol\u00e1sra \u00e9s -megjelen\u00edt\u00e9sre tervezt\u00e9k. A k\u00f6vetkez\u0151 h\u0151m\u00e9rs\u00e9klet-tartom\u00e1nyban m\u0171k\u00f6dik <strong data-start=\"431\" data-end=\"449\">+2 \u00b0C \u00e9s +8 \u00b0C k\u00f6z\u00f6tt<\/strong>, biztos\u00edtja az italok optim\u00e1lis meg\u0151rz\u00e9s\u00e9t, \u00edgy ide\u00e1lis v\u00e1laszt\u00e1s b\u00e1rok, \u00e9ttermek, sz\u00e1llod\u00e1k \u00e9s vend\u00e9gl\u00e1t\u00f3helyek sz\u00e1m\u00e1ra.<\/p>\n<p data-start=\"577\" data-end=\"919\">\u00c9p\u00fclt egy <strong data-start=\"590\" data-end=\"643\">el\u0151festett, korr\u00f3zi\u00f3\u00e1ll\u00f3an kezelt f\u00e9mlemez karossz\u00e9ria<\/strong> \u00e9s egy <strong data-start=\"650\" data-end=\"682\">feh\u00e9r el\u0151festett bels\u0151 b\u00e9l\u00e9s<\/strong>, a CLP 300 PS a tart\u00f3ss\u00e1got tiszta, professzion\u00e1lis megjelen\u00e9ssel \u00f6tv\u00f6zi. A k\u00e9sz\u00fcl\u00e9khez tartozik egy <strong data-start=\"769\" data-end=\"794\">elektronikus termoszt\u00e1t<\/strong> a pontos h\u0151m\u00e9rs\u00e9klet-szab\u00e1lyoz\u00e1shoz, <strong data-start=\"828\" data-end=\"844\">z\u00e1r \u00e9s kulcs<\/strong> a term\u00e9kbiztons\u00e1g\u00e9rt, \u00e9s <strong data-start=\"869\" data-end=\"898\">4 g\u00f6rg\u0151 (2 f\u00e9kkel)<\/strong> a k\u00f6nny\u0171 mobilit\u00e1s \u00e9rdek\u00e9ben.<\/p>\n<h2 data-start=\"926\" data-end=\"941\"><strong data-start=\"929\" data-end=\"941\">Kapacit\u00e1s<\/strong><\/h2>\n<table>\n<thead>\n<tr>\n<th>Specifik\u00e1ci\u00f3<\/th>\n<th>CLP 300 PS<\/th>\n<\/tr>\n<\/thead>\n<tbody>\n<tr>\n<td>Nett\u00f3 t\u00e9rfogat<\/td>\n<td>275 font<\/td>\n<\/tr>\n<tr>\n<td>Brutt\u00f3 t\u00e9rfogat<\/td>\n<td>278 haditenger\u00e9szgyalogos<\/td>\n<\/tr>\n<\/tbody>\n<\/table>\n<h2 data-start=\"926\" data-end=\"941\"><strong data-start=\"929\" data-end=\"941\">M\u00e9retek<\/strong><\/h2>\n<table>\n<thead>\n<tr>\n<th>Le\u00edr\u00e1s<\/th>\n<th>CLP 300 PS<\/th>\n<\/tr>\n<\/thead>\n<tbody>\n<tr>\n<td>K\u00fcls\u0151 m\u00e9retek (WxDxH)<\/td>\n<td>1090 x 690 x 860 mm<\/td>\n<\/tr>\n<tr>\n<td>Csomagol\u00e1si m\u00e9retek (WxDxH)<\/td>\n<td>1140 x 710 x 943 mm<\/td>\n<\/tr>\n<tr>\n<td>Sz\u00e9less\u00e9g (A)<\/td>\n<td>962 mm<\/td>\n<\/tr>\n<tr>\n<td>M\u00e9lys\u00e9g (B)<\/td>\n<td>472 mm<\/td>\n<\/tr>\n<tr>\n<td>Magass\u00e1g (C)<\/td>\n<td>680 mm<\/td>\n<\/tr>\n<tr>\n<td>Min. Magass\u00e1g (E)<\/td>\n<td>430 mm<\/td>\n<\/tr>\n<tr>\n<td>Min. Sz\u00e9less\u00e9g (F)<\/td>\n<td>662 mm<\/td>\n<\/tr>\n<tr>\n<td>El\u00fcls\u0151 matrica m\u00e9rete<\/td>\n<td>1080 x 740 mm<\/td>\n<\/tr>\n<tr>\n<td>Jobb oldali matrica<\/td>\n<td>590 x 740 mm<\/td>\n<\/tr>\n<tr>\n<td>Bal oldali matrica<\/td>\n<td>590 x 470 mm<\/td>\n<\/tr>\n<\/tbody>\n<\/table>\n<h2 data-start=\"1823\" data-end=\"1848\"><strong data-start=\"1826\" data-end=\"1848\">M\u0171szaki jellemz\u0151k<\/strong><\/h2>\n<div class=\"_tableContainer_1rjym_1\">\n<div class=\"_tableWrapper_1rjym_13 group flex w-fit flex-col-reverse\">\n<table>\n<thead>\n<tr>\n<th>Jellemz\u0151<\/th>\n<th>CLP 300 PS<\/th>\n<\/tr>\n<\/thead>\n<tbody>\n<tr>\n<td>H\u0151m\u00e9rs\u00e9klet tartom\u00e1ny<\/td>\n<td>+2 \u00b0C \/ +8 \u00b0C<\/td>\n<\/tr>\n<tr>\n<td>Kl\u00edmaoszt\u00e1ly<\/td>\n<td>C1<\/td>\n<\/tr>\n<tr>\n<td>Nett\u00f3 \/ brutt\u00f3 mennyis\u00e9g<\/td>\n<td>275 \/ 278 font<\/td>\n<\/tr>\n<tr>\n<td>K\u00fcls\u0151 test<\/td>\n<td>El\u0151re festett lemez korr\u00f3zi\u00f3g\u00e1tl\u00f3 kezel\u00e9ssel<\/td>\n<\/tr>\n<tr>\n<td>Bels\u0151 b\u00e9l\u00e9s<\/td>\n<td>Feh\u00e9r el\u0151festett lemez<\/td>\n<\/tr>\n<tr>\n<td>Termoszt\u00e1t<\/td>\n<td>Elektronikus<\/td>\n<\/tr>\n<tr>\n<td>Zajszint<\/td>\n<td>44 dB<\/td>\n<\/tr>\n<tr>\n<td>Szigetel\u00e9s vastags\u00e1ga<\/td>\n<td>65 mm<\/td>\n<\/tr>\n<tr>\n<td>Leolvaszt\u00e1s<\/td>\n<td>K\u00e9zi<\/td>\n<\/tr>\n<tr>\n<td>Z\u00e1r \u00e9s kulcs<\/td>\n<td>Igen<\/td>\n<\/tr>\n<tr>\n<td>G\u00f6rg\u0151k<\/td>\n<td>4 (2 f\u00e9kkel)<\/td>\n<\/tr>\n<tr>\n<td>Nett\u00f3 \/ brutt\u00f3 s\u00faly<\/td>\n<td>44 \/ 47 kg<\/td>\n<\/tr>\n<\/tbody>\n<\/table>\n<h2 data-start=\"2586\" data-end=\"2618\"><strong data-start=\"2589\" data-end=\"2618\">Elektromos specifik\u00e1ci\u00f3k<\/strong><\/h2>\n<div class=\"_tableContainer_1rjym_1\">\n<div class=\"_tableWrapper_1rjym_13 group flex w-fit flex-col-reverse\">\n<table>\n<thead>\n<tr>\n<th>Specifik\u00e1ci\u00f3<\/th>\n<th>\u00c9rt\u00e9k<\/th>\n<\/tr>\n<\/thead>\n<tbody>\n<tr>\n<td>Fesz\u00fclts\u00e9g<\/td>\n<td>220 - 240 V<\/td>\n<\/tr>\n<tr>\n<td>Frekvencia<\/td>\n<td>50 Hz<\/td>\n<\/tr>\n<tr>\n<td>H\u0171t\u0151k\u00f6zeg<\/td>\n<td>R600A<\/td>\n<\/tr>\n<tr>\n<td>Energiaelnyel\u00e9s<\/td>\n<td>165 W<\/td>\n<\/tr>\n<tr>\n<td>Energiafogyaszt\u00e1s<\/td>\n<td>0,581 kWh \/ 24 \u00f3ra<\/td>\n<\/tr>\n<\/tbody>\n<\/table>\n<\/div>\n<\/div>\n<\/div>\n<\/div>","protected":false},"excerpt":{"rendered":"<p>The CLP 300 PS is a high-capacity static cooler with solid hinged lids, designed for professional beverage storage and display. Operating in the temperature range of +2 \u00b0C to +8 \u00b0C, it ensures optimal preservation of drinks, making it an ideal choice for bars, restaurants, hotels, and catering services. Built with a prepainted anticorrosion-treated sheet [&hellip;]<\/p>\n","protected":false},"featured_media":7188,"comment_status":"open","ping_status":"closed","template":"","meta":[],"product_brand":[],"product_cat":[48],"product_tag":[],"class_list":{"0":"post-7186","1":"product","2":"type-product","3":"status-publish","4":"has-post-thumbnail","6":"product_cat-beverage-cooling","8":"first","9":"instock","10":"shipping-taxable","11":"product-type-simple"},"_links":{"self":[{"href":"https:\/\/dersuessestopp.com\/hu\/wp-json\/wp\/v2\/product\/7186","targetHints":{"allow":["GET"]}}],"collection":[{"href":"https:\/\/dersuessestopp.com\/hu\/wp-json\/wp\/v2\/product"}],"about":[{"href":"https:\/\/dersuessestopp.com\/hu\/wp-json\/wp\/v2\/types\/product"}],"replies":[{"embeddable":true,"href":"https:\/\/dersuessestopp.com\/hu\/wp-json\/wp\/v2\/comments?post=7186"}],"version-history":[{"count":2,"href":"https:\/\/dersuessestopp.com\/hu\/wp-json\/wp\/v2\/product\/7186\/revisions"}],"predecessor-version":[{"id":7191,"href":"https:\/\/dersuessestopp.com\/hu\/wp-json\/wp\/v2\/product\/7186\/revisions\/7191"}],"wp:featuredmedia":[{"embeddable":true,"href":"https:\/\/dersuessestopp.com\/hu\/wp-json\/wp\/v2\/media\/7188"}],"wp:attachment":[{"href":"https:\/\/dersuessestopp.com\/hu\/wp-json\/wp\/v2\/media?parent=7186"}],"wp:term":[{"taxonomy":"product_brand","embeddable":true,"href":"https:\/\/dersuessestopp.com\/hu\/wp-json\/wp\/v2\/product_brand?post=7186"},{"taxonomy":"product_cat","embeddable":true,"href":"https:\/\/dersuessestopp.com\/hu\/wp-json\/wp\/v2\/product_cat?post=7186"},{"taxonomy":"product_tag","embeddable":true,"href":"https:\/\/dersuessestopp.com\/hu\/wp-json\/wp\/v2\/product_tag?post=7186"}],"curies":[{"name":"wp","href":"https:\/\/api.w.org\/{rel}","templated":true}]}}