{"id":7182,"date":"2025-08-30T11:36:40","date_gmt":"2025-08-30T11:36:40","guid":{"rendered":"https:\/\/dersuessestopp.com\/?post_type=product&#038;p=7182"},"modified":"2025-08-30T11:36:40","modified_gmt":"2025-08-30T11:36:40","slug":"bl-65-f","status":"publish","type":"product","link":"https:\/\/dersuessestopp.com\/hu\/product\/bl-65-f\/","title":{"rendered":"BL 65 F"},"content":{"rendered":"<p data-start=\"172\" data-end=\"572\">A <strong data-start=\"176\" data-end=\"187\">BL 65 F<\/strong> egy professzion\u00e1lis italh\u0171t\u0151, amelyet b\u00e1rok, \u00e9ttermek, rendezv\u00e9nyek \u00e9s vend\u00e9gl\u00e1t\u00f3ipari szolg\u00e1ltat\u00e1sok sz\u00e1m\u00e1ra terveztek. Szil\u00e1rd, csukl\u00f3s fedeleivel, robusztus fel\u00e9p\u00edt\u00e9s\u00e9vel \u00e9s megb\u00edzhat\u00f3 h\u0171t\u0151teljes\u00edtm\u00e9ny\u00e9vel biztos\u00edtja, hogy az italok t\u00f6k\u00e9letes h\u0151m\u00e9rs\u00e9kleten maradjanak a k\u00f6vetkez\u0151 k\u00e9t napszakban. <strong data-start=\"426\" data-end=\"443\">0\u00b0C \u00e9s +10\u00b0C<\/strong>. Kompakt, m\u00e9gis t\u00e1gas, palackok \u00e9s dobozok t\u00e1rol\u00e1s\u00e1ra egyar\u00e1nt alkalmas, \u00edgy sokoldal\u00fa megold\u00e1s az italok t\u00e1rol\u00e1s\u00e1ra \u00e9s kiszolg\u00e1l\u00e1s\u00e1ra.<\/p>\n<p data-start=\"574\" data-end=\"938\">Felszerelve <strong data-start=\"588\" data-end=\"617\">g\u00f6rg\u0151k a k\u00f6nny\u0171 mobilit\u00e1s\u00e9rt<\/strong>, a <strong data-start=\"621\" data-end=\"640\">be\u00e9p\u00edtett foganty\u00fa<\/strong>, \u00e9s <strong data-start=\"646\" data-end=\"667\">kivehet\u0151 kosarak<\/strong>, A BL 65 F egyszerre k\u00edn\u00e1l praktikumot \u00e9s tart\u00f3ss\u00e1got. A <strong data-start=\"726\" data-end=\"780\">el\u0151zetesen festett, korr\u00f3zi\u00f3g\u00e1tl\u00f3val kezelt f\u00e9mlemez karossz\u00e9ria<\/strong> \u00e9s <strong data-start=\"785\" data-end=\"804\">ABS bels\u0151 b\u00e9l\u00e9s<\/strong> garant\u00e1lja a hossz\u00fa t\u00e1v\u00fa haszn\u00e1latot, m\u00edg a <strong data-start=\"843\" data-end=\"882\">automatikus kompresszoros leolvaszt\u00f3 rendszer<\/strong> biztos\u00edtja a hat\u00e9kony m\u0171k\u00f6d\u00e9st minim\u00e1lis karbantart\u00e1s mellett.<\/p>\n<h2 data-start=\"945\" data-end=\"960\"><strong data-start=\"948\" data-end=\"960\">Kapacit\u00e1s<\/strong><\/h2>\n<table>\n<thead>\n<tr>\n<th>Kont\u00e9ner t\u00edpusa<\/th>\n<th>Kapacit\u00e1s<\/th>\n<\/tr>\n<\/thead>\n<tbody>\n<tr>\n<td>Palack cl. 33<\/td>\n<td>40 db<\/td>\n<\/tr>\n<tr>\n<td>Can cl. 33<\/td>\n<td>50 db<\/td>\n<\/tr>\n<tr>\n<td><em>Megjegyz\u00e9s:<\/em> Az adatok a csomagol\u00e1st\u00f3l f\u00fcgg\u0151en v\u00e1ltozhatnak.<\/td>\n<td><\/td>\n<\/tr>\n<\/tbody>\n<\/table>\n<h2 data-start=\"945\" data-end=\"960\"><strong data-start=\"948\" data-end=\"960\">M\u00e9retek<\/strong><\/h2>\n<table>\n<thead>\n<tr>\n<th>Le\u00edr\u00e1s<\/th>\n<th>BL 65 F<\/th>\n<\/tr>\n<\/thead>\n<tbody>\n<tr>\n<td>K\u00fcls\u0151 m\u00e9retek (WxDxH)<\/td>\n<td>\u00d8 445 x 965 mm<\/td>\n<\/tr>\n<tr>\n<td>Csomagol\u00e1si m\u00e9retek (WxDxH)<\/td>\n<td>460 x 460 x 1015 mm<\/td>\n<\/tr>\n<tr>\n<td>Sz\u00e9less\u00e9g (A)<\/td>\n<td>\u00d8 360 mm<\/td>\n<\/tr>\n<tr>\n<td>M\u00e9lys\u00e9g (B)<\/td>\n<td>\u00d8 360 mm<\/td>\n<\/tr>\n<tr>\n<td>Magass\u00e1g (C)<\/td>\n<td>630 mm<\/td>\n<\/tr>\n<tr>\n<td>El\u00fcls\u0151 matrica m\u00e9rete<\/td>\n<td>1380 x 871 mm<\/td>\n<\/tr>\n<\/tbody>\n<\/table>\n<h2 data-start=\"2504\" data-end=\"2536\"><strong data-start=\"2507\" data-end=\"2536\">Elektromos specifik\u00e1ci\u00f3k<\/strong><\/h2>\n<div class=\"_tableContainer_1rjym_1\">\n<div class=\"_tableWrapper_1rjym_13 group flex w-fit flex-col-reverse\">\n<table>\n<thead>\n<tr>\n<th>Specifik\u00e1ci\u00f3<\/th>\n<th>\u00c9rt\u00e9k<\/th>\n<\/tr>\n<\/thead>\n<tbody>\n<tr>\n<td>Fesz\u00fclts\u00e9g<\/td>\n<td>220 - 240 V<\/td>\n<\/tr>\n<tr>\n<td>Frekvencia<\/td>\n<td>50 Hz<\/td>\n<\/tr>\n<tr>\n<td>H\u0171t\u0151k\u00f6zeg<\/td>\n<td>R134A \/ R600A<\/td>\n<\/tr>\n<tr>\n<td>Energiaelnyel\u00e9s<\/td>\n<td>100 W<\/td>\n<\/tr>\n<tr>\n<td>Energiafogyaszt\u00e1s<\/td>\n<td>0,39 kWh \/ 24 \u00f3ra<\/td>\n<\/tr>\n<\/tbody>\n<\/table>\n<\/div>\n<\/div>","protected":false},"excerpt":{"rendered":"<p>The BL 65 F is a professional beverage cooler designed for bars, restaurants, events, and catering services. With its solid hinged lids, robust build, and reliable cooling performance, it ensures beverages are kept at the perfect temperature between 0\u00b0C and +10\u00b0C. Compact yet spacious, it accommodates both bottles and cans, making it a versatile solution [&hellip;]<\/p>\n","protected":false},"featured_media":7183,"comment_status":"open","ping_status":"closed","template":"","meta":[],"product_brand":[],"product_cat":[48],"product_tag":[],"class_list":{"0":"post-7182","1":"product","2":"type-product","3":"status-publish","4":"has-post-thumbnail","6":"product_cat-beverage-cooling","8":"first","9":"instock","10":"shipping-taxable","11":"product-type-simple"},"_links":{"self":[{"href":"https:\/\/dersuessestopp.com\/hu\/wp-json\/wp\/v2\/product\/7182","targetHints":{"allow":["GET"]}}],"collection":[{"href":"https:\/\/dersuessestopp.com\/hu\/wp-json\/wp\/v2\/product"}],"about":[{"href":"https:\/\/dersuessestopp.com\/hu\/wp-json\/wp\/v2\/types\/product"}],"replies":[{"embeddable":true,"href":"https:\/\/dersuessestopp.com\/hu\/wp-json\/wp\/v2\/comments?post=7182"}],"version-history":[{"count":2,"href":"https:\/\/dersuessestopp.com\/hu\/wp-json\/wp\/v2\/product\/7182\/revisions"}],"predecessor-version":[{"id":7187,"href":"https:\/\/dersuessestopp.com\/hu\/wp-json\/wp\/v2\/product\/7182\/revisions\/7187"}],"wp:featuredmedia":[{"embeddable":true,"href":"https:\/\/dersuessestopp.com\/hu\/wp-json\/wp\/v2\/media\/7183"}],"wp:attachment":[{"href":"https:\/\/dersuessestopp.com\/hu\/wp-json\/wp\/v2\/media?parent=7182"}],"wp:term":[{"taxonomy":"product_brand","embeddable":true,"href":"https:\/\/dersuessestopp.com\/hu\/wp-json\/wp\/v2\/product_brand?post=7182"},{"taxonomy":"product_cat","embeddable":true,"href":"https:\/\/dersuessestopp.com\/hu\/wp-json\/wp\/v2\/product_cat?post=7182"},{"taxonomy":"product_tag","embeddable":true,"href":"https:\/\/dersuessestopp.com\/hu\/wp-json\/wp\/v2\/product_tag?post=7182"}],"curies":[{"name":"wp","href":"https:\/\/api.w.org\/{rel}","templated":true}]}}