{"id":7177,"date":"2025-08-30T11:33:12","date_gmt":"2025-08-30T11:33:12","guid":{"rendered":"https:\/\/dersuessestopp.com\/?post_type=product&#038;p=7177"},"modified":"2025-08-30T11:33:12","modified_gmt":"2025-08-30T11:33:12","slug":"hidegfal-300-inox","status":"publish","type":"product","link":"https:\/\/dersuessestopp.com\/hu\/product\/coldwall-300-inox\/","title":{"rendered":"HIDEGFAL 300 INOX"},"content":{"rendered":"<p data-start=\"172\" data-end=\"594\">A <strong data-start=\"176\" data-end=\"198\">HIDEGFAL 300 INOX<\/strong> egy kiv\u00e1l\u00f3 min\u0151s\u00e9g\u0171 szell\u0151ztetett italh\u0171t\u0151, amelyet b\u00e1rok, \u00e9ttermek \u00e9s kiskereskedelmi k\u00f6rnyezetek sz\u00e1m\u00e1ra terveztek, ahol hat\u00e9kony h\u0171t\u00e9sre van sz\u00fcks\u00e9g, modern \u00e9s eleg\u00e1ns megjelen\u00e9ssel. A <strong data-start=\"370\" data-end=\"405\">t\u00fck\u00f6r rozsdamentes ac\u00e9l bels\u0151 t\u00e9r<\/strong>, <strong data-start=\"407\" data-end=\"436\">keret n\u00e9lk\u00fcli teljes \u00fcvegajt\u00f3<\/strong>, \u00e9s <strong data-start=\"442\" data-end=\"461\">be\u00e9p\u00edtett foganty\u00fa<\/strong> egyszerre funkcion\u00e1lis \u00e9s st\u00edlusos, m\u00edg a <strong data-start=\"509\" data-end=\"535\">rejtett akaszt\u00f3konzol<\/strong> biztos\u00edtja a k\u00f6nny\u0171 falra szerel\u00e9st l\u00e1that\u00f3 t\u00e1maszok n\u00e9lk\u00fcl.<\/p>\n<p data-start=\"596\" data-end=\"865\">Ez a k\u00e9sz\u00fcl\u00e9k megb\u00edzhat\u00f3 h\u0171t\u00e9st biztos\u00edt elektronikus termoszt\u00e1ttal, automatikus leolvaszt\u00e1ssal \u00e9s LED-vil\u00e1g\u00edt\u00e1ssal a megjelen\u00edtett term\u00e9kek kiemel\u00e9s\u00e9re. A k\u00e9sz\u00fcl\u00e9k kapacit\u00e1sa ak\u00e1r <strong data-start=\"757\" data-end=\"777\">399 doboz (33 cl)<\/strong> vagy <strong data-start=\"781\" data-end=\"804\">200 palack (50 cl)<\/strong>, ide\u00e1lis italok bemutat\u00e1s\u00e1ra pr\u00e9mium kateg\u00f3ri\u00e1s k\u00f6rnyezetben.<\/p>\n<h2 data-start=\"872\" data-end=\"887\"><strong data-start=\"875\" data-end=\"887\">Kapacit\u00e1s<\/strong><\/h2>\n<table>\n<thead>\n<tr>\n<th>Kont\u00e9ner t\u00edpusa<\/th>\n<th>Kapacit\u00e1s<\/th>\n<\/tr>\n<\/thead>\n<tbody>\n<tr>\n<td>Palack 1 L<\/td>\n<td>78 db<\/td>\n<\/tr>\n<tr>\n<td>Palack 0,75 L<\/td>\n<td>90 db<\/td>\n<\/tr>\n<tr>\n<td>Palack 0,66 L<\/td>\n<td>153 db<\/td>\n<\/tr>\n<tr>\n<td>Palack 0,50 L<\/td>\n<td>200 db<\/td>\n<\/tr>\n<tr>\n<td>Palack 0,33 L<\/td>\n<td>255 db<\/td>\n<\/tr>\n<tr>\n<td>Konzervdoboz 0,33 L<\/td>\n<td>399 db<\/td>\n<\/tr>\n<\/tbody>\n<\/table>\n<h2 data-start=\"1679\" data-end=\"1696\"><strong data-start=\"1682\" data-end=\"1696\">M\u00e9retek<\/strong><\/h2>\n<div class=\"_tableContainer_1rjym_1\">\n<div class=\"_tableWrapper_1rjym_13 group flex w-fit flex-col-reverse\">\n<table>\n<thead>\n<tr>\n<th>Specifik\u00e1ci\u00f3<\/th>\n<th>M\u00e9r\u00e9s (mm)<\/th>\n<\/tr>\n<\/thead>\n<tbody>\n<tr>\n<td>K\u00fcls\u0151 m\u00e9retek (WxDxH)<\/td>\n<td>1350 x 565 x 852<\/td>\n<\/tr>\n<tr>\n<td>Csomagol\u00e1si m\u00e9retek (WxDxH)<\/td>\n<td>1440 x 630 x 1045<\/td>\n<\/tr>\n<tr>\n<td>Sz\u00e9less\u00e9g (A)<\/td>\n<td>1260<\/td>\n<\/tr>\n<tr>\n<td>M\u00e9lys\u00e9g (B)<\/td>\n<td>375<\/td>\n<\/tr>\n<tr>\n<td>Magass\u00e1g (C)<\/td>\n<td>705<\/td>\n<\/tr>\n<tr>\n<td>Minim\u00e1lis m\u00e9lys\u00e9g (D)<\/td>\n<td>195<\/td>\n<\/tr>\n<tr>\n<td>Minim\u00e1lis magass\u00e1g (E)<\/td>\n<td>500<\/td>\n<\/tr>\n<\/tbody>\n<\/table>\n<h2 data-start=\"2127\" data-end=\"2158\"><strong data-start=\"2130\" data-end=\"2158\">M\u0171szaki specifik\u00e1ci\u00f3k<\/strong><\/h2>\n<div class=\"_tableContainer_1rjym_1\">\n<div class=\"_tableWrapper_1rjym_13 group flex w-fit flex-col-reverse\">\n<table>\n<thead>\n<tr>\n<th>Jellemz\u0151<\/th>\n<th>\u00c9rt\u00e9k<\/th>\n<\/tr>\n<\/thead>\n<tbody>\n<tr>\n<td>H\u0151m\u00e9rs\u00e9klet tartom\u00e1ny<\/td>\n<td>-2 \u00b0C \u00e9s +10 \u00b0C k\u00f6z\u00f6tt<\/td>\n<\/tr>\n<tr>\n<td>Kl\u00edmaoszt\u00e1ly<\/td>\n<td>4<\/td>\n<\/tr>\n<tr>\n<td>Nett\u00f3 \/ brutt\u00f3 mennyis\u00e9g<\/td>\n<td>254 L \/ 280 L<\/td>\n<\/tr>\n<tr>\n<td>K\u00fcls\u0151 test<\/td>\n<td>El\u0151re festett lemez korr\u00f3zi\u00f3g\u00e1tl\u00f3 kezel\u00e9ssel<\/td>\n<\/tr>\n<tr>\n<td>Bels\u0151 b\u00e9l\u00e9s<\/td>\n<td>Rozsdamentes ac\u00e9l t\u00fck\u00f6r<\/td>\n<\/tr>\n<tr>\n<td>Termoszt\u00e1t<\/td>\n<td>Elektronikus<\/td>\n<\/tr>\n<tr>\n<td>Leolvaszt\u00e1s<\/td>\n<td>Automatikus<\/td>\n<\/tr>\n<tr>\n<td>Szigetel\u00e9s vastags\u00e1ga<\/td>\n<td>45 mm<\/td>\n<\/tr>\n<tr>\n<td>Zajszint<\/td>\n<td>50 dB<\/td>\n<\/tr>\n<tr>\n<td>Polcok<\/td>\n<td>4 oldals\u00f3 polc (399\u00d7340 mm), 2 k\u00f6z\u00e9ps\u0151 polc (446\u00d7440 mm)<\/td>\n<\/tr>\n<tr>\n<td>Fesz\u00fclts\u00e9g<\/td>\n<td>220 V<\/td>\n<\/tr>\n<tr>\n<td>Frekvencia<\/td>\n<td>50 Hz<\/td>\n<\/tr>\n<tr>\n<td>H\u0171t\u0151k\u00f6zeg<\/td>\n<td>R600A<\/td>\n<\/tr>\n<tr>\n<td>Energiaelnyel\u00e9s<\/td>\n<td>190 W<\/td>\n<\/tr>\n<tr>\n<td>Energiafogyaszt\u00e1s<\/td>\n<td>2,00 kWh\/24h<\/td>\n<\/tr>\n<tr>\n<td>Nett\u00f3 \/ brutt\u00f3 s\u00faly<\/td>\n<td>99 \/ 119 kg<\/td>\n<\/tr>\n<\/tbody>\n<\/table>\n<\/div>\n<\/div>\n<\/div>\n<\/div>","protected":false},"excerpt":{"rendered":"<p>The COLD WALL 300 INOX is a high-quality ventilated beverage cooler designed for bars, restaurants, and retail environments that need efficient cooling with a modern and elegant appearance. Its mirror stainless steel interior, frameless full-glass door, and built-in handle make it both functional and stylish, while the hidden hanging bracket ensures easy wall installation without [&hellip;]<\/p>\n","protected":false},"featured_media":7178,"comment_status":"open","ping_status":"closed","template":"","meta":[],"product_brand":[],"product_cat":[48],"product_tag":[],"class_list":{"0":"post-7177","1":"product","2":"type-product","3":"status-publish","4":"has-post-thumbnail","6":"product_cat-beverage-cooling","8":"first","9":"instock","10":"shipping-taxable","11":"product-type-simple"},"_links":{"self":[{"href":"https:\/\/dersuessestopp.com\/hu\/wp-json\/wp\/v2\/product\/7177","targetHints":{"allow":["GET"]}}],"collection":[{"href":"https:\/\/dersuessestopp.com\/hu\/wp-json\/wp\/v2\/product"}],"about":[{"href":"https:\/\/dersuessestopp.com\/hu\/wp-json\/wp\/v2\/types\/product"}],"replies":[{"embeddable":true,"href":"https:\/\/dersuessestopp.com\/hu\/wp-json\/wp\/v2\/comments?post=7177"}],"version-history":[{"count":2,"href":"https:\/\/dersuessestopp.com\/hu\/wp-json\/wp\/v2\/product\/7177\/revisions"}],"predecessor-version":[{"id":7181,"href":"https:\/\/dersuessestopp.com\/hu\/wp-json\/wp\/v2\/product\/7177\/revisions\/7181"}],"wp:featuredmedia":[{"embeddable":true,"href":"https:\/\/dersuessestopp.com\/hu\/wp-json\/wp\/v2\/media\/7178"}],"wp:attachment":[{"href":"https:\/\/dersuessestopp.com\/hu\/wp-json\/wp\/v2\/media?parent=7177"}],"wp:term":[{"taxonomy":"product_brand","embeddable":true,"href":"https:\/\/dersuessestopp.com\/hu\/wp-json\/wp\/v2\/product_brand?post=7177"},{"taxonomy":"product_cat","embeddable":true,"href":"https:\/\/dersuessestopp.com\/hu\/wp-json\/wp\/v2\/product_cat?post=7177"},{"taxonomy":"product_tag","embeddable":true,"href":"https:\/\/dersuessestopp.com\/hu\/wp-json\/wp\/v2\/product_tag?post=7177"}],"curies":[{"name":"wp","href":"https:\/\/api.w.org\/{rel}","templated":true}]}}