{"id":7172,"date":"2025-08-30T11:20:38","date_gmt":"2025-08-30T11:20:38","guid":{"rendered":"https:\/\/dersuessestopp.com\/?post_type=product&#038;p=7172"},"modified":"2025-08-30T11:21:29","modified_gmt":"2025-08-30T11:21:29","slug":"hidegfal-300-blk","status":"publish","type":"product","link":"https:\/\/dersuessestopp.com\/hu\/product\/coldwall-300-blk\/","title":{"rendered":"HIDEGFAL 300 BLK"},"content":{"rendered":"<p data-start=\"193\" data-end=\"488\">A <strong data-start=\"197\" data-end=\"220\">COLDWALL 300-as sorozat<\/strong> egy pr\u00e9mium kateg\u00f3ri\u00e1s, szell\u0151ztethet\u0151, falra szerelhet\u0151 italh\u0171t\u0151, amelyet maxim\u00e1lis hat\u00e9konys\u00e1gra \u00e9s modern eszt\u00e9tik\u00e1ra terveztek. T\u00f6k\u00e9letes b\u00e1rokba, \u00e9ttermekbe, k\u00e1v\u00e9z\u00f3kba \u00e9s kiskereskedelmi helyis\u00e9gekbe, mivel egyes\u00edti mag\u00e1ban <strong data-start=\"398\" data-end=\"451\">nagy teljes\u00edtm\u00e9ny\u0171, megb\u00edzhat\u00f3 h\u0171t\u00e9s (-2 \u00b0C-t\u00f3l +10 \u00b0C-ig)<\/strong>, \u00e9s egy eleg\u00e1ns, keret n\u00e9lk\u00fcli \u00fcvegajt\u00f3.<\/p>\n<p data-start=\"490\" data-end=\"524\">K\u00e9tf\u00e9le kivitelben kaphat\u00f3:<\/p>\n<ul data-start=\"525\" data-end=\"631\">\n<li data-start=\"525\" data-end=\"572\">\n<p data-start=\"527\" data-end=\"572\"><strong data-start=\"527\" data-end=\"547\">HIDEGFAL 300 BLK<\/strong> - Eleg\u00e1ns fekete kivitel<\/p>\n<\/li>\n<li data-start=\"573\" data-end=\"631\">\n<p data-start=\"575\" data-end=\"631\"><strong data-start=\"575\" data-end=\"596\">HIDEGFAL 300 INOX<\/strong> - Tart\u00f3s rozsdamentes ac\u00e9l kivitel<\/p>\n<\/li>\n<\/ul>\n<p data-start=\"633\" data-end=\"810\">A <strong data-start=\"642\" data-end=\"685\">be\u00e9p\u00edtett foganty\u00fa, rejtett akaszt\u00f3konzol<\/strong>, \u00e9s <strong data-start=\"691\" data-end=\"720\">keret n\u00e9lk\u00fcli teljes \u00fcvegajt\u00f3<\/strong>, z\u00f6kken\u0151mentesen illeszkedik b\u00e1rmilyen k\u00f6rnyezetbe, mik\u00f6zben biztos\u00edtja a term\u00e9k kiv\u00e1l\u00f3 l\u00e1that\u00f3s\u00e1g\u00e1t.<\/p>\n<h2 data-start=\"817\" data-end=\"845\"><strong data-start=\"820\" data-end=\"845\">Kapacit\u00e1s (indikat\u00edv)<\/strong><\/h2>\n<table>\n<thead>\n<tr>\n<th>Csomagol\u00e1s t\u00edpusa<\/th>\n<th>Kapacit\u00e1s<\/th>\n<\/tr>\n<\/thead>\n<tbody>\n<tr>\n<td>1 literes palackok<\/td>\n<td>78 db<\/td>\n<\/tr>\n<tr>\n<td>0,75 literes palackok<\/td>\n<td>90 db<\/td>\n<\/tr>\n<tr>\n<td>0,66 literes palackok<\/td>\n<td>153 db<\/td>\n<\/tr>\n<tr>\n<td>0,50 literes palackok<\/td>\n<td>200 db<\/td>\n<\/tr>\n<tr>\n<td>0,33 literes palackok<\/td>\n<td>255 db<\/td>\n<\/tr>\n<tr>\n<td>0,33 literes konzervdobozok<\/td>\n<td>399 db<\/td>\n<\/tr>\n<\/tbody>\n<\/table>\n<h2 data-start=\"1570\" data-end=\"1601\"><strong data-start=\"1573\" data-end=\"1601\">M\u0171szaki specifik\u00e1ci\u00f3k<\/strong><\/h2>\n<div class=\"_tableContainer_1rjym_1\">\n<div class=\"_tableWrapper_1rjym_13 group flex w-fit flex-col-reverse\">\n<table>\n<thead>\n<tr>\n<th>Specifik\u00e1ci\u00f3<\/th>\n<th>R\u00e9szletek<\/th>\n<\/tr>\n<\/thead>\n<tbody>\n<tr>\n<td><strong>H\u0151m\u00e9rs\u00e9klet tartom\u00e1ny<\/strong><\/td>\n<td>-2 \u00b0C \u00e9s +10 \u00b0C k\u00f6z\u00f6tt<\/td>\n<\/tr>\n<tr>\n<td><strong>Kl\u00edmaoszt\u00e1ly<\/strong><\/td>\n<td>4<\/td>\n<\/tr>\n<tr>\n<td><strong>Nett\u00f3 \/ brutt\u00f3 mennyis\u00e9g<\/strong><\/td>\n<td>254 \/ 280 L<\/td>\n<\/tr>\n<tr>\n<td><strong>Zajszint<\/strong><\/td>\n<td>50 dB<\/td>\n<\/tr>\n<tr>\n<td><strong>Leolvaszt\u00e1s<\/strong><\/td>\n<td>Automatikus<\/td>\n<\/tr>\n<tr>\n<td><strong>Vil\u00e1g\u00edt\u00e1s<\/strong><\/td>\n<td>2 f\u00fcgg\u0151leges LED + 1 v\u00edzszintes LED<\/td>\n<\/tr>\n<tr>\n<td><strong>Szigetel\u00e9s vastags\u00e1ga<\/strong><\/td>\n<td>45 mm<\/td>\n<\/tr>\n<tr>\n<td><strong>Polcok<\/strong><\/td>\n<td>4 (399 x 340 mm) oldals\u00f3 polc + 2 (446 x 440 mm) k\u00f6z\u00e9ps\u0151 polc<\/td>\n<\/tr>\n<tr>\n<td><strong>H\u0171t\u0151k\u00f6zeg<\/strong><\/td>\n<td>R600A<\/td>\n<\/tr>\n<tr>\n<td><strong>Energiafogyaszt\u00e1s<\/strong><\/td>\n<td>2,0 kWh \/ 24 \u00f3ra<\/td>\n<\/tr>\n<tr>\n<td><strong>Abszorpci\u00f3<\/strong><\/td>\n<td>190 W<\/td>\n<\/tr>\n<tr>\n<td><strong>Fesz\u00fclts\u00e9g \/ frekvencia<\/strong><\/td>\n<td>220 V \/ 50 Hz<\/td>\n<\/tr>\n<\/tbody>\n<\/table>\n<h2 data-start=\"2148\" data-end=\"2174\"><strong data-start=\"2151\" data-end=\"2174\">M\u00e9retek \u00e9s s\u00faly<\/strong><\/h2>\n<div class=\"_tableContainer_1rjym_1\">\n<div class=\"_tableWrapper_1rjym_13 group flex w-fit flex-col-reverse\">\n<table>\n<thead>\n<tr>\n<th>Specifik\u00e1ci\u00f3<\/th>\n<th>M\u00e9r\u00e9s<\/th>\n<\/tr>\n<\/thead>\n<tbody>\n<tr>\n<td><strong>K\u00fcls\u0151 m\u00e9retek (WxDxH)<\/strong><\/td>\n<td>1350 x 565 x 852 mm<\/td>\n<\/tr>\n<tr>\n<td><strong>Csomagol\u00e1si m\u00e9retek (WxDxH)<\/strong><\/td>\n<td>1440 x 630 x 1045 mm<\/td>\n<\/tr>\n<tr>\n<td><strong>Sz\u00e9less\u00e9g (A)<\/strong><\/td>\n<td>1260 mm<\/td>\n<\/tr>\n<tr>\n<td><strong>M\u00e9lys\u00e9g (B)<\/strong><\/td>\n<td>375 mm<\/td>\n<\/tr>\n<tr>\n<td><strong>Magass\u00e1g (C)<\/strong><\/td>\n<td>705 mm<\/td>\n<\/tr>\n<tr>\n<td><strong>Min. M\u00e9lys\u00e9g (D)<\/strong><\/td>\n<td>195 mm<\/td>\n<\/tr>\n<tr>\n<td><strong>Min. Magass\u00e1g (E)<\/strong><\/td>\n<td>500 mm<\/td>\n<\/tr>\n<tr>\n<td><strong>Nett\u00f3 s\u00faly<\/strong><\/td>\n<td>99 kg<\/td>\n<\/tr>\n<tr>\n<td><strong>Brutt\u00f3 t\u00f6meg<\/strong><\/td>\n<td>119 kg<\/td>\n<\/tr>\n<\/tbody>\n<\/table>\n<\/div>\n<\/div>\n<\/div>\n<\/div>","protected":false},"excerpt":{"rendered":"<p>The COLDWALL 300 series is a premium ventilated wall-mounted beverage cooler designed for maximum efficiency and modern aesthetics. Perfect for bars, restaurants, cafes, and retail spaces, it combines high capacity, reliable cooling (-2 \u00b0C to +10 \u00b0C), and a sleek frameless glass door. It is available in two finishes: COLDWALL 300 BLK \u2013 Elegant black [&hellip;]<\/p>\n","protected":false},"featured_media":7173,"comment_status":"open","ping_status":"closed","template":"","meta":[],"product_brand":[],"product_cat":[48],"product_tag":[],"class_list":{"0":"post-7172","1":"product","2":"type-product","3":"status-publish","4":"has-post-thumbnail","6":"product_cat-beverage-cooling","8":"first","9":"instock","10":"shipping-taxable","11":"product-type-simple"},"_links":{"self":[{"href":"https:\/\/dersuessestopp.com\/hu\/wp-json\/wp\/v2\/product\/7172","targetHints":{"allow":["GET"]}}],"collection":[{"href":"https:\/\/dersuessestopp.com\/hu\/wp-json\/wp\/v2\/product"}],"about":[{"href":"https:\/\/dersuessestopp.com\/hu\/wp-json\/wp\/v2\/types\/product"}],"replies":[{"embeddable":true,"href":"https:\/\/dersuessestopp.com\/hu\/wp-json\/wp\/v2\/comments?post=7172"}],"version-history":[{"count":2,"href":"https:\/\/dersuessestopp.com\/hu\/wp-json\/wp\/v2\/product\/7172\/revisions"}],"predecessor-version":[{"id":7176,"href":"https:\/\/dersuessestopp.com\/hu\/wp-json\/wp\/v2\/product\/7172\/revisions\/7176"}],"wp:featuredmedia":[{"embeddable":true,"href":"https:\/\/dersuessestopp.com\/hu\/wp-json\/wp\/v2\/media\/7173"}],"wp:attachment":[{"href":"https:\/\/dersuessestopp.com\/hu\/wp-json\/wp\/v2\/media?parent=7172"}],"wp:term":[{"taxonomy":"product_brand","embeddable":true,"href":"https:\/\/dersuessestopp.com\/hu\/wp-json\/wp\/v2\/product_brand?post=7172"},{"taxonomy":"product_cat","embeddable":true,"href":"https:\/\/dersuessestopp.com\/hu\/wp-json\/wp\/v2\/product_cat?post=7172"},{"taxonomy":"product_tag","embeddable":true,"href":"https:\/\/dersuessestopp.com\/hu\/wp-json\/wp\/v2\/product_tag?post=7172"}],"curies":[{"name":"wp","href":"https:\/\/api.w.org\/{rel}","templated":true}]}}