{"id":7168,"date":"2025-08-30T11:18:36","date_gmt":"2025-08-30T11:18:36","guid":{"rendered":"https:\/\/dersuessestopp.com\/?post_type=product&#038;p=7168"},"modified":"2025-08-30T11:18:36","modified_gmt":"2025-08-30T11:18:36","slug":"cl-50-fl-wht","status":"publish","type":"product","link":"https:\/\/dersuessestopp.com\/hu\/product\/cl-50-fl-wht\/","title":{"rendered":"CL 50 FL WHT"},"content":{"rendered":"<p data-start=\"278\" data-end=\"583\">A <strong data-start=\"282\" data-end=\"326\">CL FL sorozat\u00fa pultos italh\u0171t\u0151k<\/strong> kompakt, st\u00edlusos \u00e9s hat\u00e9kony megold\u00e1sok az italok bemutat\u00e1s\u00e1ra \u00e9s h\u0171t\u00e9s\u00e9re. A statikus ventil\u00e1torral seg\u00edtett h\u0171t\u0151rendszerrel, keret n\u00e9lk\u00fcli \u00fcvegajt\u00f3val \u00e9s h\u00e1rom oldalr\u00f3l LED-vil\u00e1g\u00edt\u00e1ssal tervezett egys\u00e9gek kiv\u00e1l\u00f3 l\u00e1that\u00f3s\u00e1got \u00e9s megb\u00edzhat\u00f3 teljes\u00edtm\u00e9nyt biztos\u00edtanak.<\/p>\n<p data-start=\"585\" data-end=\"728\">El\u00e9rhet\u0151 <strong data-start=\"598\" data-end=\"616\">Fekete vagy feh\u00e9r<\/strong> kivitelben a CL 20 FL \u00e9s a CL 50 FL t\u00f6k\u00e9letes b\u00e1rokba, k\u00e1v\u00e9z\u00f3kba, kisboltokba vagy prom\u00f3ci\u00f3s kirakatokba.<\/p>\n<h2 data-start=\"735\" data-end=\"752\">F\u0151 jellemz\u0151k<\/h2>\n<ul data-start=\"754\" data-end=\"1279\">\n<li data-start=\"754\" data-end=\"795\">\n<p data-start=\"756\" data-end=\"795\"><strong data-start=\"756\" data-end=\"778\">H\u0151m\u00e9rs\u00e9klet-tartom\u00e1ny:<\/strong> 0 \u00b0C \u00e9s +10 \u00b0C k\u00f6z\u00f6tt<\/p>\n<\/li>\n<li data-start=\"796\" data-end=\"878\">\n<p data-start=\"798\" data-end=\"878\"><strong data-start=\"798\" data-end=\"836\">Statikus ventil\u00e1torral seg\u00edtett h\u0171t\u0151rendszer<\/strong> automatikus kompresszoros leolvaszt\u00e1ssal<\/p>\n<\/li>\n<li data-start=\"879\" data-end=\"956\">\n<p data-start=\"881\" data-end=\"956\"><strong data-start=\"881\" data-end=\"910\">Keret n\u00e9lk\u00fcli teljes \u00fcvegajt\u00f3<\/strong> a modern megjelen\u00e9s \u00e9s a term\u00e9k l\u00e1that\u00f3s\u00e1ga \u00e9rdek\u00e9ben<\/p>\n<\/li>\n<li data-start=\"957\" data-end=\"1019\">\n<p data-start=\"959\" data-end=\"1019\"><strong data-start=\"959\" data-end=\"990\">LED vil\u00e1g\u00edt\u00e1s h\u00e1rom oldalon<\/strong> a maxim\u00e1lis megjelen\u00edt\u00e9si hat\u00e1s \u00e9rdek\u00e9ben<\/p>\n<\/li>\n<li data-start=\"1020\" data-end=\"1089\">\n<p data-start=\"1022\" data-end=\"1089\"><strong data-start=\"1022\" data-end=\"1054\">Termoform\u00e1lt ABS bels\u0151 b\u00e9l\u00e9s<\/strong> a tart\u00f3ss\u00e1g \u00e9s a k\u00f6nny\u0171 tiszt\u00edthat\u00f3s\u00e1g \u00e9rdek\u00e9ben<\/p>\n<\/li>\n<li data-start=\"1090\" data-end=\"1156\">\n<p data-start=\"1092\" data-end=\"1156\"><strong data-start=\"1092\" data-end=\"1115\">Digit\u00e1lis h\u0151m\u00e9r\u0151<\/strong> mechanikus h\u0151m\u00e9rs\u00e9klet-szab\u00e1lyoz\u00f3val<\/p>\n<\/li>\n<li data-start=\"1157\" data-end=\"1239\">\n<p data-start=\"1159\" data-end=\"1239\"><strong data-start=\"1159\" data-end=\"1188\">Kompakt pult kialak\u00edt\u00e1s<\/strong> korr\u00f3zi\u00f3g\u00e1tl\u00f3val kezelt, el\u0151re festett lemezkarossz\u00e9ri\u00e1val<\/p>\n<\/li>\n<li data-start=\"1240\" data-end=\"1279\">\n<p data-start=\"1242\" data-end=\"1279\"><strong data-start=\"1242\" data-end=\"1263\">Kaphat\u00f3 sz\u00ednek:<\/strong> Fekete \/ Feh\u00e9r<\/p>\n<\/li>\n<\/ul>\n<h2 data-start=\"1286\" data-end=\"1299\">Kapacit\u00e1s<\/h2>\n<table>\n<thead>\n<tr>\n<th>Kapacit\u00e1s<\/th>\n<th>CL 20 FL<\/th>\n<th>CL 50 FL<\/th>\n<\/tr>\n<\/thead>\n<tbody>\n<tr>\n<td>0,5 literes palackok<\/td>\n<td>12<\/td>\n<td>20<\/td>\n<\/tr>\n<tr>\n<td>0,33 literes konzervdobozok<\/td>\n<td>15<\/td>\n<td>60<\/td>\n<\/tr>\n<tr>\n<td><em>Megjegyz\u00e9s:<\/em> Az \u00e9rt\u00e9kek a csomagol\u00e1st\u00f3l f\u00fcgg\u0151en v\u00e1ltozhatnak<\/td>\n<td><\/td>\n<td><\/td>\n<\/tr>\n<\/tbody>\n<\/table>\n<h2 data-start=\"1286\" data-end=\"1299\">M\u00e9retek<\/h2>\n<table>\n<thead>\n<tr>\n<th>M\u00e9retek<\/th>\n<th>CL 20 FL<\/th>\n<th>CL 50 FL<\/th>\n<\/tr>\n<\/thead>\n<tbody>\n<tr>\n<td>K\u00fcls\u0151 (SzxBxH mm)<\/td>\n<td>330 x 396 x 472<\/td>\n<td>435 x 486 x 500<\/td>\n<\/tr>\n<tr>\n<td>Csomagol\u00e1s (SzxDxH mm)<\/td>\n<td>390 x 458 x 540<\/td>\n<td>492 x 558 x 570<\/td>\n<\/tr>\n<tr>\n<td>Sz\u00e9less\u00e9g (A) mm<\/td>\n<td>250<\/td>\n<td>360<\/td>\n<\/tr>\n<tr>\n<td>M\u00e9lys\u00e9g (B) mm<\/td>\n<td>255<\/td>\n<td>340<\/td>\n<\/tr>\n<tr>\n<td>Magass\u00e1g (C) mm<\/td>\n<td>368<\/td>\n<td>380<\/td>\n<\/tr>\n<tr>\n<td>Min. M\u00e9lys\u00e9g (D) mm<\/td>\n<td>115<\/td>\n<td>200<\/td>\n<\/tr>\n<tr>\n<td>Min. Magass\u00e1g (E) mm<\/td>\n<td>183<\/td>\n<td>195<\/td>\n<\/tr>\n<tr>\n<td>Oldalmatrica (mm)<\/td>\n<td>317 x 437<\/td>\n<td>407 x 467<\/td>\n<\/tr>\n<tr>\n<td>\u00dcvegmatrica (mm)<\/td>\n<td>225 x 335<\/td>\n<td>330 x 360<\/td>\n<\/tr>\n<\/tbody>\n<\/table>\n<h2 data-start=\"1956\" data-end=\"1985\">M\u0171szaki specifik\u00e1ci\u00f3k<\/h2>\n<div class=\"_tableContainer_1rjym_1\">\n<div class=\"_tableWrapper_1rjym_13 group flex w-fit flex-col-reverse\">\n<table>\n<thead>\n<tr>\n<th>M\u0171szaki jellemz\u0151k<\/th>\n<th>CL 20 FL<\/th>\n<th>CL 50 FL<\/th>\n<\/tr>\n<\/thead>\n<tbody>\n<tr>\n<td>H\u0151m\u00e9rs\u00e9klet tartom\u00e1ny<\/td>\n<td>0 \u00b0C \/ +10 \u00b0C<\/td>\n<td>0 \u00b0C \/ +10 \u00b0C<\/td>\n<\/tr>\n<tr>\n<td>Kl\u00edmaoszt\u00e1ly<\/td>\n<td>4<\/td>\n<td>4<\/td>\n<\/tr>\n<tr>\n<td>Nett\u00f3 \/ brutt\u00f3 mennyis\u00e9g<\/td>\n<td>20 L \/ 35 L<\/td>\n<td>50 L \/ 76 L<\/td>\n<\/tr>\n<tr>\n<td>Bels\u0151 b\u00e9l\u00e9s<\/td>\n<td>ABS<\/td>\n<td>ABS<\/td>\n<\/tr>\n<tr>\n<td>H\u0151m\u00e9r\u0151<\/td>\n<td>Digit\u00e1lis<\/td>\n<td>Digit\u00e1lis<\/td>\n<\/tr>\n<tr>\n<td>Vez\u00e9rl\u0151<\/td>\n<td>Mechanikus<\/td>\n<td>Mechanikus<\/td>\n<\/tr>\n<tr>\n<td>Zajszint<\/td>\n<td>42 dB<\/td>\n<td>42 dB<\/td>\n<\/tr>\n<tr>\n<td>Szigetel\u00e9s vastags\u00e1ga<\/td>\n<td>40 mm<\/td>\n<td>35 mm<\/td>\n<\/tr>\n<tr>\n<td>Leolvaszt\u00e1s<\/td>\n<td>Automatikus (kompresszor ciklus)<\/td>\n<td>Automatikus (kompresszor ciklus)<\/td>\n<\/tr>\n<tr>\n<td>Vil\u00e1g\u00edt\u00e1s<\/td>\n<td>LED 3 oldalon<\/td>\n<td>LED 3 oldalon<\/td>\n<\/tr>\n<tr>\n<td>Polcok<\/td>\n<td>1 (266\/274 x 246 mm)<\/td>\n<td>1 (366\/379 x 260 mm)<\/td>\n<\/tr>\n<tr>\n<td>Castors\/Feet<\/td>\n<td>4 l\u00e1b<\/td>\n<td>4 l\u00e1b<\/td>\n<\/tr>\n<tr>\n<td>Nett\u00f3 \/ brutt\u00f3 s\u00faly<\/td>\n<td>15 \/ 16 kg<\/td>\n<td>19 \/ 21 kg<\/td>\n<\/tr>\n<tr>\n<td>Fesz\u00fclts\u00e9g<\/td>\n<td>220 V<\/td>\n<td>220 V<\/td>\n<\/tr>\n<tr>\n<td>Frekvencia<\/td>\n<td>50 Hz<\/td>\n<td>50 Hz<\/td>\n<\/tr>\n<tr>\n<td>H\u0171t\u0151k\u00f6zeg<\/td>\n<td>R600A<\/td>\n<td>R600A<\/td>\n<\/tr>\n<tr>\n<td>Energiafogyaszt\u00e1s<\/td>\n<td>76 W<\/td>\n<td>80 W<\/td>\n<\/tr>\n<tr>\n<td>Energiafogyaszt\u00e1s (24 \u00f3ra)<\/td>\n<td>0,84 kWh<\/td>\n<td>1,38 kWh<\/td>\n<\/tr>\n<\/tbody>\n<\/table>\n<\/div>\n<\/div>","protected":false},"excerpt":{"rendered":"<p>The CL FL series countertop beverage coolers are compact, stylish, and efficient solutions for displaying and cooling drinks. Designed with a static-fan assisted cooling system, frameless glass door, and LED lighting on three sides, these units provide excellent visibility and reliable performance. Available in Black or White finishes, the CL 20 FL and CL 50 [&hellip;]<\/p>\n","protected":false},"featured_media":7169,"comment_status":"open","ping_status":"closed","template":"","meta":[],"product_brand":[],"product_cat":[48],"product_tag":[],"class_list":{"0":"post-7168","1":"product","2":"type-product","3":"status-publish","4":"has-post-thumbnail","6":"product_cat-beverage-cooling","8":"first","9":"instock","10":"shipping-taxable","11":"product-type-simple"},"_links":{"self":[{"href":"https:\/\/dersuessestopp.com\/hu\/wp-json\/wp\/v2\/product\/7168","targetHints":{"allow":["GET"]}}],"collection":[{"href":"https:\/\/dersuessestopp.com\/hu\/wp-json\/wp\/v2\/product"}],"about":[{"href":"https:\/\/dersuessestopp.com\/hu\/wp-json\/wp\/v2\/types\/product"}],"replies":[{"embeddable":true,"href":"https:\/\/dersuessestopp.com\/hu\/wp-json\/wp\/v2\/comments?post=7168"}],"version-history":[{"count":1,"href":"https:\/\/dersuessestopp.com\/hu\/wp-json\/wp\/v2\/product\/7168\/revisions"}],"predecessor-version":[{"id":7171,"href":"https:\/\/dersuessestopp.com\/hu\/wp-json\/wp\/v2\/product\/7168\/revisions\/7171"}],"wp:featuredmedia":[{"embeddable":true,"href":"https:\/\/dersuessestopp.com\/hu\/wp-json\/wp\/v2\/media\/7169"}],"wp:attachment":[{"href":"https:\/\/dersuessestopp.com\/hu\/wp-json\/wp\/v2\/media?parent=7168"}],"wp:term":[{"taxonomy":"product_brand","embeddable":true,"href":"https:\/\/dersuessestopp.com\/hu\/wp-json\/wp\/v2\/product_brand?post=7168"},{"taxonomy":"product_cat","embeddable":true,"href":"https:\/\/dersuessestopp.com\/hu\/wp-json\/wp\/v2\/product_cat?post=7168"},{"taxonomy":"product_tag","embeddable":true,"href":"https:\/\/dersuessestopp.com\/hu\/wp-json\/wp\/v2\/product_tag?post=7168"}],"curies":[{"name":"wp","href":"https:\/\/api.w.org\/{rel}","templated":true}]}}