{"id":7164,"date":"2025-08-30T11:12:00","date_gmt":"2025-08-30T11:12:00","guid":{"rendered":"https:\/\/dersuessestopp.com\/?post_type=product&#038;p=7164"},"modified":"2025-08-30T11:12:00","modified_gmt":"2025-08-30T11:12:00","slug":"ckc-100","status":"publish","type":"product","link":"https:\/\/dersuessestopp.com\/hu\/product\/ckc-100\/","title":{"rendered":"CKC 100"},"content":{"rendered":"<p data-start=\"373\" data-end=\"750\">A <strong data-start=\"377\" data-end=\"414\">CKC 100 pultos h\u0171t\u0151szekr\u00e9ny<\/strong> egy professzion\u00e1lis min\u0151s\u00e9g\u0171 h\u0171t\u0151egys\u00e9g, amelyet k\u00e1v\u00e9z\u00f3k, \u00e9ttermek, b\u00e1rok \u00e9s kiskereskedelmi \u00fczletek sz\u00e1m\u00e1ra terveztek, amelyek az italokat vonz\u00f3 \u00e9s hozz\u00e1f\u00e9rhet\u0151 m\u00f3don szeretn\u00e9k bemutatni. H\u00e1rom \u00fcvegoldallal, hat\u00e9kony LED-vil\u00e1g\u00edt\u00e1ssal \u00e9s er\u0151teljes szell\u0151z\u00e9ssel ez a h\u0171t\u0151szekr\u00e9ny biztos\u00edtja, hogy term\u00e9kei mindig t\u00f6k\u00e9letesen h\u0171t\u00f6ttek \u00e9s j\u00f3l l\u00e1that\u00f3ak maradjanak.<\/p>\n<p data-start=\"752\" data-end=\"1059\">\u00c9p\u00edtett <strong data-start=\"763\" data-end=\"795\">rozsdamentes ac\u00e9lszerkezet<\/strong>, egy <strong data-start=\"800\" data-end=\"825\">elektronikus termoszt\u00e1t<\/strong>, \u00e9s egy <strong data-start=\"833\" data-end=\"860\">\u00f6nz\u00e1r\u00f3 \u00fcvegajt\u00f3<\/strong>, a CKC 100 egyszerre k\u00edn\u00e1l tart\u00f3ss\u00e1got \u00e9s k\u00e9nyelmet. Kompakt pultos kialak\u00edt\u00e1s\u00e1nak k\u00f6sz\u00f6nhet\u0151en ide\u00e1lis v\u00e1laszt\u00e1s a korl\u00e1tozott hellyel rendelkez\u0151 v\u00e1llalkoz\u00e1sok sz\u00e1m\u00e1ra, an\u00e9lk\u00fcl, hogy a t\u00e1rol\u00f3kapacit\u00e1s vagy a teljes\u00edtm\u00e9ny rov\u00e1s\u00e1ra menne.<\/p>\n<h2 data-start=\"1066\" data-end=\"1083\">F\u0151 jellemz\u0151k<\/h2>\n<ul data-start=\"1084\" data-end=\"1522\">\n<li data-start=\"1084\" data-end=\"1154\">\n<p data-start=\"1086\" data-end=\"1154\"><strong data-start=\"1086\" data-end=\"1115\">Szell\u0151ztetett h\u0171t\u0151rendszer<\/strong> egyenletes h\u0151m\u00e9rs\u00e9klet-eloszl\u00e1s eset\u00e9n<\/p>\n<\/li>\n<li data-start=\"1155\" data-end=\"1196\">\n<p data-start=\"1157\" data-end=\"1196\"><strong data-start=\"1157\" data-end=\"1179\">H\u0151m\u00e9rs\u00e9klet-tartom\u00e1ny:<\/strong> +3 \u00b0C \u00e9s +8 \u00b0C k\u00f6z\u00f6tt<\/p>\n<\/li>\n<li data-start=\"1197\" data-end=\"1269\">\n<p data-start=\"1199\" data-end=\"1269\"><strong data-start=\"1199\" data-end=\"1240\">Rozsdamentes ac\u00e9l k\u00fcls\u0151 \u00e9s bels\u0151 r\u00e9sz<\/strong> a higi\u00e9nia \u00e9s a tart\u00f3ss\u00e1g \u00e9rdek\u00e9ben<\/p>\n<\/li>\n<li data-start=\"1270\" data-end=\"1331\">\n<p data-start=\"1272\" data-end=\"1331\"><strong data-start=\"1272\" data-end=\"1297\">Elektronikus termoszt\u00e1t<\/strong> a pontos h\u0151m\u00e9rs\u00e9klet-szab\u00e1lyoz\u00e1shoz<\/p>\n<\/li>\n<li data-start=\"1332\" data-end=\"1392\">\n<p data-start=\"1334\" data-end=\"1392\"><strong data-start=\"1334\" data-end=\"1361\">\u00d6nz\u00e1r\u00f3 \u00fcvegajt\u00f3<\/strong> v\u00edzszintes LED vil\u00e1g\u00edt\u00e1ssal<\/p>\n<\/li>\n<li data-start=\"1393\" data-end=\"1460\">\n<p data-start=\"1395\" data-end=\"1460\"><strong data-start=\"1395\" data-end=\"1424\">Kompakt pult kialak\u00edt\u00e1s<\/strong> kiv\u00e1l\u00f3 term\u00e9k l\u00e1that\u00f3s\u00e1ggal<\/p>\n<\/li>\n<li data-start=\"1461\" data-end=\"1522\">\n<p data-start=\"1463\" data-end=\"1522\"><strong data-start=\"1463\" data-end=\"1483\">K\u00f6nny\u0171 karbantart\u00e1s<\/strong> kompresszoros leolvaszt\u00e1si rendszerrel<\/p>\n<\/li>\n<\/ul>\n<h2 data-start=\"1529\" data-end=\"1561\">M\u0171szaki specifik\u00e1ci\u00f3k<\/h2>\n<table>\n<thead>\n<tr>\n<th>Modell<\/th>\n<th>K\u00fcls\u0151 m\u00e9retek (WxDxH)<\/th>\n<th>Csomagol\u00e1si m\u00e9retek (WxDxH)<\/th>\n<th>Bels\u0151 m\u00e9retek (WxDxH)<\/th>\n<th>Polcok (WxD)<\/th>\n<\/tr>\n<\/thead>\n<tbody>\n<tr>\n<td><strong>CKC 100<\/strong><\/td>\n<td>1110 x 510 x 566 mm<\/td>\n<td>1170 x 570 x 640 mm<\/td>\n<td>790 x 400 x 390 mm<\/td>\n<td>2 db - 752 x 390 mm<\/td>\n<\/tr>\n<\/tbody>\n<\/table>\n<h3 data-start=\"1919\" data-end=\"1947\">Teljes\u00edtm\u00e9ny \u00e9s kapacit\u00e1s<\/h3>\n<div class=\"_tableContainer_1rjym_1\">\n<div class=\"_tableWrapper_1rjym_13 group flex w-fit flex-col-reverse\">\n<table>\n<thead>\n<tr>\n<th>Modell<\/th>\n<th>H\u0151m\u00e9rs\u00e9klet tartom\u00e1ny<\/th>\n<th>Kl\u00edmaoszt\u00e1ly<\/th>\n<th>Nett\u00f3\/brutt\u00f3 mennyis\u00e9g<\/th>\n<th>Szigetel\u00e9s vastags\u00e1ga<\/th>\n<th>Leolvaszt\u00e1s<\/th>\n<th>Vil\u00e1g\u00edt\u00e1s<\/th>\n<\/tr>\n<\/thead>\n<tbody>\n<tr>\n<td><strong>CKC 100<\/strong><\/td>\n<td>+3 \u00b0C \/ +8 \u00b0C<\/td>\n<td>4. oszt\u00e1ly<\/td>\n<td>150 L \/ 163 L<\/td>\n<td>45 mm<\/td>\n<td>Kompresszor ciklus<\/td>\n<td>1 LED V\u00edzszintes<\/td>\n<\/tr>\n<\/tbody>\n<\/table>\n<h3 data-start=\"1919\" data-end=\"1947\">\u00c9p\u00edt\u00e9s<\/h3>\n<table>\n<thead>\n<tr>\n<th>K\u00fcls\u0151<\/th>\n<th>Belt\u00e9r<\/th>\n<th>Ajt\u00f3<\/th>\n<th>Polcok<\/th>\n<th>L\u00e1bak\/g\u00f6rg\u0151k<\/th>\n<th>Ajt\u00f3csuk\u00f3d\u00e1s<\/th>\n<\/tr>\n<\/thead>\n<tbody>\n<tr>\n<td>Rozsdamentes ac\u00e9l<\/td>\n<td>Rozsdamentes ac\u00e9l<\/td>\n<td>\u00dcveg<\/td>\n<td>2 \u00c1ll\u00edthat\u00f3<\/td>\n<td>4 l\u00e1b<\/td>\n<td>Igen, \u00f6nz\u00e1r\u00f3<\/td>\n<\/tr>\n<\/tbody>\n<\/table>\n<h3 data-start=\"2533\" data-end=\"2554\">Elektromos adatok<\/h3>\n<div class=\"_tableContainer_1rjym_1\">\n<div class=\"_tableWrapper_1rjym_13 group flex w-fit flex-col-reverse\">\n<table>\n<thead>\n<tr>\n<th>Fesz\u00fclts\u00e9g<\/th>\n<th>Frekvencia<\/th>\n<th>H\u0171t\u0151k\u00f6zeg<\/th>\n<th>Abszorpci\u00f3<\/th>\n<th>Energiafogyaszt\u00e1s<\/th>\n<th>Nett\u00f3\/brutt\u00f3 s\u00faly<\/th>\n<\/tr>\n<\/thead>\n<tbody>\n<tr>\n<td>220 V<\/td>\n<td>50 Hz<\/td>\n<td>R600A<\/td>\n<td>180 W<\/td>\n<td>3,75 kWh \/ 24 \u00f3ra<\/td>\n<td>70 \/ 74 kg<\/td>\n<\/tr>\n<\/tbody>\n<\/table>\n<\/div>\n<\/div>\n<\/div>\n<\/div>","protected":false},"excerpt":{"rendered":"<p>The CKC 100 Countertop Display Cooler is a professional-grade refrigerated unit designed for caf\u00e9s, restaurants, bars, and retail shops that want to showcase beverages in an attractive and accessible way. With three glass sides, efficient LED lighting, and powerful ventilation, this cooler ensures your products remain perfectly chilled and clearly visible at all times. Built [&hellip;]<\/p>\n","protected":false},"featured_media":7165,"comment_status":"open","ping_status":"closed","template":"","meta":[],"product_brand":[],"product_cat":[48],"product_tag":[],"class_list":{"0":"post-7164","1":"product","2":"type-product","3":"status-publish","4":"has-post-thumbnail","6":"product_cat-beverage-cooling","8":"first","9":"instock","10":"shipping-taxable","11":"product-type-simple"},"_links":{"self":[{"href":"https:\/\/dersuessestopp.com\/hu\/wp-json\/wp\/v2\/product\/7164","targetHints":{"allow":["GET"]}}],"collection":[{"href":"https:\/\/dersuessestopp.com\/hu\/wp-json\/wp\/v2\/product"}],"about":[{"href":"https:\/\/dersuessestopp.com\/hu\/wp-json\/wp\/v2\/types\/product"}],"replies":[{"embeddable":true,"href":"https:\/\/dersuessestopp.com\/hu\/wp-json\/wp\/v2\/comments?post=7164"}],"version-history":[{"count":1,"href":"https:\/\/dersuessestopp.com\/hu\/wp-json\/wp\/v2\/product\/7164\/revisions"}],"predecessor-version":[{"id":7167,"href":"https:\/\/dersuessestopp.com\/hu\/wp-json\/wp\/v2\/product\/7164\/revisions\/7167"}],"wp:featuredmedia":[{"embeddable":true,"href":"https:\/\/dersuessestopp.com\/hu\/wp-json\/wp\/v2\/media\/7165"}],"wp:attachment":[{"href":"https:\/\/dersuessestopp.com\/hu\/wp-json\/wp\/v2\/media?parent=7164"}],"wp:term":[{"taxonomy":"product_brand","embeddable":true,"href":"https:\/\/dersuessestopp.com\/hu\/wp-json\/wp\/v2\/product_brand?post=7164"},{"taxonomy":"product_cat","embeddable":true,"href":"https:\/\/dersuessestopp.com\/hu\/wp-json\/wp\/v2\/product_cat?post=7164"},{"taxonomy":"product_tag","embeddable":true,"href":"https:\/\/dersuessestopp.com\/hu\/wp-json\/wp\/v2\/product_tag?post=7164"}],"curies":[{"name":"wp","href":"https:\/\/api.w.org\/{rel}","templated":true}]}}