{"id":7159,"date":"2025-08-30T11:07:53","date_gmt":"2025-08-30T11:07:53","guid":{"rendered":"https:\/\/dersuessestopp.com\/?post_type=product&#038;p=7159"},"modified":"2025-08-30T11:07:53","modified_gmt":"2025-08-30T11:07:53","slug":"s-185-xh","status":"publish","type":"product","link":"https:\/\/dersuessestopp.com\/hu\/product\/s-185-xh\/","title":{"rendered":"S 185 XH"},"content":{"rendered":"<p data-start=\"308\" data-end=\"556\">A <strong data-start=\"312\" data-end=\"324\">S 185 XH<\/strong> hivat\u00e1sos <strong data-start=\"343\" data-end=\"362\">h\u00e1ts\u00f3 b\u00e1rh\u0171t\u0151<\/strong> a  c\u00edmen <strong data-start=\"368\" data-end=\"411\">statikus h\u0171t\u00e9s \u00e9s ventil\u00e1tor t\u00e1mogat\u00e1s<\/strong>. \u00c9p\u00fclt <strong data-start=\"424\" data-end=\"452\">AISI 304 rozsdamentes ac\u00e9l<\/strong> a tart\u00f3ss\u00e1g \u00e9s a higi\u00e9nia \u00e9rdek\u00e9ben, biztos\u00edtja <strong data-start=\"492\" data-end=\"553\">hat\u00e9kony italh\u0171t\u00e9s, alacsony zajszint \u00e9s energiamegtakar\u00edt\u00e1s<\/strong>.<\/p>\n<p data-start=\"558\" data-end=\"759\">Felszerelve <strong data-start=\"572\" data-end=\"649\">LED vil\u00e1g\u00edt\u00e1s, elektronikus termoszt\u00e1t \u00e9s \u00f6nz\u00e1r\u00f3 ajt\u00f3 z\u00e1rral<\/strong>, ez a k\u00e9sz\u00fcl\u00e9k ide\u00e1lis <strong data-start=\"674\" data-end=\"713\">b\u00e1rok, pubok, \u00e9ttermek \u00e9s sz\u00e1llod\u00e1k<\/strong> amelyek mindkett\u0151re ig\u00e9nyt tartanak <strong data-start=\"731\" data-end=\"756\">teljes\u00edtm\u00e9ny \u00e9s st\u00edlus<\/strong>.<\/p>\n<h2 data-start=\"766\" data-end=\"783\">F\u0151 jellemz\u0151k<\/h2>\n<table>\n<thead>\n<tr>\n<th>Jellemz\u0151<\/th>\n<th>R\u00e9szletek<\/th>\n<\/tr>\n<\/thead>\n<tbody>\n<tr>\n<td>H\u0171t\u00e9s<\/td>\n<td>Statikus h\u0171t\u00e9s ventil\u00e1toros t\u00e1mogat\u00e1ssal<\/td>\n<\/tr>\n<tr>\n<td>H\u0151m\u00e9rs\u00e9klet-szab\u00e1lyoz\u00e1s<\/td>\n<td>Elektronikus termoszt\u00e1t<\/td>\n<\/tr>\n<tr>\n<td>Vil\u00e1g\u00edt\u00e1s<\/td>\n<td>V\u00edzszintes LED<\/td>\n<\/tr>\n<tr>\n<td>Ajt\u00f3<\/td>\n<td>Rozsdamentes ac\u00e9l (AISI 304), \u00f6nz\u00e1r\u00f3, z\u00e1rral ell\u00e1tott<\/td>\n<\/tr>\n<tr>\n<td>Bels\u0151 b\u00e9l\u00e9s<\/td>\n<td>Rozsdamentes ac\u00e9l (AISI 304)<\/td>\n<\/tr>\n<tr>\n<td>Polcok<\/td>\n<td>4 \u00e1ll\u00edthat\u00f3 polc (355 \u00d7 400 mm)<\/td>\n<\/tr>\n<tr>\n<td>Szigetel\u00e9s<\/td>\n<td>50 mm<\/td>\n<\/tr>\n<tr>\n<td>Leolvaszt\u00e1si rendszer<\/td>\n<td>Automatikus kompresszorciklus + k\u00e9zi opci\u00f3<\/td>\n<\/tr>\n<tr>\n<td>L\u00e1bak<\/td>\n<td>4 \u00e1ll\u00edthat\u00f3<\/td>\n<\/tr>\n<tr>\n<td>Opcion\u00e1lis<\/td>\n<td>Smart Link WiFi a t\u00e1vvez\u00e9rl\u00e9shez<\/td>\n<\/tr>\n<\/tbody>\n<\/table>\n<h2 data-start=\"1286\" data-end=\"1320\">T\u00e1rol\u00e1si kapacit\u00e1s (indikat\u00edv)<\/h2>\n<div class=\"_tableContainer_1rjym_1\">\n<div class=\"_tableWrapper_1rjym_13 group flex w-fit flex-col-reverse\">\n<table>\n<thead>\n<tr>\n<th>Csomagol\u00e1s<\/th>\n<th>Kapacit\u00e1s<\/th>\n<\/tr>\n<\/thead>\n<tbody>\n<tr>\n<td>1 literes palackok<\/td>\n<td>42<\/td>\n<\/tr>\n<tr>\n<td>75 cl palackok<\/td>\n<td>44<\/td>\n<\/tr>\n<tr>\n<td>66 cl palackok<\/td>\n<td>54<\/td>\n<\/tr>\n<tr>\n<td>50 cl palackok<\/td>\n<td>110<\/td>\n<\/tr>\n<tr>\n<td>33 cl palackok<\/td>\n<td>135<\/td>\n<\/tr>\n<tr>\n<td>33 cl konzervdobozok<\/td>\n<td>225<\/td>\n<\/tr>\n<\/tbody>\n<\/table>\n<h2 data-start=\"1515\" data-end=\"1544\">M\u0171szaki specifik\u00e1ci\u00f3k<\/h2>\n<div class=\"_tableContainer_1rjym_1\">\n<div class=\"_tableWrapper_1rjym_13 group flex w-fit flex-col-reverse\">\n<table>\n<thead>\n<tr>\n<th>Specifik\u00e1ci\u00f3<\/th>\n<th>\u00c9rt\u00e9k<\/th>\n<\/tr>\n<\/thead>\n<tbody>\n<tr>\n<td>K\u00fcls\u0151 m\u00e9retek (WxDxH)<\/td>\n<td>900 \u00d7 530 \u00d7 835 mm<\/td>\n<\/tr>\n<tr>\n<td>Csomagol\u00e1si m\u00e9retek (WxDxH)<\/td>\n<td>950 \u00d7 570 \u00d7 1020 mm<\/td>\n<\/tr>\n<tr>\n<td>Bels\u0151 m\u00e9retek<\/td>\n<td>820 \u00d7 415 \u00d7 685 mm<\/td>\n<\/tr>\n<tr>\n<td>Nett\u00f3 \/ brutt\u00f3 mennyis\u00e9g<\/td>\n<td>150 L \/ 188 L<\/td>\n<\/tr>\n<tr>\n<td>H\u0151m\u00e9rs\u00e9klet tartom\u00e1ny<\/td>\n<td>0 \u00b0C \u00e9s +10 \u00b0C k\u00f6z\u00f6tt<\/td>\n<\/tr>\n<tr>\n<td>Kl\u00edmaoszt\u00e1ly<\/td>\n<td>4<\/td>\n<\/tr>\n<tr>\n<td>Zajszint<\/td>\n<td>50 dB<\/td>\n<\/tr>\n<tr>\n<td>Polcok<\/td>\n<td>4 \u00d7 355 \u00d7 400 mm<\/td>\n<\/tr>\n<tr>\n<td>Vil\u00e1g\u00edt\u00e1s<\/td>\n<td>1 v\u00edzszintes LED<\/td>\n<\/tr>\n<tr>\n<td>Nett\u00f3 \/ brutt\u00f3 s\u00faly<\/td>\n<td>60 \/ 70 kg<\/td>\n<\/tr>\n<tr>\n<td>Fesz\u00fclts\u00e9g<\/td>\n<td>220-240 V<\/td>\n<\/tr>\n<tr>\n<td>Frekvencia<\/td>\n<td>50 Hz (60 Hz v\u00e1laszthat\u00f3)<\/td>\n<\/tr>\n<tr>\n<td>H\u0171t\u0151k\u00f6zeg<\/td>\n<td>R600A<\/td>\n<\/tr>\n<tr>\n<td>Energiaelnyel\u00e9s<\/td>\n<td>190 W<\/td>\n<\/tr>\n<tr>\n<td>Energiafogyaszt\u00e1s (24 \u00f3ra)<\/td>\n<td>1,35 kWh<\/td>\n<\/tr>\n<\/tbody>\n<\/table>\n<\/div>\n<\/div>\n<\/div>\n<\/div>","protected":false},"excerpt":{"rendered":"<p>The S 185 XH is a professional back bar cooler with static refrigeration and fan assistance. Built from AISI 304 stainless steel for durability and hygiene, it ensures efficient beverage cooling, low noise, and energy savings. Equipped with LED lighting, an electronic thermostat, and a self-closing door with lock, this unit is ideal for bars, [&hellip;]<\/p>\n","protected":false},"featured_media":7160,"comment_status":"open","ping_status":"closed","template":"","meta":[],"product_brand":[],"product_cat":[48],"product_tag":[],"class_list":{"0":"post-7159","1":"product","2":"type-product","3":"status-publish","4":"has-post-thumbnail","6":"product_cat-beverage-cooling","8":"first","9":"instock","10":"shipping-taxable","11":"product-type-simple"},"_links":{"self":[{"href":"https:\/\/dersuessestopp.com\/hu\/wp-json\/wp\/v2\/product\/7159","targetHints":{"allow":["GET"]}}],"collection":[{"href":"https:\/\/dersuessestopp.com\/hu\/wp-json\/wp\/v2\/product"}],"about":[{"href":"https:\/\/dersuessestopp.com\/hu\/wp-json\/wp\/v2\/types\/product"}],"replies":[{"embeddable":true,"href":"https:\/\/dersuessestopp.com\/hu\/wp-json\/wp\/v2\/comments?post=7159"}],"version-history":[{"count":2,"href":"https:\/\/dersuessestopp.com\/hu\/wp-json\/wp\/v2\/product\/7159\/revisions"}],"predecessor-version":[{"id":7163,"href":"https:\/\/dersuessestopp.com\/hu\/wp-json\/wp\/v2\/product\/7159\/revisions\/7163"}],"wp:featuredmedia":[{"embeddable":true,"href":"https:\/\/dersuessestopp.com\/hu\/wp-json\/wp\/v2\/media\/7160"}],"wp:attachment":[{"href":"https:\/\/dersuessestopp.com\/hu\/wp-json\/wp\/v2\/media?parent=7159"}],"wp:term":[{"taxonomy":"product_brand","embeddable":true,"href":"https:\/\/dersuessestopp.com\/hu\/wp-json\/wp\/v2\/product_brand?post=7159"},{"taxonomy":"product_cat","embeddable":true,"href":"https:\/\/dersuessestopp.com\/hu\/wp-json\/wp\/v2\/product_cat?post=7159"},{"taxonomy":"product_tag","embeddable":true,"href":"https:\/\/dersuessestopp.com\/hu\/wp-json\/wp\/v2\/product_tag?post=7159"}],"curies":[{"name":"wp","href":"https:\/\/api.w.org\/{rel}","templated":true}]}}