{"id":7154,"date":"2025-08-30T11:04:36","date_gmt":"2025-08-30T11:04:36","guid":{"rendered":"https:\/\/dersuessestopp.com\/?post_type=product&#038;p=7154"},"modified":"2025-08-30T11:04:36","modified_gmt":"2025-08-30T11:04:36","slug":"s-85-xh","status":"publish","type":"product","link":"https:\/\/dersuessestopp.com\/hu\/product\/s-85-xh\/","title":{"rendered":"S 85 XH"},"content":{"rendered":"<p data-start=\"314\" data-end=\"487\">A <strong data-start=\"318\" data-end=\"333\">S XH sorozat<\/strong> (S 85, S 185, S 285) a k\u00f6vetkez\u0151k <strong data-start=\"359\" data-end=\"404\">pult alatti statikus ventil\u00e1toros h\u0171t\u0151k<\/strong> tervezt\u00e9k <strong data-start=\"418\" data-end=\"451\">professzion\u00e1lis italt\u00e1rol\u00e1s<\/strong> b\u00e1rokban, \u00e9ttermekben \u00e9s sz\u00e1llod\u00e1kban.<\/p>\n<p data-start=\"489\" data-end=\"643\">K\u00e9sz\u00fclt egy <strong data-start=\"501\" data-end=\"572\">rozsdamentes ac\u00e9l AISI 304 ajt\u00f3keret, el\u00fcls\u0151 r\u00e1cs \u00e9s bels\u0151 b\u00e9l\u00e9s<\/strong>, kombin\u00e1lj\u00e1k <strong data-start=\"587\" data-end=\"640\">tart\u00f3ss\u00e1g, higi\u00e9nikus fel\u00fcletek \u00e9s pr\u00e9mium design<\/strong>.<\/p>\n<p data-start=\"645\" data-end=\"825\">Felszerelve egy <strong data-start=\"662\" data-end=\"687\">elektronikus termoszt\u00e1t<\/strong>, <strong data-start=\"689\" data-end=\"711\">\u00f6nz\u00e1r\u00f3 ajt\u00f3k<\/strong>, <strong data-start=\"713\" data-end=\"734\">z\u00e1r- \u00e9s kulcsrendszer<\/strong>, \u00e9s <strong data-start=\"740\" data-end=\"767\">LED v\u00edzszintes vil\u00e1g\u00edt\u00e1s<\/strong>, garant\u00e1lj\u00e1k <strong data-start=\"784\" data-end=\"822\">hat\u00e9konys\u00e1g, megb\u00edzhat\u00f3s\u00e1g \u00e9s st\u00edlus<\/strong>.<\/p>\n<h2 data-start=\"832\" data-end=\"850\">F\u0151 jellemz\u0151k<\/h2>\n<ul data-start=\"851\" data-end=\"1395\">\n<li data-start=\"851\" data-end=\"919\">\n<p data-start=\"853\" data-end=\"919\"><strong data-start=\"853\" data-end=\"897\">Statikus h\u0171t\u00e9s ventil\u00e1toros t\u00e1mogat\u00e1ssal<\/strong> egyenletes h\u0171t\u00e9s<\/p>\n<\/li>\n<li data-start=\"920\" data-end=\"969\">\n<p data-start=\"922\" data-end=\"969\"><strong data-start=\"922\" data-end=\"947\">Elektronikus termoszt\u00e1t<\/strong> a pontos ellen\u0151rz\u00e9shez<\/p>\n<\/li>\n<li data-start=\"970\" data-end=\"1045\">\n<p data-start=\"972\" data-end=\"1045\"><strong data-start=\"972\" data-end=\"1043\">Rozsdamentes ac\u00e9l AISI 304 ajt\u00f3keret, el\u00fcls\u0151 r\u00e1cs \u00e9s bels\u0151 b\u00e9l\u00e9s<\/strong><\/p>\n<\/li>\n<li data-start=\"1046\" data-end=\"1077\">\n<p data-start=\"1048\" data-end=\"1077\"><strong data-start=\"1048\" data-end=\"1075\">V\u00edzszintes LED vil\u00e1g\u00edt\u00e1s<\/strong><\/p>\n<\/li>\n<li data-start=\"1078\" data-end=\"1119\">\n<p data-start=\"1080\" data-end=\"1119\"><strong data-start=\"1080\" data-end=\"1117\">\u00d6nz\u00e1r\u00f3 ajt\u00f3 z\u00e1rral \u00e9s kulccsal<\/strong><\/p>\n<\/li>\n<li data-start=\"1120\" data-end=\"1171\">\n<p data-start=\"1122\" data-end=\"1171\"><strong data-start=\"1122\" data-end=\"1169\">\u00c1ll\u00edthat\u00f3 polcok klipszes tart\u00f3rendszerrel<\/strong><\/p>\n<\/li>\n<li data-start=\"1172\" data-end=\"1221\">\n<p data-start=\"1174\" data-end=\"1221\"><strong data-start=\"1174\" data-end=\"1219\">50 mm szigetel\u00e9svastags\u00e1g a hat\u00e9konys\u00e1g \u00e9rdek\u00e9ben<\/strong><\/p>\n<\/li>\n<li data-start=\"1222\" data-end=\"1276\">\n<p data-start=\"1224\" data-end=\"1276\"><strong data-start=\"1224\" data-end=\"1252\">Opcion\u00e1lis Smart Link WiFi<\/strong> t\u00e1vfel\u00fcgyelethez<\/p>\n<\/li>\n<li data-start=\"1277\" data-end=\"1343\">\n<p data-start=\"1279\" data-end=\"1343\"><strong data-start=\"1279\" data-end=\"1297\">Leolvaszt\u00f3 rendszer<\/strong>: automatikus kompresszor ciklus + manu\u00e1lis opci\u00f3<\/p>\n<\/li>\n<li data-start=\"1344\" data-end=\"1395\">\n<p data-start=\"1346\" data-end=\"1395\"><strong data-start=\"1346\" data-end=\"1370\">N\u00e9gy \u00e1ll\u00edthat\u00f3 l\u00e1b<\/strong> a stabil poz\u00edcion\u00e1l\u00e1shoz<\/p>\n<\/li>\n<\/ul>\n<h2 data-start=\"1402\" data-end=\"1454\">Kapacit\u00e1s (hozz\u00e1vet\u0151leges - a csomagol\u00e1st\u00f3l f\u00fcgg\u0151en)<\/h2>\n<table>\n<thead>\n<tr>\n<th>Palack \/ doboz t\u00edpusa<\/th>\n<th>S 85 XH<\/th>\n<th>S 185 XH<\/th>\n<th>S 285 XH<\/th>\n<\/tr>\n<\/thead>\n<tbody>\n<tr>\n<td>1 literes palackok<\/td>\n<td>26<\/td>\n<td>42<\/td>\n<td>70<\/td>\n<\/tr>\n<tr>\n<td>75 cl palackok<\/td>\n<td>30<\/td>\n<td>44<\/td>\n<td>80<\/td>\n<\/tr>\n<tr>\n<td>66 cl palackok<\/td>\n<td>30<\/td>\n<td>54<\/td>\n<td>132<\/td>\n<\/tr>\n<tr>\n<td>50 cl palackok<\/td>\n<td>78<\/td>\n<td>110<\/td>\n<td>175<\/td>\n<\/tr>\n<tr>\n<td>33 cl palackok<\/td>\n<td>90<\/td>\n<td>135<\/td>\n<td>225<\/td>\n<\/tr>\n<tr>\n<td>33 cl konzervdobozok<\/td>\n<td>150<\/td>\n<td>225<\/td>\n<td>360<\/td>\n<\/tr>\n<\/tbody>\n<\/table>\n<h2 data-start=\"1894\" data-end=\"1923\">M\u0171szaki specifik\u00e1ci\u00f3k<\/h2>\n<div class=\"_tableContainer_1rjym_1\">\n<div class=\"_tableWrapper_1rjym_13 group flex w-fit flex-col-reverse\">\n<table>\n<thead>\n<tr>\n<th>Specifik\u00e1ci\u00f3<\/th>\n<th>S 85 XH<\/th>\n<th>S 185 XH<\/th>\n<th>S 285 XH<\/th>\n<\/tr>\n<\/thead>\n<tbody>\n<tr>\n<td><strong>K\u00fcls\u0151 m\u00e9retek (WxDxH)<\/strong><\/td>\n<td>600 \u00d7 530 \u00d7 835 mm<\/td>\n<td>900 \u00d7 530 \u00d7 835 mm<\/td>\n<td>1350 \u00d7 530 \u00d7 835 mm<\/td>\n<\/tr>\n<tr>\n<td><strong>Csomagol\u00e1si m\u00e9retek (WxDxH)<\/strong><\/td>\n<td>645 \u00d7 570 \u00d7 1020 mm<\/td>\n<td>950 \u00d7 570 \u00d7 1020 mm<\/td>\n<td>1400 \u00d7 570 \u00d7 1020 mm<\/td>\n<\/tr>\n<tr>\n<td><strong>Nett\u00f3 \/ brutt\u00f3 mennyis\u00e9g<\/strong><\/td>\n<td>100 \/ 121 L<\/td>\n<td>150 \/ 188 L<\/td>\n<td>241 \/ 293 L<\/td>\n<\/tr>\n<tr>\n<td><strong>H\u0151m\u00e9rs\u00e9klet tartom\u00e1ny<\/strong><\/td>\n<td>0\u00b0C \/ +10\u00b0C<\/td>\n<td>0\u00b0C \/ +10\u00b0C<\/td>\n<td>0\u00b0C \/ +10\u00b0C<\/td>\n<\/tr>\n<tr>\n<td><strong>Kl\u00edmaoszt\u00e1ly<\/strong><\/td>\n<td>4<\/td>\n<td>4<\/td>\n<td>4<\/td>\n<\/tr>\n<tr>\n<td><strong>Zajszint<\/strong><\/td>\n<td>50 dB<\/td>\n<td>50 dB<\/td>\n<td>50 dB<\/td>\n<\/tr>\n<tr>\n<td><strong>Szigetel\u00e9s vastags\u00e1ga<\/strong><\/td>\n<td>50 mm<\/td>\n<td>50 mm<\/td>\n<td>50 mm<\/td>\n<\/tr>\n<tr>\n<td><strong>Vil\u00e1g\u00edt\u00e1s<\/strong><\/td>\n<td>1 v\u00edzszintes LED<\/td>\n<td>1 v\u00edzszintes LED<\/td>\n<td>1 v\u00edzszintes LED<\/td>\n<\/tr>\n<tr>\n<td><strong>Leolvaszt\u00e1s<\/strong><\/td>\n<td>Automatikus (kompresszor kikapcsol\u00e1sa) + K\u00e9zi<\/td>\n<td>Automatikus (kompresszor kikapcsol\u00e1sa) + K\u00e9zi<\/td>\n<td>Automatikus (kompresszor kikapcsol\u00e1sa) + K\u00e9zi<\/td>\n<\/tr>\n<tr>\n<td><strong>Polcok (WxD)<\/strong><\/td>\n<td>2 \u00d7 500 \u00d7 352 mm 2 \u00d7 347 \u00d7 440 mm<\/td>\n<td>4 \u00d7 355 \u00d7 400 mm<\/td>\n<td>4 \u00d7 355 \u00d7 400 mm<\/td>\n<\/tr>\n<tr>\n<td><strong>Ajt\u00f3<\/strong><\/td>\n<td>AISI 304 rozsdamentes ac\u00e9l<\/td>\n<td>AISI 304 rozsdamentes ac\u00e9l<\/td>\n<td>AISI 304 rozsdamentes ac\u00e9l<\/td>\n<\/tr>\n<tr>\n<td><strong>Bels\u0151 b\u00e9l\u00e9s<\/strong><\/td>\n<td>AISI 304 rozsdamentes ac\u00e9l<\/td>\n<td>AISI 304 rozsdamentes ac\u00e9l<\/td>\n<td>AISI 304 rozsdamentes ac\u00e9l<\/td>\n<\/tr>\n<tr>\n<td><strong>Test<\/strong><\/td>\n<td>El\u0151re festett korr\u00f3zi\u00f3\u00e1ll\u00f3 lemez<\/td>\n<td>El\u0151re festett korr\u00f3zi\u00f3\u00e1ll\u00f3 lemez<\/td>\n<td>El\u0151re festett korr\u00f3zi\u00f3\u00e1ll\u00f3 lemez<\/td>\n<\/tr>\n<tr>\n<td><strong>Smart Link WiFi<\/strong><\/td>\n<td>Opcion\u00e1lis<\/td>\n<td>Opcion\u00e1lis<\/td>\n<td>Opcion\u00e1lis<\/td>\n<\/tr>\n<tr>\n<td><strong>L\u00e1bak<\/strong><\/td>\n<td>4 \u00e1ll\u00edthat\u00f3 l\u00e1bak<\/td>\n<td>4 \u00e1ll\u00edthat\u00f3 l\u00e1bak<\/td>\n<td>4 \u00e1ll\u00edthat\u00f3 l\u00e1bak<\/td>\n<\/tr>\n<tr>\n<td><strong>Nett\u00f3 \/ brutt\u00f3 s\u00faly<\/strong><\/td>\n<td>41 \/ 49 kg<\/td>\n<td>60 \/ 70 kg<\/td>\n<td>82 \/ 93 kg<\/td>\n<\/tr>\n<tr>\n<td><strong>Fesz\u00fclts\u00e9g<\/strong><\/td>\n<td>220-240 V<\/td>\n<td>220-240 V<\/td>\n<td>220-240 V<\/td>\n<\/tr>\n<tr>\n<td><strong>Frekvencia<\/strong><\/td>\n<td>50 Hz \/ 60 Hz (opcion\u00e1lis)<\/td>\n<td>50 Hz \/ 60 Hz (opcion\u00e1lis)<\/td>\n<td>50 Hz \/ 60 Hz (opcion\u00e1lis)<\/td>\n<\/tr>\n<tr>\n<td><strong>H\u0171t\u0151k\u00f6zeg<\/strong><\/td>\n<td>R600A<\/td>\n<td>R600A<\/td>\n<td>R600A<\/td>\n<\/tr>\n<tr>\n<td><strong>Abszorpci\u00f3<\/strong><\/td>\n<td>160 W<\/td>\n<td>190 W<\/td>\n<td>220 W<\/td>\n<\/tr>\n<tr>\n<td><strong>Energiafogyaszt\u00e1s (24 \u00f3ra)<\/strong><\/td>\n<td>1,1 kWh<\/td>\n<td>1,35 kWh<\/td>\n<td>1,52 kWh<\/td>\n<\/tr>\n<\/tbody>\n<\/table>\n<\/div>\n<\/div>","protected":false},"excerpt":{"rendered":"<p>The S XH series (S 85, S 185, S 285) are under-counter static-fan assisted coolers designed for professional beverage storage in bars, restaurants, and hotels. Made with a stainless steel AISI 304 door frame, front grid, and internal liner, they combine durability, hygienic surfaces, and premium design. Equipped with an electronic thermostat, self-closing doors, lock [&hellip;]<\/p>\n","protected":false},"featured_media":7156,"comment_status":"open","ping_status":"closed","template":"","meta":[],"product_brand":[],"product_cat":[48],"product_tag":[],"class_list":{"0":"post-7154","1":"product","2":"type-product","3":"status-publish","4":"has-post-thumbnail","6":"product_cat-beverage-cooling","8":"first","9":"instock","10":"shipping-taxable","11":"product-type-simple"},"_links":{"self":[{"href":"https:\/\/dersuessestopp.com\/hu\/wp-json\/wp\/v2\/product\/7154","targetHints":{"allow":["GET"]}}],"collection":[{"href":"https:\/\/dersuessestopp.com\/hu\/wp-json\/wp\/v2\/product"}],"about":[{"href":"https:\/\/dersuessestopp.com\/hu\/wp-json\/wp\/v2\/types\/product"}],"replies":[{"embeddable":true,"href":"https:\/\/dersuessestopp.com\/hu\/wp-json\/wp\/v2\/comments?post=7154"}],"version-history":[{"count":1,"href":"https:\/\/dersuessestopp.com\/hu\/wp-json\/wp\/v2\/product\/7154\/revisions"}],"predecessor-version":[{"id":7158,"href":"https:\/\/dersuessestopp.com\/hu\/wp-json\/wp\/v2\/product\/7154\/revisions\/7158"}],"wp:featuredmedia":[{"embeddable":true,"href":"https:\/\/dersuessestopp.com\/hu\/wp-json\/wp\/v2\/media\/7156"}],"wp:attachment":[{"href":"https:\/\/dersuessestopp.com\/hu\/wp-json\/wp\/v2\/media?parent=7154"}],"wp:term":[{"taxonomy":"product_brand","embeddable":true,"href":"https:\/\/dersuessestopp.com\/hu\/wp-json\/wp\/v2\/product_brand?post=7154"},{"taxonomy":"product_cat","embeddable":true,"href":"https:\/\/dersuessestopp.com\/hu\/wp-json\/wp\/v2\/product_cat?post=7154"},{"taxonomy":"product_tag","embeddable":true,"href":"https:\/\/dersuessestopp.com\/hu\/wp-json\/wp\/v2\/product_tag?post=7154"}],"curies":[{"name":"wp","href":"https:\/\/api.w.org\/{rel}","templated":true}]}}