{"id":7146,"date":"2025-08-30T11:01:30","date_gmt":"2025-08-30T11:01:30","guid":{"rendered":"https:\/\/dersuessestopp.com\/?post_type=product&#038;p=7146"},"modified":"2025-08-30T11:01:30","modified_gmt":"2025-08-30T11:01:30","slug":"cl-801-v2gc-sl-fekete","status":"publish","type":"product","link":"https:\/\/dersuessestopp.com\/hu\/product\/cl-801-v2gc-sl-black\/","title":{"rendered":"CL 801 V2GC SL FEKETE"},"content":{"rendered":"<p data-start=\"350\" data-end=\"555\">A <strong data-start=\"354\" data-end=\"378\">CL 801 V2GC SL FEKETE<\/strong> hivat\u00e1sos <strong data-start=\"397\" data-end=\"428\">k\u00e9tajt\u00f3s italh\u0171t\u0151<\/strong> a  c\u00edmen <strong data-start=\"434\" data-end=\"462\">szell\u0151ztetett h\u0171t\u00e9s<\/strong> \u00e9s <strong data-start=\"467\" data-end=\"490\">\u00fcveg tol\u00f3ajt\u00f3k<\/strong> felszerelve <strong data-start=\"505\" data-end=\"552\">AISI 304 rozsdamentes ac\u00e9lb\u00f3l k\u00e9sz\u00fclt meger\u0151s\u00edtett korl\u00e1t<\/strong>.<\/p>\n<p data-start=\"557\" data-end=\"770\">A <strong data-start=\"561\" data-end=\"583\">eleg\u00e1ns fekete design<\/strong>, kombin\u00e1lva egy <strong data-start=\"601\" data-end=\"619\">h\u00e1tt\u00e9rvil\u00e1g\u00edt\u00e1s\u00fa el\u0151tet\u0151<\/strong>, <strong data-start=\"621\" data-end=\"637\">LED vil\u00e1g\u00edt\u00e1s<\/strong>, \u00e9s nagy <strong data-start=\"649\" data-end=\"667\">m\u00e1rka\u00e9p\u00edt\u00e9si ter\u00fcletek<\/strong>, ide\u00e1lis a l\u00e1that\u00f3s\u00e1g maximaliz\u00e1l\u00e1s\u00e1ra a <strong data-start=\"713\" data-end=\"767\">b\u00e1rok, \u00e9ttermek, szupermarketek \u00e9s kiskereskedelmi \u00fczletek<\/strong>.<\/p>\n<p data-start=\"772\" data-end=\"944\">Felszerelve egy <strong data-start=\"789\" data-end=\"814\">elektronikus termoszt\u00e1t<\/strong>, <strong data-start=\"816\" data-end=\"843\">automatikus leolvaszt\u00e1si ciklus<\/strong>, \u00e9s <strong data-start=\"849\" data-end=\"879\">\u00f6nz\u00e1r\u00f3 tol\u00f3ajt\u00f3k<\/strong>, k\u00edn\u00e1l <strong data-start=\"891\" data-end=\"941\">energiahat\u00e9konys\u00e1g, tart\u00f3ss\u00e1g \u00e9s k\u00f6nny\u0171 haszn\u00e1lat<\/strong>.<\/p>\n<h2 data-start=\"951\" data-end=\"969\">F\u0151 jellemz\u0151k<\/h2>\n<ul data-start=\"970\" data-end=\"1619\">\n<li data-start=\"970\" data-end=\"1052\">\n<p data-start=\"972\" data-end=\"1052\"><strong data-start=\"972\" data-end=\"995\">\u00dcveg tol\u00f3ajt\u00f3k<\/strong> a  c\u00edmen <strong data-start=\"1001\" data-end=\"1050\">meger\u0151s\u00edtett rozsdamentes ac\u00e9l korl\u00e1t (AISI 304)<\/strong><\/p>\n<\/li>\n<li data-start=\"1053\" data-end=\"1101\">\n<p data-start=\"1055\" data-end=\"1101\"><strong data-start=\"1055\" data-end=\"1080\">Fekete k\u00fcls\u0151 kivitel<\/strong> modern diz\u00e1jnnal<\/p>\n<\/li>\n<li data-start=\"1102\" data-end=\"1145\">\n<p data-start=\"1104\" data-end=\"1145\"><strong data-start=\"1104\" data-end=\"1122\">H\u00e1tt\u00e9rvil\u00e1g\u00edt\u00e1s\u00fa el\u0151tet\u0151<\/strong> a m\u00e1rka l\u00e1that\u00f3s\u00e1ga \u00e9rdek\u00e9ben<\/p>\n<\/li>\n<li data-start=\"1146\" data-end=\"1211\">\n<p data-start=\"1148\" data-end=\"1211\"><strong data-start=\"1148\" data-end=\"1173\">F\u00fcgg\u0151leges LED vil\u00e1g\u00edt\u00e1s<\/strong> kiv\u00e1l\u00f3 bels\u0151 megvil\u00e1g\u00edt\u00e1shoz<\/p>\n<\/li>\n<li data-start=\"1212\" data-end=\"1287\">\n<p data-start=\"1214\" data-end=\"1287\"><strong data-start=\"1214\" data-end=\"1239\">Elektronikus termoszt\u00e1t<\/strong> stabil h\u0151m\u00e9rs\u00e9klet-szab\u00e1lyoz\u00e1ssal (0\u00b0C \/ +10\u00b0C)<\/p>\n<\/li>\n<li data-start=\"1288\" data-end=\"1335\">\n<p data-start=\"1290\" data-end=\"1335\"><strong data-start=\"1290\" data-end=\"1333\">Automatikus kompresszor-kiold\u00f3 leolvaszt\u00f3 rendszer<\/strong><\/p>\n<\/li>\n<li data-start=\"1336\" data-end=\"1396\">\n<p data-start=\"1338\" data-end=\"1396\"><strong data-start=\"1338\" data-end=\"1360\">Festett ac\u00e9l test<\/strong> \u00e9s <strong data-start=\"1365\" data-end=\"1394\">festett alum\u00ednium bels\u0151 t\u00e9r<\/strong><\/p>\n<\/li>\n<li data-start=\"1397\" data-end=\"1458\">\n<p data-start=\"1399\" data-end=\"1458\"><strong data-start=\"1399\" data-end=\"1429\">\u00d6nz\u00e1r\u00f3 tol\u00f3ajt\u00f3k<\/strong> a  c\u00edmen <strong data-start=\"1435\" data-end=\"1456\">z\u00e1r- \u00e9s kulcsrendszer<\/strong><\/p>\n<\/li>\n<li data-start=\"1459\" data-end=\"1510\">\n<p data-start=\"1461\" data-end=\"1510\"><strong data-start=\"1461\" data-end=\"1508\">Opcion\u00e1lis Smart Link Wi-Fi t\u00e1vfel\u00fcgyelet<\/strong><\/p>\n<\/li>\n<li data-start=\"1511\" data-end=\"1566\">\n<p data-start=\"1513\" data-end=\"1566\"><strong data-start=\"1513\" data-end=\"1538\">Nagy t\u00e1rol\u00f3kapacit\u00e1s<\/strong> 8 \u00e1ll\u00edthat\u00f3 polccal<\/p>\n<\/li>\n<li data-start=\"1567\" data-end=\"1619\">\n<p data-start=\"1569\" data-end=\"1619\"><strong data-start=\"1569\" data-end=\"1599\">4 forg\u00f3 g\u00f6rg\u0151re szerelve<\/strong> a k\u00f6nny\u0171 mobilit\u00e1s \u00e9rdek\u00e9ben<\/p>\n<\/li>\n<\/ul>\n<h2 data-start=\"1626\" data-end=\"1678\">Kapacit\u00e1s (hozz\u00e1vet\u0151leges - a csomagol\u00e1st\u00f3l f\u00fcgg\u0151en)<\/h2>\n<table>\n<thead>\n<tr>\n<th>Palack \/ doboz t\u00edpusa<\/th>\n<th>CL 801 V2GC SL<\/th>\n<th>CL 1100 V2GC SL<\/th>\n<th>CL 1300 V2GC SL<\/th>\n<\/tr>\n<\/thead>\n<tbody>\n<tr>\n<td>1 literes palackok<\/td>\n<td>128<\/td>\n<td>200<\/td>\n<td>240<\/td>\n<\/tr>\n<tr>\n<td>75 cl palackok<\/td>\n<td>160<\/td>\n<td>280<\/td>\n<td>280<\/td>\n<\/tr>\n<tr>\n<td>66 cl palackok<\/td>\n<td>216<\/td>\n<td>360<\/td>\n<td>470<\/td>\n<\/tr>\n<tr>\n<td>50 cl palackok<\/td>\n<td>360<\/td>\n<td>564<\/td>\n<td>774<\/td>\n<\/tr>\n<tr>\n<td>33 cl palackok<\/td>\n<td>432<\/td>\n<td>660<\/td>\n<td>756<\/td>\n<\/tr>\n<tr>\n<td>33 cl konzervdobozok<\/td>\n<td>684<\/td>\n<td>1120<\/td>\n<td>1400<\/td>\n<\/tr>\n<\/tbody>\n<\/table>\n<h2 data-start=\"2078\" data-end=\"2107\">M\u0171szaki specifik\u00e1ci\u00f3k<\/h2>\n<div class=\"_tableContainer_1rjym_1\">\n<div class=\"_tableWrapper_1rjym_13 group flex w-fit flex-col-reverse\">\n<table>\n<thead>\n<tr>\n<th>Specifik\u00e1ci\u00f3<\/th>\n<th>CL 801 V2GC SL<\/th>\n<th>CL 1100 V2GC SL<\/th>\n<th>CL 1300 V2GC SL<\/th>\n<\/tr>\n<\/thead>\n<tbody>\n<tr>\n<td><strong>K\u00fcls\u0151 m\u00e9retek (WxDxH)<\/strong><\/td>\n<td>940 \u00d7 560 \u00d7 1983 mm<\/td>\n<td>1130 \u00d7 645 \u00d7 2023 mm<\/td>\n<td>1330 \u00d7 645 \u00d7 2023 mm<\/td>\n<\/tr>\n<tr>\n<td><strong>Csomagol\u00e1si m\u00e9retek (WxDxH)<\/strong><\/td>\n<td>990 \u00d7 635 \u00d7 2060 mm<\/td>\n<td>1180 \u00d7 720 \u00d7 2100 mm<\/td>\n<td>1380 \u00d7 720 \u00d7 2100 mm<\/td>\n<\/tr>\n<tr>\n<td><strong>Nett\u00f3 \/ brutt\u00f3 mennyis\u00e9g<\/strong><\/td>\n<td>403 \/ 495 L<\/td>\n<td>670 \/ 764 L<\/td>\n<td>756 \/ 912 L<\/td>\n<\/tr>\n<tr>\n<td><strong>H\u0151m\u00e9rs\u00e9klet tartom\u00e1ny<\/strong><\/td>\n<td>0\u00b0C \/ +10\u00b0C<\/td>\n<td>0\u00b0C \/ +10\u00b0C<\/td>\n<td>0\u00b0C \/ +10\u00b0C<\/td>\n<\/tr>\n<tr>\n<td><strong>Kl\u00edmaoszt\u00e1ly<\/strong><\/td>\n<td>4<\/td>\n<td>4<\/td>\n<td>4<\/td>\n<\/tr>\n<tr>\n<td><strong>Zajszint<\/strong><\/td>\n<td>54 dB<\/td>\n<td>54 dB<\/td>\n<td>54 dB<\/td>\n<\/tr>\n<tr>\n<td><strong>Szigetel\u00e9s vastags\u00e1ga<\/strong><\/td>\n<td>50 mm<\/td>\n<td>50 mm<\/td>\n<td>50 mm<\/td>\n<\/tr>\n<tr>\n<td><strong>Vil\u00e1g\u00edt\u00e1s<\/strong><\/td>\n<td>2 f\u00fcgg\u0151leges LED<\/td>\n<td>2 f\u00fcgg\u0151leges LED<\/td>\n<td>2 f\u00fcgg\u0151leges LED<\/td>\n<\/tr>\n<tr>\n<td><strong>Polcok (WxD)<\/strong><\/td>\n<td>8 \u00d7 410 \u00d7 365 mm<\/td>\n<td>8 \u00d7 504 \u00d7 460 mm<\/td>\n<td>8 \u00d7 605 \u00d7 410 mm<\/td>\n<\/tr>\n<tr>\n<td><strong>Leolvaszt\u00e1s<\/strong><\/td>\n<td>Automatikus (kompresszor kikapcsol\u00e1sa)<\/td>\n<td>Automatikus (kompresszor kikapcsol\u00e1sa)<\/td>\n<td>Automatikus (kompresszor kikapcsol\u00e1sa)<\/td>\n<\/tr>\n<tr>\n<td><strong>Fesz\u00fclts\u00e9g \/ frekvencia<\/strong><\/td>\n<td>220-240 V \/ 50 Hz<\/td>\n<td>220-240 V \/ 50 Hz<\/td>\n<td>220-240 V \/ 50 Hz<\/td>\n<\/tr>\n<tr>\n<td><strong>H\u0171t\u0151k\u00f6zeg<\/strong><\/td>\n<td>R290A<\/td>\n<td>R290A<\/td>\n<td>R290A<\/td>\n<\/tr>\n<tr>\n<td><strong>Energiafogyaszt\u00e1s<\/strong><\/td>\n<td>500 W<\/td>\n<td>650 W<\/td>\n<td>650 W<\/td>\n<\/tr>\n<tr>\n<td><strong>Energiafelhaszn\u00e1l\u00e1s (24 \u00f3ra)<\/strong><\/td>\n<td>2,8 kWh<\/td>\n<td>3,3 kWh<\/td>\n<td>3,6 kWh<\/td>\n<\/tr>\n<tr>\n<td><strong>Nett\u00f3 \/ brutt\u00f3 s\u00faly<\/strong><\/td>\n<td>106 \/ 121 kg<\/td>\n<td>133 \/ 154 kg<\/td>\n<td>152 \/ 175 kg<\/td>\n<\/tr>\n<\/tbody>\n<\/table>\n<\/div>\n<\/div>","protected":false},"excerpt":{"rendered":"<p>The CL 801 V2GC SL BLACK is a professional double-door beverage cooler with ventilated refrigeration and sliding glass doors equipped with AISI 304 stainless steel reinforced railing. Its sleek black design, combined with a backlit canopy, LED lighting, and large branding areas, makes it ideal for maximizing visibility in bars, restaurants, supermarkets, and retail stores. [&hellip;]<\/p>\n","protected":false},"featured_media":7150,"comment_status":"open","ping_status":"closed","template":"","meta":[],"product_brand":[],"product_cat":[48],"product_tag":[],"class_list":{"0":"post-7146","1":"product","2":"type-product","3":"status-publish","4":"has-post-thumbnail","6":"product_cat-beverage-cooling","8":"first","9":"instock","10":"shipping-taxable","11":"product-type-simple"},"_links":{"self":[{"href":"https:\/\/dersuessestopp.com\/hu\/wp-json\/wp\/v2\/product\/7146","targetHints":{"allow":["GET"]}}],"collection":[{"href":"https:\/\/dersuessestopp.com\/hu\/wp-json\/wp\/v2\/product"}],"about":[{"href":"https:\/\/dersuessestopp.com\/hu\/wp-json\/wp\/v2\/types\/product"}],"replies":[{"embeddable":true,"href":"https:\/\/dersuessestopp.com\/hu\/wp-json\/wp\/v2\/comments?post=7146"}],"version-history":[{"count":2,"href":"https:\/\/dersuessestopp.com\/hu\/wp-json\/wp\/v2\/product\/7146\/revisions"}],"predecessor-version":[{"id":7153,"href":"https:\/\/dersuessestopp.com\/hu\/wp-json\/wp\/v2\/product\/7146\/revisions\/7153"}],"wp:featuredmedia":[{"embeddable":true,"href":"https:\/\/dersuessestopp.com\/hu\/wp-json\/wp\/v2\/media\/7150"}],"wp:attachment":[{"href":"https:\/\/dersuessestopp.com\/hu\/wp-json\/wp\/v2\/media?parent=7146"}],"wp:term":[{"taxonomy":"product_brand","embeddable":true,"href":"https:\/\/dersuessestopp.com\/hu\/wp-json\/wp\/v2\/product_brand?post=7146"},{"taxonomy":"product_cat","embeddable":true,"href":"https:\/\/dersuessestopp.com\/hu\/wp-json\/wp\/v2\/product_cat?post=7146"},{"taxonomy":"product_tag","embeddable":true,"href":"https:\/\/dersuessestopp.com\/hu\/wp-json\/wp\/v2\/product_tag?post=7146"}],"curies":[{"name":"wp","href":"https:\/\/api.w.org\/{rel}","templated":true}]}}