{"id":7141,"date":"2025-08-30T10:54:58","date_gmt":"2025-08-30T10:54:58","guid":{"rendered":"https:\/\/dersuessestopp.com\/?post_type=product&#038;p=7141"},"modified":"2025-08-30T10:56:32","modified_gmt":"2025-08-30T10:56:32","slug":"cl-801-v2gc-sl-feher","status":"publish","type":"product","link":"https:\/\/dersuessestopp.com\/hu\/product\/cl-801-v2gc-sl-white\/","title":{"rendered":"CL 801 V2GC SL FEH\u00c9R"},"content":{"rendered":"<p data-start=\"396\" data-end=\"578\">A <strong data-start=\"400\" data-end=\"424\">CL 801 V2GC SL FEH\u00c9R<\/strong> hivat\u00e1sos <strong data-start=\"443\" data-end=\"474\">k\u00e9tajt\u00f3s italh\u0171t\u0151<\/strong> a  c\u00edmen <strong data-start=\"480\" data-end=\"508\">szell\u0151ztetett h\u0171t\u00e9s<\/strong> \u00e9s <strong data-start=\"513\" data-end=\"530\">tol\u00f3ajt\u00f3k<\/strong> meger\u0151s\u00edtve <strong data-start=\"547\" data-end=\"575\">AISI 304 rozsdamentes ac\u00e9l<\/strong>.<\/p>\n<p data-start=\"580\" data-end=\"751\">Tervezve <strong data-start=\"593\" data-end=\"628\">maxim\u00e1lis l\u00e1that\u00f3s\u00e1g \u00e9s kapacit\u00e1s<\/strong>, rendelkezik egy <strong data-start=\"644\" data-end=\"662\">h\u00e1tt\u00e9rvil\u00e1g\u00edt\u00e1s\u00fa el\u0151tet\u0151<\/strong>, <strong data-start=\"664\" data-end=\"680\">LED vil\u00e1g\u00edt\u00e1s<\/strong>, \u00e9s testreszabhat\u00f3 m\u00e1rkafel\u00fcletek (\u00fcveg-, oldal- \u00e9s tet\u0151matric\u00e1k).<\/p>\n<p data-start=\"753\" data-end=\"986\">K\u00f6sz\u00f6nhet\u0151en a <strong data-start=\"767\" data-end=\"792\">elektronikus termoszt\u00e1t<\/strong>, <strong data-start=\"794\" data-end=\"822\">automatikus leolvaszt\u00f3 rendszer<\/strong>, \u00e9s <strong data-start=\"828\" data-end=\"858\">\u00f6nz\u00e1r\u00f3 tol\u00f3ajt\u00f3k<\/strong>, ez a vizicooler garant\u00e1lja <strong data-start=\"887\" data-end=\"937\">energiahat\u00e9konys\u00e1g, tart\u00f3ss\u00e1g \u00e9s k\u00f6nny\u0171 haszn\u00e1lat<\/strong> b\u00e1rokban, \u00e9ttermekben \u00e9s kiskereskedelmi k\u00f6rnyezetben.<\/p>\n<h2 data-start=\"993\" data-end=\"1011\">F\u0151 jellemz\u0151k<\/h2>\n<ul data-start=\"1012\" data-end=\"1660\">\n<li data-start=\"1012\" data-end=\"1094\">\n<p data-start=\"1014\" data-end=\"1094\"><strong data-start=\"1014\" data-end=\"1037\">\u00dcveg tol\u00f3ajt\u00f3k<\/strong> a  c\u00edmen <strong data-start=\"1043\" data-end=\"1092\">meger\u0151s\u00edtett rozsdamentes ac\u00e9l korl\u00e1t (AISI 304)<\/strong><\/p>\n<\/li>\n<li data-start=\"1095\" data-end=\"1145\">\n<p data-start=\"1097\" data-end=\"1145\"><strong data-start=\"1097\" data-end=\"1115\">H\u00e1tt\u00e9rvil\u00e1g\u00edt\u00e1s\u00fa el\u0151tet\u0151<\/strong> m\u00e1rka\u00e9p\u00edt\u00e9s \u00e9s l\u00e1that\u00f3s\u00e1g<\/p>\n<\/li>\n<li data-start=\"1146\" data-end=\"1209\">\n<p data-start=\"1148\" data-end=\"1209\"><strong data-start=\"1148\" data-end=\"1173\">F\u00fcgg\u0151leges LED vil\u00e1g\u00edt\u00e1s<\/strong> a kiv\u00e1l\u00f3 bels\u0151 l\u00e1that\u00f3s\u00e1g \u00e9rdek\u00e9ben<\/p>\n<\/li>\n<li data-start=\"1210\" data-end=\"1285\">\n<p data-start=\"1212\" data-end=\"1285\"><strong data-start=\"1212\" data-end=\"1237\">Elektronikus termoszt\u00e1t<\/strong> stabil h\u0151m\u00e9rs\u00e9klet-szab\u00e1lyoz\u00e1ssal (0\u00b0C \/ +10\u00b0C)<\/p>\n<\/li>\n<li data-start=\"1286\" data-end=\"1333\">\n<p data-start=\"1288\" data-end=\"1333\"><strong data-start=\"1288\" data-end=\"1331\">Automatikus kompresszor-kiold\u00f3 leolvaszt\u00f3 rendszer<\/strong><\/p>\n<\/li>\n<li data-start=\"1334\" data-end=\"1421\">\n<p data-start=\"1336\" data-end=\"1421\"><strong data-start=\"1336\" data-end=\"1358\">Festett ac\u00e9l test<\/strong> \u00e9s <strong data-start=\"1363\" data-end=\"1392\">festett alum\u00ednium bels\u0151 t\u00e9r<\/strong> a higi\u00e9nia \u00e9s a tart\u00f3ss\u00e1g \u00e9rdek\u00e9ben<\/p>\n<\/li>\n<li data-start=\"1422\" data-end=\"1483\">\n<p data-start=\"1424\" data-end=\"1483\"><strong data-start=\"1424\" data-end=\"1454\">\u00d6nz\u00e1r\u00f3 tol\u00f3ajt\u00f3k<\/strong> a  c\u00edmen <strong data-start=\"1460\" data-end=\"1474\">z\u00e1r \u00e9s kulcs<\/strong> rendszer<\/p>\n<\/li>\n<li data-start=\"1484\" data-end=\"1553\">\n<p data-start=\"1486\" data-end=\"1553\"><strong data-start=\"1486\" data-end=\"1515\">Opcion\u00e1lis Smart Link Wi-Fi<\/strong> a  oldalon. <strong data-start=\"1520\" data-end=\"1551\">t\u00e1vvez\u00e9rl\u00e9s \u00e9s fel\u00fcgyelet<\/strong><\/p>\n<\/li>\n<li data-start=\"1554\" data-end=\"1607\">\n<p data-start=\"1556\" data-end=\"1607\"><strong data-start=\"1556\" data-end=\"1581\">Nagy t\u00e1rol\u00f3kapacit\u00e1s<\/strong> \u00e1ll\u00edthat\u00f3 polcokkal<\/p>\n<\/li>\n<li data-start=\"1608\" data-end=\"1660\">\n<p data-start=\"1610\" data-end=\"1660\"><strong data-start=\"1610\" data-end=\"1640\">4 forg\u00f3 g\u00f6rg\u0151re szerelve<\/strong> a k\u00f6nny\u0171 mobilit\u00e1s \u00e9rdek\u00e9ben<\/p>\n<\/li>\n<\/ul>\n<h2 data-start=\"1667\" data-end=\"1719\">Kapacit\u00e1s (hozz\u00e1vet\u0151leges - a csomagol\u00e1st\u00f3l f\u00fcgg\u0151en)<\/h2>\n<table>\n<thead>\n<tr>\n<th>Palack \/ doboz t\u00edpusa<\/th>\n<th>CL 801 V2GC SL<\/th>\n<th>CL 1100 V2GC SL<\/th>\n<th>CL 1300 V2GC SL<\/th>\n<\/tr>\n<\/thead>\n<tbody>\n<tr>\n<td>1 literes palackok<\/td>\n<td>128<\/td>\n<td>200<\/td>\n<td>240<\/td>\n<\/tr>\n<tr>\n<td>75 cl palackok<\/td>\n<td>160<\/td>\n<td>280<\/td>\n<td>280<\/td>\n<\/tr>\n<tr>\n<td>66 cl palackok<\/td>\n<td>216<\/td>\n<td>360<\/td>\n<td>470<\/td>\n<\/tr>\n<tr>\n<td>50 cl palackok<\/td>\n<td>360<\/td>\n<td>564<\/td>\n<td>774<\/td>\n<\/tr>\n<tr>\n<td>33 cl palackok<\/td>\n<td>432<\/td>\n<td>660<\/td>\n<td>756<\/td>\n<\/tr>\n<tr>\n<td>33 cl konzervdobozok<\/td>\n<td>684<\/td>\n<td>1120<\/td>\n<td>1400<\/td>\n<\/tr>\n<\/tbody>\n<\/table>\n<h2 data-start=\"2119\" data-end=\"2148\">M\u0171szaki specifik\u00e1ci\u00f3k<\/h2>\n<div class=\"_tableContainer_1rjym_1\">\n<div class=\"_tableWrapper_1rjym_13 group flex w-fit flex-col-reverse\">\n<table>\n<thead>\n<tr>\n<th>Specifik\u00e1ci\u00f3<\/th>\n<th>CL 801 V2GC SL<\/th>\n<th>CL 1100 V2GC SL<\/th>\n<th>CL 1300 V2GC SL<\/th>\n<\/tr>\n<\/thead>\n<tbody>\n<tr>\n<td><strong>K\u00fcls\u0151 m\u00e9retek (WxDxH)<\/strong><\/td>\n<td>940 \u00d7 560 \u00d7 1983 mm<\/td>\n<td>1130 \u00d7 645 \u00d7 2023 mm<\/td>\n<td>1330 \u00d7 645 \u00d7 2023 mm<\/td>\n<\/tr>\n<tr>\n<td><strong>Csomagol\u00e1si m\u00e9retek (WxDxH)<\/strong><\/td>\n<td>990 \u00d7 635 \u00d7 2060 mm<\/td>\n<td>1180 \u00d7 720 \u00d7 2100 mm<\/td>\n<td>1380 \u00d7 720 \u00d7 2100 mm<\/td>\n<\/tr>\n<tr>\n<td><strong>Nett\u00f3 \/ brutt\u00f3 mennyis\u00e9g<\/strong><\/td>\n<td>403 \/ 495 L<\/td>\n<td>670 \/ 764 L<\/td>\n<td>756 \/ 912 L<\/td>\n<\/tr>\n<tr>\n<td><strong>H\u0151m\u00e9rs\u00e9klet tartom\u00e1ny<\/strong><\/td>\n<td>0\u00b0C \/ +10\u00b0C<\/td>\n<td>0\u00b0C \/ +10\u00b0C<\/td>\n<td>0\u00b0C \/ +10\u00b0C<\/td>\n<\/tr>\n<tr>\n<td><strong>Kl\u00edmaoszt\u00e1ly<\/strong><\/td>\n<td>4<\/td>\n<td>4<\/td>\n<td>4<\/td>\n<\/tr>\n<tr>\n<td><strong>Zajszint<\/strong><\/td>\n<td>54 dB<\/td>\n<td>54 dB<\/td>\n<td>54 dB<\/td>\n<\/tr>\n<tr>\n<td><strong>Szigetel\u00e9s vastags\u00e1ga<\/strong><\/td>\n<td>50 mm<\/td>\n<td>50 mm<\/td>\n<td>50 mm<\/td>\n<\/tr>\n<tr>\n<td><strong>Vil\u00e1g\u00edt\u00e1s<\/strong><\/td>\n<td>2 f\u00fcgg\u0151leges LED<\/td>\n<td>2 f\u00fcgg\u0151leges LED<\/td>\n<td>2 f\u00fcgg\u0151leges LED<\/td>\n<\/tr>\n<tr>\n<td><strong>Polcok (WxD)<\/strong><\/td>\n<td>8 \u00d7 410 \u00d7 365 mm<\/td>\n<td>8 \u00d7 504 \u00d7 460 mm<\/td>\n<td>8 \u00d7 605 \u00d7 410 mm<\/td>\n<\/tr>\n<tr>\n<td><strong>Leolvaszt\u00e1s<\/strong><\/td>\n<td>Automatikus (kompresszor kikapcsol\u00e1sa)<\/td>\n<td>Automatikus (kompresszor kikapcsol\u00e1sa)<\/td>\n<td>Automatikus (kompresszor kikapcsol\u00e1sa)<\/td>\n<\/tr>\n<tr>\n<td><strong>Fesz\u00fclts\u00e9g \/ frekvencia<\/strong><\/td>\n<td>220-240 V \/ 50 Hz<\/td>\n<td>220-240 V \/ 50 Hz<\/td>\n<td>220-240 V \/ 50 Hz<\/td>\n<\/tr>\n<tr>\n<td><strong>H\u0171t\u0151k\u00f6zeg<\/strong><\/td>\n<td>R290A<\/td>\n<td>R290A<\/td>\n<td>R290A<\/td>\n<\/tr>\n<tr>\n<td><strong>Energiafogyaszt\u00e1s<\/strong><\/td>\n<td>500 W<\/td>\n<td>650 W<\/td>\n<td>650 W<\/td>\n<\/tr>\n<tr>\n<td><strong>Energiafelhaszn\u00e1l\u00e1s (24 \u00f3ra)<\/strong><\/td>\n<td>2,8 kWh<\/td>\n<td>3,3 kWh<\/td>\n<td>3,6 kWh<\/td>\n<\/tr>\n<tr>\n<td><strong>Nett\u00f3 \/ brutt\u00f3 s\u00faly<\/strong><\/td>\n<td>106 \/ 121 kg<\/td>\n<td>133 \/ 154 kg<\/td>\n<td>152 \/ 175 kg<\/td>\n<\/tr>\n<\/tbody>\n<\/table>\n<\/div>\n<\/div>","protected":false},"excerpt":{"rendered":"<p>The CL 801 V2GC SL WHITE is a professional double-door beverage cooler with ventilated refrigeration and sliding doors reinforced with AISI 304 stainless steel. Designed for maximum visibility and capacity, it features a backlit canopy, LED lighting, and customizable branding areas (glass, side, and canopy stickers). Thanks to its electronic thermostat, automatic defrost system, and [&hellip;]<\/p>\n","protected":false},"featured_media":7144,"comment_status":"open","ping_status":"closed","template":"","meta":[],"product_brand":[],"product_cat":[48],"product_tag":[],"class_list":{"0":"post-7141","1":"product","2":"type-product","3":"status-publish","4":"has-post-thumbnail","6":"product_cat-beverage-cooling","8":"first","9":"instock","10":"shipping-taxable","11":"product-type-simple"},"_links":{"self":[{"href":"https:\/\/dersuessestopp.com\/hu\/wp-json\/wp\/v2\/product\/7141","targetHints":{"allow":["GET"]}}],"collection":[{"href":"https:\/\/dersuessestopp.com\/hu\/wp-json\/wp\/v2\/product"}],"about":[{"href":"https:\/\/dersuessestopp.com\/hu\/wp-json\/wp\/v2\/types\/product"}],"replies":[{"embeddable":true,"href":"https:\/\/dersuessestopp.com\/hu\/wp-json\/wp\/v2\/comments?post=7141"}],"version-history":[{"count":2,"href":"https:\/\/dersuessestopp.com\/hu\/wp-json\/wp\/v2\/product\/7141\/revisions"}],"predecessor-version":[{"id":7143,"href":"https:\/\/dersuessestopp.com\/hu\/wp-json\/wp\/v2\/product\/7141\/revisions\/7143"}],"wp:featuredmedia":[{"embeddable":true,"href":"https:\/\/dersuessestopp.com\/hu\/wp-json\/wp\/v2\/media\/7144"}],"wp:attachment":[{"href":"https:\/\/dersuessestopp.com\/hu\/wp-json\/wp\/v2\/media?parent=7141"}],"wp:term":[{"taxonomy":"product_brand","embeddable":true,"href":"https:\/\/dersuessestopp.com\/hu\/wp-json\/wp\/v2\/product_brand?post=7141"},{"taxonomy":"product_cat","embeddable":true,"href":"https:\/\/dersuessestopp.com\/hu\/wp-json\/wp\/v2\/product_cat?post=7141"},{"taxonomy":"product_tag","embeddable":true,"href":"https:\/\/dersuessestopp.com\/hu\/wp-json\/wp\/v2\/product_tag?post=7141"}],"curies":[{"name":"wp","href":"https:\/\/api.w.org\/{rel}","templated":true}]}}