{"id":7132,"date":"2025-08-30T10:43:13","date_gmt":"2025-08-30T10:43:13","guid":{"rendered":"https:\/\/dersuessestopp.com\/?post_type=product&#038;p=7132"},"modified":"2025-08-30T10:43:13","modified_gmt":"2025-08-30T10:43:13","slug":"r15-finomito","status":"publish","type":"product","link":"https:\/\/dersuessestopp.com\/hu\/product\/r15-refiner\/","title":{"rendered":"R15 finom\u00edt\u00f3"},"content":{"rendered":"<p data-start=\"299\" data-end=\"672\">A <strong data-start=\"303\" data-end=\"334\">Bilait R15 f\u00fcgg\u0151leges finom\u00edt\u00f3<\/strong> \u00fagy tervezt\u00e9k, hogy minden szemet \u00e9rz\u00e9ki \u00e9lm\u00e9nny\u00e9 v\u00e1ltoztasson, \u00e9s a k\u00e9zm\u0171ves csokol\u00e1d\u00e9gy\u00e1rt\u00e1st a legmagasabb szintre emelje. Ide\u00e1lis kaka\u00f3hoz, piszt\u00e1ci\u00e1hoz, mogyor\u00f3hoz, mandul\u00e1hoz, f\u00f6ldimogyor\u00f3hoz \u00e9s hasonl\u00f3 olajos magvakhoz, biztos\u00edtja a k\u00f6vetkez\u0151ket <strong data-start=\"555\" data-end=\"602\">homog\u00e9n, csendes \u00e9s hat\u00e9kony finom\u00edt\u00e1s<\/strong> mind a kis laborat\u00f3riumok, mind a professzion\u00e1lis bean-to-bar m\u0171helyek sz\u00e1m\u00e1ra.<\/p>\n<p data-start=\"674\" data-end=\"1025\">\u00c9p\u00edtett <strong data-start=\"685\" data-end=\"706\">pr\u00e9mium anyagok<\/strong> mint p\u00e9ld\u00e1ul rozsdamentes ac\u00e9l, gr\u00e1nitk\u0151 \u00e9s teflon, minden alkatr\u00e9sz teljesen elt\u00e1vol\u00edthat\u00f3 \u00e9s mosogat\u00f3g\u00e9pben moshat\u00f3, \u00edgy biztos\u00edtva a maxim\u00e1lis higi\u00e9ni\u00e1t \u00e9s tart\u00f3ss\u00e1got. Kompakt, f\u00fcgg\u0151leges kialak\u00edt\u00e1s\u00e1val \u00e9s intelligens h\u0151szab\u00e1lyoz\u00f3 technol\u00f3gi\u00e1j\u00e1val a Bilait R15 garant\u00e1lja az egyenletes eredm\u00e9nyeket, m\u00e9g nyitott vagy helysz\u0171k\u00e9ben l\u00e9v\u0151 k\u00f6rnyezetben is.<\/p>\n<p data-start=\"1027\" data-end=\"1317\">Felszerelve egy <strong data-start=\"1044\" data-end=\"1082\">bels\u0151 f\u0171t\u00e9si rendszer 70\u00b0C-ig<\/strong>, amelyet egy automata termoszt\u00e1t vez\u00e9rel, meg\u0151rzi az \u00f6sszetev\u0151k term\u00e9szetes arom\u00e1it \u00e9s \u00e9rz\u00e9kszervi tulajdons\u00e1gait. Finom\u00edt\u00e1s <strong data-start=\"1219\" data-end=\"1235\">0,18 mikron<\/strong>, a hat\u00e9konys\u00e1g, a precizit\u00e1s \u00e9s a k\u00e9zm\u0171ves min\u0151s\u00e9g t\u00f6k\u00e9letes egyens\u00faly\u00e1t k\u00edn\u00e1lja.<\/p>\n<p data-start=\"1319\" data-end=\"1511\">Opcion\u00e1lis intelligens funkci\u00f3k, mint p\u00e9ld\u00e1ul a <strong data-start=\"1353\" data-end=\"1369\">k\u00fapos ventil\u00e1tor<\/strong> \u00e9s <strong data-start=\"1374\" data-end=\"1404\">adagol\u00e1si\/temper\u00e1l\u00e1si funkci\u00f3k<\/strong> tov\u00e1bb n\u00f6veli a gy\u00e1rt\u00e1si rugalmass\u00e1got, \u00edgy az R15 sokoldal\u00fa megold\u00e1st jelent a modern csokol\u00e1d\u00e9k\u00e9sz\u00edt\u0151k sz\u00e1m\u00e1ra.<\/p>\n<h2 data-start=\"1518\" data-end=\"1539\">A term\u00e9k jellemz\u0151i<\/h2>\n<ul data-start=\"1540\" data-end=\"2225\">\n<li data-start=\"1540\" data-end=\"1658\">\n<p data-start=\"1542\" data-end=\"1658\"><strong data-start=\"1542\" data-end=\"1560\">Pr\u00e9mium kivitel:<\/strong> Rozsdamentes ac\u00e9l test gr\u00e1nitk\u0151 vagy teflon g\u00f6rg\u0151kkel, teljesen elt\u00e1vol\u00edthat\u00f3 \u00e9s mosogat\u00f3g\u00e9pben moshat\u00f3.<\/p>\n<\/li>\n<li data-start=\"1659\" data-end=\"1778\">\n<p data-start=\"1661\" data-end=\"1778\"><strong data-start=\"1661\" data-end=\"1685\">Ultrafinom finom\u00edt\u00e1s:<\/strong> Professzion\u00e1lis mikroniz\u00e1l\u00e1s 0,18 mikronig a selymesen sima csokol\u00e1d\u00e9- \u00e9s di\u00f3paszt\u00e1khoz.<\/p>\n<\/li>\n<li data-start=\"1779\" data-end=\"1892\">\n<p data-start=\"1781\" data-end=\"1892\"><strong data-start=\"1781\" data-end=\"1798\">H\u0151szab\u00e1lyoz\u00e1s:<\/strong> Bels\u0151 f\u0171t\u00e9s 70\u00b0C-ig, automatikus termoszt\u00e1ttal a prec\u00edz h\u0151m\u00e9rs\u00e9klet-szab\u00e1lyoz\u00e1s \u00e9rdek\u00e9ben.<\/p>\n<\/li>\n<li data-start=\"1893\" data-end=\"1996\">\n<p data-start=\"1895\" data-end=\"1996\"><strong data-start=\"1895\" data-end=\"1915\">Kompakt \u00e9s csendes:<\/strong> Alacsony zajszint (&lt;75 dB) \u00e9s helytakar\u00e9kos f\u00fcgg\u0151leges kialak\u00edt\u00e1s, t\u00f6k\u00e9letes a k\u00e9zm\u0171ves laborat\u00f3riumok sz\u00e1m\u00e1ra.<\/p>\n<\/li>\n<li data-start=\"1997\" data-end=\"2111\">\n<p data-start=\"1999\" data-end=\"2111\"><strong data-start=\"1999\" data-end=\"2020\">Intelligens technol\u00f3gia:<\/strong> \u00c9rz\u00e9kel\u0151vel vez\u00e9relt m\u0171k\u00f6d\u00e9s, opcion\u00e1lis kong\u00e1z\u00f3 ventil\u00e1torral \u00e9s adagol\u00f3\/temper\u00e1l\u00f3 integr\u00e1ci\u00f3val.<\/p>\n<\/li>\n<li data-start=\"2112\" data-end=\"2225\">\n<p data-start=\"2114\" data-end=\"2225\"><strong data-start=\"2114\" data-end=\"2146\">Made in Italy k\u00e9zm\u0171ves kivitelez\u00e9s:<\/strong> Szabadalmaztatott tervez\u00e9s, amely a precizit\u00e1s, a tart\u00f3ss\u00e1g \u00e9s a k\u00e9zm\u0171ves kiv\u00e1l\u00f3s\u00e1g jegy\u00e9ben k\u00e9sz\u00fclt.<\/p>\n<\/li>\n<\/ul>\n<h2 data-start=\"2232\" data-end=\"2261\">M\u0171szaki specifik\u00e1ci\u00f3k<\/h2>\n<table>\n<thead>\n<tr>\n<th><strong>Modell<\/strong><\/th>\n<th><strong>Bilait R15<\/strong><\/th>\n<\/tr>\n<\/thead>\n<tbody>\n<tr>\n<td><strong>Kapacit\u00e1s<\/strong><\/td>\n<td>15 kg<\/td>\n<\/tr>\n<tr>\n<td><strong>S\u00faly<\/strong><\/td>\n<td>40 kg<\/td>\n<\/tr>\n<tr>\n<td><strong>M\u00e9retek (L x Sz x H)<\/strong><\/td>\n<td>40 \u00d7 40 \u00d7 50 cm<\/td>\n<\/tr>\n<tr>\n<td><strong>Fesz\u00fclts\u00e9g<\/strong><\/td>\n<td>230 V - 50 Hz<\/td>\n<\/tr>\n<tr>\n<td><strong>Seg\u00e9deszk\u00f6z\u00f6k<\/strong><\/td>\n<td>24 V DC<\/td>\n<\/tr>\n<tr>\n<td><strong>Telep\u00edtett teljes\u00edtm\u00e9ny<\/strong><\/td>\n<td>0,40 kW<\/td>\n<\/tr>\n<tr>\n<td><strong>Telep\u00edtett \u00e1ram<\/strong><\/td>\n<td>2 A<\/td>\n<\/tr>\n<tr>\n<td><strong>\u00dczemi h\u0151m\u00e9rs\u00e9klet. Tartom\u00e1ny<\/strong><\/td>\n<td>+5\u00b0C \u00e9s +50\u00b0C k\u00f6z\u00f6tt<\/td>\n<\/tr>\n<tr>\n<td><strong>F\u0171t\u00e9si rendszer<\/strong><\/td>\n<td>70\u00b0C-ig (automatikus termoszt\u00e1t)<\/td>\n<\/tr>\n<tr>\n<td><strong>Zajszint<\/strong><\/td>\n<td>&lt; 75 dB (A)<\/td>\n<\/tr>\n<tr>\n<td><strong>Finom\u00edt\u00e1s finoms\u00e1g<\/strong><\/td>\n<td>0,18 mikronig<\/td>\n<\/tr>\n<tr>\n<td><strong>\u00c9p\u00edt\u00e9s<\/strong><\/td>\n<td>Rozsdamentes ac\u00e9l gr\u00e1nit k\u0151vel vagy teflon g\u00f6rg\u0151kkel<\/td>\n<\/tr>\n<tr>\n<td><strong>Made in<\/strong><\/td>\n<td>Olaszorsz\u00e1g<\/td>\n<\/tr>\n<\/tbody>\n<\/table>","protected":false},"excerpt":{"rendered":"<p>The Bilait R15 vertical refiner is designed to transform every grain into a sensorial experience, elevating artisanal chocolate production to the highest levels. Ideal for cocoa, pistachio, hazelnuts, almonds, peanuts, and similar oilseeds, it ensures homogeneous, silent, and efficient refining for both small laboratories and professional bean-to-bar workshops. Built with premium materials such as stainless [&hellip;]<\/p>\n","protected":false},"featured_media":7129,"comment_status":"open","ping_status":"closed","template":"","meta":[],"product_brand":[],"product_cat":[47],"product_tag":[],"class_list":{"0":"post-7132","1":"product","2":"type-product","3":"status-publish","4":"has-post-thumbnail","6":"product_cat-bean-to-bar-line","8":"first","9":"instock","10":"shipping-taxable","11":"product-type-simple"},"_links":{"self":[{"href":"https:\/\/dersuessestopp.com\/hu\/wp-json\/wp\/v2\/product\/7132","targetHints":{"allow":["GET"]}}],"collection":[{"href":"https:\/\/dersuessestopp.com\/hu\/wp-json\/wp\/v2\/product"}],"about":[{"href":"https:\/\/dersuessestopp.com\/hu\/wp-json\/wp\/v2\/types\/product"}],"replies":[{"embeddable":true,"href":"https:\/\/dersuessestopp.com\/hu\/wp-json\/wp\/v2\/comments?post=7132"}],"version-history":[{"count":1,"href":"https:\/\/dersuessestopp.com\/hu\/wp-json\/wp\/v2\/product\/7132\/revisions"}],"predecessor-version":[{"id":7133,"href":"https:\/\/dersuessestopp.com\/hu\/wp-json\/wp\/v2\/product\/7132\/revisions\/7133"}],"wp:featuredmedia":[{"embeddable":true,"href":"https:\/\/dersuessestopp.com\/hu\/wp-json\/wp\/v2\/media\/7129"}],"wp:attachment":[{"href":"https:\/\/dersuessestopp.com\/hu\/wp-json\/wp\/v2\/media?parent=7132"}],"wp:term":[{"taxonomy":"product_brand","embeddable":true,"href":"https:\/\/dersuessestopp.com\/hu\/wp-json\/wp\/v2\/product_brand?post=7132"},{"taxonomy":"product_cat","embeddable":true,"href":"https:\/\/dersuessestopp.com\/hu\/wp-json\/wp\/v2\/product_cat?post=7132"},{"taxonomy":"product_tag","embeddable":true,"href":"https:\/\/dersuessestopp.com\/hu\/wp-json\/wp\/v2\/product_tag?post=7132"}],"curies":[{"name":"wp","href":"https:\/\/api.w.org\/{rel}","templated":true}]}}