{"id":7124,"date":"2025-08-30T10:40:26","date_gmt":"2025-08-30T10:40:26","guid":{"rendered":"https:\/\/dersuessestopp.com\/?post_type=product&#038;p=7124"},"modified":"2025-08-30T10:40:26","modified_gmt":"2025-08-30T10:40:26","slug":"r60-finomito","status":"publish","type":"product","link":"https:\/\/dersuessestopp.com\/hu\/product\/r60-refiner\/","title":{"rendered":"R60 finom\u00edt\u00f3"},"content":{"rendered":"<p data-start=\"156\" data-end=\"501\">A <strong data-start=\"160\" data-end=\"182\">Bilait R60 finom\u00edt\u00f3<\/strong> a maxim\u00e1lis kapacit\u00e1st \u00e9s termel\u00e9kenys\u00e9get innovat\u00edv <strong data-start=\"245\" data-end=\"273\">f\u00fcgg\u0151leges finom\u00edt\u00f3 rendszer<\/strong>, amelynek c\u00e9lja a higi\u00e9nia, a hat\u00e9konys\u00e1g \u00e9s a teljes\u00edtm\u00e9ny n\u00f6vel\u00e9se az olajos magvak \u00e9s a kaka\u00f3 feldolgoz\u00e1s\u00e1ban. A <strong data-start=\"374\" data-end=\"392\">60 kg teherb\u00edr\u00e1s<\/strong>, ez a Bean-to-Bar term\u00e9kcsal\u00e1d legnagyobb modellje, amely professzion\u00e1lis min\u0151s\u00e9g\u0171 eredm\u00e9nyeket k\u00edn\u00e1l kompakt form\u00e1tumban.<\/p>\n<p data-start=\"503\" data-end=\"778\">Teljesen a <strong data-start=\"523\" data-end=\"555\">kiv\u00e1l\u00f3 min\u0151s\u00e9g\u0171 rozsdamentes ac\u00e9l<\/strong> \u00e9s felszerelve <strong data-start=\"574\" data-end=\"609\">gr\u00e1nit k\u0151 vagy teflon hengerek<\/strong>, ez a g\u00e9p garant\u00e1lja a tart\u00f3ss\u00e1got, a k\u00f6nny\u0171 tiszt\u00edt\u00e1st \u00e9s a kiv\u00e1l\u00f3 finom\u00edt\u00e1st. A g\u00f6rg\u0151k teljesen elt\u00e1vol\u00edthat\u00f3ak \u00e9s <strong data-start=\"721\" data-end=\"740\">mosogat\u00f3g\u00e9pben moshat\u00f3<\/strong>, biztos\u00edtva a higi\u00e9ni\u00e1t \u00e9s a praktikumot.<\/p>\n<p data-start=\"780\" data-end=\"1039\">K\u00f6sz\u00f6nhet\u0151en a <strong data-start=\"794\" data-end=\"844\">automatikus termoszt\u00e1tvez\u00e9rl\u00e9s\u0171 f\u0171t\u00e9si rendszer<\/strong> (70\u00b0C-ig), intelligens \u00e9rz\u00e9kel\u0151k \u00e9s opcion\u00e1lis adagol\u00e1si funkci\u00f3k r\u00e9v\u00e9n a Bilait R60 biztos\u00edtja a hib\u00e1tlan finom\u00edt\u00e1st, mik\u00f6zben meg\u0151rzi a kaka\u00f3bab, di\u00f3f\u00e9l\u00e9k \u00e9s olajos magvak term\u00e9szetes arom\u00e1it \u00e9s tulajdons\u00e1gait.<\/p>\n<p data-start=\"1041\" data-end=\"1319\">Nagy teljes\u00edtm\u00e9nye ellen\u00e9re a g\u00e9p <strong data-start=\"1080\" data-end=\"1101\">csendes \u00e9s kompakt<\/strong>, \u00edgy ak\u00e1r nyitott laborat\u00f3riumokban vagy k\u00e9zm\u0171ves m\u0171helyekben is haszn\u00e1lhat\u00f3. Az intelligens kieg\u00e9sz\u00edt\u0151ket, mint p\u00e9ld\u00e1ul a <strong data-start=\"1198\" data-end=\"1214\">k\u00fapos ventil\u00e1tor<\/strong> \u00e9s a temper\u00e1l\u00e1sra vonatkoz\u00f3 rendelkez\u00e9sek sokoldal\u00fav\u00e1 teszik a professzion\u00e1lis csokol\u00e1d\u00e9k\u00e9sz\u00edt\u0151k \u00e9s di\u00f3feldolgoz\u00f3k sz\u00e1m\u00e1ra.<\/p>\n<p data-start=\"1321\" data-end=\"1461\">B\u00fcszk\u00e9n <strong data-start=\"1329\" data-end=\"1351\">100% Olaszorsz\u00e1gban k\u00e9sz\u00fclt<\/strong>, A Bilait R60 szabadalmaztatott formatervez\u00e9s\u0171, a pontoss\u00e1got, a megb\u00edzhat\u00f3s\u00e1got \u00e9s a k\u00e9zm\u0171ves k\u00e9zm\u0171vess\u00e9get \u00f6tv\u00f6z\u0151 k\u00e9sz\u00fcl\u00e9k.<\/p>\n<h3 data-start=\"1468\" data-end=\"1486\">F\u0151 jellemz\u0151k<\/h3>\n<ul data-start=\"1487\" data-end=\"2027\">\n<li data-start=\"1487\" data-end=\"1551\">\n<p data-start=\"1489\" data-end=\"1551\">F\u00fcgg\u0151leges finom\u00edt\u00f3rendszer a jobb higi\u00e9nia \u00e9s hat\u00e9konys\u00e1g \u00e9rdek\u00e9ben<\/p>\n<\/li>\n<li data-start=\"1552\" data-end=\"1606\">\n<p data-start=\"1554\" data-end=\"1606\"><strong data-start=\"1554\" data-end=\"1581\">60 kg finom\u00edt\u00e1si kapacit\u00e1s<\/strong> - a legnagyobb a kateg\u00f3ri\u00e1j\u00e1ban<\/p>\n<\/li>\n<li data-start=\"1607\" data-end=\"1674\">\n<p data-start=\"1609\" data-end=\"1674\">Rozsdamentes ac\u00e9lszerkezet <strong data-start=\"1643\" data-end=\"1672\">gr\u00e1nit vagy teflon hengerek<\/strong><\/p>\n<\/li>\n<li data-start=\"1675\" data-end=\"1730\">\n<p data-start=\"1677\" data-end=\"1730\">A g\u00f6rg\u0151k <strong data-start=\"1689\" data-end=\"1728\">teljesen elt\u00e1vol\u00edthat\u00f3 \u00e9s mosogat\u00f3g\u00e9pben moshat\u00f3<\/strong><\/p>\n<\/li>\n<li data-start=\"1731\" data-end=\"1795\">\n<p data-start=\"1733\" data-end=\"1795\">Finomodik le a <strong data-start=\"1749\" data-end=\"1765\">0,18 mikron<\/strong> a sima, pr\u00e9mium eredm\u00e9nyek\u00e9rt<\/p>\n<\/li>\n<li data-start=\"1796\" data-end=\"1869\">\n<p data-start=\"1798\" data-end=\"1869\"><strong data-start=\"1798\" data-end=\"1822\">Automatikus termoszt\u00e1t<\/strong> pontos h\u0151m\u00e9rs\u00e9klet-szab\u00e1lyoz\u00e1shoz (70\u00b0C-ig)<\/p>\n<\/li>\n<li data-start=\"1870\" data-end=\"1932\">\n<p data-start=\"1872\" data-end=\"1932\">Kompakt, csendes m\u0171k\u00f6d\u00e9s, ide\u00e1lis m\u0171helyekbe \u00e9s nyitott laborat\u00f3riumokba<\/p>\n<\/li>\n<li data-start=\"1933\" data-end=\"1988\">\n<p data-start=\"1935\" data-end=\"1988\">Opcion\u00e1lis <strong data-start=\"1944\" data-end=\"1986\">konch\u00e1l\u00f3 ventil\u00e1tor \u00e9s temper\u00e1l\u00f3 integr\u00e1ci\u00f3<\/strong><\/p>\n<\/li>\n<li data-start=\"1989\" data-end=\"2027\">\n<p data-start=\"1991\" data-end=\"2027\">Olaszorsz\u00e1gban tervezt\u00e9k \u00e9s gy\u00e1rtott\u00e1k<\/p>\n<\/li>\n<\/ul>\n<h3 data-start=\"2034\" data-end=\"2064\">M\u0171szaki specifik\u00e1ci\u00f3k<\/h3>\n<table>\n<thead>\n<tr>\n<th><strong>Specifik\u00e1ci\u00f3<\/strong><\/th>\n<th><strong>Bilait R60<\/strong><\/th>\n<\/tr>\n<\/thead>\n<tbody>\n<tr>\n<td>Kapacit\u00e1s<\/td>\n<td>60 kg<\/td>\n<\/tr>\n<tr>\n<td>S\u00faly<\/td>\n<td>185 kg<\/td>\n<\/tr>\n<tr>\n<td>M\u00e9retek<\/td>\n<td>n.d. (meghat\u00e1roz\u00e1sra v\u00e1r)<\/td>\n<\/tr>\n<tr>\n<td>Fesz\u00fclts\u00e9g<\/td>\n<td>400 V - 50 Hz<\/td>\n<\/tr>\n<tr>\n<td>Seg\u00e9deszk\u00f6z\u00f6k<\/td>\n<td>24 V AD\/DC<\/td>\n<\/tr>\n<tr>\n<td>Telep\u00edtett teljes\u00edtm\u00e9ny<\/td>\n<td>2,4 kW<\/td>\n<\/tr>\n<tr>\n<td>Telep\u00edtett \u00e1ram<\/td>\n<td>6 A<\/td>\n<\/tr>\n<tr>\n<td>\u00dczemi h\u0151m\u00e9rs\u00e9klet<\/td>\n<td>+5 \u00b0C \u00e9s +40 \u00b0C k\u00f6z\u00f6tt<\/td>\n<\/tr>\n<tr>\n<td>F\u0171t\u00e9si rendszer<\/td>\n<td>Bels\u0151, 70 \u00b0C-ig (termoszt\u00e1tvez\u00e9rl\u00e9ssel)<\/td>\n<\/tr>\n<tr>\n<td>Zajszint<\/td>\n<td>&lt; 75 dB(A)<\/td>\n<\/tr>\n<tr>\n<td>\u00c9p\u00edt\u0151anyag<\/td>\n<td>Rozsdamentes ac\u00e9l, gr\u00e1nit vagy teflon bet\u00e9tek<\/td>\n<\/tr>\n<\/tbody>\n<\/table>","protected":false},"excerpt":{"rendered":"<p>The Bilait R60 Refiner combines maximum capacity and productivity with an innovative vertical refining system, designed to enhance hygiene, efficiency, and performance in oilseed and cocoa processing. With its 60 kg capacity, it is the largest model in our Bean-to-Bar line, offering professional-grade results in a compact format. Built entirely from high-quality stainless steel and [&hellip;]<\/p>\n","protected":false},"featured_media":7129,"comment_status":"open","ping_status":"closed","template":"","meta":[],"product_brand":[],"product_cat":[47],"product_tag":[],"class_list":{"0":"post-7124","1":"product","2":"type-product","3":"status-publish","4":"has-post-thumbnail","6":"product_cat-bean-to-bar-line","8":"first","9":"instock","10":"shipping-taxable","11":"product-type-simple"},"_links":{"self":[{"href":"https:\/\/dersuessestopp.com\/hu\/wp-json\/wp\/v2\/product\/7124","targetHints":{"allow":["GET"]}}],"collection":[{"href":"https:\/\/dersuessestopp.com\/hu\/wp-json\/wp\/v2\/product"}],"about":[{"href":"https:\/\/dersuessestopp.com\/hu\/wp-json\/wp\/v2\/types\/product"}],"replies":[{"embeddable":true,"href":"https:\/\/dersuessestopp.com\/hu\/wp-json\/wp\/v2\/comments?post=7124"}],"version-history":[{"count":2,"href":"https:\/\/dersuessestopp.com\/hu\/wp-json\/wp\/v2\/product\/7124\/revisions"}],"predecessor-version":[{"id":7131,"href":"https:\/\/dersuessestopp.com\/hu\/wp-json\/wp\/v2\/product\/7124\/revisions\/7131"}],"wp:featuredmedia":[{"embeddable":true,"href":"https:\/\/dersuessestopp.com\/hu\/wp-json\/wp\/v2\/media\/7129"}],"wp:attachment":[{"href":"https:\/\/dersuessestopp.com\/hu\/wp-json\/wp\/v2\/media?parent=7124"}],"wp:term":[{"taxonomy":"product_brand","embeddable":true,"href":"https:\/\/dersuessestopp.com\/hu\/wp-json\/wp\/v2\/product_brand?post=7124"},{"taxonomy":"product_cat","embeddable":true,"href":"https:\/\/dersuessestopp.com\/hu\/wp-json\/wp\/v2\/product_cat?post=7124"},{"taxonomy":"product_tag","embeddable":true,"href":"https:\/\/dersuessestopp.com\/hu\/wp-json\/wp\/v2\/product_tag?post=7124"}],"curies":[{"name":"wp","href":"https:\/\/api.w.org\/{rel}","templated":true}]}}