{"id":7104,"date":"2025-08-30T10:29:54","date_gmt":"2025-08-30T10:29:54","guid":{"rendered":"https:\/\/dersuessestopp.com\/?post_type=product&#038;p=7104"},"modified":"2025-08-30T10:29:54","modified_gmt":"2025-08-30T10:29:54","slug":"aya-k6","status":"publish","type":"product","link":"https:\/\/dersuessestopp.com\/hu\/product\/aya-k6\/","title":{"rendered":"Aya K6"},"content":{"rendered":"<p data-start=\"348\" data-end=\"660\">A <strong data-start=\"352\" data-end=\"362\">Aya K6<\/strong> egy professzion\u00e1lis pultra szerelhet\u0151 csokol\u00e1d\u00e9 sz\u00f6k\u0151k\u00fat, amelyet olyan fagylaltoz\u00f3k, k\u00e1v\u00e9z\u00f3k, b\u00e1rok \u00e9s \u00e9ttermek sz\u00e1m\u00e1ra terveztek, amelyek vizu\u00e1lis hat\u00e1ssal \u00e9s ellen\u00e1llhatatlan arom\u00e1val szeretn\u00e9k meg\u00f6rvendeztetni a v\u00e1s\u00e1rl\u00f3kat. A funkcionalit\u00e1son t\u00fal, az \u00fajdons\u00e1g \u00e9s az elegancia jegy\u00e9ben b\u00e1rmely helysz\u00edn hangulat\u00e1t is fokozza.<\/p>\n<p data-start=\"662\" data-end=\"823\">K\u00f6sz\u00f6nhet\u0151en a <strong data-start=\"676\" data-end=\"700\">rozsdamentes ac\u00e9l test<\/strong>, a kett\u0151s motoros rendszer \u00e9s az intelligens funkci\u00f3k r\u00e9v\u00e9n az Aya K6 garant\u00e1lja, hogy <strong data-start=\"760\" data-end=\"784\">folyamatos m\u0171k\u00f6d\u00e9s<\/strong>, nagy tart\u00f3ss\u00e1g \u00e9s biztons\u00e1gos kezel\u00e9s.<\/p>\n<p data-start=\"825\" data-end=\"1107\">A cs\u00facspont a <strong data-start=\"844\" data-end=\"858\">\u00c9jszakai \u00fczemm\u00f3d<\/strong>: egyetlen gombnyom\u00e1ssal a csiga visszafordul, hogy az \u00f6sszes csokol\u00e1d\u00e9 visszaker\u00fclj\u00f6n a t\u00e1lba, \u00edgy biztos\u00edtva a k\u00f6nny\u0171 \u00e9s biztons\u00e1gos \u00fajraind\u00edt\u00e1st a k\u00f6vetkez\u0151 napon. A <strong data-start=\"990\" data-end=\"1025\">kivehet\u0151 rozsdamentes ac\u00e9l csiga<\/strong> a k\u00fcl\u00f6nb\u00f6z\u0151 t\u00edpus\u00fa \u00e9s sz\u00edn\u0171 csokol\u00e1d\u00e9k k\u00f6z\u00f6tti v\u00e1lt\u00e1s is egyszer\u0171v\u00e9 v\u00e1lik.<\/p>\n<h3 data-start=\"1114\" data-end=\"1140\"><strong data-start=\"1118\" data-end=\"1138\">A term\u00e9k jellemz\u0151i<\/strong><\/h3>\n<ul data-start=\"1141\" data-end=\"1670\">\n<li data-start=\"1141\" data-end=\"1208\">\n<p data-start=\"1143\" data-end=\"1208\">Kompakt pultra szerelhet\u0151 csokol\u00e1d\u00e9 sz\u00f6k\u0151k\u00fat, ide\u00e1lis kereskedelmi haszn\u00e1latra<\/p>\n<\/li>\n<li data-start=\"1209\" data-end=\"1278\">\n<p data-start=\"1211\" data-end=\"1278\">Robusztus <strong data-start=\"1218\" data-end=\"1250\">rozsdamentes ac\u00e9lszerkezet<\/strong> tart\u00f3ss\u00e1g \u00e9s biztons\u00e1g<\/p>\n<\/li>\n<li data-start=\"1279\" data-end=\"1363\">\n<p data-start=\"1281\" data-end=\"1363\"><strong data-start=\"1281\" data-end=\"1307\">K\u00e9t f\u00fcggetlen motor<\/strong> a kever\u0151h\u00f6z \u00e9s a csig\u00e1hoz, megb\u00edzhat\u00f3 teljes\u00edtm\u00e9nyt biztos\u00edtva<\/p>\n<\/li>\n<li data-start=\"1364\" data-end=\"1416\">\n<p data-start=\"1366\" data-end=\"1416\"><strong data-start=\"1366\" data-end=\"1380\">\u00c9jszakai \u00fczemm\u00f3d<\/strong> a biztons\u00e1gos t\u00e1rol\u00e1s \u00e9s a k\u00f6nny\u0171 \u00fajraind\u00edt\u00e1s \u00e9rdek\u00e9ben<\/p>\n<\/li>\n<li data-start=\"1417\" data-end=\"1505\">\n<p data-start=\"1419\" data-end=\"1505\"><strong data-start=\"1419\" data-end=\"1448\">\u00c9rint\u0151k\u00e9perny\u0151s kezel\u0151panel<\/strong> multifunkci\u00f3s programokkal \u00e9s h\u0151m\u00e9rs\u00e9klet-szab\u00e1lyoz\u00e1ssal<\/p>\n<\/li>\n<li data-start=\"1506\" data-end=\"1593\">\n<p data-start=\"1508\" data-end=\"1593\"><strong data-start=\"1508\" data-end=\"1543\">Kivehet\u0151 rozsdamentes ac\u00e9l csiga<\/strong> a k\u00f6nny\u0171 tiszt\u00edt\u00e1shoz \u00e9s csokol\u00e1d\u00e9fajt\u00e1k cser\u00e9j\u00e9hez<\/p>\n<\/li>\n<li data-start=\"1594\" data-end=\"1670\">\n<p data-start=\"1596\" data-end=\"1670\">Opcion\u00e1lis <strong data-start=\"1605\" data-end=\"1630\">Aya 4.0 Wi-Fi csomag<\/strong> t\u00e1vvez\u00e9rl\u00e9shez \u00e9s t\u00e1vseg\u00edts\u00e9ghez<\/p>\n<\/li>\n<\/ul>\n<h3 data-start=\"1677\" data-end=\"1711\"><strong data-start=\"1681\" data-end=\"1709\">M\u0171szaki specifik\u00e1ci\u00f3k<\/strong><\/h3>\n<table>\n<thead>\n<tr>\n<th><strong>Kateg\u00f3ria<\/strong><\/th>\n<th><strong>R\u00e9szletek<\/strong><\/th>\n<\/tr>\n<\/thead>\n<tbody>\n<tr>\n<td><strong>M\u00e9retek \u00e9s s\u00faly<\/strong><\/td>\n<td>Hossz\u00fas\u00e1g: 46 cmSz\u00e9less\u00e9g: 36 cmTeljes magass\u00e1g: 80,5 cmT\u00e1l \u00e1tm\u00e9r\u0151je: 20 cmKimeneti cs\u0151 hossza: 38,5 cmG\u00e9p s\u00falya: 40 kgT\u00e1l kapacit\u00e1sa: 6 kgTest anyaga: Rozsdamentes ac\u00e9l<\/td>\n<\/tr>\n<tr>\n<td><strong>Fogyaszt\u00e1s<\/strong><\/td>\n<td>1 kW230 V - 50\/60 Hz<\/td>\n<\/tr>\n<tr>\n<td><strong>Munkaid\u0151<\/strong><\/td>\n<td>Olvad\u00e1s \u00e9s sz\u00f6k\u0151k\u00fat hat\u00e1s:- 1 \u00f3ra (csokol\u00e1d\u00e9forg\u00e1csb\u00f3l)- N\u00e9h\u00e1ny m\u00e1sodperc (k\u00e9szenl\u00e9ti \u00e1llapotb\u00f3l)<\/td>\n<\/tr>\n<tr>\n<td><strong>Vez\u00e9rl\u00e9s \u00e9s m\u0171szerez\u00e9s<\/strong><\/td>\n<td>4,3\u201d-os \u00e9rint\u0151k\u00e9perny\u0151s kijelz\u0151K\u00e9zi \u00e9s k\u00e9szenl\u00e9ti \u00fczemm\u00f3dElektronikus adagol\u00e1sH\u0151m\u00e9rs\u00e9kletkezel\u00e9sT\u00e1vvez\u00e9rl\u00e9s \u00e9s t\u00e1vseg\u00edts\u00e9gV\u00e9delmiszerbiztos\u00edt\u00e9kok a f\u0151 alkatr\u00e9szekenReteszthet\u0151 biztos\u00edt\u00e9k a csigamotorhozInverter a csigamotor visszaford\u00edt\u00e1s\u00e1hozPed\u00e1l a csokol\u00e1d\u00e9\u00e1raml\u00e1s le\u00e1ll\u00edt\u00e1s\u00e1hozM\u00e1gneses tart\u00e1lyv\u00e9delmi \u00e9rz\u00e9kel\u0151M\u00e1gneses tart\u00e1lyv\u00e9delmi \u00e9rz\u00e9kel\u0151<\/td>\n<\/tr>\n<tr>\n<td><strong>Mozg\u00e1srendszer<\/strong><\/td>\n<td>2 egyf\u00e1zis\u00fa motor2 reduktorElt\u00e1vol\u00edthat\u00f3 rozsdamentes ac\u00e9l csiga<\/td>\n<\/tr>\n<tr>\n<td><strong>F\u0171t\u00e9si rendszer<\/strong><\/td>\n<td>1 Szilikon ellen\u00e1ll\u00e1s (tart\u00e1lyf\u0171t\u00e9s)1 K\u00e1bel ellen\u00e1ll\u00e1s (csigaf\u0171t\u00e9s)<\/td>\n<\/tr>\n<tr>\n<td><strong>Opcion\u00e1lis<\/strong><\/td>\n<td><strong>Aya 4.0 csomag<\/strong>: Wi-Fi dongle, tablet k\u00e9zik\u00f6nyvekkel \u00e9s vide\u00f3kkal, t\u00e1voli seg\u00edts\u00e9gny\u00fajt\u00e1s<\/td>\n<\/tr>\n<tr>\n<td><strong>H\u0151m\u00e9rs\u00e9klet-szab\u00e1lyoz\u00e1s<\/strong><\/td>\n<td>2 PT 100 szonda: (1) tart\u00e1ly, (2) f\u00far\u00f3csiga<\/td>\n<\/tr>\n<\/tbody>\n<\/table>","protected":false},"excerpt":{"rendered":"<p>The Aya K6 is a professional countertop chocolate fountain designed for ice cream parlors, caf\u00e9s, bars, and restaurants that want to delight customers with both visual impact and irresistible aroma. Beyond being functional, it enhances the atmosphere of any venue by adding a touch of novelty and elegance. Thanks to its stainless steel body, dual [&hellip;]<\/p>\n","protected":false},"featured_media":7120,"comment_status":"open","ping_status":"closed","template":"","meta":[],"product_brand":[],"product_cat":[46],"product_tag":[],"class_list":{"0":"post-7104","1":"product","2":"type-product","3":"status-publish","4":"has-post-thumbnail","6":"product_cat-countertop-chocolate-melter","8":"first","9":"instock","10":"shipping-taxable","11":"product-type-simple"},"_links":{"self":[{"href":"https:\/\/dersuessestopp.com\/hu\/wp-json\/wp\/v2\/product\/7104","targetHints":{"allow":["GET"]}}],"collection":[{"href":"https:\/\/dersuessestopp.com\/hu\/wp-json\/wp\/v2\/product"}],"about":[{"href":"https:\/\/dersuessestopp.com\/hu\/wp-json\/wp\/v2\/types\/product"}],"replies":[{"embeddable":true,"href":"https:\/\/dersuessestopp.com\/hu\/wp-json\/wp\/v2\/comments?post=7104"}],"version-history":[{"count":2,"href":"https:\/\/dersuessestopp.com\/hu\/wp-json\/wp\/v2\/product\/7104\/revisions"}],"predecessor-version":[{"id":7122,"href":"https:\/\/dersuessestopp.com\/hu\/wp-json\/wp\/v2\/product\/7104\/revisions\/7122"}],"wp:featuredmedia":[{"embeddable":true,"href":"https:\/\/dersuessestopp.com\/hu\/wp-json\/wp\/v2\/media\/7120"}],"wp:attachment":[{"href":"https:\/\/dersuessestopp.com\/hu\/wp-json\/wp\/v2\/media?parent=7104"}],"wp:term":[{"taxonomy":"product_brand","embeddable":true,"href":"https:\/\/dersuessestopp.com\/hu\/wp-json\/wp\/v2\/product_brand?post=7104"},{"taxonomy":"product_cat","embeddable":true,"href":"https:\/\/dersuessestopp.com\/hu\/wp-json\/wp\/v2\/product_cat?post=7104"},{"taxonomy":"product_tag","embeddable":true,"href":"https:\/\/dersuessestopp.com\/hu\/wp-json\/wp\/v2\/product_tag?post=7104"}],"curies":[{"name":"wp","href":"https:\/\/api.w.org\/{rel}","templated":true}]}}