{"id":7093,"date":"2025-08-30T10:21:37","date_gmt":"2025-08-30T10:21:37","guid":{"rendered":"https:\/\/dersuessestopp.com\/?post_type=product&#038;p=7093"},"modified":"2025-08-30T10:21:37","modified_gmt":"2025-08-30T10:21:37","slug":"aya-k6-dupla","status":"publish","type":"product","link":"https:\/\/dersuessestopp.com\/hu\/product\/aya-k6-double\/","title":{"rendered":"Aya K6 Dupla"},"content":{"rendered":"<p data-start=\"315\" data-end=\"665\">A <strong data-start=\"319\" data-end=\"336\">Aya K6 Dupla<\/strong> egy pr\u00e9mium kateg\u00f3ri\u00e1s pultos csokol\u00e1d\u00e9olvaszt\u00f3 \u00e9s sz\u00f6k\u0151k\u00fat, amelyet fagylaltoz\u00f3k, k\u00e1v\u00e9z\u00f3k, p\u00e9ks\u00e9gek \u00e9s \u00e9ttermek sz\u00e1m\u00e1ra terveztek, amelyek a vend\u00e9geket mindkett\u0151vel szeretn\u00e9k leny\u0171g\u00f6zni. <strong data-start=\"498\" data-end=\"520\">st\u00edlus \u00e9s funkci\u00f3<\/strong>. Ez a modell egyes\u00edti a szemet gy\u00f6ny\u00f6rk\u00f6dtet\u0151 csokol\u00e1d\u00e9 sz\u00f6k\u0151k\u00fat hat\u00e1st a fejlett funkci\u00f3kkal, amelyek garant\u00e1lj\u00e1k a megb\u00edzhat\u00f3s\u00e1got, a hat\u00e9konys\u00e1got \u00e9s a k\u00f6nny\u0171 haszn\u00e1latot.<\/p>\n<p data-start=\"667\" data-end=\"884\">K\u00f6sz\u00f6nhet\u0151en a <strong data-start=\"681\" data-end=\"705\">rozsdamentes ac\u00e9l test<\/strong>, <strong data-start=\"707\" data-end=\"728\">kett\u0151s motoros rendszer<\/strong>, \u00e9s <strong data-start=\"734\" data-end=\"753\">kivehet\u0151 csiga<\/strong>, az Aya K6 Double egyenletes teljes\u00edtm\u00e9nyt biztos\u00edt a hosszabb \u00fczemel\u00e9shez, mik\u00f6zben fenntartja a legmagasabb \u00e9lelmiszerbiztons\u00e1gi szabv\u00e1nyokat.<\/p>\n<p data-start=\"886\" data-end=\"1170\">A <strong data-start=\"890\" data-end=\"904\">\u00c9jszakai \u00fczemm\u00f3d<\/strong> lehet\u0151v\u00e9 teszi, hogy a g\u00e9p automatikusan visszat\u00f6ltse a csokol\u00e1d\u00e9t a tart\u00e1lyba, \u00edgy biztos\u00edtva a z\u00f6kken\u0151mentes \u00fajraind\u00edt\u00e1st a k\u00f6vetkez\u0151 napon. A <strong data-start=\"1015\" data-end=\"1045\">\u00e9rint\u0151k\u00e9perny\u0151s vez\u00e9rl\u0151rendszer<\/strong> \u00e9s a fejlett adagol\u00e1si\/h\u0151m\u00e9rs\u00e9klet-szab\u00e1lyoz\u00e1s t\u00f6k\u00e9letes v\u00e1laszt\u00e1ss\u00e1 teszi az innov\u00e1ci\u00f3t \u00e9s a praktikumot keres\u0151 szakemberek sz\u00e1m\u00e1ra.<\/p>\n<h3 data-start=\"1177\" data-end=\"1199\">A term\u00e9k jellemz\u0151i<\/h3>\n<ul data-start=\"1200\" data-end=\"1948\">\n<li data-start=\"1200\" data-end=\"1292\">\n<p data-start=\"1202\" data-end=\"1292\"><strong data-start=\"1202\" data-end=\"1224\">St\u00edlusos \u00e9s tart\u00f3s:<\/strong> Teljes rozsdamentes ac\u00e9ltest a hossz\u00fa \u00e9lettartam \u00e9s a k\u00f6nny\u0171 tiszt\u00edt\u00e1s \u00e9rdek\u00e9ben.<\/p>\n<\/li>\n<li data-start=\"1293\" data-end=\"1393\">\n<p data-start=\"1295\" data-end=\"1393\"><strong data-start=\"1295\" data-end=\"1323\">Nagy teljes\u00edtm\u00e9ny\u0171 rendszer:<\/strong> A csiga \u00e9s a kever\u0151 kett\u0151s motorja garant\u00e1lja a csokol\u00e1d\u00e9 egyenletes \u00e1raml\u00e1s\u00e1t.<\/p>\n<\/li>\n<li data-start=\"1394\" data-end=\"1519\">\n<p data-start=\"1396\" data-end=\"1519\"><strong data-start=\"1396\" data-end=\"1423\">Felhaszn\u00e1l\u00f3bar\u00e1t vez\u00e9rl\u00e9s:<\/strong> 4,3 h\u00fcvelykes \u00e9rint\u0151k\u00e9perny\u0151 t\u00f6bbfunkci\u00f3s programokkal, adagol\u00e1si lehet\u0151s\u00e9gekkel \u00e9s h\u0151m\u00e9rs\u00e9klet-szab\u00e1lyoz\u00e1ssal.<\/p>\n<\/li>\n<li data-start=\"1520\" data-end=\"1616\">\n<p data-start=\"1522\" data-end=\"1616\"><strong data-start=\"1522\" data-end=\"1537\">\u00c9jszakai \u00fczemm\u00f3d:<\/strong> Megford\u00edtja a csigamotort, hogy a csokol\u00e1d\u00e9t visszat\u00f6ltse a tart\u00e1lyba a biztons\u00e1gos \u00e9jszakai haszn\u00e1lat \u00e9rdek\u00e9ben.<\/p>\n<\/li>\n<li data-start=\"1617\" data-end=\"1741\">\n<p data-start=\"1619\" data-end=\"1741\"><strong data-start=\"1619\" data-end=\"1644\">Rugalmas \u00e9s hat\u00e9kony:<\/strong> A kivehet\u0151 rozsdamentes ac\u00e9l csiga lehet\u0151v\u00e9 teszi a k\u00fcl\u00f6nb\u00f6z\u0151 csokol\u00e1d\u00e9t\u00edpusok \u00e9s sz\u00ednek k\u00f6z\u00f6tti v\u00e1lt\u00e1st.<\/p>\n<\/li>\n<li data-start=\"1742\" data-end=\"1837\">\n<p data-start=\"1744\" data-end=\"1837\"><strong data-start=\"1744\" data-end=\"1761\">A biztons\u00e1g az els\u0151:<\/strong> Biztos\u00edt\u00e9kokkal, vissza\u00e1ll\u00edthat\u00f3 v\u00e9delmekkel \u00e9s m\u00e1gneses biztons\u00e1gi \u00e9rz\u00e9kel\u0151kkel felszerelt.<\/p>\n<\/li>\n<li data-start=\"1838\" data-end=\"1948\">\n<p data-start=\"1840\" data-end=\"1948\"><strong data-start=\"1840\" data-end=\"1879\">Opcion\u00e1lis friss\u00edt\u00e9s (Aya 4.0 csomag):<\/strong> Wi-Fi dongle, oktat\u00f3 t\u00e1blag\u00e9p \u00e9s t\u00e1voli seg\u00edts\u00e9gny\u00fajt\u00e1si szolg\u00e1ltat\u00e1s.<\/p>\n<\/li>\n<\/ul>\n<h3 data-start=\"1955\" data-end=\"1985\">M\u0171szaki specifik\u00e1ci\u00f3k<\/h3>\n<div class=\"_tableContainer_1rjym_1\">\n<div class=\"_tableWrapper_1rjym_13 group flex w-fit flex-col-reverse\">\n<table>\n<thead>\n<tr>\n<th><strong>Kateg\u00f3ria<\/strong><\/th>\n<th><strong>R\u00e9szletek<\/strong><\/th>\n<\/tr>\n<\/thead>\n<tbody>\n<tr>\n<td><strong>M\u00e9retek \u00e9s s\u00faly<\/strong><\/td>\n<td>Hossz\u00fas\u00e1g: 46 cm - Sz\u00e9less\u00e9g: 72,3 cm - Magass\u00e1g: 80,5 cm - T\u00e1l \u00e1tm\u00e9r\u0151je: 20 cm - Kifoly\u00f3cs\u0151 hossza: 38,5 cm - S\u00faly: 76 kg - T\u00e1l kapacit\u00e1sa: 6 kg \u00d7 1<\/td>\n<\/tr>\n<tr>\n<td><strong>Test anyaga<\/strong><\/td>\n<td>Rozsdamentes ac\u00e9l<\/td>\n<\/tr>\n<tr>\n<td><strong>Fogyaszt\u00e1s<\/strong><\/td>\n<td>1 kW - 230 V - 50\/60 Hz<\/td>\n<\/tr>\n<tr>\n<td><strong>Munkaid\u0151<\/strong><\/td>\n<td>Olvad\u00e1s \u00e9s sz\u00f6k\u0151k\u00fat hat\u00e1s: ~1 \u00f3ra (csokidarabk\u00e1kkal) \/ N\u00e9h\u00e1ny m\u00e1sodperc (k\u00e9szenl\u00e9ti \u00e1llapotb\u00f3l)<\/td>\n<\/tr>\n<tr>\n<td><strong>Vez\u00e9rl\u0151rendszer<\/strong><\/td>\n<td>4,3\u201d-os \u00e9rint\u0151k\u00e9perny\u0151 - K\u00e9zi \u00e9s k\u00e9szenl\u00e9ti \u00fczemm\u00f3d - Elektronikus adagol\u00e1s - H\u0151m\u00e9rs\u00e9klet-szab\u00e1lyoz\u00e1s - T\u00e1vir\u00e1ny\u00edt\u00f3 k\u00e9szen \u00e1ll a t\u00e1vvez\u00e9rl\u00e9sre<\/td>\n<\/tr>\n<tr>\n<td><strong>Biztons\u00e1gi jellemz\u0151k<\/strong><\/td>\n<td>F\u0151 alkatr\u00e9sz biztos\u00edt\u00e9kok - Vissza\u00e1ll\u00edthat\u00f3 csiga biztos\u00edt\u00e9k - Inverter a csiga visszaford\u00edt\u00e1s\u00e1hoz - Ped\u00e1los meg\u00e1ll\u00e1s a csokol\u00e1d\u00e9 \u00e1raml\u00e1s\u00e1hoz - M\u00e1gneses tart\u00e1lyv\u00e9delmi \u00e9rz\u00e9kel\u0151<\/td>\n<\/tr>\n<tr>\n<td><strong>Mozg\u00e1srendszer<\/strong><\/td>\n<td>2 \u00d7 egyf\u00e1zis\u00fa motor - 2 \u00d7 reduktor - Kivehet\u0151 rozsdamentes ac\u00e9l csiga<\/td>\n<\/tr>\n<tr>\n<td><strong>F\u0171t\u00e9si rendszer<\/strong><\/td>\n<td>1 \u00d7 szilikon ellen\u00e1ll\u00e1s (tart\u00e1ly) - 1 \u00d7 k\u00e1bel ellen\u00e1ll\u00e1s (csiga)<\/td>\n<\/tr>\n<tr>\n<td><strong>H\u0151m\u00e9rs\u00e9klet-szab\u00e1lyoz\u00e1s<\/strong><\/td>\n<td>2 \u00d7 PT 100 szonda (tart\u00e1ly + csiga)<\/td>\n<\/tr>\n<tr>\n<td><strong>V\u00e1laszthat\u00f3 (Aya 4.0 csomag)<\/strong><\/td>\n<td>Wi-Fi dongle - Tablet k\u00e9zik\u00f6nyvekkel\/vide\u00f3kkal - T\u00e1voli seg\u00edts\u00e9gny\u00fajt\u00e1si szolg\u00e1ltat\u00e1s<\/td>\n<\/tr>\n<\/tbody>\n<\/table>\n<\/div>\n<\/div>","protected":false},"excerpt":{"rendered":"<p>The Aya K6 Double is a premium countertop chocolate melter and fountain, designed for ice cream parlors, caf\u00e9s, bakeries, and restaurants that want to impress customers with both style and function. This model combines an eye-catching chocolate fountain effect with advanced features that guarantee reliability, efficiency, and ease of use. Thanks to its stainless steel [&hellip;]<\/p>\n","protected":false},"featured_media":7101,"comment_status":"open","ping_status":"closed","template":"","meta":[],"product_brand":[],"product_cat":[46],"product_tag":[],"class_list":{"0":"post-7093","1":"product","2":"type-product","3":"status-publish","4":"has-post-thumbnail","6":"product_cat-countertop-chocolate-melter","8":"first","9":"instock","10":"shipping-taxable","11":"product-type-simple"},"_links":{"self":[{"href":"https:\/\/dersuessestopp.com\/hu\/wp-json\/wp\/v2\/product\/7093","targetHints":{"allow":["GET"]}}],"collection":[{"href":"https:\/\/dersuessestopp.com\/hu\/wp-json\/wp\/v2\/product"}],"about":[{"href":"https:\/\/dersuessestopp.com\/hu\/wp-json\/wp\/v2\/types\/product"}],"replies":[{"embeddable":true,"href":"https:\/\/dersuessestopp.com\/hu\/wp-json\/wp\/v2\/comments?post=7093"}],"version-history":[{"count":2,"href":"https:\/\/dersuessestopp.com\/hu\/wp-json\/wp\/v2\/product\/7093\/revisions"}],"predecessor-version":[{"id":7103,"href":"https:\/\/dersuessestopp.com\/hu\/wp-json\/wp\/v2\/product\/7093\/revisions\/7103"}],"wp:featuredmedia":[{"embeddable":true,"href":"https:\/\/dersuessestopp.com\/hu\/wp-json\/wp\/v2\/media\/7101"}],"wp:attachment":[{"href":"https:\/\/dersuessestopp.com\/hu\/wp-json\/wp\/v2\/media?parent=7093"}],"wp:term":[{"taxonomy":"product_brand","embeddable":true,"href":"https:\/\/dersuessestopp.com\/hu\/wp-json\/wp\/v2\/product_brand?post=7093"},{"taxonomy":"product_cat","embeddable":true,"href":"https:\/\/dersuessestopp.com\/hu\/wp-json\/wp\/v2\/product_cat?post=7093"},{"taxonomy":"product_tag","embeddable":true,"href":"https:\/\/dersuessestopp.com\/hu\/wp-json\/wp\/v2\/product_tag?post=7093"}],"curies":[{"name":"wp","href":"https:\/\/api.w.org\/{rel}","templated":true}]}}