{"id":7087,"date":"2025-08-30T07:34:26","date_gmt":"2025-08-30T07:34:26","guid":{"rendered":"https:\/\/dersuessestopp.com\/?post_type=product&#038;p=7087"},"modified":"2025-08-30T07:37:20","modified_gmt":"2025-08-30T07:37:20","slug":"szallitoszalag-az-adam-k60-hoz","status":"publish","type":"product","link":"https:\/\/dersuessestopp.com\/hu\/product\/conveyor-belt-for-adam-k60\/","title":{"rendered":"Sz\u00e1ll\u00edt\u00f3szalag az Adam K60-hoz"},"content":{"rendered":"<p data-start=\"158\" data-end=\"200\"><strong data-start=\"158\" data-end=\"198\">Automatiz\u00e1lt csokol\u00e1d\u00e9 bevon\u00f3 megold\u00e1s<\/strong><\/p>\n<p data-start=\"202\" data-end=\"468\">A <strong data-start=\"206\" data-end=\"236\">Sz\u00e1ll\u00edt\u00f3szalag az Adam K60-hoz<\/strong> egy c\u00e9lzottan kifejlesztett kieg\u00e9sz\u00edt\u0151, amelyet \u00fagy terveztek, hogy z\u00f6kken\u0151mentesen illeszkedjen az Adam K60 asztali temper\u00e1l\u00f3g\u00e9phez. Egy\u00fctt automatiz\u00e1lj\u00e1k a csokol\u00e1d\u00e9 bevon\u00e1si folyamatot, megk\u00f6nny\u00edtve a professzion\u00e1lis min\u0151s\u00e9g\u0171 bevonatos term\u00e9kek el\u0151\u00e1ll\u00edt\u00e1s\u00e1t.<\/p>\n<p data-start=\"470\" data-end=\"774\">Felszerelve egy <strong data-start=\"486\" data-end=\"510\">rozsdamentes ac\u00e9l r\u00e1cs<\/strong>, a sz\u00e1ll\u00edt\u00f3szalag lehet\u0151v\u00e9 teszi egy <strong data-start=\"555\" data-end=\"576\">csokol\u00e1d\u00e9 kaszk\u00e1d<\/strong>, lehet\u0151v\u00e9 t\u00e9ve a kekszek, gy\u00fcm\u00f6lcs\u00f6k, di\u00f3f\u00e9l\u00e9k \u00e9s m\u00e1s \u00e9dess\u00e9gek sima bevon\u00e1s\u00e1t. Be\u00e9p\u00edtett <strong data-start=\"671\" data-end=\"688\">f\u00fav\u00f3rendszer<\/strong> biztos\u00edtja a felesleges csokol\u00e1d\u00e9 elt\u00e1vol\u00edt\u00e1s\u00e1t, \u00edgy a term\u00e9kek tiszta, egys\u00e9ges fel\u00fcletet kapnak.<\/p>\n<p data-start=\"776\" data-end=\"1063\">A g\u00e9p tartalmaz egy <strong data-start=\"804\" data-end=\"831\">viaszospap\u00edr-tekercses rendszer<\/strong> az automatikus term\u00e9kelhelyez\u00e9shez, biztos\u00edtva a k\u00f6nny\u0171 gy\u0171jt\u00e9st \u00e9s kezel\u00e9st. Kompakt, tart\u00f3s, \u00e9s a k\u00f6vetkez\u0151 anyagokb\u00f3l k\u00e9sz\u00fclt <strong data-start=\"939\" data-end=\"971\">kiv\u00e1l\u00f3 min\u0151s\u00e9g\u0171 rozsdamentes ac\u00e9l<\/strong>, megb\u00edzhat\u00f3s\u00e1got \u00e9s hat\u00e9konys\u00e1got biztos\u00edt a csokol\u00e1d\u00e9k\u00e9sz\u00edt\u0151k \u00e9s cukr\u00e1szok sz\u00e1m\u00e1ra.<\/p>\n<h2 data-start=\"1070\" data-end=\"1089\">A term\u00e9k jellemz\u0151i<\/h2>\n<ul data-start=\"1090\" data-end=\"1547\">\n<li data-start=\"1090\" data-end=\"1155\">\n<p data-start=\"1092\" data-end=\"1155\">Kifejezetten a <strong data-start=\"1122\" data-end=\"1152\">Adam K60 temper\u00e1l\u00f3 g\u00e9p<\/strong>.<\/p>\n<\/li>\n<li data-start=\"1156\" data-end=\"1229\">\n<p data-start=\"1158\" data-end=\"1229\"><strong data-start=\"1158\" data-end=\"1191\">Rozsdamentes ac\u00e9l r\u00e1csos sz\u00e1ll\u00edt\u00f3szalag<\/strong> a higi\u00e9nikus \u00e9s tart\u00f3s m\u0171k\u00f6d\u00e9s \u00e9rdek\u00e9ben.<\/p>\n<\/li>\n<li data-start=\"1230\" data-end=\"1282\">\n<p data-start=\"1232\" data-end=\"1282\"><strong data-start=\"1232\" data-end=\"1262\">Csokol\u00e1d\u00e9 v\u00edzes\u00e9s rendszer<\/strong> az egyenletes bevonat \u00e9rdek\u00e9ben.<\/p>\n<\/li>\n<li data-start=\"1283\" data-end=\"1336\">\n<p data-start=\"1285\" data-end=\"1336\">Integr\u00e1lt <strong data-start=\"1296\" data-end=\"1306\">f\u00fav\u00f3<\/strong> hogy elt\u00e1vol\u00edtsuk a felesleges csokol\u00e1d\u00e9t.<\/p>\n<\/li>\n<li data-start=\"1337\" data-end=\"1404\">\n<p data-start=\"1339\" data-end=\"1404\">Automatikus <strong data-start=\"1349\" data-end=\"1369\">viaszpap\u00edrtekercs<\/strong> a k\u00e9nyelmes term\u00e9kkezel\u00e9s \u00e9rdek\u00e9ben.<\/p>\n<\/li>\n<li data-start=\"1405\" data-end=\"1474\">\n<p data-start=\"1407\" data-end=\"1474\"><strong data-start=\"1407\" data-end=\"1444\">Fix f\u00fav\u00f3teljes\u00edtm\u00e9ny \u00e9s sz\u00edjsebess\u00e9g<\/strong> az egyenletes teljes\u00edtm\u00e9ny \u00e9rdek\u00e9ben.<\/p>\n<\/li>\n<li data-start=\"1475\" data-end=\"1547\">\n<p data-start=\"1477\" data-end=\"1547\"><strong data-start=\"1477\" data-end=\"1495\">Kompakt kialak\u00edt\u00e1s<\/strong> rozsdamentes ac\u00e9lb\u00f3l k\u00e9sz\u00fclt a tart\u00f3ss\u00e1g \u00e9rdek\u00e9ben.<\/p>\n<\/li>\n<\/ul>\n<h2 data-start=\"1554\" data-end=\"1581\">M\u0171szaki specifik\u00e1ci\u00f3k<\/h2>\n<table>\n<thead>\n<tr>\n<th><strong>Kateg\u00f3ria<\/strong><\/th>\n<th><strong>R\u00e9szletek<\/strong><\/th>\n<\/tr>\n<\/thead>\n<tbody>\n<tr>\n<td><strong>M\u00e9retek \u00e9s s\u00faly<\/strong><\/td>\n<td>Hossz\u00fas\u00e1g: 106,5 cmSz\u00e9less\u00e9g: 48 cmTeljes magass\u00e1g: 51 cmAz \u00f6v sz\u00e9less\u00e9ge: 30 cmA kil\u00e9p\u0151 ter\u00fclet hossza: 46,3 cmS\u00faly: 45 kgV\u00e1z anyaga: Rozsdamentes ac\u00e9l<\/td>\n<\/tr>\n<tr>\n<td><strong>Fogyaszt\u00e1s<\/strong><\/td>\n<td>1 kW230 V - 50 Hz (op. 230 V)<\/td>\n<\/tr>\n<tr>\n<td><strong>M\u0171szerek<\/strong><\/td>\n<td>1 f\u00fav\u00f3ka1 tekercs viaszpap\u00edr1 csokol\u00e1d\u00e9 v\u00edzes\u00e9sK\u00f6zvetlen elektromos csatlakoz\u00e1s Adam K60-hoz<\/td>\n<\/tr>\n<tr>\n<td><strong>Mozg\u00e1srendszer<\/strong><\/td>\n<td>1 motor Rozsdamentes ac\u00e9l grill30 cm k\u00e9k szalag<\/td>\n<\/tr>\n<\/tbody>\n<\/table>","protected":false},"excerpt":{"rendered":"<p>Automated Chocolate Coating Solution The Conveyor Belt for Adam K60 is a purpose-built accessory designed to seamlessly integrate with the Adam K60 benchtop tempering machine. Together, they automate the chocolate coating process, making it easier to produce professional-quality enrobed products. Equipped with a stainless steel grid, the conveyor belt allows the creation of a chocolate [&hellip;]<\/p>\n","protected":false},"featured_media":7089,"comment_status":"open","ping_status":"closed","template":"","meta":[],"product_brand":[],"product_cat":[45],"product_tag":[],"class_list":{"0":"post-7087","1":"product","2":"type-product","3":"status-publish","4":"has-post-thumbnail","6":"product_cat-tempering-belts","8":"first","9":"instock","10":"shipping-taxable","11":"product-type-simple"},"_links":{"self":[{"href":"https:\/\/dersuessestopp.com\/hu\/wp-json\/wp\/v2\/product\/7087","targetHints":{"allow":["GET"]}}],"collection":[{"href":"https:\/\/dersuessestopp.com\/hu\/wp-json\/wp\/v2\/product"}],"about":[{"href":"https:\/\/dersuessestopp.com\/hu\/wp-json\/wp\/v2\/types\/product"}],"replies":[{"embeddable":true,"href":"https:\/\/dersuessestopp.com\/hu\/wp-json\/wp\/v2\/comments?post=7087"}],"version-history":[{"count":1,"href":"https:\/\/dersuessestopp.com\/hu\/wp-json\/wp\/v2\/product\/7087\/revisions"}],"predecessor-version":[{"id":7091,"href":"https:\/\/dersuessestopp.com\/hu\/wp-json\/wp\/v2\/product\/7087\/revisions\/7091"}],"wp:featuredmedia":[{"embeddable":true,"href":"https:\/\/dersuessestopp.com\/hu\/wp-json\/wp\/v2\/media\/7089"}],"wp:attachment":[{"href":"https:\/\/dersuessestopp.com\/hu\/wp-json\/wp\/v2\/media?parent=7087"}],"wp:term":[{"taxonomy":"product_brand","embeddable":true,"href":"https:\/\/dersuessestopp.com\/hu\/wp-json\/wp\/v2\/product_brand?post=7087"},{"taxonomy":"product_cat","embeddable":true,"href":"https:\/\/dersuessestopp.com\/hu\/wp-json\/wp\/v2\/product_cat?post=7087"},{"taxonomy":"product_tag","embeddable":true,"href":"https:\/\/dersuessestopp.com\/hu\/wp-json\/wp\/v2\/product_tag?post=7087"}],"curies":[{"name":"wp","href":"https:\/\/api.w.org\/{rel}","templated":true}]}}