{"id":7083,"date":"2025-08-30T07:30:25","date_gmt":"2025-08-30T07:30:25","guid":{"rendered":"https:\/\/dersuessestopp.com\/?post_type=product&#038;p=7083"},"modified":"2025-08-30T07:37:21","modified_gmt":"2025-08-30T07:37:21","slug":"szallitoszalag-az-adam-k6-k12-k24-szamara","status":"publish","type":"product","link":"https:\/\/dersuessestopp.com\/hu\/product\/conveyor-belt-for-adam-k6-k12-k24\/","title":{"rendered":"Sz\u00e1ll\u00edt\u00f3szalag az Adam K6 K12 K24 sz\u00e1m\u00e1ra"},"content":{"rendered":"<p data-start=\"258\" data-end=\"565\">A sz\u00e1ll\u00edt\u00f3szalagot \u00fagy tervezt\u00e9k, hogy z\u00f6kken\u0151mentesen illeszkedjen az Adam K6, K12 \u00e9s K24 temper\u00e1l\u00f3g\u00e9pekhez. Az \u00e1ll\u00edthat\u00f3 sebess\u00e9g\u0171, rozsdamentes ac\u00e9l r\u00e1ccsal ell\u00e1tott szalag folyamatos csokol\u00e1d\u00e9bevon\u00e1st tesz lehet\u0151v\u00e9, csokol\u00e1d\u00e9kaszk\u00e1d l\u00e9trehoz\u00e1s\u00e1val - ide\u00e1lis kekszek, aszalt gy\u00fcm\u00f6lcs\u00f6k \u00e9s egy\u00e9b cukr\u00e1szati term\u00e9kek bevon\u00e1s\u00e1hoz.<\/p>\n<p data-start=\"567\" data-end=\"861\">A rendszer f\u00fav\u00f3val van felszerelve a felesleges csokol\u00e1d\u00e9 elt\u00e1vol\u00edt\u00e1s\u00e1ra, ami biztos\u00edtja a sima \u00e9s egyenletes fel\u00fcletet. A motoros kocsi automatikusan viaszpap\u00edrra helyezi a bevonatos term\u00e9keket a k\u00f6nny\u0171 kezelhet\u0151s\u00e9g \u00e9rdek\u00e9ben. A kezel\u0151k egy kar seg\u00edts\u00e9g\u00e9vel meg\u00e1ll\u00edthatj\u00e1k a szalagot, lev\u00e1ghatj\u00e1k a pap\u00edrt, \u00e9s k\u00e9nyelmesen \u00e1tadhatj\u00e1k a k\u00e9sz term\u00e9keket.<\/p>\n<p data-start=\"863\" data-end=\"1093\">A tov\u00e1bbi funkcionalit\u00e1s \u00e9rdek\u00e9ben k\u00e9t kih\u00fazhat\u00f3 gomb egy tov\u00e1bbi t\u00e1lc\u00e1t tesz l\u00e1that\u00f3v\u00e1 a k\u00e9szterm\u00e9kek sz\u00e1m\u00e1ra. Mind a sz\u00e1ll\u00edt\u00f3szalag sebess\u00e9ge, mind a f\u00fav\u00f3 teljes\u00edtm\u00e9nye teljesen szab\u00e1lyozhat\u00f3, \u00edgy precizit\u00e1st \u00e9s rugalmass\u00e1got k\u00edn\u00e1l a k\u00fcl\u00f6nb\u00f6z\u0151 termel\u00e9si ig\u00e9nyekhez.<\/p>\n<h3 data-start=\"1100\" data-end=\"1122\">A term\u00e9k jellemz\u0151i<\/h3>\n<ul data-start=\"1123\" data-end=\"1504\">\n<li data-start=\"1123\" data-end=\"1183\">\n<p data-start=\"1125\" data-end=\"1183\">Kompatibilis az Adam K6, K12 \u00e9s K24 temper\u00e1l\u00f3 g\u00e9pekkel<\/p>\n<\/li>\n<li data-start=\"1184\" data-end=\"1230\">\n<p data-start=\"1186\" data-end=\"1230\">Rozsdamentes ac\u00e9l r\u00e1cs \u00e1ll\u00edthat\u00f3 sebess\u00e9ggel<\/p>\n<\/li>\n<li data-start=\"1231\" data-end=\"1277\">\n<p data-start=\"1233\" data-end=\"1277\">Integr\u00e1lt csokol\u00e1d\u00e9 v\u00edzes\u00e9s bevonathoz<\/p>\n<\/li>\n<li data-start=\"1278\" data-end=\"1322\">\n<p data-start=\"1280\" data-end=\"1322\">F\u00fav\u00f3rendszer a felesleges csokol\u00e1d\u00e9 elt\u00e1vol\u00edt\u00e1s\u00e1ra<\/p>\n<\/li>\n<li data-start=\"1323\" data-end=\"1371\">\n<p data-start=\"1325\" data-end=\"1371\">Automatikus viaszpap\u00edr adagol\u00f3 bevonatos term\u00e9kekhez<\/p>\n<\/li>\n<li data-start=\"1372\" data-end=\"1416\">\n<p data-start=\"1374\" data-end=\"1416\">Kih\u00fazhat\u00f3 tart\u00f3 t\u00e1lca a k\u00e9sz term\u00e9kek sz\u00e1m\u00e1ra<\/p>\n<\/li>\n<li data-start=\"1417\" data-end=\"1463\">\n<p data-start=\"1419\" data-end=\"1463\">\u00c1ll\u00edthat\u00f3 f\u00fav\u00f3teljes\u00edtm\u00e9ny \u00e9s sz\u00e1ll\u00edt\u00f3sebess\u00e9g<\/p>\n<\/li>\n<li data-start=\"1464\" data-end=\"1504\">\n<p data-start=\"1466\" data-end=\"1504\">K\u00f6nny\u0171 mobilit\u00e1s a be\u00e9p\u00edtett kerekekkel<\/p>\n<\/li>\n<\/ul>\n<h3 data-start=\"1511\" data-end=\"1541\">M\u0171szaki specifik\u00e1ci\u00f3k<\/h3>\n<table>\n<thead>\n<tr>\n<th><strong>Kateg\u00f3ria<\/strong><\/th>\n<th><strong>R\u00e9szletek<\/strong><\/th>\n<\/tr>\n<\/thead>\n<tbody>\n<tr>\n<td><strong>M\u00e9retek \u00e9s s\u00faly<\/strong><\/td>\n<td>Hossz\u00fas\u00e1g: 171,8 cmSz\u00e9less\u00e9g: 53,65 cmTeljes magass\u00e1g: 118,5 cm\u00d6v sz\u00e9less\u00e9ge: 22 cmS\u00faly: 60 kg<\/td>\n<\/tr>\n<tr>\n<td><strong>Test anyaga<\/strong><\/td>\n<td>Rozsdamentes ac\u00e9l<\/td>\n<\/tr>\n<tr>\n<td><strong>Fogyaszt\u00e1s<\/strong><\/td>\n<td>1 kW230 V - 50 Hz (opcion\u00e1lis 230 V-os v\u00e1ltozat)<\/td>\n<\/tr>\n<tr>\n<td><strong>M\u0171szerek<\/strong><\/td>\n<td>- 1 f\u00fav\u00f3- 2 szab\u00e1lyoz\u00f3 a leveg\u0151 teljes\u00edtm\u00e9ny\u00e9hez \u00e9s a szalag sebess\u00e9g\u00e9hez- 1 kivehet\u0151 t\u00e1lca- 1 tekercs viaszpap\u00edr- 1 csokol\u00e1d\u00e9 v\u00edzes\u00e9s- kerekek a k\u00f6nny\u0171 mozgat\u00e1shoz.<\/td>\n<\/tr>\n<tr>\n<td><strong>Mozg\u00e1srendszer<\/strong><\/td>\n<td>- 1 motor- rozsdamentes ac\u00e9l grill- 20 cm-es k\u00e9k \u00f6vvel<\/td>\n<\/tr>\n<\/tbody>\n<\/table>","protected":false},"excerpt":{"rendered":"<p>The conveyor belt is designed to integrate seamlessly with the Adam K6, K12, and K24 tempering machines. Featuring a stainless steel grid with adjustable speed, it enables continuous chocolate coating by creating a chocolate cascade\u2014ideal for coating biscuits, dried fruits, and other confectionery items. The system is equipped with a blower to remove excess chocolate, [&hellip;]<\/p>\n","protected":false},"featured_media":7084,"comment_status":"open","ping_status":"closed","template":"","meta":[],"product_brand":[],"product_cat":[45],"product_tag":[],"class_list":{"0":"post-7083","1":"product","2":"type-product","3":"status-publish","4":"has-post-thumbnail","6":"product_cat-tempering-belts","8":"first","9":"instock","10":"shipping-taxable","11":"product-type-simple"},"_links":{"self":[{"href":"https:\/\/dersuessestopp.com\/hu\/wp-json\/wp\/v2\/product\/7083","targetHints":{"allow":["GET"]}}],"collection":[{"href":"https:\/\/dersuessestopp.com\/hu\/wp-json\/wp\/v2\/product"}],"about":[{"href":"https:\/\/dersuessestopp.com\/hu\/wp-json\/wp\/v2\/types\/product"}],"replies":[{"embeddable":true,"href":"https:\/\/dersuessestopp.com\/hu\/wp-json\/wp\/v2\/comments?post=7083"}],"version-history":[{"count":2,"href":"https:\/\/dersuessestopp.com\/hu\/wp-json\/wp\/v2\/product\/7083\/revisions"}],"predecessor-version":[{"id":7086,"href":"https:\/\/dersuessestopp.com\/hu\/wp-json\/wp\/v2\/product\/7083\/revisions\/7086"}],"wp:featuredmedia":[{"embeddable":true,"href":"https:\/\/dersuessestopp.com\/hu\/wp-json\/wp\/v2\/media\/7084"}],"wp:attachment":[{"href":"https:\/\/dersuessestopp.com\/hu\/wp-json\/wp\/v2\/media?parent=7083"}],"wp:term":[{"taxonomy":"product_brand","embeddable":true,"href":"https:\/\/dersuessestopp.com\/hu\/wp-json\/wp\/v2\/product_brand?post=7083"},{"taxonomy":"product_cat","embeddable":true,"href":"https:\/\/dersuessestopp.com\/hu\/wp-json\/wp\/v2\/product_cat?post=7083"},{"taxonomy":"product_tag","embeddable":true,"href":"https:\/\/dersuessestopp.com\/hu\/wp-json\/wp\/v2\/product_tag?post=7083"}],"curies":[{"name":"wp","href":"https:\/\/api.w.org\/{rel}","templated":true}]}}