{"id":7073,"date":"2025-08-30T07:01:41","date_gmt":"2025-08-30T07:01:41","guid":{"rendered":"https:\/\/dersuessestopp.com\/?post_type=product&#038;p=7073"},"modified":"2025-08-30T07:01:41","modified_gmt":"2025-08-30T07:01:41","slug":"adam-k60","status":"publish","type":"product","link":"https:\/\/dersuessestopp.com\/hu\/product\/adam-k60\/","title":{"rendered":"Adam K60"},"content":{"rendered":"<p data-start=\"186\" data-end=\"258\"><strong data-start=\"186\" data-end=\"256\">Sokoldal\u00fa, nagy teljes\u00edtm\u00e9ny\u0171 pultos csokol\u00e1d\u00e9 temper\u00e1l\u00f3 g\u00e9p<\/strong><\/p>\n<p data-start=\"260\" data-end=\"600\">Az Adam K60-at olyan k\u00e9zm\u0171ves csokol\u00e1d\u00e9k\u00e9sz\u00edt\u0151knek \u00e9s cukr\u00e1szd\u00e1knak tervezt\u00e9k, amelyeknek sz\u00fcks\u00e9g\u00fck van <strong data-start=\"340\" data-end=\"399\">nagy termel\u00e9si kapacit\u00e1s, precizit\u00e1s \u00e9s k\u00f6nny\u0171 kezelhet\u0151s\u00e9g<\/strong>. A t\u00e1l kapacit\u00e1sa <strong data-start=\"425\" data-end=\"434\">60 kg<\/strong> \u00e9s ak\u00e1r \u00f3r\u00e1nk\u00e9nti teljes\u00edtm\u00e9ny <strong data-start=\"465\" data-end=\"497\">100 kg temper\u00e1lt csokol\u00e1d\u00e9<\/strong>, t\u00f6k\u00e9letes v\u00e1laszt\u00e1s azon m\u0171helyek sz\u00e1m\u00e1ra, amelyek a min\u0151s\u00e9groml\u00e1s n\u00e9lk\u00fcl szeretn\u00e9k optimaliz\u00e1lni a hat\u00e9konys\u00e1got.<\/p>\n<p data-start=\"602\" data-end=\"917\">Felszerelve egy <strong data-start=\"619\" data-end=\"658\">intuit\u00edv \u00e9rint\u0151k\u00e9perny\u0151s kezel\u0151panel<\/strong> A fejlett 4.0 technol\u00f3gi\u00e1val rendelkez\u0151 Adam K60 seg\u00edts\u00e9g\u00e9vel a h\u0151m\u00e9rs\u00e9klet, a temper\u00e1l\u00e1si ciklusok \u00e9s az adagol\u00e1s kezel\u00e9se n\u00e9h\u00e1ny \u00e9rint\u00e9ssel egyszer\u0171v\u00e9 v\u00e1lik. A robusztus rozsdamentes ac\u00e9lszerkezet biztos\u00edtja a tart\u00f3ss\u00e1got, m\u00edg az ergonomikus kialak\u00edt\u00e1s leegyszer\u0171s\u00edti a mindennapi haszn\u00e1latot.<\/p>\n<p data-start=\"919\" data-end=\"1206\">A g\u00e9p <strong data-start=\"933\" data-end=\"952\">kivehet\u0151 csiga<\/strong> lehet\u0151v\u00e9 teszi a gyors tiszt\u00edt\u00e1st \u00e9s karbantart\u00e1st. H\u00e1ts\u00f3 \u00fcr\u00edt\u0151cs\u0151vel, ford\u00edtott sebess\u00e9gv\u00e1lt\u00f3 vez\u00e9rl\u00e9ssel \u00e9s be\u00e9p\u00edtett vibr\u00e1ci\u00f3s asztalf\u0171t\u00e9ssel, valamint kett\u0151s formatart\u00f3val is rendelkezik, \u00edgy sokoldal\u00fa \u00e9s praktikus megold\u00e1st k\u00edn\u00e1l a professzion\u00e1lis csokol\u00e1d\u00e9gy\u00e1rt\u00e1shoz.<\/p>\n<p data-start=\"1208\" data-end=\"1345\">A m\u00e9g nagyobb rugalmass\u00e1g \u00e9rdek\u00e9ben az Adam K60 a k\u00f6vetkez\u0151ket k\u00edn\u00e1lja <strong data-start=\"1258\" data-end=\"1289\">opcion\u00e1lis Wi-Fi kapcsolat<\/strong>, lehet\u0151v\u00e9 t\u00e9ve a folyamatok t\u00e1vvez\u00e9rl\u00e9s\u00e9t \u00e9s nyomon k\u00f6vet\u00e9s\u00e9t.<\/p>\n<h3 data-start=\"1352\" data-end=\"1370\">F\u0151 jellemz\u0151k<\/h3>\n<ul data-start=\"1371\" data-end=\"2026\">\n<li data-start=\"1371\" data-end=\"1485\">\n<p data-start=\"1373\" data-end=\"1485\"><strong data-start=\"1373\" data-end=\"1391\">Nagy kapacit\u00e1s<\/strong> - 60 kg-os rozsdamentes ac\u00e9l t\u00e1l, folyamatos temper\u00e1l\u00e1ssal \u00e9s \u00f3r\u00e1nk\u00e9nti termel\u00e9ssel 100 kg-ig.<\/p>\n<\/li>\n<li data-start=\"1486\" data-end=\"1629\">\n<p data-start=\"1488\" data-end=\"1629\"><strong data-start=\"1488\" data-end=\"1509\">\u00c9rint\u0151k\u00e9perny\u0151s panel<\/strong> - Interakt\u00edv \u00e9s intuit\u00edv kezel\u0151fel\u00fclet \u00e9jszakai \u00fczemm\u00f3ddal, gyors kikapcsol\u00e1ssal, h\u00e1trameneti sebess\u00e9ggel \u00e9s pontos h\u0151m\u00e9rs\u00e9klet-szab\u00e1lyoz\u00e1ssal.<\/p>\n<\/li>\n<li data-start=\"1630\" data-end=\"1746\">\n<p data-start=\"1632\" data-end=\"1746\"><strong data-start=\"1632\" data-end=\"1652\">K\u00f6nny\u0171 karbantart\u00e1s<\/strong> - Fentr\u0151l elt\u00e1vol\u00edthat\u00f3 csiga n\u00e9gy gombbal az egyszer\u0171 tiszt\u00edt\u00e1s \u00e9rdek\u00e9ben, valamint h\u00e1ts\u00f3 \u00fcr\u00edt\u0151cs\u0151.<\/p>\n<\/li>\n<li data-start=\"1747\" data-end=\"1853\">\n<p data-start=\"1749\" data-end=\"1853\"><strong data-start=\"1749\" data-end=\"1779\">Integr\u00e1lt vibr\u00e1ci\u00f3s asztal<\/strong> - K\u00e9t szersz\u00e1mtart\u00f3 grillf\u0171t\u00e9ssel a hat\u00e9kony form\u00e1z\u00e1si m\u0171veletekhez.<\/p>\n<\/li>\n<li data-start=\"1854\" data-end=\"1956\">\n<p data-start=\"1856\" data-end=\"1956\"><strong data-start=\"1856\" data-end=\"1880\">Tart\u00f3s konstrukci\u00f3<\/strong> - Teljesen rozsdamentes ac\u00e9lb\u00f3l k\u00e9sz\u00fclt, a megb\u00edzhat\u00f3s\u00e1g \u00e9s a hossz\u00fa \u00e9lettartam \u00e9rdek\u00e9ben.<\/p>\n<\/li>\n<li data-start=\"1957\" data-end=\"2026\">\n<p data-start=\"1959\" data-end=\"2026\"><strong data-start=\"1959\" data-end=\"1984\">Opcion\u00e1lis Wi-Fi dongle<\/strong> - T\u00e1vir\u00e1ny\u00edt\u00f3 a tov\u00e1bbi k\u00e9nyelem \u00e9rdek\u00e9ben.<\/p>\n<\/li>\n<\/ul>\n<h3 data-start=\"2033\" data-end=\"2063\">M\u0171szaki specifik\u00e1ci\u00f3k<\/h3>\n<table>\n<thead>\n<tr>\n<th><strong>Kateg\u00f3ria<\/strong><\/th>\n<th><strong>R\u00e9szletek<\/strong><\/th>\n<\/tr>\n<\/thead>\n<tbody>\n<tr>\n<td><strong>M\u00e9retek \u00e9s s\u00faly<\/strong><\/td>\n<td>S\u00faly: 90 kgM\u00e9retek: 595 \u00d7 860 \u00d7 1440 mm<\/td>\n<\/tr>\n<tr>\n<td><strong>T\u00e1l kapacit\u00e1sa<\/strong><\/td>\n<td>60 kg<\/td>\n<\/tr>\n<tr>\n<td><strong>Test anyaga<\/strong><\/td>\n<td>Rozsdamentes ac\u00e9l<\/td>\n<\/tr>\n<tr>\n<td><strong>\u00d3r\u00e1nk\u00e9nti termel\u00e9s<\/strong><\/td>\n<td>100 kg<\/td>\n<\/tr>\n<tr>\n<td><strong>Vibr\u00e1l\u00f3 asztal<\/strong><\/td>\n<td>2. szersz\u00e1mtart\u00f3 \u00e9s integr\u00e1lt grillf\u0171t\u00e9s<\/td>\n<\/tr>\n<tr>\n<td><strong>M\u0171szerek \u00e9s elektromos rendszer<\/strong><\/td>\n<td>- F\u0151kapcsol\u00f3 \u00e9s v\u00e9szkapcsol\u00f3- \u00c9rint\u0151k\u00e9perny\u0151s panel 4.0 technol\u00f3gi\u00e1val- \u00c9jszakai \u00fczemm\u00f3d \u00e9s gyors kikapcsol\u00e1s- Ford\u00edtott sebess\u00e9gszab\u00e1lyoz\u00e1s- H\u0151m\u00e9rs\u00e9kletszab\u00e1lyoz\u00e1s \u00e9s elektronikus adagol\u00e1s<\/td>\n<\/tr>\n<tr>\n<td><strong>Term\u00e9kkezel\u0151 rendszer<\/strong><\/td>\n<td>- 1 csigamotor - 1 k\u00e1dmotor<\/td>\n<\/tr>\n<tr>\n<td><strong>F\u0171t\u00e9si rendszer<\/strong><\/td>\n<td>- Szilikon ellen\u00e1ll\u00e1s tart\u00e1lyf\u0171t\u00e9shez - K\u00e1bel ellen\u00e1ll\u00e1s csigaf\u0171t\u00e9shez<\/td>\n<\/tr>\n<tr>\n<td><strong>H\u0171t\u0151rendszer<\/strong><\/td>\n<td>- H\u0171t\u0151rendszer v\u00edzcsig\u00e1s h\u0171t\u00e9ssel - 3 ventil\u00e1tor az alkatr\u00e9szek h\u0171t\u00e9s\u00e9hez<\/td>\n<\/tr>\n<tr>\n<td><strong>Fogyaszt\u00e1s<\/strong><\/td>\n<td>3,5 kW50\/60 Hz, 400 V (230 V k\u00e9r\u00e9sre)<\/td>\n<\/tr>\n<\/tbody>\n<\/table>","protected":false},"excerpt":{"rendered":"<p>Versatile, high-performance countertop chocolate tempering machine The Adam K60 is designed for artisan chocolatiers and pastry shops that require high production capacity with precision and ease of use. With a bowl capacity of 60 kg and an hourly output of up to 100 kg of tempered chocolate, it is the perfect choice for workshops looking [&hellip;]<\/p>\n","protected":false},"featured_media":7074,"comment_status":"open","ping_status":"closed","template":"","meta":[],"product_brand":[],"product_cat":[44],"product_tag":[],"class_list":{"0":"post-7073","1":"product","2":"type-product","3":"status-publish","4":"has-post-thumbnail","6":"product_cat-tempering-line","8":"first","9":"instock","10":"shipping-taxable","11":"product-type-simple"},"_links":{"self":[{"href":"https:\/\/dersuessestopp.com\/hu\/wp-json\/wp\/v2\/product\/7073","targetHints":{"allow":["GET"]}}],"collection":[{"href":"https:\/\/dersuessestopp.com\/hu\/wp-json\/wp\/v2\/product"}],"about":[{"href":"https:\/\/dersuessestopp.com\/hu\/wp-json\/wp\/v2\/types\/product"}],"replies":[{"embeddable":true,"href":"https:\/\/dersuessestopp.com\/hu\/wp-json\/wp\/v2\/comments?post=7073"}],"version-history":[{"count":1,"href":"https:\/\/dersuessestopp.com\/hu\/wp-json\/wp\/v2\/product\/7073\/revisions"}],"predecessor-version":[{"id":7081,"href":"https:\/\/dersuessestopp.com\/hu\/wp-json\/wp\/v2\/product\/7073\/revisions\/7081"}],"wp:featuredmedia":[{"embeddable":true,"href":"https:\/\/dersuessestopp.com\/hu\/wp-json\/wp\/v2\/media\/7074"}],"wp:attachment":[{"href":"https:\/\/dersuessestopp.com\/hu\/wp-json\/wp\/v2\/media?parent=7073"}],"wp:term":[{"taxonomy":"product_brand","embeddable":true,"href":"https:\/\/dersuessestopp.com\/hu\/wp-json\/wp\/v2\/product_brand?post=7073"},{"taxonomy":"product_cat","embeddable":true,"href":"https:\/\/dersuessestopp.com\/hu\/wp-json\/wp\/v2\/product_cat?post=7073"},{"taxonomy":"product_tag","embeddable":true,"href":"https:\/\/dersuessestopp.com\/hu\/wp-json\/wp\/v2\/product_tag?post=7073"}],"curies":[{"name":"wp","href":"https:\/\/api.w.org\/{rel}","templated":true}]}}