{"id":7062,"date":"2025-08-30T06:45:00","date_gmt":"2025-08-30T06:45:00","guid":{"rendered":"https:\/\/dersuessestopp.com\/?post_type=product&#038;p=7062"},"modified":"2025-08-30T06:50:52","modified_gmt":"2025-08-30T06:50:52","slug":"adam-k24","status":"publish","type":"product","link":"https:\/\/dersuessestopp.com\/hu\/product\/adam-k24\/","title":{"rendered":"Adam K24"},"content":{"rendered":"<p data-start=\"201\" data-end=\"265\"><strong data-start=\"201\" data-end=\"263\">Praktikus \u00e9s funkcion\u00e1lis 24 kg-os csokol\u00e1d\u00e9 temper\u00e1l\u00f3 g\u00e9p<\/strong><\/p>\n<h3 data-start=\"290\" data-end=\"307\">Le\u00edr\u00e1s<\/h3>\n<p data-start=\"308\" data-end=\"646\">Az Adam K24 (2022-es modell) egy nagy teljes\u00edtm\u00e9ny\u0171, 24 kg-os t\u00e1lkapacit\u00e1s\u00fa csokol\u00e1d\u00e9 temper\u00e1l\u00f3 g\u00e9p, amelyet k\u00f6zepes \u00e9s nagy cukr\u00e1szd\u00e1k, csokol\u00e1d\u00e9k\u00e9sz\u00edt\u0151k \u00e9s \u00e9ttermek sz\u00e1m\u00e1ra terveztek. A kompakt, m\u00e9gis tart\u00f3s g\u00e9p prec\u00edz \u00e9s megb\u00edzhat\u00f3 temper\u00e1l\u00e1st biztos\u00edt, \u00edgy a nagyobb mennyis\u00e9g\u0171 csokol\u00e1d\u00e9val dolgoz\u00f3 szakemberek sz\u00e1m\u00e1ra n\u00e9lk\u00fcl\u00f6zhetetlen eszk\u00f6z.<\/p>\n<p data-start=\"648\" data-end=\"1026\">Az Adam K24 intuit\u00edv, 4,3 h\u00fcvelykes \u00e9rint\u0151k\u00e9perny\u0151s kezel\u0151panellel ell\u00e1tott k\u00e9sz\u00fcl\u00e9k lehet\u0151v\u00e9 teszi az olvaszt\u00e1si \u00e9s temper\u00e1l\u00e1si ciklusok, az elektronikus adagol\u00e1s, a ford\u00edtott \u00e9s k\u00e9szenl\u00e9ti \u00fczemm\u00f3dok, valamint a be\u00e9p\u00edtett f\u0171t\u00e9ssel ell\u00e1tott rezg\u0151asztal be- \u00e9s kikapcsol\u00e1s\u00e1nak teljes k\u00f6r\u0171 kezel\u00e9s\u00e9t. Intelligens kialak\u00edt\u00e1sa leegyszer\u0171s\u00edti a m\u0171k\u00f6d\u00e9st \u00e9s a tiszt\u00edt\u00e1st, kivehet\u0151 csig\u00e1val, h\u00e1ts\u00f3 lefoly\u00f3csappal \u00e9s ford\u00edtott funkci\u00f3val rendelkezik.<\/p>\n<p data-start=\"1028\" data-end=\"1192\">Az Adam K24 ak\u00e1r 90 kg-os \u00f3r\u00e1nk\u00e9nti termel\u00e9si kapacit\u00e1ssal a fejlett technol\u00f3gi\u00e1t \u00e9s a k\u00f6nny\u0171 kezelhet\u0151s\u00e9get \u00f6tv\u00f6zi, biztos\u00edtva az egyenletes eredm\u00e9nyeket \u00e9s a maxim\u00e1lis hat\u00e9konys\u00e1got.<\/p>\n<h3 data-start=\"1199\" data-end=\"1221\">A term\u00e9k jellemz\u0151i<\/h3>\n<ul data-start=\"1222\" data-end=\"2029\">\n<li data-start=\"1222\" data-end=\"1294\">\n<p data-start=\"1224\" data-end=\"1294\"><strong data-start=\"1224\" data-end=\"1247\">24 kg t\u00e1lkapacit\u00e1s<\/strong>, ide\u00e1lis k\u00f6zepes \u00e9s nagy\u00fczemi termel\u00e9shez<\/p>\n<\/li>\n<li data-start=\"1295\" data-end=\"1369\">\n<p data-start=\"1297\" data-end=\"1369\"><strong data-start=\"1297\" data-end=\"1338\">Kompakt, tart\u00f3s rozsdamentes ac\u00e9l test<\/strong> a tart\u00f3s teljes\u00edtm\u00e9ny\u00e9rt<\/p>\n<\/li>\n<li data-start=\"1370\" data-end=\"1495\">\n<p data-start=\"1372\" data-end=\"1495\"><strong data-start=\"1372\" data-end=\"1402\">4,3 h\u00fcvelykes \u00e9rint\u0151k\u00e9perny\u0151s panel<\/strong> a h\u0151m\u00e9rs\u00e9klet pontos be\u00e1ll\u00edt\u00e1s\u00e1hoz, elektronikus adagol\u00e1shoz, ford\u00edtott \u00fczemm\u00f3dhoz \u00e9s k\u00e9szenl\u00e9ti funkci\u00f3hoz<\/p>\n<\/li>\n<li data-start=\"1496\" data-end=\"1566\">\n<p data-start=\"1498\" data-end=\"1566\"><strong data-start=\"1498\" data-end=\"1548\">K\u00e9t szersz\u00e1mtart\u00f3 integr\u00e1lt grillf\u0171t\u00e9ssel<\/strong> (52,5 cm \u00f6sszesen)<\/p>\n<\/li>\n<li data-start=\"1567\" data-end=\"1633\">\n<p data-start=\"1569\" data-end=\"1633\"><strong data-start=\"1569\" data-end=\"1586\">K\u00f6nny\u0171 tiszt\u00edt\u00e1s<\/strong> a kivehet\u0151 csig\u00e1nak \u00e9s a h\u00e1ts\u00f3 lefoly\u00f3csapnak k\u00f6sz\u00f6nhet\u0151en<\/p>\n<\/li>\n<li data-start=\"1634\" data-end=\"1695\">\n<p data-start=\"1636\" data-end=\"1695\"><strong data-start=\"1636\" data-end=\"1666\">Csendes \u00e9s hat\u00e9kony motorok<\/strong> csig\u00e1s \u00e9s k\u00e1das kezel\u00e9shez<\/p>\n<\/li>\n<li data-start=\"1696\" data-end=\"1800\">\n<p data-start=\"1698\" data-end=\"1800\"><strong data-start=\"1698\" data-end=\"1725\">Fejlett f\u0171t\u00e9si rendszer<\/strong> szilikonellen\u00e1ll\u00e1ssal a tart\u00e1lyhoz \u00e9s k\u00e1belellen\u00e1ll\u00e1ssal a csig\u00e1hoz<\/p>\n<\/li>\n<li data-start=\"1801\" data-end=\"1915\">\n<p data-start=\"1803\" data-end=\"1915\"><strong data-start=\"1803\" data-end=\"1830\">Er\u0151teljes h\u0171t\u0151rendszer<\/strong> 7500 BTU h\u0171t\u00e9ssel, v\u00edzh\u0171t\u00e9ses csig\u00e1val \u00e9s 3 ventil\u00e1torral az alkatr\u00e9szek h\u0171t\u00e9s\u00e9hez<\/p>\n<\/li>\n<li data-start=\"1916\" data-end=\"1977\">\n<p data-start=\"1918\" data-end=\"1977\"><strong data-start=\"1918\" data-end=\"1937\">Biztons\u00e1gi jellemz\u0151k<\/strong> bele\u00e9rtve a f\u0151- \u00e9s v\u00e9szkapcsol\u00f3kat<\/p>\n<\/li>\n<li data-start=\"1978\" data-end=\"2029\">\n<p data-start=\"1980\" data-end=\"2029\"><strong data-start=\"1980\" data-end=\"2001\">Nagy termel\u00e9kenys\u00e9g<\/strong> \u00f3r\u00e1nk\u00e9nt ak\u00e1r 90 kg-ig<\/p>\n<\/li>\n<\/ul>\n<h3 data-start=\"2036\" data-end=\"2066\">M\u0171szaki specifik\u00e1ci\u00f3k<\/h3>\n<table>\n<thead>\n<tr>\n<th><strong>Kateg\u00f3ria<\/strong><\/th>\n<th><strong>R\u00e9szletek<\/strong><\/th>\n<\/tr>\n<\/thead>\n<tbody>\n<tr>\n<td><strong>M\u00e9retek \u00e9s s\u00faly<\/strong><\/td>\n<td>S\u00faly: 158 kgM\u00e9retek: M\u00e9retek: 760 \u00d7 800 \u00d7 1450 mmT\u00e1l kapacit\u00e1sa: 24 kgV\u00e1z anyaga: 760 \u00d7 800 \u00d7 1450 mmT\u00e1l kapacit\u00e1sa: 24 kgV\u00e1z anyaga: 760 \u00d7 800 \u00d7 1450 mm Rozsdamentes ac\u00e9l<\/td>\n<\/tr>\n<tr>\n<td><strong>\u00d3r\u00e1nk\u00e9nti termel\u00e9s<\/strong><\/td>\n<td>90 kg<\/td>\n<\/tr>\n<tr>\n<td><strong>Vibr\u00e1l\u00f3 asztal<\/strong><\/td>\n<td>2 formatart\u00f3 integr\u00e1lt grillf\u0171t\u00e9ssel (\u00f6sszesen 52,5 cm)<\/td>\n<\/tr>\n<tr>\n<td><strong>M\u0171szerek \u00e9s elektromoss\u00e1g<\/strong><\/td>\n<td>- F\u0151kapcsol\u00f3 \u00e9s v\u00e9szkapcsol\u00f3 - Interakt\u00edv 4,3\u201d-os \u00e9rint\u0151k\u00e9perny\u0151s panel (\u00e9jszakai \u00fczemm\u00f3d, ford\u00edtott \u00fczemm\u00f3d, gyors kikapcsol\u00e1s, h\u0151m\u00e9rs\u00e9klet-szab\u00e1lyoz\u00e1s, elektronikus adagol\u00e1s, rezg\u0151asztal be\/ki \u00e9s f\u0171t\u00e9s).<\/td>\n<\/tr>\n<tr>\n<td><strong>Term\u00e9kkezel\u0151 rendszer<\/strong><\/td>\n<td>- 1 csigamotor - 1 k\u00e1dmotor<\/td>\n<\/tr>\n<tr>\n<td><strong>F\u0171t\u00e9si rendszer<\/strong><\/td>\n<td>- 1 szilikon ellen\u00e1ll\u00e1s (tart\u00e1lyf\u0171t\u00e9s)- 1 k\u00e1bel ellen\u00e1ll\u00e1s (csigaf\u0171t\u00e9s)<\/td>\n<\/tr>\n<tr>\n<td><strong>H\u0171t\u0151rendszer<\/strong><\/td>\n<td>- H\u0171t\u0151rendszer (h\u0171t\u0151teljes\u00edtm\u00e9ny: 7,500 BTU)- V\u00edzcsig\u00e1s h\u0171t\u00e9s- 3 ventil\u00e1tor az alkatr\u00e9szek h\u0171t\u00e9s\u00e9re<\/td>\n<\/tr>\n<tr>\n<td><strong>Fogyaszt\u00e1s<\/strong><\/td>\n<td>3 kW50\/60 Hz - 230\/400 V<\/td>\n<\/tr>\n<\/tbody>\n<\/table>","protected":false},"excerpt":{"rendered":"<p>Practical and functional 24 kg chocolate tempering machine Description The Adam K24 (model 2022) is a high-performance chocolate tempering machine with a 24 kg bowl capacity, designed for medium to large pastry shops, chocolatiers, and restaurants. Compact yet durable, this machine ensures precise and reliable tempering, making it an essential tool for professionals working with [&hellip;]<\/p>\n","protected":false},"featured_media":7063,"comment_status":"open","ping_status":"closed","template":"","meta":[],"product_brand":[],"product_cat":[44],"product_tag":[],"class_list":{"0":"post-7062","1":"product","2":"type-product","3":"status-publish","4":"has-post-thumbnail","6":"product_cat-tempering-line","8":"first","9":"instock","10":"shipping-taxable","11":"product-type-simple"},"_links":{"self":[{"href":"https:\/\/dersuessestopp.com\/hu\/wp-json\/wp\/v2\/product\/7062","targetHints":{"allow":["GET"]}}],"collection":[{"href":"https:\/\/dersuessestopp.com\/hu\/wp-json\/wp\/v2\/product"}],"about":[{"href":"https:\/\/dersuessestopp.com\/hu\/wp-json\/wp\/v2\/types\/product"}],"replies":[{"embeddable":true,"href":"https:\/\/dersuessestopp.com\/hu\/wp-json\/wp\/v2\/comments?post=7062"}],"version-history":[{"count":2,"href":"https:\/\/dersuessestopp.com\/hu\/wp-json\/wp\/v2\/product\/7062\/revisions"}],"predecessor-version":[{"id":7065,"href":"https:\/\/dersuessestopp.com\/hu\/wp-json\/wp\/v2\/product\/7062\/revisions\/7065"}],"wp:featuredmedia":[{"embeddable":true,"href":"https:\/\/dersuessestopp.com\/hu\/wp-json\/wp\/v2\/media\/7063"}],"wp:attachment":[{"href":"https:\/\/dersuessestopp.com\/hu\/wp-json\/wp\/v2\/media?parent=7062"}],"wp:term":[{"taxonomy":"product_brand","embeddable":true,"href":"https:\/\/dersuessestopp.com\/hu\/wp-json\/wp\/v2\/product_brand?post=7062"},{"taxonomy":"product_cat","embeddable":true,"href":"https:\/\/dersuessestopp.com\/hu\/wp-json\/wp\/v2\/product_cat?post=7062"},{"taxonomy":"product_tag","embeddable":true,"href":"https:\/\/dersuessestopp.com\/hu\/wp-json\/wp\/v2\/product_tag?post=7062"}],"curies":[{"name":"wp","href":"https:\/\/api.w.org\/{rel}","templated":true}]}}