{"id":7051,"date":"2025-08-30T06:31:20","date_gmt":"2025-08-30T06:31:20","guid":{"rendered":"https:\/\/dersuessestopp.com\/?post_type=product&#038;p=7051"},"modified":"2025-08-30T06:41:40","modified_gmt":"2025-08-30T06:41:40","slug":"adam-k12","status":"publish","type":"product","link":"https:\/\/dersuessestopp.com\/hu\/product\/adam-k12\/","title":{"rendered":"Adam K12"},"content":{"rendered":"<p data-start=\"187\" data-end=\"271\"><strong data-start=\"187\" data-end=\"249\">Praktikus \u00e9s funkcion\u00e1lis 12 kg-os csokol\u00e1d\u00e9 temper\u00e1l\u00f3 g\u00e9p<\/strong><\/p>\n<p data-start=\"291\" data-end=\"533\">T\u00f6k\u00e9letes olyan m\u0171helyek sz\u00e1m\u00e1ra, amelyeknek korl\u00e1tozott hely\u00fck van, de nagy amb\u00edci\u00f3kkal rendelkeznek, a <strong data-start=\"356\" data-end=\"386\">Adam K12 edz\u0151g\u00e9p<\/strong> k\u00edn\u00e1l egy <strong data-start=\"396\" data-end=\"414\">12 kg kapacit\u00e1s<\/strong>, kombin\u00e1lva <strong data-start=\"426\" data-end=\"454\">hat\u00e9konys\u00e1g \u00e9s pontoss\u00e1g<\/strong> olyan csokol\u00e1d\u00e9k\u00e9sz\u00edt\u0151k \u00e9s cukr\u00e1szd\u00e1k sz\u00e1m\u00e1ra, akik nem akarnak kompromisszumot k\u00f6tni a min\u0151s\u00e9g ter\u00e9n.<\/p>\n<h3 data-start=\"535\" data-end=\"553\">F\u0151 jellemz\u0151k<\/h3>\n<ul data-start=\"554\" data-end=\"1098\">\n<li data-start=\"554\" data-end=\"654\">\n<p data-start=\"556\" data-end=\"654\"><strong data-start=\"556\" data-end=\"579\">Helytakar\u00e9kos kialak\u00edt\u00e1s<\/strong> - Kompakt fel\u00e9p\u00edt\u00e9s a z\u00f6kken\u0151mentes integr\u00e1ci\u00f3hoz m\u00e9g kis laborat\u00f3riumokban is.<\/p>\n<\/li>\n<li data-start=\"655\" data-end=\"751\">\n<p data-start=\"657\" data-end=\"751\"><strong data-start=\"657\" data-end=\"684\">Gyors \u00e9s egyszer\u0171 tiszt\u00edt\u00e1s<\/strong> - Kivehet\u0151 rozsdamentes ac\u00e9l csiga, mind\u00f6ssze 15 perc alatt fert\u0151tlen\u00edthet\u0151.<\/p>\n<\/li>\n<li data-start=\"752\" data-end=\"852\">\n<p data-start=\"754\" data-end=\"852\"><strong data-start=\"754\" data-end=\"785\">Sokoldal\u00fas\u00e1g \u00e9s teljes\u00edtm\u00e9ny<\/strong> - A be\u00e9p\u00edtett l\u00e1bped\u00e1l z\u00f6kken\u0151mentes, megszak\u00edt\u00e1s n\u00e9lk\u00fcli termel\u00e9st tesz lehet\u0151v\u00e9.<\/p>\n<\/li>\n<li data-start=\"853\" data-end=\"973\">\n<p data-start=\"855\" data-end=\"973\"><strong data-start=\"855\" data-end=\"886\">Pontos h\u0151m\u00e9rs\u00e9klet-szab\u00e1lyoz\u00e1s<\/strong> - A fejlett h\u0171t\u00e9s v\u00edzcsig\u00e1val \u00e9s h\u00e1rom ventil\u00e1torral biztos\u00edtja a hib\u00e1tlan krist\u00e1lyosod\u00e1st.<\/p>\n<\/li>\n<li data-start=\"974\" data-end=\"1098\">\n<p data-start=\"976\" data-end=\"1098\"><strong data-start=\"976\" data-end=\"1001\">Maxim\u00e1lis intuitivit\u00e1s<\/strong> - Digit\u00e1lis vez\u00e9rl\u0151panel a rezg\u0151lemez-f\u0171t\u00e9shez \u00e9s az id\u0151z\u00edtett adagol\u00e1shoz egyetlen gombnyom\u00e1ssal.<\/p>\n<\/li>\n<\/ul>\n<h3 data-start=\"1105\" data-end=\"1135\">M\u0171szaki specifik\u00e1ci\u00f3k<\/h3>\n<div class=\"_tableContainer_1rjym_1\">\n<table>\n<thead>\n<tr>\n<th><strong>Kateg\u00f3ria<\/strong><\/th>\n<th><strong>R\u00e9szletek<\/strong><\/th>\n<\/tr>\n<\/thead>\n<tbody>\n<tr>\n<td><strong>M\u00e9retek \u00e9s s\u00faly<\/strong><\/td>\n<td>Hossz\u00fas\u00e1g: 40 cmSz\u00e9less\u00e9g: 60 cmTeljes magass\u00e1g: 144 cmT\u00e1l \u00e1tm\u00e9r\u0151je: 27 cmVibr\u00e1l\u00f3 asztal sz\u00e9less\u00e9ge: 34,3 cmG\u00e9p s\u00falya: 85 kg<\/td>\n<\/tr>\n<tr>\n<td><strong>T\u00e1l kapacit\u00e1sa<\/strong><\/td>\n<td>12 kg<\/td>\n<\/tr>\n<tr>\n<td><strong>Test anyaga<\/strong><\/td>\n<td>Rozsdamentes ac\u00e9l<\/td>\n<\/tr>\n<tr>\n<td><strong>\u00d3r\u00e1nk\u00e9nti termel\u00e9s<\/strong><\/td>\n<td>55 kg<\/td>\n<\/tr>\n<tr>\n<td><strong>Vibr\u00e1l\u00f3 asztal<\/strong><\/td>\n<td>2 szersz\u00e1mtart\u00f3 integr\u00e1lt grillf\u0171t\u00e9ssel<\/td>\n<\/tr>\n<tr>\n<td><strong>M\u0171szerek \u00e9s vez\u00e9rl\u0151k<\/strong><\/td>\n<td>Digit\u00e1lis vez\u00e9rl\u0151panel a rezg\u0151lemez f\u0171t\u00e9shez \u00e9s id\u0151z\u00edtett adagol\u00e1shozElhelyezett l\u00e1bped\u00e1l a z\u00f6kken\u0151mentes gy\u00e1rt\u00e1shoz<\/td>\n<\/tr>\n<tr>\n<td><strong>Term\u00e9kkezel\u0151 rendszer<\/strong><\/td>\n<td>1 csigamotor a szivatty\u00faz\u00e1shoz1 t\u00e1lmotor a kever\u00e9shez<\/td>\n<\/tr>\n<tr>\n<td><strong>F\u0171t\u00e9si rendszer<\/strong><\/td>\n<td>Digit\u00e1lis panel vez\u00e9rl\u00e9s<\/td>\n<\/tr>\n<tr>\n<td><strong>H\u0171t\u0151rendszer<\/strong><\/td>\n<td>V\u00edzcsiga 3 ventil\u00e1torral a fejlett h\u0171t\u00e9shez \u00e9s krist\u00e1lyos\u00edt\u00e1shoz<\/td>\n<\/tr>\n<tr>\n<td><strong>Energiafogyaszt\u00e1s<\/strong><\/td>\n<td>3 kW<\/td>\n<\/tr>\n<tr>\n<td><strong>Elektromos k\u00f6vetelm\u00e9nyek<\/strong><\/td>\n<td>50\/60 Hz - 230\/400 V<\/td>\n<\/tr>\n<\/tbody>\n<\/table>\n<\/div>","protected":false},"excerpt":{"rendered":"<p>Practical and functional 12 kg chocolate tempering machine Perfect for workshops with limited space but high ambitions, the Adam K12 Tempering Machine offers a 12 kg capacity, combining efficiency and precision for chocolatiers and pastry shops that do not want to compromise on quality. Key Features Space-Saving Design \u2013 Compact structure for seamless integration even [&hellip;]<\/p>\n","protected":false},"featured_media":7052,"comment_status":"open","ping_status":"closed","template":"","meta":[],"product_brand":[],"product_cat":[44],"product_tag":[],"class_list":{"0":"post-7051","1":"product","2":"type-product","3":"status-publish","4":"has-post-thumbnail","6":"product_cat-tempering-line","8":"first","9":"instock","10":"shipping-taxable","11":"product-type-simple"},"_links":{"self":[{"href":"https:\/\/dersuessestopp.com\/hu\/wp-json\/wp\/v2\/product\/7051","targetHints":{"allow":["GET"]}}],"collection":[{"href":"https:\/\/dersuessestopp.com\/hu\/wp-json\/wp\/v2\/product"}],"about":[{"href":"https:\/\/dersuessestopp.com\/hu\/wp-json\/wp\/v2\/types\/product"}],"replies":[{"embeddable":true,"href":"https:\/\/dersuessestopp.com\/hu\/wp-json\/wp\/v2\/comments?post=7051"}],"version-history":[{"count":2,"href":"https:\/\/dersuessestopp.com\/hu\/wp-json\/wp\/v2\/product\/7051\/revisions"}],"predecessor-version":[{"id":7057,"href":"https:\/\/dersuessestopp.com\/hu\/wp-json\/wp\/v2\/product\/7051\/revisions\/7057"}],"wp:featuredmedia":[{"embeddable":true,"href":"https:\/\/dersuessestopp.com\/hu\/wp-json\/wp\/v2\/media\/7052"}],"wp:attachment":[{"href":"https:\/\/dersuessestopp.com\/hu\/wp-json\/wp\/v2\/media?parent=7051"}],"wp:term":[{"taxonomy":"product_brand","embeddable":true,"href":"https:\/\/dersuessestopp.com\/hu\/wp-json\/wp\/v2\/product_brand?post=7051"},{"taxonomy":"product_cat","embeddable":true,"href":"https:\/\/dersuessestopp.com\/hu\/wp-json\/wp\/v2\/product_cat?post=7051"},{"taxonomy":"product_tag","embeddable":true,"href":"https:\/\/dersuessestopp.com\/hu\/wp-json\/wp\/v2\/product_tag?post=7051"}],"curies":[{"name":"wp","href":"https:\/\/api.w.org\/{rel}","templated":true}]}}