{"id":7048,"date":"2025-08-30T05:53:38","date_gmt":"2025-08-30T05:53:38","guid":{"rendered":"https:\/\/dersuessestopp.com\/?post_type=product&#038;p=7048"},"modified":"2025-08-30T05:53:38","modified_gmt":"2025-08-30T05:53:38","slug":"cp5","status":"publish","type":"product","link":"https:\/\/dersuessestopp.com\/hu\/product\/cp5\/","title":{"rendered":"CP5"},"content":{"rendered":"<p data-start=\"112\" data-end=\"534\">A <strong data-start=\"116\" data-end=\"134\">CP5 Pan Coater<\/strong> egy kompakt \u00e9s megb\u00edzhat\u00f3 g\u00e9p, amelyet a k\u00e9zm\u0171ves csokol\u00e1d\u00e9k\u00e9sz\u00edt\u0151k \u00e9s kisebb cukr\u00e1szd\u00e1k sz\u00e1m\u00e1ra terveztek. T\u00f6k\u00e9letes aszalt gy\u00fcm\u00f6lcs\u00f6k, k\u00e1v\u00e9babok, puffasztott rizs \u00e9s m\u00e1s kerek form\u00e1j\u00fa term\u00e9kek csokol\u00e1d\u00e9bevon\u00e1s\u00e1hoz, \u00e9s professzion\u00e1lis min\u0151s\u00e9g\u0171 drag\u00e9es-t \u00e9s cukorm\u00e1zas finoms\u00e1gokat biztos\u00edt hat\u00e9konys\u00e1ggal \u00e9s pontoss\u00e1ggal. Az 5 kg-os kapacit\u00e1s\u00e1val ide\u00e1lis kis t\u00e9telek, speci\u00e1lis term\u00e9kek vagy teszt\u00fczemek k\u00e9sz\u00edt\u00e9s\u00e9hez.<\/p>\n<h3 data-start=\"536\" data-end=\"554\">F\u0151 jellemz\u0151k<\/h3>\n<ul data-start=\"555\" data-end=\"1181\">\n<li data-start=\"555\" data-end=\"642\">\n<p data-start=\"557\" data-end=\"642\"><strong data-start=\"557\" data-end=\"574\">5 kg Kapacit\u00e1s<\/strong> - T\u00f6k\u00e9letes a kis\u00fczemi gy\u00e1rt\u00e1shoz \u00e9s a speci\u00e1lis cukr\u00e1szathoz.<\/p>\n<\/li>\n<li data-start=\"643\" data-end=\"786\">\n<p data-start=\"645\" data-end=\"786\"><strong data-start=\"645\" data-end=\"678\">Tart\u00f3s rozsdamentes ac\u00e9lb\u00f3l k\u00e9sz\u00fclt<\/strong> - A t\u00e1l \u00e9s a g\u00e9p szerkezete AISI 304 rozsdamentes ac\u00e9lb\u00f3l k\u00e9sz\u00fclt a higi\u00e9nia, a tart\u00f3ss\u00e1g \u00e9s a k\u00f6nny\u0171 tiszt\u00edthat\u00f3s\u00e1g \u00e9rdek\u00e9ben.<\/p>\n<\/li>\n<li data-start=\"787\" data-end=\"870\">\n<p data-start=\"789\" data-end=\"870\"><strong data-start=\"789\" data-end=\"814\">\u00c1ll\u00edthat\u00f3 t\u00e1l sebess\u00e9g<\/strong> - Szab\u00e1lyozhat\u00f3 forg\u00e1si sebess\u00e9g a pontos bevon\u00e1si eredm\u00e9nyek \u00e9rdek\u00e9ben.<\/p>\n<\/li>\n<li data-start=\"871\" data-end=\"1015\">\n<p data-start=\"873\" data-end=\"1015\"><strong data-start=\"873\" data-end=\"902\">Integr\u00e1lt l\u00e9g\u00e1raml\u00e1si rendszer<\/strong> - Be\u00e9p\u00edtett ventil\u00e1tor v\u00e1laszthat\u00f3 szobah\u0151m\u00e9rs\u00e9klet\u0171 vagy f\u0171t\u00f6tt leveg\u0151vel (f\u0171t\u0151elemeken kereszt\u00fcl) az egyenletes befejez\u00e9s \u00e9rdek\u00e9ben.<\/p>\n<\/li>\n<li data-start=\"1016\" data-end=\"1087\">\n<p data-start=\"1018\" data-end=\"1087\"><strong data-start=\"1018\" data-end=\"1043\">Csendes, er\u0151s motor<\/strong> - Biztos\u00edtja a z\u00f6kken\u0151mentes \u00e9s hat\u00e9kony m\u0171k\u00f6d\u00e9st.<\/p>\n<\/li>\n<li data-start=\"1088\" data-end=\"1181\">\n<p data-start=\"1090\" data-end=\"1181\"><strong data-start=\"1090\" data-end=\"1115\">Standard t\u00e1pegys\u00e9g<\/strong> - Egyf\u00e1zis\u00fa 220 V-os fesz\u00fclts\u00e9gen (0,4 kW) m\u0171k\u00f6dik, \u00edgy k\u00f6nnyen telep\u00edthet\u0151.<\/p>\n<\/li>\n<\/ul>\n<h3 data-start=\"1183\" data-end=\"1201\"><\/h3>","protected":false},"excerpt":{"rendered":"<p>The CP5 Pan Coater is a compact and reliable machine designed for artisan chocolatiers and small confectionery producers. Perfect for chocolate coating dried fruits, coffee beans, puffed rice, and other round-shaped products, it delivers professional-quality drag\u00e9es and sugar-coated treats with efficiency and precision. With its 5 kg capacity, it is ideal for small-scale batches, specialty [&hellip;]<\/p>\n","protected":false},"featured_media":7049,"comment_status":"open","ping_status":"closed","template":"","meta":[],"product_brand":[],"product_cat":[43],"product_tag":[],"class_list":{"0":"post-7048","1":"product","2":"type-product","3":"status-publish","4":"has-post-thumbnail","6":"product_cat-pan-coaters","8":"first","9":"instock","10":"shipping-taxable","11":"product-type-simple"},"_links":{"self":[{"href":"https:\/\/dersuessestopp.com\/hu\/wp-json\/wp\/v2\/product\/7048","targetHints":{"allow":["GET"]}}],"collection":[{"href":"https:\/\/dersuessestopp.com\/hu\/wp-json\/wp\/v2\/product"}],"about":[{"href":"https:\/\/dersuessestopp.com\/hu\/wp-json\/wp\/v2\/types\/product"}],"replies":[{"embeddable":true,"href":"https:\/\/dersuessestopp.com\/hu\/wp-json\/wp\/v2\/comments?post=7048"}],"version-history":[{"count":1,"href":"https:\/\/dersuessestopp.com\/hu\/wp-json\/wp\/v2\/product\/7048\/revisions"}],"predecessor-version":[{"id":7050,"href":"https:\/\/dersuessestopp.com\/hu\/wp-json\/wp\/v2\/product\/7048\/revisions\/7050"}],"wp:featuredmedia":[{"embeddable":true,"href":"https:\/\/dersuessestopp.com\/hu\/wp-json\/wp\/v2\/media\/7049"}],"wp:attachment":[{"href":"https:\/\/dersuessestopp.com\/hu\/wp-json\/wp\/v2\/media?parent=7048"}],"wp:term":[{"taxonomy":"product_brand","embeddable":true,"href":"https:\/\/dersuessestopp.com\/hu\/wp-json\/wp\/v2\/product_brand?post=7048"},{"taxonomy":"product_cat","embeddable":true,"href":"https:\/\/dersuessestopp.com\/hu\/wp-json\/wp\/v2\/product_cat?post=7048"},{"taxonomy":"product_tag","embeddable":true,"href":"https:\/\/dersuessestopp.com\/hu\/wp-json\/wp\/v2\/product_tag?post=7048"}],"curies":[{"name":"wp","href":"https:\/\/api.w.org\/{rel}","templated":true}]}}