{"id":7043,"date":"2025-08-30T05:48:37","date_gmt":"2025-08-30T05:48:37","guid":{"rendered":"https:\/\/dersuessestopp.com\/?post_type=product&#038;p=7043"},"modified":"2025-08-30T05:50:02","modified_gmt":"2025-08-30T05:50:02","slug":"cp25","status":"publish","type":"product","link":"https:\/\/dersuessestopp.com\/hu\/product\/cp25\/","title":{"rendered":"CP25"},"content":{"rendered":"<p data-start=\"186\" data-end=\"533\">A <strong data-start=\"190\" data-end=\"209\">CP25 Pan Coater<\/strong> sokoldal\u00fa megold\u00e1s kiv\u00e1l\u00f3 min\u0151s\u00e9g\u0171 drag\u00e9es \u00e9s cukrozott \u00e9dess\u00e9gek el\u0151\u00e1ll\u00edt\u00e1s\u00e1ra. Ide\u00e1lis <strong data-start=\"304\" data-end=\"397\">csokol\u00e1d\u00e9bevonat sz\u00e1r\u00edtott gy\u00fcm\u00f6lcs, k\u00e1v\u00e9bab, puffasztott rizs \u00e9s m\u00e1s kerek form\u00e1j\u00fa term\u00e9kek bevon\u00e1sa<\/strong>, ezt a g\u00e9pet olyan k\u00e9zm\u0171ves csokol\u00e1d\u00e9k\u00e9sz\u00edt\u0151k \u00e9s cukr\u00e1szd\u00e1k sz\u00e1m\u00e1ra tervezt\u00e9k, akiknek sz\u00fcks\u00e9g\u00fck van a hat\u00e9konys\u00e1gra, pontoss\u00e1gra \u00e9s k\u00f6vetkezetess\u00e9gre.<\/p>\n<h3 data-start=\"535\" data-end=\"553\">F\u0151 jellemz\u0151k<\/h3>\n<ul data-start=\"554\" data-end=\"1141\">\n<li data-start=\"554\" data-end=\"615\">\n<p data-start=\"556\" data-end=\"615\"><strong data-start=\"556\" data-end=\"574\">25 kg Kapacit\u00e1s<\/strong> - T\u00f6k\u00e9letes k\u00f6zepes m\u00e9ret\u0171 gy\u00e1rt\u00e1shoz.<\/p>\n<\/li>\n<li data-start=\"616\" data-end=\"731\">\n<p data-start=\"618\" data-end=\"731\"><strong data-start=\"618\" data-end=\"647\">Kiv\u00e1l\u00f3 min\u0151s\u00e9g\u0171 konstrukci\u00f3<\/strong> - Teljesen <strong data-start=\"667\" data-end=\"695\">AISI 304 rozsdamentes ac\u00e9l<\/strong> a tart\u00f3ss\u00e1g \u00e9s a k\u00f6nny\u0171 tiszt\u00edthat\u00f3s\u00e1g \u00e9rdek\u00e9ben.<\/p>\n<\/li>\n<li data-start=\"732\" data-end=\"820\">\n<p data-start=\"734\" data-end=\"820\"><strong data-start=\"734\" data-end=\"757\">V\u00e1ltoz\u00f3 t\u00e1l sebess\u00e9g<\/strong> - \u00c1ll\u00edthat\u00f3 <strong data-start=\"771\" data-end=\"789\">fordulatsz\u00e1m<\/strong> az optim\u00e1lis bevonatszab\u00e1lyoz\u00e1s \u00e9rdek\u00e9ben.<\/p>\n<\/li>\n<li data-start=\"821\" data-end=\"977\">\n<p data-start=\"823\" data-end=\"977\"><strong data-start=\"823\" data-end=\"852\">Integr\u00e1lt l\u00e9g\u00e1raml\u00e1si rendszer<\/strong> - Be\u00e9p\u00edtett <strong data-start=\"864\" data-end=\"918\">ventil\u00e1tor v\u00e1laszthat\u00f3 szobah\u0151m\u00e9rs\u00e9klet\u0171 vagy f\u0171t\u00f6tt leveg\u0151vel<\/strong> (f\u0171t\u0151elemeken kereszt\u00fcl) a term\u00e9k konzisztens befejez\u00e9se \u00e9rdek\u00e9ben.<\/p>\n<\/li>\n<li data-start=\"978\" data-end=\"1046\">\n<p data-start=\"980\" data-end=\"1046\"><strong data-start=\"980\" data-end=\"1006\">Er\u0151teljes \u00e9s csendes motor<\/strong> - Biztos\u00edtja a z\u00f6kken\u0151mentes, megb\u00edzhat\u00f3 m\u0171k\u00f6d\u00e9st.<\/p>\n<\/li>\n<li data-start=\"1047\" data-end=\"1141\">\n<p data-start=\"1049\" data-end=\"1141\"><strong data-start=\"1049\" data-end=\"1074\">Standard t\u00e1pegys\u00e9g<\/strong> - M\u0171k\u00f6dik <strong data-start=\"1089\" data-end=\"1116\">egyf\u00e1zis\u00fa 220V (2kW)<\/strong> a k\u00f6nny\u0171 telep\u00edt\u00e9s \u00e9rdek\u00e9ben.<\/p>\n<\/li>\n<\/ul>\n<h3 data-start=\"1143\" data-end=\"1168\">Tartalmazott \u00f6sszetev\u0151k<\/h3>\n<ul data-start=\"1169\" data-end=\"1469\">\n<li data-start=\"1169\" data-end=\"1250\">\n<p data-start=\"1171\" data-end=\"1250\"><strong data-start=\"1171\" data-end=\"1199\">Elektronikus vez\u00e9rl\u0151panel<\/strong> - Egyszer\u0171 param\u00e9terbe\u00e1ll\u00edt\u00e1sok a pontos m\u0171k\u00f6d\u00e9shez.<\/p>\n<\/li>\n<li data-start=\"1251\" data-end=\"1317\">\n<p data-start=\"1253\" data-end=\"1317\"><strong data-start=\"1253\" data-end=\"1269\">H\u0171t\u0151egys\u00e9g<\/strong> - A hideg leveg\u0151 kezel\u00e9s\u00e9re a bevonat stabiliz\u00e1l\u00e1sa \u00e9rdek\u00e9ben.<\/p>\n<\/li>\n<li data-start=\"1318\" data-end=\"1410\">\n<p data-start=\"1320\" data-end=\"1410\"><strong data-start=\"1320\" data-end=\"1361\">Programozhat\u00f3 permetez\u0151berendez\u00e9s vez\u00e9rl\u00e9se<\/strong> - Opcion\u00e1lis integr\u00e1ci\u00f3 az automatiz\u00e1lt permetez\u00e9shez.<\/p>\n<\/li>\n<li data-start=\"1411\" data-end=\"1469\">\n<p data-start=\"1413\" data-end=\"1469\"><strong data-start=\"1413\" data-end=\"1430\">Schuko aljzat<\/strong> - Tov\u00e1bbi tartoz\u00e9kok csatlakoztat\u00e1sa.<\/p>\n<\/li>\n<\/ul>\n<h3 data-start=\"1471\" data-end=\"1489\">Alkalmaz\u00e1sok<\/h3>\n<ul data-start=\"1490\" data-end=\"1654\">\n<li data-start=\"1490\" data-end=\"1534\">\n<p data-start=\"1492\" data-end=\"1534\">Csokol\u00e1d\u00e9val bevont <strong data-start=\"1509\" data-end=\"1532\">di\u00f3f\u00e9l\u00e9k \u00e9s sz\u00e1r\u00edtott gy\u00fcm\u00f6lcs\u00f6k<\/strong><\/p>\n<\/li>\n<li data-start=\"1535\" data-end=\"1581\">\n<p data-start=\"1537\" data-end=\"1581\">Csokol\u00e1d\u00e9val vagy cukorral bevonva <strong data-start=\"1563\" data-end=\"1579\">k\u00e1v\u00e9babok<\/strong><\/p>\n<\/li>\n<li data-start=\"1582\" data-end=\"1620\">\n<p data-start=\"1584\" data-end=\"1620\"><strong data-start=\"1584\" data-end=\"1618\">Puffasztott rizs \u00e9s gabonapelyhek<\/strong><\/p>\n<\/li>\n<li data-start=\"1621\" data-end=\"1654\">\n<p data-start=\"1623\" data-end=\"1654\">Cukor cukr\u00e1szati alkot\u00e1sok<\/p>\n<\/li>\n<\/ul>","protected":false},"excerpt":{"rendered":"<p>The CP25 Pan Coater is a versatile solution for producing high-quality drag\u00e9es and sugar-coated treats. Ideal for chocolate coating dried fruit, coffee beans, puffed rice, and other round-shaped products, this machine is designed for artisan chocolatiers and confectionery manufacturers who demand efficiency, precision, and consistency. Key Features 25 kg Capacity \u2013 Perfect for medium-scale production. [&hellip;]<\/p>\n","protected":false},"featured_media":7047,"comment_status":"open","ping_status":"closed","template":"","meta":[],"product_brand":[],"product_cat":[43],"product_tag":[],"class_list":{"0":"post-7043","1":"product","2":"type-product","3":"status-publish","4":"has-post-thumbnail","6":"product_cat-pan-coaters","8":"first","9":"instock","10":"shipping-taxable","11":"product-type-simple"},"_links":{"self":[{"href":"https:\/\/dersuessestopp.com\/hu\/wp-json\/wp\/v2\/product\/7043","targetHints":{"allow":["GET"]}}],"collection":[{"href":"https:\/\/dersuessestopp.com\/hu\/wp-json\/wp\/v2\/product"}],"about":[{"href":"https:\/\/dersuessestopp.com\/hu\/wp-json\/wp\/v2\/types\/product"}],"replies":[{"embeddable":true,"href":"https:\/\/dersuessestopp.com\/hu\/wp-json\/wp\/v2\/comments?post=7043"}],"version-history":[{"count":1,"href":"https:\/\/dersuessestopp.com\/hu\/wp-json\/wp\/v2\/product\/7043\/revisions"}],"predecessor-version":[{"id":7046,"href":"https:\/\/dersuessestopp.com\/hu\/wp-json\/wp\/v2\/product\/7043\/revisions\/7046"}],"wp:featuredmedia":[{"embeddable":true,"href":"https:\/\/dersuessestopp.com\/hu\/wp-json\/wp\/v2\/media\/7047"}],"wp:attachment":[{"href":"https:\/\/dersuessestopp.com\/hu\/wp-json\/wp\/v2\/media?parent=7043"}],"wp:term":[{"taxonomy":"product_brand","embeddable":true,"href":"https:\/\/dersuessestopp.com\/hu\/wp-json\/wp\/v2\/product_brand?post=7043"},{"taxonomy":"product_cat","embeddable":true,"href":"https:\/\/dersuessestopp.com\/hu\/wp-json\/wp\/v2\/product_cat?post=7043"},{"taxonomy":"product_tag","embeddable":true,"href":"https:\/\/dersuessestopp.com\/hu\/wp-json\/wp\/v2\/product_tag?post=7043"}],"curies":[{"name":"wp","href":"https:\/\/api.w.org\/{rel}","templated":true}]}}