{"id":7037,"date":"2025-08-30T05:37:23","date_gmt":"2025-08-30T05:37:23","guid":{"rendered":"https:\/\/dersuessestopp.com\/?post_type=product&#038;p=7037"},"modified":"2025-08-30T05:37:23","modified_gmt":"2025-08-30T05:37:23","slug":"nr400s-nr400s-30","status":"publish","type":"product","link":"https:\/\/dersuessestopp.com\/hu\/product\/nr400s-nr400s-30\/","title":{"rendered":"NR400S, NR400S-30"},"content":{"rendered":"<p>Az NR400S szalagsorozatot pralin\u00e9k, kekszek, s\u00fctem\u00e9nyek \u00e9s p\u00e9ks\u00fctem\u00e9nyek professzion\u00e1lis bevon\u00e1s\u00e1ra tervezt\u00e9k. A felhaszn\u00e1l\u00f3bar\u00e1t kezel\u0151szervekkel \u00e9s praktikus funkci\u00f3kkal ezek a sz\u00e1ll\u00edt\u00f3szalagok lehet\u0151v\u00e9 teszik, hogy egyetlen kezel\u0151 ir\u00e1ny\u00edtsa a teljes bevon\u00e1si folyamatot a bet\u00f6lt\u00e9st\u0151l a term\u00e9k kil\u00e9p\u00e9s\u00e9ig, biztos\u00edtva a hat\u00e9konys\u00e1got \u00e9s a pontoss\u00e1got.<\/p>\n<p>F\u0151bb jellemz\u0151k \u00e9s el\u0151ny\u00f6k<\/p>\n<p>Kezel\u0151bar\u00e1t rakod\u00e1si rendszer - A rakod\u00f3 dr\u00f3th\u00e1l\u00f3s szalag a term\u00e9k elhelyez\u00e9se k\u00f6zben le\u00e1ll\u00edthat\u00f3 \u00e9s egy egyszer\u0171 gombnyom\u00e1ssal \u00fajraind\u00edthat\u00f3, ami racionaliz\u00e1lja a termel\u00e9st.<\/p>\n<p>Professzion\u00e1lis bevonatol\u00f3 tartoz\u00e9kok - Mindk\u00e9t modell tartalmaz egy dr\u00f3th\u00e1l\u00f3s szalagver\u0151t \u00e9s egy farokv\u00e1g\u00f3 eszk\u00f6zt a hib\u00e1tlan bevonatbevonat biztos\u00edt\u00e1sa \u00e9rdek\u00e9ben.<\/p>\n<p>K\u00f6nny\u0171 tiszt\u00edt\u00e1s \u00e9s karbantart\u00e1s - Az elektromos alkatr\u00e9szekt\u0151l mentes, elt\u00e1vol\u00edthat\u00f3 bevonat\u00fa dr\u00f3th\u00e1l\u00f3 lehet\u0151v\u00e9 teszi a gyors \u00e9s pontos mos\u00e1st.<\/p>\n<p>Csak a fel\u00fcletre t\u00f6rt\u00e9n\u0151 bevonatol\u00e1si lehet\u0151s\u00e9g - A sz\u00e1ll\u00edt\u00f3szalag dr\u00f3th\u00e1l\u00f3 helyett zsin\u00f3rral is felszerelhet\u0151 a csak a fel\u00fcletre t\u00f6rt\u00e9n\u0151 t\u00f6k\u00e9letes bevonatol\u00e1shoz.<\/p>\n<p>Rugalmas m\u00e9retez\u00e9si lehet\u0151s\u00e9gek - K\u00e9t munkasz\u00e9less\u00e9gben kaphat\u00f3:<\/p>\n<p>NR400S \u2192 250 mm<\/p>\n<p>NR400S-30 \u2192 300 mm<\/p>\n<p>M\u0171szaki specifik\u00e1ci\u00f3k<\/p>\n<p>Dr\u00f3th\u00e1l\u00f3s szalag sz\u00e9less\u00e9ge: 250 mm (NR400S)<\/p>\n<p>Dr\u00f3th\u00e1l\u00f3s szalag sz\u00e9less\u00e9ge: 300 mm (NR400S-30)<\/p>","protected":false},"excerpt":{"rendered":"<p>The NR400S conveyor series is designed for professional enrobing of pralines, biscuits, cakes, and pastry products. With user-friendly controls and practical features, these conveyors allow a single operator to manage the entire enrobing process, from loading to product exit, ensuring efficiency and precision. Key Features &amp; Benefits Operator-Friendly Loading System \u2013 The loading wire-mesh belt [&hellip;]<\/p>\n","protected":false},"featured_media":7038,"comment_status":"open","ping_status":"closed","template":"","meta":[],"product_brand":[],"product_cat":[42],"product_tag":[],"class_list":{"0":"post-7037","1":"product","2":"type-product","3":"status-publish","4":"has-post-thumbnail","6":"product_cat-conveyor-belts","8":"first","9":"instock","10":"shipping-taxable","11":"product-type-simple"},"_links":{"self":[{"href":"https:\/\/dersuessestopp.com\/hu\/wp-json\/wp\/v2\/product\/7037","targetHints":{"allow":["GET"]}}],"collection":[{"href":"https:\/\/dersuessestopp.com\/hu\/wp-json\/wp\/v2\/product"}],"about":[{"href":"https:\/\/dersuessestopp.com\/hu\/wp-json\/wp\/v2\/types\/product"}],"replies":[{"embeddable":true,"href":"https:\/\/dersuessestopp.com\/hu\/wp-json\/wp\/v2\/comments?post=7037"}],"version-history":[{"count":1,"href":"https:\/\/dersuessestopp.com\/hu\/wp-json\/wp\/v2\/product\/7037\/revisions"}],"predecessor-version":[{"id":7040,"href":"https:\/\/dersuessestopp.com\/hu\/wp-json\/wp\/v2\/product\/7037\/revisions\/7040"}],"wp:featuredmedia":[{"embeddable":true,"href":"https:\/\/dersuessestopp.com\/hu\/wp-json\/wp\/v2\/media\/7038"}],"wp:attachment":[{"href":"https:\/\/dersuessestopp.com\/hu\/wp-json\/wp\/v2\/media?parent=7037"}],"wp:term":[{"taxonomy":"product_brand","embeddable":true,"href":"https:\/\/dersuessestopp.com\/hu\/wp-json\/wp\/v2\/product_brand?post=7037"},{"taxonomy":"product_cat","embeddable":true,"href":"https:\/\/dersuessestopp.com\/hu\/wp-json\/wp\/v2\/product_cat?post=7037"},{"taxonomy":"product_tag","embeddable":true,"href":"https:\/\/dersuessestopp.com\/hu\/wp-json\/wp\/v2\/product_tag?post=7037"}],"curies":[{"name":"wp","href":"https:\/\/api.w.org\/{rel}","templated":true}]}}