{"id":7032,"date":"2025-08-30T05:34:22","date_gmt":"2025-08-30T05:34:22","guid":{"rendered":"https:\/\/dersuessestopp.com\/?post_type=product&#038;p=7032"},"modified":"2025-08-30T05:39:42","modified_gmt":"2025-08-30T05:39:42","slug":"nrd12","status":"publish","type":"product","link":"https:\/\/dersuessestopp.com\/hu\/product\/nrd12\/","title":{"rendered":"NRD12"},"content":{"rendered":"<p data-start=\"160\" data-end=\"459\">A <strong data-start=\"164\" data-end=\"182\">NRD12 sz\u00e1ll\u00edt\u00f3szalag<\/strong> a cukr\u00e1szati \u00e9s cukr\u00e1szati term\u00e9kek sz\u00e9les sk\u00e1l\u00e1j\u00e1nak kezel\u00e9s\u00e9re tervezt\u00e9k, a k\u00f6vetkez\u0151kb\u0151l <strong data-start=\"264\" data-end=\"298\">a pralin\u00e9t\u00f3l \u00e9s a kekszekt\u0151l a s\u00fctem\u00e9nyekig<\/strong>. Innovat\u00edv kialak\u00edt\u00e1sa lehet\u0151v\u00e9 teszi, hogy egyetlen kezel\u0151 hat\u00e9konyan kezelje mind a bet\u00f6lt\u00e9si, mind a bevon\u00e1si folyamatot, \u00edgy biztos\u00edtva a z\u00f6kken\u0151mentes munkafolyamatot minim\u00e1lis er\u0151fesz\u00edt\u00e9ssel.<\/p>\n<h4 data-start=\"461\" data-end=\"492\">F\u0151bb jellemz\u0151k \u00e9s el\u0151ny\u00f6k:<\/h4>\n<ul data-start=\"493\" data-end=\"1289\">\n<li data-start=\"493\" data-end=\"716\">\n<p data-start=\"495\" data-end=\"716\"><strong data-start=\"495\" data-end=\"531\">Kezel\u0151bar\u00e1t rakod\u00e1si rendszer<\/strong> - A <strong data-start=\"538\" data-end=\"564\">rakod\u00f3 dr\u00f3th\u00e1l\u00f3s szalag<\/strong> a term\u00e9k elhelyez\u00e9se k\u00f6zben le\u00e1ll\u00edthat\u00f3, \u00e9s egy egyszer\u0171 gomb seg\u00edts\u00e9g\u00e9vel k\u00f6nnyen \u00fajraind\u00edthat\u00f3, \u00edgy egy szem\u00e9ly ir\u00e1ny\u00edthatja mind a bet\u00f6lt\u00e9si, mind a bevon\u00e1si f\u00e1zist.<\/p>\n<\/li>\n<li data-start=\"717\" data-end=\"886\">\n<p data-start=\"719\" data-end=\"886\"><strong data-start=\"719\" data-end=\"754\">Integr\u00e1lt bevonatol\u00e1si tartoz\u00e9kok<\/strong> - Felszerelve egy <strong data-start=\"773\" data-end=\"831\">dr\u00f3th\u00e1l\u00f3s szalagver\u0151, farokv\u00e1g\u00f3 berendez\u00e9s \u00e9s f\u00fav\u00f3ka<\/strong> a prec\u00edz \u00e9s professzion\u00e1lis min\u0151s\u00e9g\u0171 bevonatok biztos\u00edt\u00e1sa \u00e9rdek\u00e9ben.<\/p>\n<\/li>\n<li data-start=\"887\" data-end=\"1109\">\n<p data-start=\"889\" data-end=\"1109\"><strong data-start=\"889\" data-end=\"920\">K\u00f6nny\u0171 tiszt\u00edt\u00e1s \u00e9s sokoldal\u00fas\u00e1g<\/strong> - A <strong data-start=\"927\" data-end=\"948\">bevonat dr\u00f3th\u00e1l\u00f3<\/strong> teljesen kivehet\u0151, \u00e9s nem tartalmaz elektromos alkatr\u00e9szeket, \u00edgy egyszer\u0171en haszn\u00e1lhat\u00f3 a szarvasgomb\u00e1k forg\u00f3t\u00e1bl\u00e1j\u00e1val, \u00e9s lehet\u0151v\u00e9 teszi a <strong data-start=\"1083\" data-end=\"1106\">gyors, m\u00e9lytiszt\u00edt\u00e1s<\/strong>.<\/p>\n<\/li>\n<li data-start=\"1110\" data-end=\"1289\">\n<p data-start=\"1112\" data-end=\"1289\"><strong data-start=\"1112\" data-end=\"1142\">Kompakt \u00e9s praktikus kialak\u00edt\u00e1s<\/strong> - A <strong data-start=\"1148\" data-end=\"1169\">200 mm szalagsz\u00e9less\u00e9g<\/strong>, az NRD12 t\u00f6k\u00e9letes a kis- \u00e9s k\u00f6zepes gy\u00e1rt\u00e1si darabsz\u00e1mokhoz, a rugalmass\u00e1g \u00e9s a professzion\u00e1lis teljes\u00edtm\u00e9ny k\u00f6z\u00f6tti egyens\u00falyt biztos\u00edtva.<\/p>\n<\/li>\n<\/ul>\n<h4 data-start=\"1291\" data-end=\"1323\">M\u0171szaki specifik\u00e1ci\u00f3k:<\/h4>\n<ul data-start=\"1324\" data-end=\"1360\">\n<li data-start=\"1324\" data-end=\"1360\">\n<p data-start=\"1326\" data-end=\"1360\"><strong data-start=\"1326\" data-end=\"1351\">Dr\u00f3th\u00e1l\u00f3s \u00f6vsz\u00e9less\u00e9g:<\/strong> 200 mm<\/p>\n<\/li>\n<\/ul>","protected":false},"excerpt":{"rendered":"<p>The NRD12 conveyor is designed for handling a wide range of confectionery and pastry products, from pralines and biscuits to cakes. Its innovative design allows a single operator to efficiently manage both the loading and enrobing processes, ensuring a smooth workflow with minimal effort. Key Features &amp; Benefits: Operator-Friendly Loading System \u2013 The loading wire-mesh [&hellip;]<\/p>\n","protected":false},"featured_media":7033,"comment_status":"open","ping_status":"closed","template":"","meta":[],"product_brand":[],"product_cat":[42],"product_tag":[],"class_list":{"0":"post-7032","1":"product","2":"type-product","3":"status-publish","4":"has-post-thumbnail","6":"product_cat-conveyor-belts","8":"first","9":"instock","10":"shipping-taxable","11":"product-type-simple"},"_links":{"self":[{"href":"https:\/\/dersuessestopp.com\/hu\/wp-json\/wp\/v2\/product\/7032","targetHints":{"allow":["GET"]}}],"collection":[{"href":"https:\/\/dersuessestopp.com\/hu\/wp-json\/wp\/v2\/product"}],"about":[{"href":"https:\/\/dersuessestopp.com\/hu\/wp-json\/wp\/v2\/types\/product"}],"replies":[{"embeddable":true,"href":"https:\/\/dersuessestopp.com\/hu\/wp-json\/wp\/v2\/comments?post=7032"}],"version-history":[{"count":3,"href":"https:\/\/dersuessestopp.com\/hu\/wp-json\/wp\/v2\/product\/7032\/revisions"}],"predecessor-version":[{"id":7044,"href":"https:\/\/dersuessestopp.com\/hu\/wp-json\/wp\/v2\/product\/7032\/revisions\/7044"}],"wp:featuredmedia":[{"embeddable":true,"href":"https:\/\/dersuessestopp.com\/hu\/wp-json\/wp\/v2\/media\/7033"}],"wp:attachment":[{"href":"https:\/\/dersuessestopp.com\/hu\/wp-json\/wp\/v2\/media?parent=7032"}],"wp:term":[{"taxonomy":"product_brand","embeddable":true,"href":"https:\/\/dersuessestopp.com\/hu\/wp-json\/wp\/v2\/product_brand?post=7032"},{"taxonomy":"product_cat","embeddable":true,"href":"https:\/\/dersuessestopp.com\/hu\/wp-json\/wp\/v2\/product_cat?post=7032"},{"taxonomy":"product_tag","embeddable":true,"href":"https:\/\/dersuessestopp.com\/hu\/wp-json\/wp\/v2\/product_tag?post=7032"}],"curies":[{"name":"wp","href":"https:\/\/api.w.org\/{rel}","templated":true}]}}