{"id":7027,"date":"2025-08-30T05:29:27","date_gmt":"2025-08-30T05:29:27","guid":{"rendered":"https:\/\/dersuessestopp.com\/?post_type=product&#038;p=7027"},"modified":"2025-08-30T05:29:27","modified_gmt":"2025-08-30T05:29:27","slug":"r500-bevonogep","status":"publish","type":"product","link":"https:\/\/dersuessestopp.com\/hu\/product\/r500-enrobing-machine\/","title":{"rendered":"R500 bevon\u00f3g\u00e9p"},"content":{"rendered":"<p data-start=\"190\" data-end=\"600\">A <strong data-start=\"194\" data-end=\"219\">R500 Bevon\u00f3g\u00e9p<\/strong> egy teljesen automatikus, folyamatos \u00fczem\u0171 rendszer, amelyet \u00fagy terveztek, hogy a cukr\u00e1szati term\u00e9keket a k\u00f6vetkez\u0151kkel bor\u00edtsa be <strong data-start=\"317\" data-end=\"388\">csokol\u00e1d\u00e9kever\u00e9kek vagy egy\u00e9b bevonatok, amelyek nem ig\u00e9nyelnek temper\u00e1l\u00e1st<\/strong>. A nagym\u00e9ret\u0171 <strong data-start=\"405\" data-end=\"428\">45 kg t\u00e1lkapacit\u00e1s<\/strong> \u00e9s prec\u00edzi\u00f3s vez\u00e9rl\u00e9s\u0171 rendszerrel biztos\u00edtja a hat\u00e9konys\u00e1got, a k\u00f6vetkezetess\u00e9get \u00e9s a kiv\u00e1l\u00f3 term\u00e9kv\u00e9geredm\u00e9nyeket a professzion\u00e1lis csokol\u00e1d\u00e9k\u00e9sz\u00edt\u0151k \u00e9s az ipari \u00e9dess\u00e9ggy\u00e1rt\u00e1s sz\u00e1m\u00e1ra.<\/p>\n<h4 data-start=\"602\" data-end=\"633\">F\u0151bb jellemz\u0151k \u00e9s el\u0151ny\u00f6k:<\/h4>\n<ul data-start=\"634\" data-end=\"1471\">\n<li data-start=\"634\" data-end=\"766\">\n<p data-start=\"636\" data-end=\"766\"><strong data-start=\"636\" data-end=\"658\">Nagy kapacit\u00e1s\u00fa t\u00e1l<\/strong> - <strong data-start=\"661\" data-end=\"699\">45 kg-os rozsdamentes ac\u00e9l AISI304 t\u00e1l<\/strong> a be\u00e9p\u00edtett kever\u0151vel a bevonatok sim\u00e1k, foly\u00e9konyak \u00e9s egyenletesek maradnak.<\/p>\n<\/li>\n<li data-start=\"767\" data-end=\"886\">\n<p data-start=\"769\" data-end=\"886\"><strong data-start=\"769\" data-end=\"798\">Bain-Marie olvaszt\u00f3 rendszer<\/strong> - K\u00edm\u00e9letesen megolvasztja a bevonatokat, mik\u00f6zben stabil h\u0151m\u00e9rs\u00e9kletet tart fenn az egyenletes eredm\u00e9nyek \u00e9rdek\u00e9ben.<\/p>\n<\/li>\n<li data-start=\"887\" data-end=\"1007\">\n<p data-start=\"889\" data-end=\"1007\"><strong data-start=\"889\" data-end=\"922\">Prec\u00edzi\u00f3s h\u0151m\u00e9rs\u00e9klet-szab\u00e1lyoz\u00e1s<\/strong> - Ir\u00e1ny\u00edtott <strong data-start=\"941\" data-end=\"965\">nagy pontoss\u00e1g\u00fa szond\u00e1k<\/strong> \u00e9s egy <strong data-start=\"972\" data-end=\"1004\">dedik\u00e1lt GAMI vez\u00e9rl\u0151panel<\/strong>.<\/p>\n<\/li>\n<li data-start=\"1008\" data-end=\"1156\">\n<p data-start=\"1010\" data-end=\"1156\"><strong data-start=\"1010\" data-end=\"1036\">Felhaszn\u00e1l\u00f3bar\u00e1t vez\u00e9rl\u0151k<\/strong> - Felszerelve egy <strong data-start=\"1055\" data-end=\"1094\">\u00e1raml\u00e1sle\u00e1ll\u00edt\u00f3 \u00e9s adagol\u00f3 l\u00e1bped\u00e1l<\/strong> plusz egy <strong data-start=\"1103\" data-end=\"1128\">automatikus ind\u00edt\u00e1si id\u0151z\u00edt\u0151<\/strong> a k\u00e9nyelmes m\u0171k\u00f6dtet\u00e9s \u00e9rdek\u00e9ben.<\/p>\n<\/li>\n<li data-start=\"1157\" data-end=\"1344\">\n<p data-start=\"1159\" data-end=\"1344\"><strong data-start=\"1159\" data-end=\"1189\">B\u0151v\u00edthet\u0151 be\u00e1gyaz\u00e1si rendszer<\/strong> - P\u00e1ros\u00edthat\u00f3 egy <strong data-start=\"1213\" data-end=\"1240\">dr\u00f3th\u00e1l\u00f3s bor\u00edt\u00f3szalag<\/strong> teljes adagol\u00f3val, f\u00fav\u00f3val, dr\u00f3th\u00e1l\u00f3s ver\u0151vel \u00e9s farokv\u00e1g\u00f3 berendez\u00e9ssel a teljes k\u00f6r\u0171 gy\u00e1rt\u00e1shoz.<\/p>\n<\/li>\n<li data-start=\"1345\" data-end=\"1471\">\n<p data-start=\"1347\" data-end=\"1471\"><strong data-start=\"1347\" data-end=\"1374\">\u00c1ll\u00edthat\u00f3 term\u00e9k\u00e1raml\u00e1s<\/strong> - Rugalmass\u00e1got biztos\u00edt a bevonat\u00e1raml\u00e1s k\u00fcl\u00f6nb\u00f6z\u0151 term\u00e9kt\u00edpusokhoz \u00e9s termel\u00e9si ig\u00e9nyekhez val\u00f3 igaz\u00edt\u00e1s\u00e1hoz.<\/p>\n<\/li>\n<\/ul>\n<h4 data-start=\"1473\" data-end=\"1505\">M\u0171szaki specifik\u00e1ci\u00f3k:<\/h4>\n<ul data-start=\"1506\" data-end=\"1578\">\n<li data-start=\"1506\" data-end=\"1534\">\n<p data-start=\"1508\" data-end=\"1534\"><strong data-start=\"1508\" data-end=\"1526\">T\u00e1l kapacit\u00e1sa:<\/strong> 45 kg<\/p>\n<\/li>\n<li data-start=\"1535\" data-end=\"1578\">\n<p data-start=\"1537\" data-end=\"1578\"><strong data-start=\"1537\" data-end=\"1552\">M\u00e9retek:<\/strong> 680 x 920 x 1650 mm (h)<\/p>\n<\/li>\n<\/ul>","protected":false},"excerpt":{"rendered":"<p>The R500 Enrobing Machine is a fully automatic, continuous-operation system designed to enrobe confectionery products with chocolate compounds or other coatings that do not require tempering. With its large 45 kg bowl capacity and precision-controlled system, it ensures efficiency, consistency, and superior product finishes for professional chocolatiers and industrial confectionery production. Key Features &amp; Benefits: [&hellip;]<\/p>\n","protected":false},"featured_media":7028,"comment_status":"open","ping_status":"closed","template":"","meta":[],"product_brand":[],"product_cat":[41],"product_tag":[],"class_list":{"0":"post-7027","1":"product","2":"type-product","3":"status-publish","4":"has-post-thumbnail","6":"product_cat-enrobing-and-melting-machines","8":"first","9":"instock","10":"shipping-taxable","11":"product-type-simple"},"_links":{"self":[{"href":"https:\/\/dersuessestopp.com\/hu\/wp-json\/wp\/v2\/product\/7027","targetHints":{"allow":["GET"]}}],"collection":[{"href":"https:\/\/dersuessestopp.com\/hu\/wp-json\/wp\/v2\/product"}],"about":[{"href":"https:\/\/dersuessestopp.com\/hu\/wp-json\/wp\/v2\/types\/product"}],"replies":[{"embeddable":true,"href":"https:\/\/dersuessestopp.com\/hu\/wp-json\/wp\/v2\/comments?post=7027"}],"version-history":[{"count":1,"href":"https:\/\/dersuessestopp.com\/hu\/wp-json\/wp\/v2\/product\/7027\/revisions"}],"predecessor-version":[{"id":7029,"href":"https:\/\/dersuessestopp.com\/hu\/wp-json\/wp\/v2\/product\/7027\/revisions\/7029"}],"wp:featuredmedia":[{"embeddable":true,"href":"https:\/\/dersuessestopp.com\/hu\/wp-json\/wp\/v2\/media\/7028"}],"wp:attachment":[{"href":"https:\/\/dersuessestopp.com\/hu\/wp-json\/wp\/v2\/media?parent=7027"}],"wp:term":[{"taxonomy":"product_brand","embeddable":true,"href":"https:\/\/dersuessestopp.com\/hu\/wp-json\/wp\/v2\/product_brand?post=7027"},{"taxonomy":"product_cat","embeddable":true,"href":"https:\/\/dersuessestopp.com\/hu\/wp-json\/wp\/v2\/product_cat?post=7027"},{"taxonomy":"product_tag","embeddable":true,"href":"https:\/\/dersuessestopp.com\/hu\/wp-json\/wp\/v2\/product_tag?post=7027"}],"curies":[{"name":"wp","href":"https:\/\/api.w.org\/{rel}","templated":true}]}}