{"id":7024,"date":"2025-08-30T05:27:36","date_gmt":"2025-08-30T05:27:36","guid":{"rendered":"https:\/\/dersuessestopp.com\/?post_type=product&#038;p=7024"},"modified":"2025-08-30T05:27:56","modified_gmt":"2025-08-30T05:27:56","slug":"r400-bevonogep","status":"publish","type":"product","link":"https:\/\/dersuessestopp.com\/hu\/product\/r400-enrobing-machine\/","title":{"rendered":"R400 bevon\u00f3g\u00e9p"},"content":{"rendered":"<p data-start=\"211\" data-end=\"574\">A <strong data-start=\"215\" data-end=\"240\">R400 Bevon\u00f3g\u00e9p<\/strong> egy <strong data-start=\"247\" data-end=\"289\">automatikus, folyamatos \u00fczem\u0171 rendszer<\/strong> csokol\u00e1d\u00e9kever\u00e9kkel vagy m\u00e1s bevonatokkal ell\u00e1tott, temper\u00e1l\u00e1st nem ig\u00e9nyl\u0151 cukr\u00e1szati term\u00e9kek bevon\u00e1s\u00e1ra tervezt\u00e9k. A hat\u00e9konys\u00e1g \u00e9s megb\u00edzhat\u00f3s\u00e1g jegy\u00e9ben k\u00e9sz\u00fclt, sima, egyenletes fel\u00fcletet biztos\u00edt, mik\u00f6zben racionaliz\u00e1lja a professzion\u00e1lis csokol\u00e1d\u00e9k\u00e9sz\u00edt\u0151k \u00e9s \u00e9dess\u00e9ggy\u00e1rt\u00f3k termel\u00e9s\u00e9t.<\/p>\n<h4 data-start=\"576\" data-end=\"607\">F\u0151bb jellemz\u0151k \u00e9s el\u0151ny\u00f6k:<\/h4>\n<ul data-start=\"608\" data-end=\"1420\">\n<li data-start=\"608\" data-end=\"732\">\n<p data-start=\"610\" data-end=\"732\"><strong data-start=\"610\" data-end=\"633\">25 kg T\u00e1l kapacit\u00e1sa<\/strong> - K\u00e9sz\u00fclt <strong data-start=\"644\" data-end=\"671\">rozsdamentes ac\u00e9l AISI304<\/strong>, kever\u0151vel felszerelve, hogy a bevonat foly\u00e9kony \u00e9s egyenletes maradjon.<\/p>\n<\/li>\n<li data-start=\"733\" data-end=\"843\">\n<p data-start=\"735\" data-end=\"843\"><strong data-start=\"735\" data-end=\"764\">Bain-Marie olvaszt\u00f3 rendszer<\/strong> - K\u00edm\u00e9letesen megolvasztja a bevonatokat, mik\u00f6zben stabil, homog\u00e9n h\u0151m\u00e9rs\u00e9kletet tart fenn.<\/p>\n<\/li>\n<li data-start=\"844\" data-end=\"981\">\n<p data-start=\"846\" data-end=\"981\"><strong data-start=\"846\" data-end=\"877\">Pontos h\u0151m\u00e9rs\u00e9klet-szab\u00e1lyoz\u00e1s<\/strong> - Ir\u00e1ny\u00edtja <strong data-start=\"891\" data-end=\"916\">nagy pontoss\u00e1g\u00fa szond\u00e1k<\/strong> \u00e9s egy <strong data-start=\"923\" data-end=\"955\">dedik\u00e1lt GAMI vez\u00e9rl\u0151panel<\/strong> a k\u00f6vetkezetes eredm\u00e9nyek \u00e9rdek\u00e9ben.<\/p>\n<\/li>\n<li data-start=\"982\" data-end=\"1121\">\n<p data-start=\"984\" data-end=\"1121\"><strong data-start=\"984\" data-end=\"1015\">Rugalmas termel\u00e9sir\u00e1ny\u00edt\u00e1s<\/strong> - Jellemz\u0151k <strong data-start=\"1029\" data-end=\"1068\">\u00e1raml\u00e1sle\u00e1ll\u00edt\u00f3 \u00e9s adagol\u00f3 l\u00e1bped\u00e1l<\/strong> plusz egy <strong data-start=\"1077\" data-end=\"1102\">automatikus ind\u00edt\u00e1si id\u0151z\u00edt\u0151<\/strong> a k\u00f6nny\u0171 haszn\u00e1lat \u00e9rdek\u00e9ben.<\/p>\n<\/li>\n<li data-start=\"1122\" data-end=\"1321\">\n<p data-start=\"1124\" data-end=\"1321\"><strong data-start=\"1124\" data-end=\"1152\">Opcion\u00e1lis bevon\u00f3 rendszer<\/strong> - Csatlakoztathat\u00f3 egy <strong data-start=\"1178\" data-end=\"1205\">dr\u00f3th\u00e1l\u00f3s heveder<\/strong> teljes adagol\u00f3val, f\u00fav\u00f3k\u00e1val, dr\u00f3th\u00e1l\u00f3s habver\u0151vel \u00e9s farokv\u00e1g\u00f3 berendez\u00e9ssel egy teljes professzion\u00e1lis burkol\u00f3sorhoz.<\/p>\n<\/li>\n<li data-start=\"1322\" data-end=\"1420\">\n<p data-start=\"1324\" data-end=\"1420\"><strong data-start=\"1324\" data-end=\"1351\">\u00c1ll\u00edthat\u00f3 term\u00e9k\u00e1raml\u00e1s<\/strong> - Lehet\u0151v\u00e9 teszi a bevonatkibocs\u00e1t\u00e1s finomhangol\u00e1s\u00e1t a term\u00e9k ig\u00e9nyeinek megfelel\u0151en.<\/p>\n<\/li>\n<\/ul>\n<h4 data-start=\"1422\" data-end=\"1454\">M\u0171szaki specifik\u00e1ci\u00f3k:<\/h4>\n<ul data-start=\"1455\" data-end=\"1527\">\n<li data-start=\"1455\" data-end=\"1483\">\n<p data-start=\"1457\" data-end=\"1483\"><strong data-start=\"1457\" data-end=\"1475\">T\u00e1l kapacit\u00e1sa:<\/strong> 25 kg<\/p>\n<\/li>\n<li data-start=\"1484\" data-end=\"1527\">\n<p data-start=\"1486\" data-end=\"1527\"><strong data-start=\"1486\" data-end=\"1501\">M\u00e9retek:<\/strong> 580 x 750 x 1550 mm (h)<\/p>\n<\/li>\n<\/ul>","protected":false},"excerpt":{"rendered":"<p>The R400 Enrobing Machine is an automatic, continuous-operation system designed for enrobing confectionery products with chocolate compounds or other coatings that do not require tempering. Built for efficiency and reliability, it ensures a smooth, even finish while streamlining production for professional chocolatiers and confectionery manufacturers. Key Features &amp; Benefits: 25 kg Bowl Capacity \u2013 Made [&hellip;]<\/p>\n","protected":false},"featured_media":7025,"comment_status":"open","ping_status":"closed","template":"","meta":[],"product_brand":[],"product_cat":[41],"product_tag":[],"class_list":{"0":"post-7024","1":"product","2":"type-product","3":"status-publish","4":"has-post-thumbnail","6":"product_cat-enrobing-and-melting-machines","8":"first","9":"instock","10":"shipping-taxable","11":"product-type-simple"},"_links":{"self":[{"href":"https:\/\/dersuessestopp.com\/hu\/wp-json\/wp\/v2\/product\/7024","targetHints":{"allow":["GET"]}}],"collection":[{"href":"https:\/\/dersuessestopp.com\/hu\/wp-json\/wp\/v2\/product"}],"about":[{"href":"https:\/\/dersuessestopp.com\/hu\/wp-json\/wp\/v2\/types\/product"}],"replies":[{"embeddable":true,"href":"https:\/\/dersuessestopp.com\/hu\/wp-json\/wp\/v2\/comments?post=7024"}],"version-history":[{"count":1,"href":"https:\/\/dersuessestopp.com\/hu\/wp-json\/wp\/v2\/product\/7024\/revisions"}],"predecessor-version":[{"id":7026,"href":"https:\/\/dersuessestopp.com\/hu\/wp-json\/wp\/v2\/product\/7024\/revisions\/7026"}],"wp:featuredmedia":[{"embeddable":true,"href":"https:\/\/dersuessestopp.com\/hu\/wp-json\/wp\/v2\/media\/7025"}],"wp:attachment":[{"href":"https:\/\/dersuessestopp.com\/hu\/wp-json\/wp\/v2\/media?parent=7024"}],"wp:term":[{"taxonomy":"product_brand","embeddable":true,"href":"https:\/\/dersuessestopp.com\/hu\/wp-json\/wp\/v2\/product_brand?post=7024"},{"taxonomy":"product_cat","embeddable":true,"href":"https:\/\/dersuessestopp.com\/hu\/wp-json\/wp\/v2\/product_cat?post=7024"},{"taxonomy":"product_tag","embeddable":true,"href":"https:\/\/dersuessestopp.com\/hu\/wp-json\/wp\/v2\/product_tag?post=7024"}],"curies":[{"name":"wp","href":"https:\/\/api.w.org\/{rel}","templated":true}]}}