{"id":7020,"date":"2025-08-30T05:24:11","date_gmt":"2025-08-30T05:24:11","guid":{"rendered":"https:\/\/dersuessestopp.com\/?post_type=product&#038;p=7020"},"modified":"2025-08-30T05:38:49","modified_gmt":"2025-08-30T05:38:49","slug":"diva12-temperalo-gep","status":"publish","type":"product","link":"https:\/\/dersuessestopp.com\/hu\/product\/diva12-tempering-machine\/","title":{"rendered":"Diva12 temper\u00e1l\u00f3 g\u00e9p"},"content":{"rendered":"<p data-start=\"186\" data-end=\"530\">A <strong data-start=\"190\" data-end=\"200\">Diva12<\/strong> egy teljesen automata, folyamatos \u00fczem\u0171 temper\u00e1l\u00f3g\u00e9p, amelyet \u00fagy terveztek, hogy <strong data-start=\"282\" data-end=\"324\">pontoss\u00e1g, megb\u00edzhat\u00f3s\u00e1g \u00e9s hat\u00e9konys\u00e1g<\/strong> professzion\u00e1lis csokol\u00e1d\u00e9k\u00e9sz\u00edt\u0151k \u00e9s k\u00f6zepes m\u00e9ret\u0171 gy\u00e1rt\u00e1s sz\u00e1m\u00e1ra. A  weboldalr\u00f3l <strong data-start=\"389\" data-end=\"411\">bain-marie olvad\u00e1s<\/strong> a  c\u00edmre. <strong data-start=\"415\" data-end=\"474\">temper\u00e1l\u00e1s h\u0171t\u0151g\u00e1zzal \u00e9s h\u0171t\u0151k\u00f6zeg-kompresszorral<\/strong>, minden alkalommal hib\u00e1tlan csokol\u00e1d\u00e9feldolgoz\u00e1st biztos\u00edt.<\/p>\n<h4 data-start=\"532\" data-end=\"563\">F\u0151bb jellemz\u0151k \u00e9s el\u0151ny\u00f6k:<\/h4>\n<ul data-start=\"564\" data-end=\"1457\">\n<li data-start=\"564\" data-end=\"728\">\n<p data-start=\"566\" data-end=\"728\"><strong data-start=\"566\" data-end=\"589\">12 kg T\u00e1l kapacit\u00e1sa<\/strong> - Tart\u00f3s, tart\u00f3s <strong data-start=\"615\" data-end=\"642\">rozsdamentes ac\u00e9l AISI304<\/strong>, be\u00e9p\u00edtett kever\u0151vel, hogy a csokol\u00e1d\u00e9 foly\u00e9kony, egyenletes \u00e9s t\u00f6k\u00e9letesen temper\u00e1lt maradjon.<\/p>\n<\/li>\n<li data-start=\"729\" data-end=\"898\">\n<p data-start=\"731\" data-end=\"898\"><strong data-start=\"731\" data-end=\"752\">Magas termel\u00e9kenys\u00e9g<\/strong> - Ak\u00e1r a k\u00f6vetkez\u0151 \u00e9rt\u00e9kekig temper\u00e1lhat\u00f3 <strong data-start=\"782\" data-end=\"813\">60 kg csokol\u00e1d\u00e9 \u00f3r\u00e1nk\u00e9nt<\/strong>, \u00edgy ide\u00e1lis a n\u00f6vekv\u0151 v\u00e1llalkoz\u00e1sok \u00e9s a professzion\u00e1lis cukr\u00e1szipari termel\u00e9s sz\u00e1m\u00e1ra.<\/p>\n<\/li>\n<li data-start=\"899\" data-end=\"1044\">\n<p data-start=\"901\" data-end=\"1044\"><strong data-start=\"901\" data-end=\"926\">Gyors \u00e9s egyszer\u0171 tiszt\u00edt\u00e1s<\/strong> - Jellemz\u0151k egy <strong data-start=\"941\" data-end=\"962\">kih\u00fazhat\u00f3 csiga<\/strong> amely lehet\u0151v\u00e9 teszi a m\u00e9lytiszt\u00edt\u00e1st \u00e9s a gyors v\u00e1lt\u00e1st a k\u00fcl\u00f6nb\u00f6z\u0151 csokol\u00e1d\u00e9t\u00edpusok k\u00f6z\u00f6tt.<\/p>\n<\/li>\n<li data-start=\"1045\" data-end=\"1204\">\n<p data-start=\"1047\" data-end=\"1204\"><strong data-start=\"1047\" data-end=\"1080\">Prec\u00edzi\u00f3s h\u0151m\u00e9rs\u00e9klet-szab\u00e1lyoz\u00e1s<\/strong> - Felszerelve <strong data-start=\"1097\" data-end=\"1121\">nagy pontoss\u00e1g\u00fa szond\u00e1k<\/strong> a t\u00f6k\u00e9letes temper\u00e1l\u00e1si felt\u00e9telek fenntart\u00e1sa \u00e9rdek\u00e9ben egy k\u00fcl\u00f6n erre a c\u00e9lra szolg\u00e1l\u00f3 \u00e1ramk\u00f6ri laphoz csatlakoztatva.<\/p>\n<\/li>\n<li data-start=\"1205\" data-end=\"1342\">\n<p data-start=\"1207\" data-end=\"1342\"><strong data-start=\"1207\" data-end=\"1229\">Tov\u00e1bbfejlesztett haszn\u00e1lhat\u00f3s\u00e1g<\/strong> - Tartalmaz egy <strong data-start=\"1243\" data-end=\"1269\">f\u0171t\u00f6tt rezg\u0151asztal<\/strong> \u00e9s egy <strong data-start=\"1276\" data-end=\"1299\">\u00e1raml\u00e1sg\u00e1tl\u00f3 ped\u00e1l<\/strong> a pontos adagol\u00e1shoz \u00e9s az adagok ellen\u0151rz\u00e9s\u00e9hez.<\/p>\n<\/li>\n<li data-start=\"1343\" data-end=\"1457\">\n<p data-start=\"1345\" data-end=\"1457\"><strong data-start=\"1345\" data-end=\"1374\">\u00c1ll\u00edthat\u00f3 csokol\u00e1d\u00e9 \u00e1raml\u00e1s<\/strong> - Rugalmass\u00e1got biztos\u00edt a k\u00fcl\u00f6nb\u00f6z\u0151 termel\u00e9si ig\u00e9nyekhez \u00e9s term\u00e9kt\u00edpusokhoz val\u00f3 alkalmazkod\u00e1shoz.<\/p>\n<\/li>\n<\/ul>\n<h4 data-start=\"1459\" data-end=\"1491\">M\u0171szaki specifik\u00e1ci\u00f3k:<\/h4>\n<ul data-start=\"1492\" data-end=\"1597\">\n<li data-start=\"1492\" data-end=\"1520\">\n<p data-start=\"1494\" data-end=\"1520\"><strong data-start=\"1494\" data-end=\"1512\">T\u00e1l kapacit\u00e1sa:<\/strong> 12 kg<\/p>\n<\/li>\n<li data-start=\"1521\" data-end=\"1553\">\n<p data-start=\"1523\" data-end=\"1553\"><strong data-start=\"1523\" data-end=\"1543\">\u00d3r\u00e1nk\u00e9nti kapacit\u00e1s:<\/strong> 60 kg\/h<\/p>\n<\/li>\n<li data-start=\"1554\" data-end=\"1597\">\n<p data-start=\"1556\" data-end=\"1597\"><strong data-start=\"1556\" data-end=\"1571\">M\u00e9retek:<\/strong> 440 x 690 x 1570 mm (h)<\/p>\n<\/li>\n<\/ul>\n<p class=\"meta-row\">","protected":false},"excerpt":{"rendered":"<p>The Diva12 is a fully automatic, continuous-operation tempering machine designed to deliver precision, reliability, and efficiency for professional chocolatiers and medium-scale production. From bain-marie melting to tempering with cooling gas and a refrigerant compressor, it ensures flawless chocolate processing every time. Key Features &amp; Benefits: 12 kg Bowl Capacity \u2013 Constructed in durable stainless steel [&hellip;]<\/p>\n","protected":false},"featured_media":7021,"comment_status":"open","ping_status":"closed","template":"","meta":[],"product_brand":[],"product_cat":[40],"product_tag":[],"class_list":{"0":"post-7020","1":"product","2":"type-product","3":"status-publish","4":"has-post-thumbnail","6":"product_cat-tempering-machines","8":"first","9":"instock","10":"shipping-taxable","11":"product-type-simple"},"_links":{"self":[{"href":"https:\/\/dersuessestopp.com\/hu\/wp-json\/wp\/v2\/product\/7020","targetHints":{"allow":["GET"]}}],"collection":[{"href":"https:\/\/dersuessestopp.com\/hu\/wp-json\/wp\/v2\/product"}],"about":[{"href":"https:\/\/dersuessestopp.com\/hu\/wp-json\/wp\/v2\/types\/product"}],"replies":[{"embeddable":true,"href":"https:\/\/dersuessestopp.com\/hu\/wp-json\/wp\/v2\/comments?post=7020"}],"version-history":[{"count":3,"href":"https:\/\/dersuessestopp.com\/hu\/wp-json\/wp\/v2\/product\/7020\/revisions"}],"predecessor-version":[{"id":7042,"href":"https:\/\/dersuessestopp.com\/hu\/wp-json\/wp\/v2\/product\/7020\/revisions\/7042"}],"wp:featuredmedia":[{"embeddable":true,"href":"https:\/\/dersuessestopp.com\/hu\/wp-json\/wp\/v2\/media\/7021"}],"wp:attachment":[{"href":"https:\/\/dersuessestopp.com\/hu\/wp-json\/wp\/v2\/media?parent=7020"}],"wp:term":[{"taxonomy":"product_brand","embeddable":true,"href":"https:\/\/dersuessestopp.com\/hu\/wp-json\/wp\/v2\/product_brand?post=7020"},{"taxonomy":"product_cat","embeddable":true,"href":"https:\/\/dersuessestopp.com\/hu\/wp-json\/wp\/v2\/product_cat?post=7020"},{"taxonomy":"product_tag","embeddable":true,"href":"https:\/\/dersuessestopp.com\/hu\/wp-json\/wp\/v2\/product_tag?post=7020"}],"curies":[{"name":"wp","href":"https:\/\/api.w.org\/{rel}","templated":true}]}}