{"id":7011,"date":"2025-08-30T05:08:56","date_gmt":"2025-08-30T05:08:56","guid":{"rendered":"https:\/\/dersuessestopp.com\/?post_type=product&#038;p=7011"},"modified":"2025-08-30T05:14:59","modified_gmt":"2025-08-30T05:14:59","slug":"diva8-temperalo-gep","status":"publish","type":"product","link":"https:\/\/dersuessestopp.com\/hu\/product\/diva8-tempering-machine\/","title":{"rendered":"Diva8 temper\u00e1l\u00f3 g\u00e9p"},"content":{"rendered":"<p data-start=\"162\" data-end=\"467\">A <strong data-start=\"166\" data-end=\"175\">Diva8<\/strong> egy teljesen automatikus, folyamatos \u00fczem\u0171 csokol\u00e1d\u00e9 temper\u00e1l\u00f3 g\u00e9p, amelyet \u00fagy terveztek, hogy maxim\u00e1lis pontoss\u00e1got, konzisztenci\u00e1t \u00e9s egyszer\u0171 haszn\u00e1latot biztos\u00edtson. A  weboldalr\u00f3l <strong data-start=\"321\" data-end=\"343\">bain-marie olvad\u00e1s<\/strong> a  c\u00edmre. <strong data-start=\"347\" data-end=\"406\">temper\u00e1l\u00e1s h\u0171t\u0151g\u00e1zzal \u00e9s h\u0171t\u0151k\u00f6zeg-kompresszorral<\/strong>, a folyamat minden szakasz\u00e1ban t\u00f6k\u00e9letes eredm\u00e9nyt biztos\u00edt.<\/p>\n<h4 data-start=\"469\" data-end=\"500\">F\u0151bb jellemz\u0151k \u00e9s el\u0151ny\u00f6k:<\/h4>\n<ul data-start=\"501\" data-end=\"1400\">\n<li data-start=\"501\" data-end=\"650\">\n<p data-start=\"503\" data-end=\"650\"><strong data-start=\"503\" data-end=\"525\">8 kg T\u00e1l kapacit\u00e1sa<\/strong> - Tart\u00f3s anyagb\u00f3l k\u00e9sz\u00fclt <strong data-start=\"544\" data-end=\"571\">rozsdamentes ac\u00e9l AISI304<\/strong> be\u00e9p\u00edtett kever\u0151vel, hogy a csokol\u00e1d\u00e9 foly\u00e9kony, egyenletes \u00e9s t\u00f6k\u00e9letesen temper\u00e1lt maradjon.<\/p>\n<\/li>\n<li data-start=\"651\" data-end=\"824\">\n<p data-start=\"653\" data-end=\"824\"><strong data-start=\"653\" data-end=\"668\">Nagy teljes\u00edtm\u00e9ny<\/strong> - Ak\u00e1r <strong data-start=\"686\" data-end=\"726\">50 kg temper\u00e1lt csokol\u00e1d\u00e9 \u00f3r\u00e1nk\u00e9nt<\/strong>, \u00edgy ide\u00e1lis a professzion\u00e1lis cukr\u00e1szok \u00e9s a kis- \u00e9s k\u00f6zepes m\u00e9ret\u0171 csokol\u00e1d\u00e9gy\u00e1rt\u00e1s sz\u00e1m\u00e1ra.<\/p>\n<\/li>\n<li data-start=\"825\" data-end=\"995\">\n<p data-start=\"827\" data-end=\"995\"><strong data-start=\"827\" data-end=\"856\">Hat\u00e9kony tiszt\u00edt\u00f3rendszer<\/strong> - Jellemz\u0151k egy <strong data-start=\"871\" data-end=\"892\">kih\u00fazhat\u00f3 csiga<\/strong>, lehet\u0151v\u00e9 t\u00e9ve a gyors \u00e9s alapos tiszt\u00edt\u00e1st a k\u00fcl\u00f6nb\u00f6z\u0151 csokol\u00e1d\u00e9t\u00edpusok k\u00f6z\u00f6tti z\u00f6kken\u0151mentes \u00e1tmenet \u00e9rdek\u00e9ben.<\/p>\n<\/li>\n<li data-start=\"996\" data-end=\"1135\">\n<p data-start=\"998\" data-end=\"1135\"><strong data-start=\"998\" data-end=\"1022\">H\u0151m\u00e9rs\u00e9klet pontoss\u00e1g<\/strong> - Az optim\u00e1lis temper\u00e1l\u00e1si felt\u00e9telek \u00e9rdek\u00e9ben nagy pontoss\u00e1g\u00fa, k\u00fcl\u00f6n \u00e1ramk\u00f6ri laphoz csatlakoztatott szond\u00e1k vez\u00e9rlik.<\/p>\n<\/li>\n<li data-start=\"1136\" data-end=\"1278\">\n<p data-start=\"1138\" data-end=\"1278\"><strong data-start=\"1138\" data-end=\"1160\">Tov\u00e1bbfejlesztett haszn\u00e1lhat\u00f3s\u00e1g<\/strong> - Felszerelve egy <strong data-start=\"1179\" data-end=\"1205\">f\u0171t\u00f6tt rezg\u0151asztal<\/strong> \u00e9s <strong data-start=\"1210\" data-end=\"1233\">\u00e1raml\u00e1sg\u00e1tl\u00f3 ped\u00e1l<\/strong> a k\u00f6nny\u0171 adagol\u00e1s \u00e9s a k\u00f6vetkezetes adagol\u00e1s \u00e9rdek\u00e9ben.<\/p>\n<\/li>\n<li data-start=\"1279\" data-end=\"1400\">\n<p data-start=\"1281\" data-end=\"1400\"><strong data-start=\"1281\" data-end=\"1310\">\u00c1ll\u00edthat\u00f3 csokol\u00e1d\u00e9 \u00e1raml\u00e1s<\/strong> - Rugalmass\u00e1got biztos\u00edt a termel\u00e9sben az adott recept vagy t\u00e9tel k\u00f6vetelm\u00e9nyeinek megfelel\u0151en.<\/p>\n<\/li>\n<\/ul>\n<h4 data-start=\"1402\" data-end=\"1434\">M\u0171szaki specifik\u00e1ci\u00f3k:<\/h4>\n<ul data-start=\"1435\" data-end=\"1539\">\n<li data-start=\"1435\" data-end=\"1462\">\n<p data-start=\"1437\" data-end=\"1462\"><strong data-start=\"1437\" data-end=\"1455\">T\u00e1l kapacit\u00e1sa:<\/strong> 8 kg<\/p>\n<\/li>\n<li data-start=\"1463\" data-end=\"1495\">\n<p data-start=\"1465\" data-end=\"1495\"><strong data-start=\"1465\" data-end=\"1485\">\u00d3r\u00e1nk\u00e9nti kapacit\u00e1s:<\/strong> 50 kg\/h<\/p>\n<\/li>\n<li data-start=\"1496\" data-end=\"1539\">\n<p data-start=\"1498\" data-end=\"1539\"><strong data-start=\"1498\" data-end=\"1513\">M\u00e9retek:<\/strong> 410 x 630 x 1510 mm (h)<\/p>\n<\/li>\n<\/ul>","protected":false},"excerpt":{"rendered":"<p>The Diva8 is a fully automatic, continuous-operation chocolate tempering machine designed to deliver maximum precision, consistency, and ease of use. From bain-marie melting to tempering with cooling gas and a refrigerant compressor, it ensures perfect results at every stage of the process. Key Features &amp; Benefits: 8 kg Bowl Capacity \u2013 Made of durable stainless [&hellip;]<\/p>\n","protected":false},"featured_media":7012,"comment_status":"open","ping_status":"closed","template":"","meta":[],"product_brand":[],"product_cat":[40],"product_tag":[],"class_list":{"0":"post-7011","1":"product","2":"type-product","3":"status-publish","4":"has-post-thumbnail","6":"product_cat-tempering-machines","8":"first","9":"instock","10":"shipping-taxable","11":"product-type-simple"},"_links":{"self":[{"href":"https:\/\/dersuessestopp.com\/hu\/wp-json\/wp\/v2\/product\/7011","targetHints":{"allow":["GET"]}}],"collection":[{"href":"https:\/\/dersuessestopp.com\/hu\/wp-json\/wp\/v2\/product"}],"about":[{"href":"https:\/\/dersuessestopp.com\/hu\/wp-json\/wp\/v2\/types\/product"}],"replies":[{"embeddable":true,"href":"https:\/\/dersuessestopp.com\/hu\/wp-json\/wp\/v2\/comments?post=7011"}],"version-history":[{"count":3,"href":"https:\/\/dersuessestopp.com\/hu\/wp-json\/wp\/v2\/product\/7011\/revisions"}],"predecessor-version":[{"id":7015,"href":"https:\/\/dersuessestopp.com\/hu\/wp-json\/wp\/v2\/product\/7011\/revisions\/7015"}],"wp:featuredmedia":[{"embeddable":true,"href":"https:\/\/dersuessestopp.com\/hu\/wp-json\/wp\/v2\/media\/7012"}],"wp:attachment":[{"href":"https:\/\/dersuessestopp.com\/hu\/wp-json\/wp\/v2\/media?parent=7011"}],"wp:term":[{"taxonomy":"product_brand","embeddable":true,"href":"https:\/\/dersuessestopp.com\/hu\/wp-json\/wp\/v2\/product_brand?post=7011"},{"taxonomy":"product_cat","embeddable":true,"href":"https:\/\/dersuessestopp.com\/hu\/wp-json\/wp\/v2\/product_cat?post=7011"},{"taxonomy":"product_tag","embeddable":true,"href":"https:\/\/dersuessestopp.com\/hu\/wp-json\/wp\/v2\/product_tag?post=7011"}],"curies":[{"name":"wp","href":"https:\/\/api.w.org\/{rel}","templated":true}]}}