{"id":7007,"date":"2025-08-30T05:06:00","date_gmt":"2025-08-30T05:06:00","guid":{"rendered":"https:\/\/dersuessestopp.com\/?post_type=product&#038;p=7007"},"modified":"2025-08-30T05:21:39","modified_gmt":"2025-08-30T05:21:39","slug":"futotolto-szerszamok-szamara","status":"publish","type":"product","link":"https:\/\/dersuessestopp.com\/hu\/product\/heating-loader-for-moulds\/","title":{"rendered":"F\u0170T\u0150BET\u00d6LT\u0150 SZERSZ\u00c1MOK SZ\u00c1M\u00c1RA"},"content":{"rendered":"<p data-start=\"173\" data-end=\"481\">A <strong data-start=\"177\" data-end=\"206\">F\u0171t\u0151t\u00f6lt\u0151 szersz\u00e1mok sz\u00e1m\u00e1ra<\/strong> egy speci\u00e1lis tartoz\u00e9k, amelyet \u00fagy terveztek, hogy optimaliz\u00e1lja a <strong data-start=\"259\" data-end=\"290\">One Shot gy\u00e1rt\u00e1si folyamat<\/strong> a form\u00e1k el\u0151meleg\u00edt\u00e9s\u00e9vel a t\u00f6lt\u00e9s el\u0151tt. Az\u00e1ltal, hogy a form\u00e1kat k\u00f6zvetlen\u00fcl a One Shot szalagra juttatja ak\u00e1r <strong data-start=\"390\" data-end=\"414\">12 ciklus percenk\u00e9nt<\/strong>, biztos\u00edtja a z\u00f6kken\u0151mentes, pontos \u00e9s hat\u00e9kony csokol\u00e1d\u00e9gy\u00e1rt\u00e1st.<\/p>\n<h4 data-start=\"483\" data-end=\"514\">F\u0151bb jellemz\u0151k \u00e9s el\u0151ny\u00f6k:<\/h4>\n<ul data-start=\"515\" data-end=\"1174\">\n<li data-start=\"515\" data-end=\"632\">\n<p data-start=\"517\" data-end=\"632\"><strong data-start=\"517\" data-end=\"544\">Infrav\u00f6r\u00f6s f\u0171t\u00e9si rendszer<\/strong> - Felszerelve <strong data-start=\"561\" data-end=\"594\">infrav\u00f6r\u00f6s sug\u00e1rz\u00e1s \u00e9s l\u00e1mp\u00e1k<\/strong> a gyors \u00e9s egyenletes szersz\u00e1mmeleg\u00edt\u00e9shez.<\/p>\n<\/li>\n<li data-start=\"633\" data-end=\"794\">\n<p data-start=\"635\" data-end=\"794\"><strong data-start=\"635\" data-end=\"666\">Digit\u00e1lis h\u0151m\u00e9rs\u00e9klet-szab\u00e1lyoz\u00e1s<\/strong> - A <strong data-start=\"671\" data-end=\"695\">prec\u00edzi\u00f3s termoszt\u00e1t<\/strong> szab\u00e1lyozza a h\u0151fokot, biztos\u00edtva, hogy a form\u00e1k ide\u00e1lis h\u0151m\u00e9rs\u00e9kleten maradjanak az egyenletes eredm\u00e9nyek \u00e9rdek\u00e9ben.<\/p>\n<\/li>\n<li data-start=\"795\" data-end=\"919\">\n<p data-start=\"797\" data-end=\"919\"><strong data-start=\"797\" data-end=\"821\">Z\u00f6kken\u0151mentes integr\u00e1ci\u00f3<\/strong> - \u00dagy tervezt\u00e9k, hogy k\u00f6zvetlen\u00fcl a <strong data-start=\"859\" data-end=\"886\">One Shot adagol\u00f3g\u00e9p<\/strong>, a termel\u00e9si folyamatok racionaliz\u00e1l\u00e1sa.<\/p>\n<\/li>\n<li data-start=\"920\" data-end=\"1055\">\n<p data-start=\"922\" data-end=\"1055\"><strong data-start=\"922\" data-end=\"953\">Optimaliz\u00e1lt csokol\u00e1d\u00e9 min\u0151s\u00e9g<\/strong> - A megfelel\u0151en felmeleg\u00edtett form\u00e1k megakad\u00e1lyozz\u00e1k a hib\u00e1kat, garant\u00e1lj\u00e1k a sima fel\u00fcletet \u00e9s a kiv\u00e1l\u00f3 min\u0151s\u00e9g\u0171 csokol\u00e1d\u00e9kat.<\/p>\n<\/li>\n<li data-start=\"1056\" data-end=\"1174\">\n<p data-start=\"1058\" data-end=\"1174\"><strong data-start=\"1058\" data-end=\"1077\">Nagy hat\u00e9konys\u00e1g<\/strong> - M\u0171k\u00f6dik ak\u00e1r <strong data-start=\"1098\" data-end=\"1124\">12 \u00fct\u00e9s percenk\u00e9nt<\/strong>, gyors \u00fctem\u0171 termel\u00e9si k\u00f6rnyezetek t\u00e1mogat\u00e1sa.<\/p>\n<\/li>\n<\/ul>","protected":false},"excerpt":{"rendered":"<p>The Heating Loader for Moulds is a specialized accessory designed to optimize the One Shot production process by preheating moulds before filling. By delivering moulds directly onto the One Shot belt at up to 12 cycles per minute, it ensures smooth, precise, and efficient chocolate production. Key Features &amp; Benefits: Infrared Heating System \u2013 Equipped [&hellip;]<\/p>\n","protected":false},"featured_media":7008,"comment_status":"open","ping_status":"closed","template":"","meta":[],"product_brand":[],"product_cat":[39],"product_tag":[],"class_list":{"0":"post-7007","1":"product","2":"type-product","3":"status-publish","4":"has-post-thumbnail","6":"product_cat-one-shot-line","8":"first","9":"instock","10":"shipping-taxable","11":"product-type-simple"},"_links":{"self":[{"href":"https:\/\/dersuessestopp.com\/hu\/wp-json\/wp\/v2\/product\/7007","targetHints":{"allow":["GET"]}}],"collection":[{"href":"https:\/\/dersuessestopp.com\/hu\/wp-json\/wp\/v2\/product"}],"about":[{"href":"https:\/\/dersuessestopp.com\/hu\/wp-json\/wp\/v2\/types\/product"}],"replies":[{"embeddable":true,"href":"https:\/\/dersuessestopp.com\/hu\/wp-json\/wp\/v2\/comments?post=7007"}],"version-history":[{"count":2,"href":"https:\/\/dersuessestopp.com\/hu\/wp-json\/wp\/v2\/product\/7007\/revisions"}],"predecessor-version":[{"id":7019,"href":"https:\/\/dersuessestopp.com\/hu\/wp-json\/wp\/v2\/product\/7007\/revisions\/7019"}],"wp:featuredmedia":[{"embeddable":true,"href":"https:\/\/dersuessestopp.com\/hu\/wp-json\/wp\/v2\/media\/7008"}],"wp:attachment":[{"href":"https:\/\/dersuessestopp.com\/hu\/wp-json\/wp\/v2\/media?parent=7007"}],"wp:term":[{"taxonomy":"product_brand","embeddable":true,"href":"https:\/\/dersuessestopp.com\/hu\/wp-json\/wp\/v2\/product_brand?post=7007"},{"taxonomy":"product_cat","embeddable":true,"href":"https:\/\/dersuessestopp.com\/hu\/wp-json\/wp\/v2\/product_cat?post=7007"},{"taxonomy":"product_tag","embeddable":true,"href":"https:\/\/dersuessestopp.com\/hu\/wp-json\/wp\/v2\/product_tag?post=7007"}],"curies":[{"name":"wp","href":"https:\/\/api.w.org\/{rel}","templated":true}]}}