{"id":6998,"date":"2025-08-30T04:54:50","date_gmt":"2025-08-30T04:54:50","guid":{"rendered":"https:\/\/dersuessestopp.com\/?post_type=product&#038;p=6998"},"modified":"2025-08-30T05:37:54","modified_gmt":"2025-08-30T05:37:54","slug":"egy-loves","status":"publish","type":"product","link":"https:\/\/dersuessestopp.com\/hu\/product\/one-shot\/","title":{"rendered":"One Shot"},"content":{"rendered":"<p data-start=\"175\" data-end=\"599\">A <strong data-start=\"179\" data-end=\"206\">One Shot adagol\u00f3g\u00e9p<\/strong> c\u00e9lja, hogy forradalmas\u00edtsa a pralin\u00e9- \u00e9s t\u00f6lt\u00f6tt csokol\u00e1d\u00e9gy\u00e1rt\u00e1st az\u00e1ltal, hogy a h\u00e9j \u00e9s a t\u00f6ltel\u00e9k l\u00e9trehoz\u00e1s\u00e1t egy <strong data-start=\"323\" data-end=\"354\">egys\u00e9ges, hat\u00e9kony m\u0171k\u00f6d\u00e9s<\/strong>. Exkluz\u00edv <strong data-start=\"372\" data-end=\"395\">One Shot technol\u00f3gia<\/strong>, egyszerre adagolja a csokol\u00e1d\u00e9h\u00e9jat \u00e9s a kiv\u00e1lasztott t\u00f6ltel\u00e9ket (kr\u00e9m, karamell, ganache vagy m\u00e1s megfelel\u0151 t\u00f6ltel\u00e9k), ami jelent\u0151s mennyis\u00e9g\u0171 csokol\u00e1d\u00e9t eredm\u00e9nyez. <strong data-start=\"548\" data-end=\"596\">id\u0151-, munka- \u00e9s termel\u00e9si k\u00f6lts\u00e9gmegtakar\u00edt\u00e1s<\/strong>.<\/p>\n<h4 data-start=\"601\" data-end=\"632\">F\u0151bb jellemz\u0151k \u00e9s el\u0151ny\u00f6k:<\/h4>\n<ul data-start=\"633\" data-end=\"1694\">\n<li data-start=\"633\" data-end=\"751\">\n<p data-start=\"635\" data-end=\"751\"><strong data-start=\"635\" data-end=\"658\">Egyl\u00e9pcs\u0151s gy\u00e1rt\u00e1s<\/strong> - A h\u00e9j \u00e9s a t\u00f6ltel\u00e9k adagol\u00e1sa egyetlen z\u00f6kken\u0151mentes folyamatban t\u00f6rt\u00e9nik, maximaliz\u00e1lva a hat\u00e9konys\u00e1got.<\/p>\n<\/li>\n<li data-start=\"752\" data-end=\"891\">\n<p data-start=\"754\" data-end=\"891\"><strong data-start=\"754\" data-end=\"769\">Nagy teljes\u00edtm\u00e9ny<\/strong> - Ak\u00e1r <strong data-start=\"787\" data-end=\"826\">80 kg t\u00f6lt\u00f6tt csokol\u00e1d\u00e9 \u00f3r\u00e1nk\u00e9nt<\/strong>, \u00edgy ide\u00e1lis a k\u00f6zepes \u00e9s nagy cukr\u00e1szati m\u0171veletekhez.<\/p>\n<\/li>\n<li data-start=\"892\" data-end=\"1042\">\n<p data-start=\"894\" data-end=\"1042\"><strong data-start=\"894\" data-end=\"920\">Intelligens szoftveres vez\u00e9rl\u00e9s<\/strong> - Jellemz\u0151k <strong data-start=\"934\" data-end=\"986\">grafikus fel\u00fclet intuit\u00edv receptek men\u00fcvel<\/strong>, lehet\u0151v\u00e9 t\u00e9ve a k\u00f6nny\u0171 kezelhet\u0151s\u00e9get \u00e9s a gyors term\u00e9kv\u00e1laszt\u00e1st.<\/p>\n<\/li>\n<li data-start=\"1043\" data-end=\"1207\">\n<p data-start=\"1045\" data-end=\"1207\"><strong data-start=\"1045\" data-end=\"1070\">Pr\u00e9mium \u00e9p\u00edt\u00e9si min\u0151s\u00e9g<\/strong> - A k\u00f6vetkez\u0151 anyagokb\u00f3l k\u00e9sz\u00fclt <strong data-start=\"1090\" data-end=\"1120\">elox\u00e1lt edzett alum\u00ednium<\/strong> \u00e9s <strong data-start=\"1125\" data-end=\"1144\">rozsdamentes ac\u00e9l<\/strong>, biztos\u00edtva a tart\u00f3ss\u00e1got, a higi\u00e9ni\u00e1t \u00e9s a hossz\u00fa t\u00e1v\u00fa teljes\u00edtm\u00e9nyt.<\/p>\n<\/li>\n<li data-start=\"1208\" data-end=\"1355\">\n<p data-start=\"1210\" data-end=\"1355\"><strong data-start=\"1210\" data-end=\"1241\">K\u00f6nny\u0171 tiszt\u00edt\u00e1s \u00e9s karbantart\u00e1s<\/strong> - Minden g\u00e9pr\u00e9sz gyorsan elt\u00e1vol\u00edthat\u00f3 a tiszt\u00edt\u00e1shoz, a mosogat\u00f3g\u00e9pben moshat\u00f3 alkatr\u00e9szek pedig minim\u00e1lisra cs\u00f6kkentik az \u00e1ll\u00e1sid\u0151t.<\/p>\n<\/li>\n<li data-start=\"1356\" data-end=\"1537\">\n<p data-start=\"1358\" data-end=\"1537\"><strong data-start=\"1358\" data-end=\"1383\">H\u0151m\u00e9rs\u00e9klet stabilit\u00e1s<\/strong> - Felszerelve <strong data-start=\"1400\" data-end=\"1445\">kivehet\u0151 piros szil\u00edcium f\u0171t\u0151ellen\u00e1ll\u00e1sok<\/strong> amelyek a csokol\u00e1d\u00e9 \u00e9s a t\u00f6ltel\u00e9k ide\u00e1lis h\u0151m\u00e9rs\u00e9klet\u00e9nek fenntart\u00e1sa \u00e9rdek\u00e9ben a tart\u00e1lyokhoz csatlakoztathat\u00f3k.<\/p>\n<\/li>\n<li data-start=\"1538\" data-end=\"1694\">\n<p data-start=\"1540\" data-end=\"1694\"><strong data-start=\"1540\" data-end=\"1566\">Sokoldal\u00fa alkalmaz\u00e1sok<\/strong> - T\u00f6k\u00e9letes a pralin\u00e9k, tr\u00fcffelek \u00e9s a t\u00f6lt\u00f6tt cukr\u00e1szati term\u00e9kek sz\u00e9les sk\u00e1l\u00e1j\u00e1nak prec\u00edz \u00e9s k\u00f6vetkezetes el\u0151\u00e1ll\u00edt\u00e1s\u00e1hoz.<\/p>\n<\/li>\n<\/ul>\n<h4 data-start=\"1696\" data-end=\"1728\">M\u0171szaki specifik\u00e1ci\u00f3k:<\/h4>\n<ul data-start=\"1729\" data-end=\"1839\">\n<li data-start=\"1729\" data-end=\"1761\">\n<p data-start=\"1731\" data-end=\"1761\"><strong data-start=\"1731\" data-end=\"1749\">T\u00e1l kapacit\u00e1sa:<\/strong> fejenk\u00e9nt 6 kg<\/p>\n<\/li>\n<li data-start=\"1762\" data-end=\"1794\">\n<p data-start=\"1764\" data-end=\"1794\"><strong data-start=\"1764\" data-end=\"1784\">\u00d3r\u00e1nk\u00e9nti kapacit\u00e1s:<\/strong> 80 kg\/h<\/p>\n<\/li>\n<li data-start=\"1795\" data-end=\"1839\">\n<p data-start=\"1797\" data-end=\"1839\"><strong data-start=\"1797\" data-end=\"1812\">M\u00e9retek:<\/strong> 1170 x 740 x 1360 mm (h)<\/p>\n<\/li>\n<\/ul>","protected":false},"excerpt":{"rendered":"<p>The One Shot dosing machine is designed to revolutionize praline and filled chocolate production by combining shell and filling creation into a single, efficient operation. Using exclusive One Shot technology, it doses both the chocolate shell and the chosen filling (cream, caramel, ganache, or other suitable fillings) simultaneously\u2014resulting in significant savings of time, labor, and [&hellip;]<\/p>\n","protected":false},"featured_media":6999,"comment_status":"open","ping_status":"closed","template":"","meta":[],"product_brand":[],"product_cat":[39],"product_tag":[],"class_list":{"0":"post-6998","1":"product","2":"type-product","3":"status-publish","4":"has-post-thumbnail","6":"product_cat-one-shot-line","8":"first","9":"instock","10":"shipping-taxable","11":"product-type-simple"},"_links":{"self":[{"href":"https:\/\/dersuessestopp.com\/hu\/wp-json\/wp\/v2\/product\/6998","targetHints":{"allow":["GET"]}}],"collection":[{"href":"https:\/\/dersuessestopp.com\/hu\/wp-json\/wp\/v2\/product"}],"about":[{"href":"https:\/\/dersuessestopp.com\/hu\/wp-json\/wp\/v2\/types\/product"}],"replies":[{"embeddable":true,"href":"https:\/\/dersuessestopp.com\/hu\/wp-json\/wp\/v2\/comments?post=6998"}],"version-history":[{"count":11,"href":"https:\/\/dersuessestopp.com\/hu\/wp-json\/wp\/v2\/product\/6998\/revisions"}],"predecessor-version":[{"id":7041,"href":"https:\/\/dersuessestopp.com\/hu\/wp-json\/wp\/v2\/product\/6998\/revisions\/7041"}],"wp:featuredmedia":[{"embeddable":true,"href":"https:\/\/dersuessestopp.com\/hu\/wp-json\/wp\/v2\/media\/6999"}],"wp:attachment":[{"href":"https:\/\/dersuessestopp.com\/hu\/wp-json\/wp\/v2\/media?parent=6998"}],"wp:term":[{"taxonomy":"product_brand","embeddable":true,"href":"https:\/\/dersuessestopp.com\/hu\/wp-json\/wp\/v2\/product_brand?post=6998"},{"taxonomy":"product_cat","embeddable":true,"href":"https:\/\/dersuessestopp.com\/hu\/wp-json\/wp\/v2\/product_cat?post=6998"},{"taxonomy":"product_tag","embeddable":true,"href":"https:\/\/dersuessestopp.com\/hu\/wp-json\/wp\/v2\/product_tag?post=6998"}],"curies":[{"name":"wp","href":"https:\/\/api.w.org\/{rel}","templated":true}]}}