{"id":6991,"date":"2025-08-29T10:16:52","date_gmt":"2025-08-29T10:16:52","guid":{"rendered":"https:\/\/dersuessestopp.com\/?post_type=product&#038;p=6991"},"modified":"2025-08-29T10:16:52","modified_gmt":"2025-08-29T10:16:52","slug":"falco","status":"publish","type":"product","link":"https:\/\/dersuessestopp.com\/hu\/product\/falco\/","title":{"rendered":"FALCO"},"content":{"rendered":"<h3 data-start=\"61\" data-end=\"134\">Fot\u00f3min\u0151s\u00e9g\u0171 \u00e9lelmiszer-nyomtat\u00f3 k\u00e9zm\u0171ves cukr\u00e1szathoz<\/h3>\n<p data-start=\"136\" data-end=\"487\">A <strong data-start=\"140\" data-end=\"149\">FALCO<\/strong> cukr\u00e1szati plotter sz\u00e1ll\u00edt <strong data-start=\"181\" data-end=\"214\">fot\u00f3min\u0151s\u00e9g\u0171 nyomtat\u00e1s<\/strong> k\u00f6zvetlen\u00fcl szinte b\u00e1rmilyen \u00e9lelmiszer-alapanyagra, \u00edgy ide\u00e1lis megold\u00e1s a k\u00e9zm\u0171ves boltok \u00e9s helyi cukr\u00e1szd\u00e1k sz\u00e1m\u00e1ra, akik precizit\u00e1ssal \u00e9s kreativit\u00e1ssal szeretn\u00e9k term\u00e9keiket feldobni. Kompakt, m\u00e9gis nagy teljes\u00edtm\u00e9ny\u0171, a min\u0151s\u00e9g, a hat\u00e9konys\u00e1g \u00e9s a megfizethet\u0151s\u00e9g t\u00f6k\u00e9letes egyens\u00faly\u00e1t k\u00edn\u00e1lja.<\/p>\n<h4 data-start=\"489\" data-end=\"520\">F\u0151bb jellemz\u0151k \u00e9s el\u0151ny\u00f6k:<\/h4>\n<ul data-start=\"521\" data-end=\"1133\">\n<li data-start=\"521\" data-end=\"635\">\n<p data-start=\"523\" data-end=\"635\"><strong data-start=\"523\" data-end=\"553\">F\u00e9nyk\u00e9p\u00e9szeti nyomtat\u00e1si min\u0151s\u00e9g<\/strong> - \u00c9les, \u00e9l\u00e9nk \u00e9s r\u00e9szletes k\u00e9peket k\u00e9sz\u00edt kiv\u00e9teles sz\u00ednpontoss\u00e1ggal.<\/p>\n<\/li>\n<li data-start=\"636\" data-end=\"770\">\n<p data-start=\"638\" data-end=\"770\"><strong data-start=\"638\" data-end=\"670\">Sz\u00e9les szubsztr\u00e1t kompatibilit\u00e1s<\/strong> - Nyomtat k\u00f6zvetlen\u00fcl a <strong data-start=\"692\" data-end=\"767\">s\u00fctem\u00e9nyek, s\u00fctem\u00e9nyek, macaronok, m\u00e9zeskal\u00e1csok, pralin\u00e9k \u00e9s egy\u00e9b apr\u00f3 finoms\u00e1gok.<\/strong>.<\/p>\n<\/li>\n<li data-start=\"771\" data-end=\"875\">\n<p data-start=\"773\" data-end=\"875\"><strong data-start=\"773\" data-end=\"804\">T\u00f6k\u00e9letes a szem\u00e9lyre szab\u00e1shoz<\/strong> - Lehet\u0151v\u00e9 teszi az egyedi, testreszabott formatervez\u00e9st, hogy minden term\u00e9k kiemelkedjen a t\u00f6bbi k\u00f6z\u00fcl.<\/p>\n<\/li>\n<li data-start=\"876\" data-end=\"1007\">\n<p data-start=\"878\" data-end=\"1007\"><strong data-start=\"878\" data-end=\"905\">Kompakt \u00e9s felhaszn\u00e1l\u00f3bar\u00e1t<\/strong> - Kisebb m\u00e9ret\u0171 cukr\u00e1szd\u00e1k sz\u00e1m\u00e1ra tervezt\u00e9k, k\u00f6nny\u0171 kezelhet\u0151s\u00e9get k\u00edn\u00e1l a min\u0151s\u00e9g roml\u00e1sa n\u00e9lk\u00fcl.<\/p>\n<\/li>\n<li data-start=\"1008\" data-end=\"1133\">\n<p data-start=\"1010\" data-end=\"1133\"><strong data-start=\"1010\" data-end=\"1033\">Fokozott kreativit\u00e1s<\/strong> - Seg\u00edt a k\u00e9zm\u0171veseknek, hogy a v\u00e1s\u00e1rl\u00f3kat vonz\u00f3, figyelemfelkelt\u0151 dekor\u00e1ci\u00f3kkal b\u0151v\u00edts\u00e9k term\u00e9kk\u00edn\u00e1latukat.<\/p>\n<\/li>\n<\/ul>\n<h4 data-start=\"1135\" data-end=\"1156\">Kinek sz\u00f3l?<\/h4>\n<p data-start=\"1157\" data-end=\"1185\">A FALCO-t a k\u00f6vetkez\u0151kre tervezt\u00e9k:<\/p>\n<ul data-start=\"1186\" data-end=\"1460\">\n<li data-start=\"1186\" data-end=\"1262\">\n<p data-start=\"1188\" data-end=\"1262\"><strong data-start=\"1188\" data-end=\"1213\">Kisebb k\u00e9zm\u0171ves boltok<\/strong> akik szem\u00e9lyre szabott \u00e9dess\u00e9gekkel szeretn\u00e9nek hozz\u00e1adott \u00e9rt\u00e9ket teremteni.<\/p>\n<\/li>\n<li data-start=\"1263\" data-end=\"1364\">\n<p data-start=\"1265\" data-end=\"1364\"><strong data-start=\"1265\" data-end=\"1303\">Helyi cukr\u00e1szd\u00e1k \u00e9s p\u00e9ks\u00e9gek<\/strong> k\u00f6lts\u00e9ghat\u00e9kony, kiv\u00e1l\u00f3 min\u0151s\u00e9g\u0171 dekor\u00e1ci\u00f3s eszk\u00f6z\u00f6ket keres.<\/p>\n<\/li>\n<li data-start=\"1365\" data-end=\"1460\">\n<p data-start=\"1367\" data-end=\"1460\"><strong data-start=\"1367\" data-end=\"1407\">Cookie \u00e9s m\u00e9zeskal\u00e1cs gy\u00e1rt\u00f3k<\/strong> c\u00e9lja, hogy \u00e9l\u00e9nk, r\u00e9szletes nyomatokkal t\u0171nj\u00f6n ki.<\/p>\n<\/li>\n<\/ul>\n<h4 data-start=\"1462\" data-end=\"1486\">Mi\u00e9rt v\u00e1lassza a FALCO-t?<\/h4>\n<p data-start=\"1487\" data-end=\"1747\">Azzal a k\u00e9pess\u00e9g\u00e9vel, hogy kombin\u00e1lni tudja <strong data-start=\"1515\" data-end=\"1541\">fot\u00f3min\u0151s\u00e9g\u0171 nyomtat\u00e1s<\/strong> \u00e9s <strong data-start=\"1546\" data-end=\"1584\">sokoldal\u00fas\u00e1g t\u00f6bbf\u00e9le hordoz\u00f3n<\/strong>, a FALCO cukr\u00e1szati plotter t\u00f6k\u00e9letes bel\u00e9p\u0151 a szakemberek sz\u00e1m\u00e1ra, akik szeretn\u00e9nek <strong data-start=\"1675\" data-end=\"1744\">megk\u00fcl\u00f6nb\u00f6ztetik k\u00edn\u00e1latukat, elk\u00e1pr\u00e1ztatj\u00e1k az \u00fcgyfeleket \u00e9s n\u00f6velik az elad\u00e1sokat.<\/strong>.<\/p>","protected":false},"excerpt":{"rendered":"<p>Photographic Quality Food Printer for Artisan Confectionery The FALCO confectionery plotter delivers photographic-quality printing directly onto almost any food substrate, making it the ideal solution for artisan shops and local confectioners who want to elevate their products with precision and creativity. Compact yet powerful, it offers a perfect balance of quality, efficiency, and affordability. Key [&hellip;]<\/p>\n","protected":false},"featured_media":6992,"comment_status":"open","ping_status":"closed","template":"","meta":[],"product_brand":[],"product_cat":[38],"product_tag":[],"class_list":{"0":"post-6991","1":"product","2":"type-product","3":"status-publish","4":"has-post-thumbnail","6":"product_cat-imago-food-printers","8":"first","9":"instock","10":"shipping-taxable","11":"product-type-simple"},"_links":{"self":[{"href":"https:\/\/dersuessestopp.com\/hu\/wp-json\/wp\/v2\/product\/6991","targetHints":{"allow":["GET"]}}],"collection":[{"href":"https:\/\/dersuessestopp.com\/hu\/wp-json\/wp\/v2\/product"}],"about":[{"href":"https:\/\/dersuessestopp.com\/hu\/wp-json\/wp\/v2\/types\/product"}],"replies":[{"embeddable":true,"href":"https:\/\/dersuessestopp.com\/hu\/wp-json\/wp\/v2\/comments?post=6991"}],"version-history":[{"count":1,"href":"https:\/\/dersuessestopp.com\/hu\/wp-json\/wp\/v2\/product\/6991\/revisions"}],"predecessor-version":[{"id":6994,"href":"https:\/\/dersuessestopp.com\/hu\/wp-json\/wp\/v2\/product\/6991\/revisions\/6994"}],"wp:featuredmedia":[{"embeddable":true,"href":"https:\/\/dersuessestopp.com\/hu\/wp-json\/wp\/v2\/media\/6992"}],"wp:attachment":[{"href":"https:\/\/dersuessestopp.com\/hu\/wp-json\/wp\/v2\/media?parent=6991"}],"wp:term":[{"taxonomy":"product_brand","embeddable":true,"href":"https:\/\/dersuessestopp.com\/hu\/wp-json\/wp\/v2\/product_brand?post=6991"},{"taxonomy":"product_cat","embeddable":true,"href":"https:\/\/dersuessestopp.com\/hu\/wp-json\/wp\/v2\/product_cat?post=6991"},{"taxonomy":"product_tag","embeddable":true,"href":"https:\/\/dersuessestopp.com\/hu\/wp-json\/wp\/v2\/product_tag?post=6991"}],"curies":[{"name":"wp","href":"https:\/\/api.w.org\/{rel}","templated":true}]}}