{"id":6987,"date":"2025-08-29T10:12:43","date_gmt":"2025-08-29T10:12:43","guid":{"rendered":"https:\/\/dersuessestopp.com\/?post_type=product&#038;p=6987"},"modified":"2025-08-29T10:12:43","modified_gmt":"2025-08-29T10:12:43","slug":"vulpes","status":"publish","type":"product","link":"https:\/\/dersuessestopp.com\/hu\/product\/vulpes\/","title":{"rendered":"VULPES"},"content":{"rendered":"<h3 data-start=\"61\" data-end=\"134\">Professzion\u00e1lis cukr\u00e1szati plotter a maxim\u00e1lis sokoldal\u00fas\u00e1g\u00e9rt<\/h3>\n<p data-start=\"136\" data-end=\"484\">A <strong data-start=\"140\" data-end=\"150\">VULPES<\/strong> Az IMAGO \u00e9lelmiszernyomtat\u00f3 egy professzion\u00e1lis min\u0151s\u00e9g\u0171 megold\u00e1s, amely egyes\u00edti a k\u00f6vetkez\u0151ket <strong data-start=\"220\" data-end=\"275\">kiv\u00e1l\u00f3 min\u0151s\u00e9g\u0171 nyomtat\u00e1s, egyszer\u0171 haszn\u00e1lat \u00e9s sokoldal\u00fas\u00e1g<\/strong> a modern \u00e9dess\u00e9ggy\u00e1rt\u00e1shoz. Tervezett <strong data-start=\"329\" data-end=\"351\">nagy munkater\u00fclet<\/strong> \u00e9s intuit\u00edv kezelhet\u0151s\u00e9g\u00e9nek k\u00f6sz\u00f6nhet\u0151en lehet\u0151v\u00e9 teszi a cukr\u00e1szok sz\u00e1m\u00e1ra a termel\u00e9s hat\u00e9kony sk\u00e1l\u00e1z\u00e1s\u00e1t, mik\u00f6zben korl\u00e1tlan kreat\u00edv lehet\u0151s\u00e9geket k\u00edn\u00e1l.<\/p>\n<h4 data-start=\"486\" data-end=\"517\">F\u0151bb jellemz\u0151k \u00e9s el\u0151ny\u00f6k:<\/h4>\n<ul data-start=\"518\" data-end=\"1225\">\n<li data-start=\"518\" data-end=\"655\">\n<p data-start=\"520\" data-end=\"655\"><strong data-start=\"520\" data-end=\"545\">Kiv\u00e1l\u00f3 min\u0151s\u00e9g\u0171 nyomtat\u00e1s<\/strong> - \u00c9les, \u00e9l\u00e9nk \u00e9s r\u00e9szletgazdag dekor\u00e1ci\u00f3kat biztos\u00edt k\u00f6zvetlen\u00fcl a cukr\u00e1szati alapanyagok sz\u00e9les sk\u00e1l\u00e1j\u00e1ra.<\/p>\n<\/li>\n<li data-start=\"656\" data-end=\"817\">\n<p data-start=\"658\" data-end=\"817\"><strong data-start=\"658\" data-end=\"682\">Sokoldal\u00fas\u00e1g m\u00e9retar\u00e1nyosan<\/strong> - D\u00edsz\u00edt\u00e9sre alkalmas <strong data-start=\"709\" data-end=\"772\">nagy tort\u00e1k, s\u00fctem\u00e9nyek, pralin\u00e9k, macaronok, \u00e9s monopor\u00e1ci\u00f3k<\/strong> kis t\u00e9telekben \u00e9s t\u00f6meggy\u00e1rt\u00e1sban egyar\u00e1nt.<\/p>\n<\/li>\n<li data-start=\"818\" data-end=\"936\">\n<p data-start=\"820\" data-end=\"936\"><strong data-start=\"820\" data-end=\"842\">Hat\u00e9konys\u00e1g \u00e9s sebess\u00e9g<\/strong> - A nagy munkater\u00fclet lehet\u0151v\u00e9 teszi, hogy egyszerre t\u00f6bb elemet is d\u00edsz\u00edtsen, n\u00f6velve ezzel a termel\u00e9kenys\u00e9get.<\/p>\n<\/li>\n<li data-start=\"937\" data-end=\"1086\">\n<p data-start=\"939\" data-end=\"1086\"><strong data-start=\"939\" data-end=\"971\">Szem\u00e9lyre szab\u00e1s \u00e9s kreativit\u00e1s<\/strong> - Lehet\u0151v\u00e9 teszi az eredeti, szem\u00e9lyre szabott formatervez\u00e9st, amely seg\u00edt a cukr\u00e1szd\u00e1knak \u00e9s p\u00e9ks\u00e9geknek kit\u0171nni a versenypiacon.<\/p>\n<\/li>\n<li data-start=\"1087\" data-end=\"1225\">\n<p data-start=\"1089\" data-end=\"1225\"><strong data-start=\"1089\" data-end=\"1116\">Felhaszn\u00e1l\u00f3bar\u00e1t m\u0171k\u00f6d\u00e9s<\/strong> - Az intuit\u00edv vez\u00e9rl\u00e9snek k\u00f6sz\u00f6nhet\u0151en k\u00f6nnyen integr\u00e1lhat\u00f3 a professzion\u00e1lis konyh\u00e1kba \u00e9s ipari gy\u00e1rt\u00f3sorokba.<\/p>\n<\/li>\n<\/ul>\n<h4 data-start=\"1227\" data-end=\"1248\">Kinek sz\u00f3l?<\/h4>\n<p data-start=\"1249\" data-end=\"1275\">A VULPES ide\u00e1lis:<\/p>\n<ul data-start=\"1276\" data-end=\"1558\">\n<li data-start=\"1276\" data-end=\"1363\">\n<p data-start=\"1278\" data-end=\"1363\"><strong data-start=\"1278\" data-end=\"1325\">Hivat\u00e1sos cukr\u00e1szok \u00e9s cukr\u00e1szok<\/strong> sokoldal\u00fa dekor\u00e1ci\u00f3s eszk\u00f6z\u00f6ket keres.<\/p>\n<\/li>\n<li data-start=\"1364\" data-end=\"1463\">\n<p data-start=\"1366\" data-end=\"1463\"><strong data-start=\"1366\" data-end=\"1398\">Cukr\u00e1szd\u00e1k \u00e9s p\u00e9ks\u00e9gek<\/strong> a term\u00e9kek szem\u00e9lyre szab\u00e1sa \u00e9s a kreat\u00edv k\u00edn\u00e1lat b\u0151v\u00edt\u00e9se.<\/p>\n<\/li>\n<li data-start=\"1464\" data-end=\"1558\">\n<p data-start=\"1466\" data-end=\"1558\"><strong data-start=\"1466\" data-end=\"1491\">Termel\u00e9si l\u00e9tes\u00edtm\u00e9nyek<\/strong> a termel\u00e9s n\u00f6vel\u00e9se a legmagasabb min\u0151s\u00e9g fenntart\u00e1sa mellett.<\/p>\n<\/li>\n<\/ul>\n<h4 data-start=\"1560\" data-end=\"1585\">Mi\u00e9rt v\u00e1lassza a VULPES-t?<\/h4>\n<p data-start=\"1586\" data-end=\"1886\">A k\u00f6vetkez\u0151 kombin\u00e1ci\u00f3val <strong data-start=\"1610\" data-end=\"1661\">nyomtat\u00e1si pontoss\u00e1g, sokoldal\u00fas\u00e1g \u00e9s hat\u00e9konys\u00e1g<\/strong>, a VULPES cukr\u00e1szati plotter felgyors\u00edtja a gy\u00e1rt\u00e1st, mik\u00f6zben \u00faj kreat\u00edv lehet\u0151s\u00e9geket nyit meg. T\u00f6k\u00e9letes v\u00e1laszt\u00e1s azon szakemberek sz\u00e1m\u00e1ra, akik a k\u00f6vetkez\u0151ket szeretn\u00e9k el\u00e9rni <strong data-start=\"1817\" data-end=\"1855\">kombin\u00e1lja a m\u0171v\u00e9szetet a termel\u00e9kenys\u00e9ggel<\/strong> cukr\u00e1szati d\u00edsz\u00edt\u00e9sben.<\/p>","protected":false},"excerpt":{"rendered":"<p>Professional Confectionery Plotter for Maximum Versatility The VULPES food printer by IMAGO is a professional-grade solution that combines high-quality printing, ease of use, and versatility for modern confectionery production. Designed with a large working area and intuitive operation, it enables confectioners to scale production efficiently while offering limitless creative possibilities. Key Features &amp; Benefits: High-Quality [&hellip;]<\/p>\n","protected":false},"featured_media":6989,"comment_status":"open","ping_status":"closed","template":"","meta":[],"product_brand":[],"product_cat":[38],"product_tag":[],"class_list":{"0":"post-6987","1":"product","2":"type-product","3":"status-publish","4":"has-post-thumbnail","6":"product_cat-imago-food-printers","8":"first","9":"instock","10":"shipping-taxable","11":"product-type-simple"},"_links":{"self":[{"href":"https:\/\/dersuessestopp.com\/hu\/wp-json\/wp\/v2\/product\/6987","targetHints":{"allow":["GET"]}}],"collection":[{"href":"https:\/\/dersuessestopp.com\/hu\/wp-json\/wp\/v2\/product"}],"about":[{"href":"https:\/\/dersuessestopp.com\/hu\/wp-json\/wp\/v2\/types\/product"}],"replies":[{"embeddable":true,"href":"https:\/\/dersuessestopp.com\/hu\/wp-json\/wp\/v2\/comments?post=6987"}],"version-history":[{"count":1,"href":"https:\/\/dersuessestopp.com\/hu\/wp-json\/wp\/v2\/product\/6987\/revisions"}],"predecessor-version":[{"id":6990,"href":"https:\/\/dersuessestopp.com\/hu\/wp-json\/wp\/v2\/product\/6987\/revisions\/6990"}],"wp:featuredmedia":[{"embeddable":true,"href":"https:\/\/dersuessestopp.com\/hu\/wp-json\/wp\/v2\/media\/6989"}],"wp:attachment":[{"href":"https:\/\/dersuessestopp.com\/hu\/wp-json\/wp\/v2\/media?parent=6987"}],"wp:term":[{"taxonomy":"product_brand","embeddable":true,"href":"https:\/\/dersuessestopp.com\/hu\/wp-json\/wp\/v2\/product_brand?post=6987"},{"taxonomy":"product_cat","embeddable":true,"href":"https:\/\/dersuessestopp.com\/hu\/wp-json\/wp\/v2\/product_cat?post=6987"},{"taxonomy":"product_tag","embeddable":true,"href":"https:\/\/dersuessestopp.com\/hu\/wp-json\/wp\/v2\/product_tag?post=6987"}],"curies":[{"name":"wp","href":"https:\/\/api.w.org\/{rel}","templated":true}]}}