{"id":6983,"date":"2025-08-29T10:03:40","date_gmt":"2025-08-29T10:03:40","guid":{"rendered":"https:\/\/dersuessestopp.com\/?post_type=product&#038;p=6983"},"modified":"2025-08-29T10:03:40","modified_gmt":"2025-08-29T10:03:40","slug":"vulpes-cf-32-65-pro","status":"publish","type":"product","link":"https:\/\/dersuessestopp.com\/hu\/product\/vulpes-cf-32-65-pro\/","title":{"rendered":"VULPES CF-32.65 PRO"},"content":{"rendered":"<h3 data-start=\"92\" data-end=\"155\">Az ipari \u00e9lelmiszernyomtat\u00e1s \u00fajradefini\u00e1l\u00e1sa<\/h3>\n<p data-start=\"157\" data-end=\"517\">A <strong data-start=\"161\" data-end=\"184\">VULPES CF-32.65 PRO<\/strong> egy k\u00f6vetkez\u0151 gener\u00e1ci\u00f3s <strong data-start=\"206\" data-end=\"242\">ipari cukr\u00e1szati plotter<\/strong> az \u00e9telek d\u00edsz\u00edt\u00e9s\u00e9nek forradalmas\u00edt\u00e1s\u00e1ra tervezt\u00e9k. Az IMAGO \u00e1ltal kifejlesztett innovat\u00edv eszk\u00f6z t\u00falmutat a hagyom\u00e1nyos nyomtat\u00e1son - k\u00f6sz\u00f6nhet\u0151en a <strong data-start=\"373\" data-end=\"432\">be\u00e9p\u00edtett rendszer cukr\u00e1szati szubsztr\u00e1tumok aktiv\u00e1l\u00e1s\u00e1ra<\/strong>, biztos\u00edtja a <strong data-start=\"449\" data-end=\"494\">a legmagasabb min\u0151s\u00e9g, tart\u00f3ss\u00e1g \u00e9s vibr\u00e1l\u00e1s<\/strong> minden d\u00edsz\u00edt\u00e9s.<\/p>\n<h4 data-start=\"519\" data-end=\"550\">F\u0151bb jellemz\u0151k \u00e9s el\u0151ny\u00f6k:<\/h4>\n<ul data-start=\"551\" data-end=\"1268\">\n<li data-start=\"551\" data-end=\"729\">\n<p data-start=\"553\" data-end=\"729\"><strong data-start=\"553\" data-end=\"588\">Szubsztr\u00e1t aktiv\u00e1l\u00e1si technol\u00f3gia<\/strong> - Egyed\u00fcl\u00e1ll\u00f3 be\u00e9p\u00edtett rendszer, amely a nyomtat\u00e1s el\u0151tt feljav\u00edtja a cukr\u00e1szati fel\u00fcleteket, \u00edgy biztos\u00edtva a k\u00f6vetkez\u0151ket <strong data-start=\"679\" data-end=\"726\">t\u00f6k\u00e9letes tapad\u00e1s, \u00e9less\u00e9g \u00e9s tart\u00f3ss\u00e1g<\/strong>.<\/p>\n<\/li>\n<li data-start=\"730\" data-end=\"855\">\n<p data-start=\"732\" data-end=\"855\"><strong data-start=\"732\" data-end=\"759\">P\u00e1ratlan nyomtat\u00e1si min\u0151s\u00e9g<\/strong> - Garant\u00e1lja az \u00e9l\u00e9nk, hosszan tart\u00f3 d\u00edsz\u00edt\u00e9st a tort\u00e1kon, s\u00fctem\u00e9nyeken, csokol\u00e1d\u00e9kon \u00e9s m\u00e1s \u00e9dess\u00e9geken.<\/p>\n<\/li>\n<li data-start=\"856\" data-end=\"1005\">\n<p data-start=\"858\" data-end=\"1005\"><strong data-start=\"858\" data-end=\"889\">Ipari szint\u0171 hat\u00e9konys\u00e1g<\/strong> - M\u00e9rn\u00f6ki tervez\u00e9s <strong data-start=\"907\" data-end=\"952\">nagym\u00e9ret\u0171 cukr\u00e1szd\u00e1k \u00e9s gy\u00e1rak<\/strong>, ahol a k\u00f6vetkezetes, magas min\u0151s\u00e9g\u0171 kimenet kritikus fontoss\u00e1g\u00fa.<\/p>\n<\/li>\n<li data-start=\"1006\" data-end=\"1132\">\n<p data-start=\"1008\" data-end=\"1132\"><strong data-start=\"1008\" data-end=\"1033\">Prec\u00edzi\u00f3s m\u00e9rn\u00f6ki tev\u00e9kenys\u00e9g<\/strong> - Hib\u00e1tlan r\u00e9szletgazdags\u00e1got, sz\u00ednm\u00e9lys\u00e9get \u00e9s egys\u00e9ges eredm\u00e9nyt biztos\u00edt nagy gy\u00e1rt\u00e1si t\u00e9telekben.<\/p>\n<\/li>\n<li data-start=\"1133\" data-end=\"1268\">\n<p data-start=\"1135\" data-end=\"1268\"><strong data-start=\"1135\" data-end=\"1161\">Innov\u00e1ci\u00f3 a k\u00f6z\u00e9ppontban<\/strong> - Kombin\u00e1lja a dekor\u00e1ci\u00f3t az intelligens szubsztr\u00e1t-el\u0151k\u00e9sz\u00edt\u00e9ssel, \u00faj m\u00e9rc\u00e9t \u00e1ll\u00edtva az \u00e9lelmiszernyomtat\u00e1sban.<\/p>\n<\/li>\n<\/ul>\n<h4 data-start=\"1270\" data-end=\"1291\">Kinek sz\u00f3l?<\/h4>\n<p data-start=\"1292\" data-end=\"1331\">A VULPES CF-32.65 PRO ide\u00e1lis:<\/p>\n<ul data-start=\"1332\" data-end=\"1612\">\n<li data-start=\"1332\" data-end=\"1412\">\n<p data-start=\"1334\" data-end=\"1412\"><strong data-start=\"1334\" data-end=\"1367\">Nagy cukr\u00e1szipari v\u00e1llalatok<\/strong> maxim\u00e1lis min\u0151s\u00e9get \u00e9s megb\u00edzhat\u00f3s\u00e1got k\u00f6vetelve.<\/p>\n<\/li>\n<li data-start=\"1413\" data-end=\"1514\">\n<p data-start=\"1415\" data-end=\"1514\"><strong data-start=\"1415\" data-end=\"1439\">Ipari gy\u00e1rak<\/strong> a gy\u00e1rt\u00e1s m\u00e9ret\u00e9nek n\u00f6vel\u00e9s\u00e9t tervezi, mik\u00f6zben pr\u00e9mium min\u0151s\u00e9g\u0171 dekor\u00e1ci\u00f3s szabv\u00e1nyokat biztos\u00edt.<\/p>\n<\/li>\n<li data-start=\"1515\" data-end=\"1612\">\n<p data-start=\"1517\" data-end=\"1612\">Azok a v\u00e1llalkoz\u00e1sok, amelyek <strong data-start=\"1541\" data-end=\"1609\">\u00e9lvonalbeli technol\u00f3gi\u00e1val fejleszteni az \u00e9lelmiszernyomtat\u00e1si folyamatot<\/strong>.<\/p>\n<\/li>\n<\/ul>\n<h4 data-start=\"1614\" data-end=\"1652\">Mi\u00e9rt v\u00e1lassza a VULPES CF-32.65 PRO-t?<\/h4>\n<p data-start=\"1653\" data-end=\"1997\">A hagyom\u00e1nyos \u00e9lelmiszernyomtat\u00f3kkal ellent\u00e9tben a VULPES CF-32.65 PRO nem csak dekor\u00e1l - hanem <strong data-start=\"1736\" data-end=\"1790\">optimaliz\u00e1lja \u00e9s el\u0151k\u00e9sz\u00edti az egyes term\u00e9keket a d\u00edsz\u00edt\u00e9shez<\/strong>, garant\u00e1lva a vizu\u00e1lisan felt\u0171n\u0151 \u00e9s tart\u00f3s eredm\u00e9nyeket. Azoknak a v\u00e1llalatoknak, amelyek \u00e9rt\u00e9kelik <strong data-start=\"1884\" data-end=\"1934\">min\u0151s\u00e9g, innov\u00e1ci\u00f3 \u00e9s termel\u00e9si hat\u00e9konys\u00e1g<\/strong>, a modern cukr\u00e1szati nyomtat\u00e1sban a v\u00e9gs\u0151 v\u00e1laszt\u00e1s.<\/p>","protected":false},"excerpt":{"rendered":"<p>Redefining Industrial Food Printing The VULPES CF-32.65 PRO is a next-generation industrial confectionery plotter designed to revolutionize food decoration. Developed by IMAGO, this innovative device goes beyond standard printing\u2014thanks to its built-in system for activating confectionery substrates, it ensures the highest quality, durability, and vibrancy of every decoration. Key Features &amp; Benefits: Substrate Activation Technology [&hellip;]<\/p>\n","protected":false},"featured_media":6984,"comment_status":"open","ping_status":"closed","template":"","meta":[],"product_brand":[],"product_cat":[38],"product_tag":[],"class_list":{"0":"post-6983","1":"product","2":"type-product","3":"status-publish","4":"has-post-thumbnail","6":"product_cat-imago-food-printers","8":"first","9":"instock","10":"shipping-taxable","11":"product-type-simple"},"_links":{"self":[{"href":"https:\/\/dersuessestopp.com\/hu\/wp-json\/wp\/v2\/product\/6983","targetHints":{"allow":["GET"]}}],"collection":[{"href":"https:\/\/dersuessestopp.com\/hu\/wp-json\/wp\/v2\/product"}],"about":[{"href":"https:\/\/dersuessestopp.com\/hu\/wp-json\/wp\/v2\/types\/product"}],"replies":[{"embeddable":true,"href":"https:\/\/dersuessestopp.com\/hu\/wp-json\/wp\/v2\/comments?post=6983"}],"version-history":[{"count":1,"href":"https:\/\/dersuessestopp.com\/hu\/wp-json\/wp\/v2\/product\/6983\/revisions"}],"predecessor-version":[{"id":6986,"href":"https:\/\/dersuessestopp.com\/hu\/wp-json\/wp\/v2\/product\/6983\/revisions\/6986"}],"wp:featuredmedia":[{"embeddable":true,"href":"https:\/\/dersuessestopp.com\/hu\/wp-json\/wp\/v2\/media\/6984"}],"wp:attachment":[{"href":"https:\/\/dersuessestopp.com\/hu\/wp-json\/wp\/v2\/media?parent=6983"}],"wp:term":[{"taxonomy":"product_brand","embeddable":true,"href":"https:\/\/dersuessestopp.com\/hu\/wp-json\/wp\/v2\/product_brand?post=6983"},{"taxonomy":"product_cat","embeddable":true,"href":"https:\/\/dersuessestopp.com\/hu\/wp-json\/wp\/v2\/product_cat?post=6983"},{"taxonomy":"product_tag","embeddable":true,"href":"https:\/\/dersuessestopp.com\/hu\/wp-json\/wp\/v2\/product_tag?post=6983"}],"curies":[{"name":"wp","href":"https:\/\/api.w.org\/{rel}","templated":true}]}}