{"id":6979,"date":"2025-08-29T09:57:41","date_gmt":"2025-08-29T09:57:41","guid":{"rendered":"https:\/\/dersuessestopp.com\/?post_type=product&#038;p=6979"},"modified":"2025-08-29T09:59:55","modified_gmt":"2025-08-29T09:59:55","slug":"vipera-cs-33","status":"publish","type":"product","link":"https:\/\/dersuessestopp.com\/hu\/product\/vipera-cs-33\/","title":{"rendered":"VIPERA CS-33"},"content":{"rendered":"<h3 data-start=\"68\" data-end=\"124\">A leggyorsabb ipari \u00e9lelmiszer-nyomtat\u00f3<\/h3>\n<p data-start=\"126\" data-end=\"389\">A <strong data-start=\"130\" data-end=\"146\">VIPERA CS-33<\/strong> egy <strong data-start=\"153\" data-end=\"186\">expressz cukr\u00e1szda nyomtat\u00f3<\/strong> ipari m\u00e9ret\u0171 \u00e9desipari termel\u00e9sre tervezt\u00e9k. A legmodernebb <strong data-start=\"255\" data-end=\"290\">egymenetes nyomtat\u00e1si technol\u00f3gia<\/strong>, p\u00e1ratlan sebess\u00e9get \u00e9s hat\u00e9konys\u00e1got \u00e9r el, \u00faj m\u00e9rc\u00e9t \u00e1ll\u00edtva fel a cukr\u00e1szati dekor\u00e1ci\u00f3ban.<\/p>\n<h4 data-start=\"391\" data-end=\"422\">F\u0151bb jellemz\u0151k \u00e9s el\u0151ny\u00f6k:<\/h4>\n<ul data-start=\"423\" data-end=\"1065\">\n<li data-start=\"423\" data-end=\"540\">\n<p data-start=\"425\" data-end=\"540\"><strong data-start=\"425\" data-end=\"444\">P\u00e1ratlan sebess\u00e9g<\/strong> - Nyomtat ak\u00e1r <strong data-start=\"460\" data-end=\"487\">30,000 s\u00fcti \u00f3r\u00e1nk\u00e9nt<\/strong>, \u00edgy ez a leggyorsabb \u00e9lelmiszernyomtat\u00f3 a piacon.<\/p>\n<\/li>\n<li data-start=\"541\" data-end=\"685\">\n<p data-start=\"543\" data-end=\"685\"><strong data-start=\"543\" data-end=\"575\">Ipari szint\u0171 teljes\u00edtm\u00e9ny<\/strong> - Tervezve <strong data-start=\"591\" data-end=\"629\">folyamatos, nagy\u00fczemi termel\u00e9s<\/strong> s\u00fctem\u00e9nyek, tort\u00e1k, csokol\u00e1d\u00e9k \u00e9s egy\u00e9b p\u00e9k\u00e1ruk.<\/p>\n<\/li>\n<li data-start=\"686\" data-end=\"832\">\n<p data-start=\"688\" data-end=\"832\"><strong data-start=\"688\" data-end=\"714\">Single-Pass technol\u00f3gia<\/strong> - Egyetlen mozdulattal \u00e9les, kiv\u00e1l\u00f3 min\u0151s\u00e9g\u0171 nyomatokat k\u00e9sz\u00edt, cs\u00f6kkentve a gy\u00e1rt\u00e1si id\u0151t \u00e9s biztos\u00edtva az egyenletes eredm\u00e9nyeket.<\/p>\n<\/li>\n<li data-start=\"833\" data-end=\"939\">\n<p data-start=\"835\" data-end=\"939\"><strong data-start=\"835\" data-end=\"864\">Hat\u00e9konys\u00e1g \u00e9s k\u00f6lts\u00e9gmegtakar\u00edt\u00e1s<\/strong> - Maxim\u00e1lja a teljes\u00edtm\u00e9nyt, mik\u00f6zben minimaliz\u00e1lja a m\u0171k\u00f6d\u00e9si k\u00f6lts\u00e9geket, a munkaer\u0151t \u00e9s a hullad\u00e9kot.<\/p>\n<\/li>\n<li data-start=\"940\" data-end=\"1065\">\n<p data-start=\"942\" data-end=\"1065\"><strong data-start=\"942\" data-end=\"968\">Sokoldal\u00fa alkalmaz\u00e1sok<\/strong> - T\u00f6k\u00e9letes a s\u00fctem\u00e9nyek, kekszek, tort\u00e1k, macaronok \u00e9s egy\u00e9b \u00e9dess\u00e9gek prec\u00edz d\u00edsz\u00edt\u00e9s\u00e9hez.<\/p>\n<\/li>\n<\/ul>\n<h4 data-start=\"1067\" data-end=\"1088\">Kinek sz\u00f3l?<\/h4>\n<p data-start=\"1089\" data-end=\"1121\">A VIPERA CS-33 ide\u00e1lis:<\/p>\n<ul data-start=\"1122\" data-end=\"1367\">\n<li data-start=\"1122\" data-end=\"1178\">\n<p data-start=\"1124\" data-end=\"1178\"><strong data-start=\"1124\" data-end=\"1148\">Cukr\u00e1szati \u00fczemek<\/strong> nagy mennyis\u00e9gben termel.<\/p>\n<\/li>\n<li data-start=\"1179\" data-end=\"1271\">\n<p data-start=\"1181\" data-end=\"1271\"><strong data-start=\"1181\" data-end=\"1215\">Ipari \u00e9dess\u00e9ggy\u00e1rt\u00f3k<\/strong> a gyorsas\u00e1g \u00e9s a kompromisszumok n\u00e9lk\u00fcli min\u0151s\u00e9g kombin\u00e1l\u00e1s\u00e1ra t\u00f6rekszik.<\/p>\n<\/li>\n<li data-start=\"1272\" data-end=\"1367\">\n<p data-start=\"1274\" data-end=\"1367\">Olyan v\u00e1llalkoz\u00e1sok, amelyeknek sz\u00fcks\u00e9g\u00fck van <strong data-start=\"1295\" data-end=\"1364\">nagy volumen\u0171, megb\u00edzhat\u00f3 \u00e9s k\u00f6lts\u00e9ghat\u00e9kony \u00e9lelmiszernyomtat\u00e1si megold\u00e1sok<\/strong>.<\/p>\n<\/li>\n<\/ul>\n<h4 data-start=\"1369\" data-end=\"1400\">Mi\u00e9rt v\u00e1lassza a VIPERA CS-33-at?<\/h4>\n<p data-start=\"1401\" data-end=\"1691\">Ha az a c\u00e9lod, hogy <strong data-start=\"1420\" data-end=\"1507\">a hat\u00e9konys\u00e1g n\u00f6vel\u00e9se, a k\u00f6lts\u00e9gek cs\u00f6kkent\u00e9se \u00e9s az \u00e9dess\u00e9gek versenyz\u0151 piac\u00e1n val\u00f3 el\u0151ret\u00f6r\u00e9s.<\/strong>, a VIPERA CS-33 a v\u00e9gs\u0151 megold\u00e1s. Gyorsas\u00e1ga \u00e9s precizit\u00e1sa lehet\u0151v\u00e9 teszi a gy\u00e1rt\u00f3k sz\u00e1m\u00e1ra, hogy n\u00f6velj\u00e9k a termel\u00e9st, mik\u00f6zben folyamatosan vizu\u00e1lisan leny\u0171g\u00f6z\u0151, kiv\u00e1l\u00f3 min\u0151s\u00e9g\u0171 term\u00e9keket \u00e1ll\u00edtanak el\u0151.<\/p>","protected":false},"excerpt":{"rendered":"<p>The Fastest Industrial Food Printer The VIPERA CS-33 is an express confectionery printer engineered for industrial-scale sweet production. With cutting-edge single-pass printing technology, it achieves unmatched speed and efficiency, setting a new standard in confectionery decoration. Key Features &amp; Benefits: Unrivaled Speed \u2013 Prints up to 30,000 cookies per hour, making it the fastest food [&hellip;]<\/p>\n","protected":false},"featured_media":6980,"comment_status":"open","ping_status":"closed","template":"","meta":[],"product_brand":[],"product_cat":[38],"product_tag":[],"class_list":{"0":"post-6979","1":"product","2":"type-product","3":"status-publish","4":"has-post-thumbnail","6":"product_cat-imago-food-printers","8":"first","9":"instock","10":"shipping-taxable","11":"product-type-simple"},"_links":{"self":[{"href":"https:\/\/dersuessestopp.com\/hu\/wp-json\/wp\/v2\/product\/6979","targetHints":{"allow":["GET"]}}],"collection":[{"href":"https:\/\/dersuessestopp.com\/hu\/wp-json\/wp\/v2\/product"}],"about":[{"href":"https:\/\/dersuessestopp.com\/hu\/wp-json\/wp\/v2\/types\/product"}],"replies":[{"embeddable":true,"href":"https:\/\/dersuessestopp.com\/hu\/wp-json\/wp\/v2\/comments?post=6979"}],"version-history":[{"count":1,"href":"https:\/\/dersuessestopp.com\/hu\/wp-json\/wp\/v2\/product\/6979\/revisions"}],"predecessor-version":[{"id":6982,"href":"https:\/\/dersuessestopp.com\/hu\/wp-json\/wp\/v2\/product\/6979\/revisions\/6982"}],"wp:featuredmedia":[{"embeddable":true,"href":"https:\/\/dersuessestopp.com\/hu\/wp-json\/wp\/v2\/media\/6980"}],"wp:attachment":[{"href":"https:\/\/dersuessestopp.com\/hu\/wp-json\/wp\/v2\/media?parent=6979"}],"wp:term":[{"taxonomy":"product_brand","embeddable":true,"href":"https:\/\/dersuessestopp.com\/hu\/wp-json\/wp\/v2\/product_brand?post=6979"},{"taxonomy":"product_cat","embeddable":true,"href":"https:\/\/dersuessestopp.com\/hu\/wp-json\/wp\/v2\/product_cat?post=6979"},{"taxonomy":"product_tag","embeddable":true,"href":"https:\/\/dersuessestopp.com\/hu\/wp-json\/wp\/v2\/product_tag?post=6979"}],"curies":[{"name":"wp","href":"https:\/\/api.w.org\/{rel}","templated":true}]}}