{"id":6975,"date":"2025-08-29T09:53:17","date_gmt":"2025-08-29T09:53:17","guid":{"rendered":"https:\/\/dersuessestopp.com\/?post_type=product&#038;p=6975"},"modified":"2025-08-29T09:53:18","modified_gmt":"2025-08-29T09:53:18","slug":"borostyan-cf-40-63","status":"publish","type":"product","link":"https:\/\/dersuessestopp.com\/hu\/product\/amber-cf-40-63\/","title":{"rendered":"AMBER CF-40.63"},"content":{"rendered":"<h3 data-start=\"86\" data-end=\"173\">Ipari cukr\u00e1szati plotter a nagy teljes\u00edtm\u00e9ny\u0171 gy\u00e1rt\u00e1shoz<\/h3>\n<p data-start=\"175\" data-end=\"529\">A <strong data-start=\"179\" data-end=\"197\">AMBER CF-40.63<\/strong> egy korszer\u0171, ipari cukr\u00e1szipari plotter, amelyet \u00fagy \u00e9p\u00edtettek, hogy p\u00e1ratlan <strong data-start=\"280\" data-end=\"321\">hat\u00e9konys\u00e1g, pontoss\u00e1g \u00e9s automatiz\u00e1l\u00e1s<\/strong> nagy\u00fczemi cukr\u00e1szati term\u00e9kek gy\u00e1rt\u00e1s\u00e1hoz. Kifejezetten a k\u00f6vetkez\u0151kh\u00f6z tervezt\u00e9k <strong data-start=\"390\" data-end=\"442\">cukr\u00e1szd\u00e1k \u00e9s ipari gy\u00e1rt\u00f3k<\/strong>, megb\u00edzhat\u00f3 megold\u00e1st k\u00edn\u00e1l professzion\u00e1lis min\u0151s\u00e9g\u0171 dekor\u00e1ci\u00f3k m\u00e9retar\u00e1nyos elk\u00e9sz\u00edt\u00e9s\u00e9hez.<\/p>\n<h4 data-start=\"531\" data-end=\"562\">F\u0151bb jellemz\u0151k \u00e9s el\u0151ny\u00f6k:<\/h4>\n<ul data-start=\"563\" data-end=\"1286\">\n<li data-start=\"563\" data-end=\"708\">\n<p data-start=\"565\" data-end=\"708\"><strong data-start=\"565\" data-end=\"591\">Nagy sebess\u00e9g\u0171 teljes\u00edtm\u00e9ny<\/strong> - Nyomtat\u00e1s ak\u00e1r <strong data-start=\"606\" data-end=\"650\">4800 macaron (5 cm \u00e1tm\u00e9r\u0151j\u0171) \u00f3r\u00e1nk\u00e9nt<\/strong>, biztos\u00edtva a gyors gy\u00e1rt\u00e1st a min\u0151s\u00e9g roml\u00e1sa n\u00e9lk\u00fcl.<\/p>\n<\/li>\n<li data-start=\"709\" data-end=\"889\">\n<p data-start=\"711\" data-end=\"889\"><strong data-start=\"711\" data-end=\"745\">Fejlett nyomtat\u00f3fej technol\u00f3gia<\/strong> - A leg\u00fajabb ipari nyomtat\u00f3fejjel felszerelve a <strong data-start=\"799\" data-end=\"841\">kiv\u00e9teles pontoss\u00e1g \u00e9s \u00e9les r\u00e9szletek<\/strong> tort\u00e1kon, s\u00fctem\u00e9nyeken, macaronokon \u00e9s csokol\u00e1d\u00e9kon.<\/p>\n<\/li>\n<li data-start=\"890\" data-end=\"1019\">\n<p data-start=\"892\" data-end=\"1019\"><strong data-start=\"892\" data-end=\"914\">K\u00f6vetkezetes eredm\u00e9nyek<\/strong> - Garant\u00e1lja az egyenletes nyomtat\u00e1st t\u00f6k\u00e9letes igaz\u00edt\u00e1ssal, sz\u00ednpontoss\u00e1ggal \u00e9s a mint\u00e1k nagy tart\u00f3ss\u00e1g\u00e1val.<\/p>\n<\/li>\n<li data-start=\"1020\" data-end=\"1169\">\n<p data-start=\"1022\" data-end=\"1169\"><strong data-start=\"1022\" data-end=\"1049\">Automatiz\u00e1l\u00e1s \u00e9s hat\u00e9konys\u00e1g<\/strong> - Cs\u00f6kkenti a k\u00e9zi munk\u00e1t a nagy \u00e1tereszt\u0151k\u00e9pess\u00e9g fenntart\u00e1sa mellett, seg\u00edtve az \u00e9dess\u00e9ggy\u00e1rt\u00f3knak a m\u0171k\u00f6d\u00e9s\u00fck sk\u00e1l\u00e1z\u00e1s\u00e1ban.<\/p>\n<\/li>\n<li data-start=\"1170\" data-end=\"1286\">\n<p data-start=\"1172\" data-end=\"1286\"><strong data-start=\"1172\" data-end=\"1202\">Alkalmaz\u00e1sok sz\u00e9les k\u00f6re<\/strong> - Ide\u00e1lis s\u00fctem\u00e9nyek, cupcake-ek, s\u00fctem\u00e9nyek, csokol\u00e1d\u00e9k, macaronok \u00e9s egy\u00e9b s\u00fctem\u00e9nyek d\u00edsz\u00edt\u00e9s\u00e9hez.<\/p>\n<\/li>\n<\/ul>\n<h4 data-start=\"1288\" data-end=\"1309\">Kinek sz\u00f3l?<\/h4>\n<p data-start=\"1310\" data-end=\"1347\">Az AMBER CF-40.63 a k\u00f6vetkez\u0151kh\u00f6z k\u00e9sz\u00fclt:<\/p>\n<ul data-start=\"1348\" data-end=\"1604\">\n<li data-start=\"1348\" data-end=\"1419\">\n<p data-start=\"1350\" data-end=\"1419\"><strong data-start=\"1350\" data-end=\"1377\">Cukr\u00e1szd\u00e1k<\/strong> a termel\u00e9s hat\u00e9konys\u00e1g\u00e1nak n\u00f6vel\u00e9se.<\/p>\n<\/li>\n<li data-start=\"1420\" data-end=\"1517\">\n<p data-start=\"1422\" data-end=\"1517\"><strong data-start=\"1422\" data-end=\"1460\">Ipari \u00e9dess\u00e9ggy\u00e1rt\u00f3k<\/strong> c\u00e9l a k\u00f6vetkezetes, magas min\u0151s\u00e9g\u0171 dekorat\u00edv kimenet.<\/p>\n<\/li>\n<li data-start=\"1518\" data-end=\"1604\">\n<p data-start=\"1520\" data-end=\"1604\">Azok a v\u00e1llalkoz\u00e1sok, amelyek kombin\u00e1lni k\u00edv\u00e1nj\u00e1k <strong data-start=\"1552\" data-end=\"1601\">kreativit\u00e1s ipari szint\u0171 termel\u00e9kenys\u00e9ggel<\/strong>.<\/p>\n<\/li>\n<\/ul>\n<h4 data-start=\"1606\" data-end=\"1643\">Mi\u00e9rt v\u00e1lassza az AMBER CF-40.63 k\u00e9sz\u00fcl\u00e9ket?<\/h4>\n<p data-start=\"1644\" data-end=\"1934\">A sebess\u00e9g, a pontoss\u00e1g \u00e9s az automatiz\u00e1l\u00e1s kombin\u00e1ci\u00f3j\u00e1val az AMBER CF-40.63 az ipari cukr\u00e1szdai d\u00edsz\u00edt\u00e9s t\u00f6k\u00e9letes eszk\u00f6ze. Lehet\u0151v\u00e9 teszi a gy\u00e1rt\u00f3k sz\u00e1m\u00e1ra, hogy megfeleljenek a magas piaci ig\u00e9nyeknek, mik\u00f6zben olyan term\u00e9keket \u00e1ll\u00edtanak el\u0151, amelyek kiemelkednek a t\u00f6bbi k\u00f6z\u00fcl <strong data-start=\"1887\" data-end=\"1931\">eszt\u00e9tikai vonzer\u0151 \u00e9s min\u0151s\u00e9gi konzisztencia<\/strong>.<\/p>","protected":false},"excerpt":{"rendered":"<p>Industrial Confectionery Plotter for High-Performance Production The AMBER CF-40.63 is a state-of-the-art industrial confectionery plotter built to deliver unmatched efficiency, precision, and automation for large-scale confectionery production. Designed specifically for confectionery factories and industrial producers, it offers a reliable solution for creating professional-grade decorations at scale. Key Features &amp; Benefits: High-Speed Performance \u2013 Print up [&hellip;]<\/p>\n","protected":false},"featured_media":6976,"comment_status":"open","ping_status":"closed","template":"","meta":[],"product_brand":[],"product_cat":[38],"product_tag":[],"class_list":{"0":"post-6975","1":"product","2":"type-product","3":"status-publish","4":"has-post-thumbnail","6":"product_cat-imago-food-printers","8":"first","9":"instock","10":"shipping-taxable","11":"product-type-simple"},"_links":{"self":[{"href":"https:\/\/dersuessestopp.com\/hu\/wp-json\/wp\/v2\/product\/6975","targetHints":{"allow":["GET"]}}],"collection":[{"href":"https:\/\/dersuessestopp.com\/hu\/wp-json\/wp\/v2\/product"}],"about":[{"href":"https:\/\/dersuessestopp.com\/hu\/wp-json\/wp\/v2\/types\/product"}],"replies":[{"embeddable":true,"href":"https:\/\/dersuessestopp.com\/hu\/wp-json\/wp\/v2\/comments?post=6975"}],"version-history":[{"count":1,"href":"https:\/\/dersuessestopp.com\/hu\/wp-json\/wp\/v2\/product\/6975\/revisions"}],"predecessor-version":[{"id":6978,"href":"https:\/\/dersuessestopp.com\/hu\/wp-json\/wp\/v2\/product\/6975\/revisions\/6978"}],"wp:featuredmedia":[{"embeddable":true,"href":"https:\/\/dersuessestopp.com\/hu\/wp-json\/wp\/v2\/media\/6976"}],"wp:attachment":[{"href":"https:\/\/dersuessestopp.com\/hu\/wp-json\/wp\/v2\/media?parent=6975"}],"wp:term":[{"taxonomy":"product_brand","embeddable":true,"href":"https:\/\/dersuessestopp.com\/hu\/wp-json\/wp\/v2\/product_brand?post=6975"},{"taxonomy":"product_cat","embeddable":true,"href":"https:\/\/dersuessestopp.com\/hu\/wp-json\/wp\/v2\/product_cat?post=6975"},{"taxonomy":"product_tag","embeddable":true,"href":"https:\/\/dersuessestopp.com\/hu\/wp-json\/wp\/v2\/product_tag?post=6975"}],"curies":[{"name":"wp","href":"https:\/\/api.w.org\/{rel}","templated":true}]}}