{"id":6960,"date":"2025-08-29T09:04:00","date_gmt":"2025-08-29T09:04:00","guid":{"rendered":"https:\/\/dersuessestopp.com\/?post_type=product&#038;p=6960"},"modified":"2025-09-24T19:58:36","modified_gmt":"2025-09-24T19:58:36","slug":"nissei-power-pro-sebesseg-es-hatekonysag","status":"publish","type":"product","link":"https:\/\/dersuessestopp.com\/hu\/product\/nissei-power-pro-speed-and-efficiency\/","title":{"rendered":"Nissei Power Pro - Sebess\u00e9g \u00e9s hat\u00e9konys\u00e1g"},"content":{"rendered":"<div data-breakout=\"normal\">\n<p id=\"viewer-e9yu811081\" class=\"LThh9 tL1tz t3L08 qufKF\" dir=\"auto\"><span class=\"AAYkC\">A Power Pro sorozatot nagy ig\u00e9nybev\u00e9tel\u0171 k\u00f6rnyezetekre tervezt\u00e9k, \u00e9s \u00f3r\u00e1nk\u00e9nt 55 literes kapacit\u00e1ssal gyors termel\u00e9st biztos\u00edt. Az \u00faj Rapp technol\u00f3gia biztos\u00edtja az egyenletes text\u00far\u00e1t \u00e9s min\u0151s\u00e9get, m\u00e9g cs\u00facsid\u0151ben is. Kompakt m\u00e9rete lehet\u0151v\u00e9 teszi a k\u00fcl\u00f6nb\u00f6z\u0151 be\u00e1ll\u00edt\u00e1sokba val\u00f3 k\u00f6nny\u0171 integr\u00e1l\u00e1st, \u00edgy alkalmas kioszkokba, food truckokba \u00e9s kisebb \u00e9ttermekbe.<\/span><\/p>\n<\/div>\n<div data-breakout=\"normal\">\n<h3 id=\"viewer-5wnel4422\" class=\"RsvCW _3Z2KS t3L08 qufKF\" dir=\"auto\"><span class=\"qnKJ9\"><strong>NISSEI - A t\u00f6k\u00e9letess\u00e9get keres\u0151 szakemberek bizalma<\/strong><\/span><\/h3>\n<\/div>\n<div data-breakout=\"normal\">\n<p id=\"viewer-big1i4951\" class=\"LThh9 tL1tz t3L08 qufKF\" dir=\"auto\"><span class=\"AAYkC\">A t\u00f6bb mint 35 \u00e9ves folyamatos innov\u00e1ci\u00f3val a NISSEI NL a soft serve \u00e9s a fagyasztott joghurt technol\u00f3gia \u00e9lvonal\u00e1ban \u00e1ll. G\u00e9peinket k\u00e9zzel, prec\u00edzen \u00e9s hossz\u00fa \u00e9lettartamra gy\u00e1rtjuk, \u00edgy biztos\u00edtva az \u00d6n v\u00e1llalkoz\u00e1s\u00e1nak z\u00f6kken\u0151mentes \u00e9s hat\u00e9kony m\u0171k\u00f6d\u00e9s\u00e9t.<\/span><\/p>\n<\/div>\n<div data-breakout=\"normal\">\n<p id=\"viewer-pmx2c352\" class=\"LThh9 tL1tz t3L08 qufKF\" dir=\"auto\"><span class=\"AAYkC\"><strong>Az elm\u00falt 30 \u00e9v leny\u0171g\u00f6z\u0151 eredm\u00e9nyei Eur\u00f3p\u00e1ban.<\/strong><\/span><\/p>\n<\/div>\n<div data-breakout=\"normal\">\n<ul class=\"Ior1H t3L08\">\n<li class=\"w4rN-\" dir=\"auto\">\n<p id=\"viewer-hd7ob265\" class=\"LThh9 tL1tz t3L08 qufKF\" dir=\"\"><span class=\"AAYkC\"><strong>7,000+ g\u00e9p<\/strong>\u00a0prec\u00edzen megmunk\u00e1lt \u00e9s Eur\u00f3pa-szerte \u00e9rt\u00e9kes\u00edtett<\/span><\/p>\n<\/li>\n<li class=\"w4rN-\" dir=\"auto\">\n<p id=\"viewer-0ddhr269\" class=\"LThh9 tL1tz t3L08 qufKF\" dir=\"\"><span class=\"AAYkC\"><strong>4,500+ egys\u00e9g<\/strong>\u00a0a mai napig m\u0171k\u00f6dik<\/span><\/p>\n<\/li>\n<li class=\"w4rN-\" dir=\"auto\">\n<p id=\"viewer-8mxss273\" class=\"LThh9 tL1tz t3L08 qufKF\" dir=\"\"><span class=\"AAYkC\"><strong>Vezet\u0151 v\u00e1llalkoz\u00e1sok bizalma<\/strong><\/span><\/p>\n<\/li>\n<\/ul>\n<\/div>\n<div data-breakout=\"normal\">\n<div id=\"viewer-5sjny32790\" class=\"C-UfD\">\n<div class=\"rDaES\">\n<div class=\"e35S- au0qn\" data-hook=\"collapsible-list-component\">\n<div>\n<div class=\"V7Yu5 tJLLb\" data-hook=\"collapsible-list-item expanded\">\n<div class=\"Qd-Py\">\n<div class=\"UfDyV _1n3i3 FXHR4 FMcOw\" data-hook=\"collapsible-list-item-title\">\n<div>\n<p id=\"viewer-967sm32800\" class=\"LThh9 tL1tz qufKF\" dir=\"auto\"><span class=\"AAYkC\"><strong>Le\u00edr\u00e1s<\/strong><\/span><\/p>\n<\/div>\n<\/div>\n<div>\n<div class=\"UfDyV _1n3i3 FXHR4 FMcOw\" data-hook=\"collapsible-list-item-title\">\n<div>\n<p id=\"viewer-txl1n8491\" class=\"LThh9 tL1tz qufKF\" dir=\"auto\"><span class=\"AAYkC\">Szeretn\u00e9l t\u00f6bbet keresni a l\u00e1gyt\u00e1lal\u00e1s elad\u00e1s\u00e1val? A Power Pro az ide\u00e1lis g\u00e9p, hogy azonnal beinduljon. Ez a g\u00e9p lehet\u0151v\u00e9 teszi, hogy k\u00f6nnyed\u00e9n szolg\u00e1ljon fel l\u00e9gies soft serve-t, mik\u00f6zben magas hozamot realiz\u00e1l. A RAPP technol\u00f3gi\u00e1nak k\u00f6sz\u00f6nhet\u0151en ez a g\u00e9p k\u00e9pes folyamatosan kiv\u00e1l\u00f3 min\u0151s\u00e9g\u0171 soft serve-t k\u00edn\u00e1lni. Az \u00e9rint\u0151k\u00e9perny\u0151 seg\u00edts\u00e9g\u00e9vel k\u00f6nnyed\u00e9n be\u00e1ll\u00edthatja a leveg\u0151 t\u00falfoly\u00e1s\u00e1t \u00e9s a viszkozit\u00e1st.<\/span><\/p>\n<\/div>\n<\/div>\n<\/div>\n<\/div>\n<\/div>\n<\/div>\n<div>\n<div class=\"V7Yu5 tJLLb\" data-hook=\"collapsible-list-item expanded\">\n<div class=\"Qd-Py\">\n<div class=\"UfDyV _1n3i3 FXHR4 FMcOw\" data-hook=\"collapsible-list-item-title\">\n<div>\n<p id=\"viewer-t8qzc32837\" class=\"LThh9 tL1tz qufKF\" dir=\"auto\"><span class=\"AAYkC\"><strong>Jellemz\u0151k<\/strong><\/span><\/p>\n<\/div>\n<\/div>\n<div>\n<div class=\"UfDyV _1n3i3 FXHR4 FMcOw\" data-hook=\"collapsible-list-item-title\">\n<div>\n<ul class=\"Ior1H\">\n<li class=\"w4rN-\" dir=\"auto\">\n<p id=\"viewer-jw69d8571\" class=\"LThh9 tL1tz qufKF\" dir=\"\"><span class=\"AAYkC\">RAPP technol\u00f3gi\u00e1val<\/span><\/p>\n<\/li>\n<li class=\"w4rN-\" dir=\"auto\">\n<p id=\"viewer-m3hgs8573\" class=\"LThh9 tL1tz qufKF\" dir=\"\"><span class=\"AAYkC\">Intuit\u00edv \u00e9rint\u0151k\u00e9perny\u0151<\/span><\/p>\n<\/li>\n<li class=\"w4rN-\" dir=\"auto\">\n<p id=\"viewer-47zse8575\" class=\"LThh9 tL1tz qufKF\" dir=\"\"><span class=\"AAYkC\">1 \u00edz\u0171 \u00fcd\u00edt\u0151<\/span><\/p>\n<\/li>\n<li class=\"w4rN-\" dir=\"auto\">\n<p id=\"viewer-zumqt8577\" class=\"LThh9 tL1tz qufKF\" dir=\"\"><span class=\"AAYkC\">3 kamr\u00e1s fagyaszt\u00f3rekesz<\/span><\/p>\n<\/li>\n<li class=\"w4rN-\" dir=\"auto\">\n<p id=\"viewer-ppzil8579\" class=\"LThh9 tL1tz qufKF\" dir=\"\"><span class=\"AAYkC\">Csak 6 hetente 1x sz\u00e9tszerel\u00e9s \u00e9s tiszt\u00edt\u00e1s<\/span><\/p>\n<\/li>\n<li class=\"w4rN-\" dir=\"auto\">\n<p id=\"viewer-96qpm8581\" class=\"LThh9 tL1tz qufKF\" dir=\"\"><span class=\"AAYkC\">Paszt\u0151r\u00f6z\u00e9s<\/span><\/p>\n<\/li>\n<li class=\"w4rN-\" dir=\"auto\">\n<p id=\"viewer-ckesy8583\" class=\"LThh9 tL1tz qufKF\" dir=\"\"><span class=\"AAYkC\">Egyed\u00fcl\u00e1ll\u00f3 5 \u00e9v garancia<\/span><\/p>\n<\/li>\n<\/ul>\n<\/div>\n<\/div>\n<\/div>\n<\/div>\n<\/div>\n<\/div>\n<div>\n<div class=\"V7Yu5 tJLLb\" data-hook=\"collapsible-list-item expanded\">\n<div class=\"Qd-Py\">\n<div class=\"UfDyV _1n3i3 FXHR4 FMcOw\" data-hook=\"collapsible-list-item-title\">\n<div>\n<p id=\"viewer-fl7re32933\" class=\"LThh9 tL1tz qufKF\" dir=\"auto\"><span class=\"AAYkC\"><strong>M\u0171szaki adatok<\/strong><\/span><\/p>\n<table>\n<thead>\n<tr>\n<th>Specifik\u00e1ci\u00f3<\/th>\n<th>R\u00e9szletek<\/th>\n<\/tr>\n<\/thead>\n<tbody>\n<tr>\n<td><strong>Kapacit\u00e1s<\/strong><\/td>\n<td>55 liter \u00f3r\u00e1nk\u00e9nt<\/td>\n<\/tr>\n<tr>\n<td><strong>K\u00f6tet<\/strong><\/td>\n<td>2,5 literes fagyaszt\u00f3 henger<\/td>\n<\/tr>\n<tr>\n<td><strong>Szivatty\u00fa<\/strong><\/td>\n<td>Innovat\u00edv RAPP technol\u00f3gia<\/td>\n<\/tr>\n<tr>\n<td><strong>V\u00edzh\u0171t\u00e9ses<\/strong><\/td>\n<td>Ca. 40m\u00b3 h\u0171t\u0151v\u00edzfogyaszt\u00e1s \u00e9vente<\/td>\n<\/tr>\n<tr>\n<td><strong>S\u00faly<\/strong><\/td>\n<td>170 kg<\/td>\n<\/tr>\n<tr>\n<td><strong>M\u00e9retek<\/strong><\/td>\n<td>Magass\u00e1g 150 \u00d7 sz\u00e9less\u00e9g 46 \u00d7 magass\u00e1g 76 cm<\/td>\n<\/tr>\n<tr>\n<td><strong>Kapcsolat<\/strong><\/td>\n<td>400 Volt + 0 + A, 3 kWh<\/td>\n<\/tr>\n<\/tbody>\n<\/table>\n<div class=\"UfDyV _1n3i3 FXHR4 FMcOw\" data-hook=\"collapsible-list-item-title\">\n<div>\n<p id=\"viewer-eqks433049\" class=\"LThh9 tL1tz qufKF\" dir=\"auto\"><span class=\"AAYkC\"><strong>Extra opci\u00f3k<\/strong><\/span><\/p>\n<\/div>\n<\/div>\n<div>\n<div class=\"UfDyV _1n3i3 FXHR4 FMcOw\" data-hook=\"collapsible-list-item-title\">\n<div>\n<ul class=\"Ior1H\">\n<li class=\"w4rN-\" dir=\"auto\">\n<p id=\"viewer-mgqne9789\" class=\"LThh9 tL1tz qufKF\" dir=\"\"><span class=\"AAYkC\">Sz\u00e1raz t\u00f6lt\u0151rendszer porkever\u00e9khez<\/span><\/p>\n<\/li>\n<li class=\"w4rN-\" dir=\"auto\">\n<p id=\"viewer-om8139791\" class=\"LThh9 tL1tz qufKF\" dir=\"\"><span class=\"AAYkC\">Ice Twister<\/span><\/p>\n<\/li>\n<li class=\"w4rN-\" dir=\"auto\">\n<p id=\"viewer-slnem9793\" class=\"LThh9 tL1tz qufKF\" dir=\"\"><span class=\"AAYkC\">V\u00edzsz\u0171r\u0151<\/span><\/p>\n<\/li>\n<\/ul>\n<\/div>\n<\/div>\n<\/div>\n<\/div>\n<\/div>\n<\/div>\n<\/div>\n<\/div>\n<\/div>\n<\/div>\n<\/div>\n<\/div>","protected":false},"excerpt":{"rendered":"<p>Designed for high-demand environments, the Power Pro series delivers rapid production with a capacity of 55 liters per hour. The new Rapp technology ensures consistent texture and quality, even during peak hours. Its compact size allows for easy integration into various setups, making it suitable for kiosks, food trucks, and smaller restaurants. NISSEI \u2013 Trusted [&hellip;]<\/p>\n","protected":false},"featured_media":6961,"comment_status":"open","ping_status":"closed","template":"","meta":[],"product_brand":[],"product_cat":[61],"product_tag":[],"class_list":{"0":"post-6960","1":"product","2":"type-product","3":"status-publish","4":"has-post-thumbnail","6":"product_cat-soft-serve-ice-cream","8":"first","9":"instock","10":"shipping-taxable","11":"product-type-simple"},"_links":{"self":[{"href":"https:\/\/dersuessestopp.com\/hu\/wp-json\/wp\/v2\/product\/6960","targetHints":{"allow":["GET"]}}],"collection":[{"href":"https:\/\/dersuessestopp.com\/hu\/wp-json\/wp\/v2\/product"}],"about":[{"href":"https:\/\/dersuessestopp.com\/hu\/wp-json\/wp\/v2\/types\/product"}],"replies":[{"embeddable":true,"href":"https:\/\/dersuessestopp.com\/hu\/wp-json\/wp\/v2\/comments?post=6960"}],"version-history":[{"count":1,"href":"https:\/\/dersuessestopp.com\/hu\/wp-json\/wp\/v2\/product\/6960\/revisions"}],"predecessor-version":[{"id":6963,"href":"https:\/\/dersuessestopp.com\/hu\/wp-json\/wp\/v2\/product\/6960\/revisions\/6963"}],"wp:featuredmedia":[{"embeddable":true,"href":"https:\/\/dersuessestopp.com\/hu\/wp-json\/wp\/v2\/media\/6961"}],"wp:attachment":[{"href":"https:\/\/dersuessestopp.com\/hu\/wp-json\/wp\/v2\/media?parent=6960"}],"wp:term":[{"taxonomy":"product_brand","embeddable":true,"href":"https:\/\/dersuessestopp.com\/hu\/wp-json\/wp\/v2\/product_brand?post=6960"},{"taxonomy":"product_cat","embeddable":true,"href":"https:\/\/dersuessestopp.com\/hu\/wp-json\/wp\/v2\/product_cat?post=6960"},{"taxonomy":"product_tag","embeddable":true,"href":"https:\/\/dersuessestopp.com\/hu\/wp-json\/wp\/v2\/product_tag?post=6960"}],"curies":[{"name":"wp","href":"https:\/\/api.w.org\/{rel}","templated":true}]}}