{"id":6955,"date":"2025-08-29T08:07:15","date_gmt":"2025-08-29T08:07:15","guid":{"rendered":"https:\/\/dersuessestopp.com\/?post_type=product&#038;p=6955"},"modified":"2025-09-24T19:59:03","modified_gmt":"2025-09-24T19:59:03","slug":"nissei-power-tt-kompakt-es-zajbarat","status":"publish","type":"product","link":"https:\/\/dersuessestopp.com\/hu\/product\/nissei-power-tt-compact-and-noise-friendly\/","title":{"rendered":"Nissei Power TT - Kompakt \u00e9s zajbar\u00e1t"},"content":{"rendered":"<div data-breakout=\"normal\">\n<p id=\"viewer-5mpev11705\" class=\"LThh9 tL1tz t3L08 qufKF\" dir=\"auto\"><span class=\"AAYkC\">A Power TT sorozat a legkisebb a kombi sorozatban, de teljes\u00edtm\u00e9nyben sem marad el. \u00d3r\u00e1nk\u00e9nt 55 literes kapacit\u00e1s\u00e1val, valamint azzal, hogy egy soft serve \u00edz \u00e9s n\u00e9gyf\u00e9le turmix kiszolg\u00e1l\u00e1s\u00e1ra k\u00e9pes, t\u00f6k\u00e9letesen alkalmas olyan l\u00e9tes\u00edtm\u00e9nyek sz\u00e1m\u00e1ra, ahol korl\u00e1tozott a hely, de nagy az ig\u00e9ny, p\u00e9ld\u00e1ul kis k\u00e1v\u00e9z\u00f3k \u00e9s kisboltok. Kompakt m\u00e9retei \u00e9s energiatakar\u00e9kos kialak\u00edt\u00e1sa okos v\u00e1laszt\u00e1ss\u00e1 teszi olyan v\u00e1llalkoz\u00e1sok sz\u00e1m\u00e1ra, amelyek helykihaszn\u00e1l\u00e1s n\u00e9lk\u00fcl szeretn\u00e9k maximaliz\u00e1lni a teljes\u00edtm\u00e9nyt.<\/span><\/p>\n<\/div>\n<div data-breakout=\"normal\">\n<h3 id=\"viewer-5wnel4422\" class=\"RsvCW _3Z2KS t3L08 qufKF\" dir=\"auto\"><span class=\"qnKJ9\"><strong>NISSEI - A t\u00f6k\u00e9letess\u00e9get keres\u0151 szakemberek bizalma<\/strong><\/span><\/h3>\n<\/div>\n<div data-breakout=\"normal\">\n<p id=\"viewer-big1i4951\" class=\"LThh9 tL1tz t3L08 qufKF\" dir=\"auto\"><span class=\"AAYkC\">A t\u00f6bb mint 35 \u00e9ves folyamatos innov\u00e1ci\u00f3val a NISSEI NL a soft serve \u00e9s a fagyasztott joghurt technol\u00f3gia \u00e9lvonal\u00e1ban \u00e1ll. G\u00e9peinket k\u00e9zzel, prec\u00edzen \u00e9s hossz\u00fa \u00e9lettartamra gy\u00e1rtjuk, \u00edgy biztos\u00edtva az \u00d6n v\u00e1llalkoz\u00e1s\u00e1nak z\u00f6kken\u0151mentes \u00e9s hat\u00e9kony m\u0171k\u00f6d\u00e9s\u00e9t.<\/span><\/p>\n<\/div>\n<div data-breakout=\"normal\">\n<p id=\"viewer-9vfwb925\" class=\"LThh9 tL1tz t3L08 qufKF\" dir=\"auto\"><span class=\"AAYkC\"><strong>Az elm\u00falt 30 \u00e9v leny\u0171g\u00f6z\u0151 eur\u00f3pai eredm\u00e9nyei alapj\u00e1n<\/strong><\/span><\/p>\n<\/div>\n<div data-breakout=\"normal\">\n<ul class=\"Ior1H t3L08\">\n<li class=\"w4rN-\" dir=\"auto\">\n<p id=\"viewer-hd7ob265\" class=\"LThh9 tL1tz t3L08 qufKF\" dir=\"\"><span class=\"AAYkC\"><strong>7,000+ g\u00e9p<\/strong>\u00a0prec\u00edzen megmunk\u00e1lt \u00e9s Eur\u00f3pa-szerte \u00e9rt\u00e9kes\u00edtett<\/span><\/p>\n<\/li>\n<li class=\"w4rN-\" dir=\"auto\">\n<p id=\"viewer-0ddhr269\" class=\"LThh9 tL1tz t3L08 qufKF\" dir=\"\"><span class=\"AAYkC\"><strong>4,500+ egys\u00e9g<\/strong>\u00a0a mai napig m\u0171k\u00f6dik<\/span><\/p>\n<\/li>\n<li class=\"w4rN-\" dir=\"auto\">\n<p id=\"viewer-8mxss273\" class=\"LThh9 tL1tz t3L08 qufKF\" dir=\"\"><span class=\"AAYkC\"><strong>Vezet\u0151 v\u00e1llalkoz\u00e1sok bizalma<\/strong><\/span><\/p>\n<\/li>\n<\/ul>\n<\/div>\n<div data-breakout=\"normal\">\n<div id=\"viewer-5sjny32790\" class=\"C-UfD\">\n<div class=\"rDaES\">\n<div class=\"e35S- au0qn\" data-hook=\"collapsible-list-component\">\n<div>\n<div class=\"V7Yu5 tJLLb\" data-hook=\"collapsible-list-item expanded\">\n<div class=\"Qd-Py\">\n<div class=\"UfDyV _1n3i3 FXHR4 FMcOw\" data-hook=\"collapsible-list-item-title\">\n<div>\n<p id=\"viewer-967sm32800\" class=\"LThh9 tL1tz qufKF\" dir=\"auto\"><span class=\"AAYkC\"><strong>Le\u00edr\u00e1s<\/strong><\/span><\/p>\n<\/div>\n<\/div>\n<div>\n<div class=\"UfDyV _1n3i3 FXHR4 FMcOw\" data-hook=\"collapsible-list-item-title\">\n<div>\n<p id=\"viewer-6dbjk12229\" class=\"LThh9 tL1tz qufKF\" dir=\"auto\"><span class=\"AAYkC\">Kis m\u00e9ret\u0171, de forgalmas id\u0151szakokban elk\u00e9peszt\u0151en j\u00f3l teljes\u00edt. Err\u0151l sz\u00f3l a Power TT. Ez a soft serve g\u00e9p t\u00f6k\u00e9letes a fagylalt\u00e1rusok sz\u00e1m\u00e1ra, akiknek csak korl\u00e1tozott hely\u00fck van. An\u00e9lk\u00fcl, hogy engedm\u00e9nyeket tenn\u00e9nek a k\u00e9nyelem \u00e9s a min\u0151s\u00e9g ter\u00e9n. A RAPP technol\u00f3gi\u00e1nak k\u00f6sz\u00f6nhet\u0151en ez a g\u00e9p k\u00e9pes folyamatosan kiv\u00e1l\u00f3 min\u0151s\u00e9g\u0171 soft serve-t k\u00edn\u00e1lni. Az innovat\u00edv \u00e9rint\u0151k\u00e9perny\u0151 lehet\u0151v\u00e9 teszi, hogy szem\u00e9lyesen konfigur\u00e1lja a g\u00e9pet \u00e9s l\u00e1ssa, hogyan teljes\u00edt.<\/span><\/p>\n<\/div>\n<\/div>\n<\/div>\n<\/div>\n<\/div>\n<\/div>\n<div>\n<div class=\"V7Yu5 tJLLb\" data-hook=\"collapsible-list-item expanded\">\n<div class=\"Qd-Py\">\n<div class=\"UfDyV _1n3i3 FXHR4 FMcOw\" data-hook=\"collapsible-list-item-title\">\n<div>\n<p id=\"viewer-t8qzc32837\" class=\"LThh9 tL1tz qufKF\" dir=\"auto\"><span class=\"AAYkC\"><strong>Jellemz\u0151k<\/strong><\/span><\/p>\n<\/div>\n<\/div>\n<div>\n<div class=\"UfDyV _1n3i3 FXHR4 FMcOw\" data-hook=\"collapsible-list-item-title\">\n<div>\n<ul class=\"Ior1H\">\n<li class=\"w4rN-\" dir=\"auto\">\n<p id=\"viewer-0kqeu12351\" class=\"LThh9 tL1tz qufKF\" dir=\"\"><span class=\"AAYkC\">RAPP technol\u00f3gi\u00e1val<\/span><\/p>\n<\/li>\n<li class=\"w4rN-\" dir=\"auto\">\n<p id=\"viewer-63byq12353\" class=\"LThh9 tL1tz qufKF\" dir=\"\"><span class=\"AAYkC\">Intuit\u00edv \u00e9rint\u0151k\u00e9perny\u0151<\/span><\/p>\n<\/li>\n<li class=\"w4rN-\" dir=\"auto\">\n<p id=\"viewer-sxb8a12355\" class=\"LThh9 tL1tz qufKF\" dir=\"\"><span class=\"AAYkC\">1 \u00edz\u0171 \u00fcd\u00edt\u0151<\/span><\/p>\n<\/li>\n<li class=\"w4rN-\" dir=\"auto\">\n<p id=\"viewer-hv4ap12357\" class=\"LThh9 tL1tz qufKF\" dir=\"\"><span class=\"AAYkC\">Kompakt form\u00e1tum<\/span><\/p>\n<\/li>\n<li class=\"w4rN-\" dir=\"auto\">\n<p id=\"viewer-h5mox12359\" class=\"LThh9 tL1tz qufKF\" dir=\"\"><span class=\"AAYkC\">Csak 6 hetente 1x sz\u00e9tszerel\u00e9s \u00e9s tiszt\u00edt\u00e1s<\/span><\/p>\n<\/li>\n<li class=\"w4rN-\" dir=\"auto\">\n<p id=\"viewer-wx1zh12361\" class=\"LThh9 tL1tz qufKF\" dir=\"\"><span class=\"AAYkC\">Paszt\u0151r\u00f6z\u00e9s<\/span><\/p>\n<\/li>\n<li class=\"w4rN-\" dir=\"auto\">\n<p id=\"viewer-9f9vi12363\" class=\"LThh9 tL1tz qufKF\" dir=\"\"><span class=\"AAYkC\">Egyed\u00fcl\u00e1ll\u00f3 5 \u00e9v garancia<\/span><\/p>\n<\/li>\n<\/ul>\n<\/div>\n<\/div>\n<\/div>\n<\/div>\n<\/div>\n<\/div>\n<div>\n<div class=\"V7Yu5 tJLLb\" data-hook=\"collapsible-list-item collapsed\">\n<div class=\"Qd-Py\">\n<div class=\"UfDyV _1n3i3 FXHR4 FMcOw\" data-hook=\"collapsible-list-item-title\">\n<div>\n<p id=\"viewer-fl7re32933\" class=\"LThh9 tL1tz qufKF\" dir=\"auto\"><span class=\"AAYkC\"><strong>M\u0171szaki adatok<\/strong><\/span><\/p>\n<table>\n<thead>\n<tr>\n<th>Specifik\u00e1ci\u00f3<\/th>\n<th>R\u00e9szletek<\/th>\n<\/tr>\n<\/thead>\n<tbody>\n<tr>\n<td><strong>Kapacit\u00e1s<\/strong><\/td>\n<td>55 liter \u00f3r\u00e1nk\u00e9nt<\/td>\n<\/tr>\n<tr>\n<td><strong>K\u00f6tet<\/strong><\/td>\n<td>2,5 literes fagyaszt\u00f3 henger<\/td>\n<\/tr>\n<tr>\n<td><strong>Szivatty\u00fa<\/strong><\/td>\n<td>Innovat\u00edv RAPP technol\u00f3gia<\/td>\n<\/tr>\n<tr>\n<td><strong>V\u00edzh\u0171t\u00e9ses<\/strong><\/td>\n<td>Ca. 40m\u00b3 h\u0171t\u0151v\u00edzfogyaszt\u00e1s \u00e9vente<\/td>\n<\/tr>\n<tr>\n<td><strong>S\u00faly<\/strong><\/td>\n<td>135 kg<\/td>\n<\/tr>\n<tr>\n<td><strong>M\u00e9retek<\/strong><\/td>\n<td>H 82 \u00d7 B 46 \u00d7 D 76 cm<\/td>\n<\/tr>\n<tr>\n<td><strong>Kapcsolat<\/strong><\/td>\n<td>400 Volt + 0 + A, 3 kWh<\/td>\n<\/tr>\n<\/tbody>\n<\/table>\n<div class=\"UfDyV _1n3i3 FXHR4 FMcOw\" data-hook=\"collapsible-list-item-title\">\n<div>\n<p id=\"viewer-eqks433049\" class=\"LThh9 tL1tz qufKF\" dir=\"auto\"><span class=\"AAYkC\"><strong>Extra opci\u00f3k<\/strong><\/span><\/p>\n<\/div>\n<\/div>\n<div>\n<div class=\"UfDyV _1n3i3 FXHR4 FMcOw\" data-hook=\"collapsible-list-item-title\">\n<div>\n<ul class=\"Ior1H\">\n<li class=\"w4rN-\" dir=\"auto\">\n<p id=\"viewer-e4kg413221\" class=\"LThh9 tL1tz qufKF\" dir=\"\"><span class=\"AAYkC\">Sz\u00e1raz t\u00f6lt\u0151rendszer porkever\u00e9khez<\/span><\/p>\n<\/li>\n<li class=\"w4rN-\" dir=\"auto\">\n<p id=\"viewer-qnjbg13223\" class=\"LThh9 tL1tz qufKF\" dir=\"\"><span class=\"AAYkC\">Ice Twister<\/span><\/p>\n<\/li>\n<li class=\"w4rN-\" dir=\"auto\">\n<p id=\"viewer-5tzpq13225\" class=\"LThh9 tL1tz qufKF\" dir=\"\"><span class=\"AAYkC\">V\u00edzsz\u0171r\u0151<\/span><\/p>\n<\/li>\n<li class=\"w4rN-\" dir=\"auto\">\n<p id=\"viewer-e1ku313227\" class=\"LThh9 tL1tz qufKF\" dir=\"\"><span class=\"AAYkC\">\u00d6nkiszolg\u00e1l\u00f3 dugatty\u00fa<\/span><\/p>\n<\/li>\n<\/ul>\n<\/div>\n<\/div>\n<\/div>\n<\/div>\n<\/div>\n<\/div>\n<\/div>\n<\/div>\n<\/div>\n<\/div>\n<\/div>\n<\/div>","protected":false},"excerpt":{"rendered":"<p>The Power TT series is the smallest in the combi series but doesn&#8217;t fall short on performance. With a capacity of 55 liters per hour and the ability to serve one soft serve flavor and four milkshake varieties, it&#8217;s perfect for establishments with limited space but high demand, such as small cafes and convenience stores. [&hellip;]<\/p>\n","protected":false},"featured_media":6958,"comment_status":"open","ping_status":"closed","template":"","meta":[],"product_brand":[],"product_cat":[61],"product_tag":[],"class_list":{"0":"post-6955","1":"product","2":"type-product","3":"status-publish","4":"has-post-thumbnail","6":"product_cat-soft-serve-ice-cream","8":"first","9":"instock","10":"shipping-taxable","11":"product-type-simple"},"_links":{"self":[{"href":"https:\/\/dersuessestopp.com\/hu\/wp-json\/wp\/v2\/product\/6955","targetHints":{"allow":["GET"]}}],"collection":[{"href":"https:\/\/dersuessestopp.com\/hu\/wp-json\/wp\/v2\/product"}],"about":[{"href":"https:\/\/dersuessestopp.com\/hu\/wp-json\/wp\/v2\/types\/product"}],"replies":[{"embeddable":true,"href":"https:\/\/dersuessestopp.com\/hu\/wp-json\/wp\/v2\/comments?post=6955"}],"version-history":[{"count":2,"href":"https:\/\/dersuessestopp.com\/hu\/wp-json\/wp\/v2\/product\/6955\/revisions"}],"predecessor-version":[{"id":6957,"href":"https:\/\/dersuessestopp.com\/hu\/wp-json\/wp\/v2\/product\/6955\/revisions\/6957"}],"wp:featuredmedia":[{"embeddable":true,"href":"https:\/\/dersuessestopp.com\/hu\/wp-json\/wp\/v2\/media\/6958"}],"wp:attachment":[{"href":"https:\/\/dersuessestopp.com\/hu\/wp-json\/wp\/v2\/media?parent=6955"}],"wp:term":[{"taxonomy":"product_brand","embeddable":true,"href":"https:\/\/dersuessestopp.com\/hu\/wp-json\/wp\/v2\/product_brand?post=6955"},{"taxonomy":"product_cat","embeddable":true,"href":"https:\/\/dersuessestopp.com\/hu\/wp-json\/wp\/v2\/product_cat?post=6955"},{"taxonomy":"product_tag","embeddable":true,"href":"https:\/\/dersuessestopp.com\/hu\/wp-json\/wp\/v2\/product_tag?post=6955"}],"curies":[{"name":"wp","href":"https:\/\/api.w.org\/{rel}","templated":true}]}}