{"id":6950,"date":"2025-08-29T07:54:12","date_gmt":"2025-08-29T07:54:12","guid":{"rendered":"https:\/\/dersuessestopp.com\/?post_type=product&#038;p=6950"},"modified":"2025-09-24T19:59:28","modified_gmt":"2025-09-24T19:59:28","slug":"nissei-giant-sorozatu-kompakt-eromuvek","status":"publish","type":"product","link":"https:\/\/dersuessestopp.com\/hu\/product\/nissei-giant-series-compact-powerhouses\/","title":{"rendered":"Nissei Giant sorozat - kompakt er\u0151m\u0171vek"},"content":{"rendered":"<div data-breakout=\"normal\">\n<p id=\"viewer-suhlf2732\" class=\"LThh9 tL1tz t3L08 qufKF\" dir=\"auto\"><span class=\"AAYkC\">A Nissei Giant sorozat a nagy kapacit\u00e1st kompakt helyig\u00e9nnyel kombin\u00e1lja, \u00edgy ide\u00e1lis a korl\u00e1tozott helyig\u00e9ny\u0171, de nagy ig\u00e9ny\u0171 l\u00e9tes\u00edtm\u00e9nyek sz\u00e1m\u00e1ra. Az olyan modellekkel, mint az NA 3348, ezek a g\u00e9pek ak\u00e1r 75 liter\/\u00f3ra teljes\u00edtm\u00e9nyt is biztos\u00edtanak, egyenletes min\u0151s\u00e9get \u00e9s hat\u00e9konys\u00e1got biztos\u00edtva. Energiahat\u00e9kony kialak\u00edt\u00e1suk \u00e9s intelligens l\u00e1bvez\u00e9rl\u00e9s\u00fck fokozza a haszn\u00e1lhat\u00f3s\u00e1got \u00e9s cs\u00f6kkenti az \u00fczemeltet\u00e9si k\u00f6lts\u00e9geket.<\/span><\/p>\n<\/div>\n<div data-breakout=\"normal\">\n<div id=\"viewer-ni27p774\" class=\"C-UfD\">\n<div class=\"rDaES\">\n<div class=\"e35S- au0qn\" data-hook=\"collapsible-list-component\">\n<div>\n<div class=\"V7Yu5 tJLLb\" data-hook=\"collapsible-list-item expanded\">\n<div class=\"Qd-Py\">\n<div class=\"UfDyV _1n3i3 FXHR4 FMcOw\" data-hook=\"collapsible-list-item-title\">\n<div>\n<p id=\"viewer-2qu78778\" class=\"LThh9 tL1tz qufKF\" dir=\"auto\"><span class=\"AAYkC\"><strong>Le\u00edr\u00e1s<\/strong><\/span><\/p>\n<\/div>\n<\/div>\n<div>\n<div class=\"UfDyV _1n3i3 FXHR4 FMcOw\" data-hook=\"collapsible-list-item-title\">\n<div>\n<p id=\"viewer-1q3ss2945\" class=\"LThh9 tL1tz qufKF\" dir=\"auto\"><span class=\"AAYkC\">A Giant az egyik legn\u00e9pszer\u0171bb NISSEI g\u00e9p Hollandi\u00e1ban. \u00c9s ez term\u00e9szetesen nem v\u00e9letlen. Ez az \u00fcd\u00edt\u0151automata nagy kapacit\u00e1st k\u00edn\u00e1l annak ellen\u00e9re, hogy m\u00e9rete korl\u00e1tozott.<\/span><\/p>\n<p id=\"viewer-a1zje2948\" class=\"LThh9 tL1tz qufKF\" dir=\"auto\"><span class=\"AAYkC\">A Giant energiatakar\u00e9kos \u00e9s alkalmas a legt\u00f6bb olyan v\u00e1llalkoz\u00e1s sz\u00e1m\u00e1ra, amely \u00fcd\u00edt\u0151ket \u00e9s turmixokat is szeretne \u00e9rt\u00e9kes\u00edteni. A RAPP technol\u00f3gi\u00e1nak k\u00f6sz\u00f6nhet\u0151en ez a g\u00e9p folyamatosan kiv\u00e1l\u00f3 min\u0151s\u00e9g\u0171 soft serve-t \u00e9s turmixokat k\u00e9pes k\u00edn\u00e1lni. Ezenk\u00edv\u00fcl innovat\u00edv \u00e9rint\u0151k\u00e9perny\u0151vel rendelkezik.<\/span><\/p>\n<\/div>\n<\/div>\n<\/div>\n<\/div>\n<\/div>\n<\/div>\n<div>\n<div class=\"V7Yu5 tJLLb\" data-hook=\"collapsible-list-item expanded\">\n<div class=\"Qd-Py\">\n<div class=\"UfDyV _1n3i3 FXHR4 FMcOw\" data-hook=\"collapsible-list-item-title\">\n<div>\n<p id=\"viewer-gjjw8833\" class=\"LThh9 tL1tz qufKF\" dir=\"auto\"><span class=\"AAYkC\"><strong>Jellemz\u0151k<\/strong><\/span><\/p>\n<\/div>\n<\/div>\n<div>\n<div class=\"UfDyV _1n3i3 FXHR4 FMcOw\" data-hook=\"collapsible-list-item-title\">\n<div>\n<ul class=\"Ior1H\">\n<li class=\"w4rN-\" dir=\"auto\">\n<p id=\"viewer-5v8ko3209\" class=\"LThh9 tL1tz qufKF\" dir=\"\"><span class=\"AAYkC\">RAPP technol\u00f3gi\u00e1val<\/span><\/p>\n<\/li>\n<li class=\"w4rN-\" dir=\"auto\">\n<p id=\"viewer-2q18f3212\" class=\"LThh9 tL1tz qufKF\" dir=\"\"><span class=\"AAYkC\">Intuit\u00edv \u00e9rint\u0151k\u00e9perny\u0151<\/span><\/p>\n<\/li>\n<li class=\"w4rN-\" dir=\"auto\">\n<p id=\"viewer-w08om3215\" class=\"LThh9 tL1tz qufKF\" dir=\"\"><span class=\"AAYkC\">1 \u00edz\u0171 \u00fcd\u00edt\u0151<\/span><\/p>\n<\/li>\n<li class=\"w4rN-\" dir=\"auto\">\n<p id=\"viewer-9q42c3218\" class=\"LThh9 tL1tz qufKF\" dir=\"\"><span class=\"AAYkC\">3 kamr\u00e1s fagyaszt\u00f3rekesz<\/span><\/p>\n<\/li>\n<li class=\"w4rN-\" dir=\"auto\">\n<p id=\"viewer-ecoq83221\" class=\"LThh9 tL1tz qufKF\" dir=\"\"><span class=\"AAYkC\">Csak 6 hetente 1x sz\u00e9tszerel\u00e9s \u00e9s tiszt\u00edt\u00e1s<\/span><\/p>\n<\/li>\n<li class=\"w4rN-\" dir=\"auto\">\n<p id=\"viewer-tngvv3224\" class=\"LThh9 tL1tz qufKF\" dir=\"\"><span class=\"AAYkC\">Paszt\u0151r\u00f6z\u00e9s<\/span><\/p>\n<\/li>\n<li class=\"w4rN-\" dir=\"auto\">\n<p id=\"viewer-lcmtx3227\" class=\"LThh9 tL1tz qufKF\" dir=\"\"><span class=\"AAYkC\">L\u00e1bvez\u00e9rl\u0151<\/span><\/p>\n<\/li>\n<li class=\"w4rN-\" dir=\"auto\">\n<p id=\"viewer-2r7d43230\" class=\"LThh9 tL1tz qufKF\" dir=\"\"><span class=\"AAYkC\">Egyed\u00fcl\u00e1ll\u00f3 5 \u00e9v garancia<\/span><\/p>\n<\/li>\n<\/ul>\n<div>\n<div class=\"V7Yu5 tJLLb\" data-hook=\"collapsible-list-item collapsed\">\n<div class=\"Qd-Py\">\n<div class=\"UfDyV _1n3i3 FXHR4 FMcOw\" data-hook=\"collapsible-list-item-title\">\n<div>\n<p id=\"viewer-jg36w923\" class=\"LThh9 tL1tz qufKF\" dir=\"auto\"><span class=\"AAYkC\"><strong>M\u0171szaki adatok<\/strong><\/span><\/p>\n<\/div>\n<\/div>\n<\/div>\n<\/div>\n<\/div>\n<div>\n<div class=\"V7Yu5 tJLLb\" data-hook=\"collapsible-list-item collapsed\">\n<div class=\"_0--Hh\">\n<div class=\"lZBgD has-custom-focus\" role=\"button\" data-hook=\"collapsible-list-expand-button\" aria-label=\"Az elem \u00f6sszecsukott\">\n<table>\n<thead>\n<tr>\n<th>Specifik\u00e1ci\u00f3<\/th>\n<th>R\u00e9szletek<\/th>\n<\/tr>\n<\/thead>\n<tbody>\n<tr>\n<td><strong>Kapacit\u00e1s<\/strong><\/td>\n<td>75 liter \u00f3r\u00e1nk\u00e9nt<\/td>\n<\/tr>\n<tr>\n<td><strong>K\u00f6tet<\/strong><\/td>\n<td>3,4 literes fagyaszt\u00f3 henger<\/td>\n<\/tr>\n<tr>\n<td><strong>Szivatty\u00fa<\/strong><\/td>\n<td>Innovat\u00edv RAPP technol\u00f3gia<\/td>\n<\/tr>\n<tr>\n<td><strong>V\u00edzh\u0171t\u00e9ses<\/strong><\/td>\n<td>Ca. 50m\u00b3 h\u0171t\u0151v\u00edzfogyaszt\u00e1s \u00e9vente<\/td>\n<\/tr>\n<tr>\n<td><strong>S\u00faly<\/strong><\/td>\n<td>170 kg<\/td>\n<\/tr>\n<tr>\n<td><strong>M\u00e9retek<\/strong><\/td>\n<td>Magass\u00e1g 150 \u00d7 sz\u00e9less\u00e9g 46 \u00d7 magass\u00e1g 84 cm<\/td>\n<\/tr>\n<tr>\n<td><strong>Kapcsolat<\/strong><\/td>\n<td>400 Volt + 0 + A, 3,5 kWh<\/td>\n<\/tr>\n<\/tbody>\n<\/table>\n<div class=\"UfDyV _1n3i3 FXHR4 FMcOw\" data-hook=\"collapsible-list-item-title\">\n<div>\n<p id=\"viewer-8kyip1452\" class=\"LThh9 tL1tz qufKF\" dir=\"auto\"><span class=\"AAYkC\"><strong>Extra opci\u00f3k<\/strong><\/span><\/p>\n<\/div>\n<\/div>\n<div>\n<div class=\"UfDyV _1n3i3 FXHR4 FMcOw\" data-hook=\"collapsible-list-item-title\">\n<div>\n<ul class=\"Ior1H\">\n<li class=\"w4rN-\" dir=\"auto\">\n<p id=\"viewer-x5f844322\" class=\"LThh9 tL1tz qufKF\" dir=\"\"><span class=\"AAYkC\">Sz\u00e1raz t\u00f6lt\u0151rendszer porkever\u00e9khez<\/span><\/p>\n<\/li>\n<li class=\"w4rN-\" dir=\"auto\">\n<p id=\"viewer-1x7rj4325\" class=\"LThh9 tL1tz qufKF\" dir=\"\"><span class=\"AAYkC\">Ice Twister<\/span><\/p>\n<\/li>\n<li class=\"w4rN-\" dir=\"auto\">\n<p id=\"viewer-h9gu34328\" class=\"LThh9 tL1tz qufKF\" dir=\"\"><span class=\"AAYkC\">V\u00edzsz\u0171r\u0151<\/span><\/p>\n<\/li>\n<\/ul>\n<\/div>\n<\/div>\n<\/div>\n<\/div>\n<\/div>\n<\/div>\n<\/div>\n<\/div>\n<\/div>\n<\/div>\n<\/div>\n<\/div>\n<\/div>\n<\/div>\n<\/div>\n<\/div>\n<\/div>","protected":false},"excerpt":{"rendered":"<p>The Nissei Giant series combines high capacity with a compact footprint, making it ideal for establishments with limited space but high demand. With models like the NA 3348, these machines deliver up to 75 liters per hour, ensuring consistent quality and efficiency. Their energy-efficient design and smart foot controls enhance usability and reduce operational costs. [&hellip;]<\/p>\n","protected":false},"featured_media":6953,"comment_status":"open","ping_status":"closed","template":"","meta":[],"product_brand":[],"product_cat":[61],"product_tag":[],"class_list":{"0":"post-6950","1":"product","2":"type-product","3":"status-publish","4":"has-post-thumbnail","6":"product_cat-soft-serve-ice-cream","8":"first","9":"instock","10":"shipping-taxable","11":"product-type-simple"},"_links":{"self":[{"href":"https:\/\/dersuessestopp.com\/hu\/wp-json\/wp\/v2\/product\/6950","targetHints":{"allow":["GET"]}}],"collection":[{"href":"https:\/\/dersuessestopp.com\/hu\/wp-json\/wp\/v2\/product"}],"about":[{"href":"https:\/\/dersuessestopp.com\/hu\/wp-json\/wp\/v2\/types\/product"}],"replies":[{"embeddable":true,"href":"https:\/\/dersuessestopp.com\/hu\/wp-json\/wp\/v2\/comments?post=6950"}],"version-history":[{"count":2,"href":"https:\/\/dersuessestopp.com\/hu\/wp-json\/wp\/v2\/product\/6950\/revisions"}],"predecessor-version":[{"id":6952,"href":"https:\/\/dersuessestopp.com\/hu\/wp-json\/wp\/v2\/product\/6950\/revisions\/6952"}],"wp:featuredmedia":[{"embeddable":true,"href":"https:\/\/dersuessestopp.com\/hu\/wp-json\/wp\/v2\/media\/6953"}],"wp:attachment":[{"href":"https:\/\/dersuessestopp.com\/hu\/wp-json\/wp\/v2\/media?parent=6950"}],"wp:term":[{"taxonomy":"product_brand","embeddable":true,"href":"https:\/\/dersuessestopp.com\/hu\/wp-json\/wp\/v2\/product_brand?post=6950"},{"taxonomy":"product_cat","embeddable":true,"href":"https:\/\/dersuessestopp.com\/hu\/wp-json\/wp\/v2\/product_cat?post=6950"},{"taxonomy":"product_tag","embeddable":true,"href":"https:\/\/dersuessestopp.com\/hu\/wp-json\/wp\/v2\/product_tag?post=6950"}],"curies":[{"name":"wp","href":"https:\/\/api.w.org\/{rel}","templated":true}]}}