{"id":6943,"date":"2025-08-29T07:29:19","date_gmt":"2025-08-29T07:29:19","guid":{"rendered":"https:\/\/dersuessestopp.com\/?post_type=product&#038;p=6943"},"modified":"2025-08-29T07:32:44","modified_gmt":"2025-08-29T07:32:44","slug":"nissei-titan-duo-fagyasztott-joghurt-paratlan-kapacitassal","status":"publish","type":"product","link":"https:\/\/dersuessestopp.com\/hu\/product\/nissei-titan-duo-frozen-yogurt-unmatched-capacity\/","title":{"rendered":"Nissei Titan Duo fagyasztott joghurt - P\u00e1ratlan kapacit\u00e1s"},"content":{"rendered":"<div data-breakout=\"normal\">\n<p id=\"viewer-or78p14259\" class=\"LThh9 tL1tz t3L08 qufKF\" dir=\"auto\"><span class=\"AAYkC\">A Titan Duo fagyasztott joghurtk\u00e9sz\u00edt\u0151 g\u00e9p a Nissei legnagyobb kapacit\u00e1s\u00fa modellje, amelyet a nagy forgalm\u00fa l\u00e9tes\u00edtm\u00e9nyek ig\u00e9nyeinek kiel\u00e9g\u00edt\u00e9s\u00e9re terveztek. Robusztus kialak\u00edt\u00e1sa gyors termel\u00e9st biztos\u00edt, \u00edgy ide\u00e1lis a forgalmas fagylaltoz\u00f3k, vid\u00e1mparkok \u00e9s vend\u00e9gl\u00e1t\u00f3helyek sz\u00e1m\u00e1ra. Azzal, hogy egyszerre k\u00e9t \u00edzes\u00edt\u00e9s kiszolg\u00e1l\u00e1s\u00e1ra is k\u00e9pes, sokoldal\u00fas\u00e1got \u00e9s hat\u00e9konys\u00e1got k\u00edn\u00e1l, biztos\u00edtva az \u00edzletes fagyasztott joghurt folyamatos \u00e1raml\u00e1s\u00e1t a v\u00e1s\u00e1rl\u00f3k sz\u00e1m\u00e1ra.<\/span><\/p>\n<\/div>\n<div data-breakout=\"normal\">\n<h3 id=\"viewer-5wnel4422\" class=\"RsvCW _3Z2KS t3L08 qufKF\" dir=\"auto\"><span class=\"qnKJ9\"><strong>NISSEI - A t\u00f6k\u00e9letess\u00e9get keres\u0151 szakemberek bizalma<\/strong><\/span><\/h3>\n<\/div>\n<div data-breakout=\"normal\">\n<p id=\"viewer-big1i4951\" class=\"LThh9 tL1tz t3L08 qufKF\" dir=\"auto\"><span class=\"AAYkC\">A t\u00f6bb mint 35 \u00e9ves folyamatos innov\u00e1ci\u00f3val a NISSEI NL a soft serve \u00e9s a fagyasztott joghurt technol\u00f3gia \u00e9lvonal\u00e1ban \u00e1ll. G\u00e9peinket k\u00e9zzel, prec\u00edzen \u00e9s hossz\u00fa \u00e9lettartamra gy\u00e1rtjuk, \u00edgy biztos\u00edtva az \u00d6n v\u00e1llalkoz\u00e1s\u00e1nak z\u00f6kken\u0151mentes \u00e9s hat\u00e9kony m\u0171k\u00f6d\u00e9s\u00e9t.<\/span><\/p>\n<\/div>\n<div data-breakout=\"normal\">\n<p id=\"viewer-pmx2c352\" class=\"LThh9 tL1tz t3L08 qufKF\" dir=\"auto\"><span class=\"AAYkC\"><strong>Az elm\u00falt 30 \u00e9v leny\u0171g\u00f6z\u0151 eredm\u00e9nyei Eur\u00f3p\u00e1ban.<\/strong><\/span><\/p>\n<\/div>\n<div data-breakout=\"normal\">\n<ul class=\"Ior1H t3L08\">\n<li class=\"w4rN-\" dir=\"auto\">\n<p id=\"viewer-hd7ob265\" class=\"LThh9 tL1tz t3L08 qufKF\" dir=\"\"><span class=\"AAYkC\"><strong>7,000+ g\u00e9p<\/strong>\u00a0prec\u00edzen megmunk\u00e1lt \u00e9s Eur\u00f3pa-szerte \u00e9rt\u00e9kes\u00edtett<\/span><\/p>\n<\/li>\n<li class=\"w4rN-\" dir=\"auto\">\n<p id=\"viewer-0ddhr269\" class=\"LThh9 tL1tz t3L08 qufKF\" dir=\"\"><span class=\"AAYkC\"><strong>4,500+ egys\u00e9g<\/strong>\u00a0a mai napig m\u0171k\u00f6dik<\/span><\/p>\n<\/li>\n<li class=\"w4rN-\" dir=\"auto\">\n<p id=\"viewer-8mxss273\" class=\"LThh9 tL1tz t3L08 qufKF\" dir=\"\"><span class=\"AAYkC\"><strong>Vezet\u0151 v\u00e1llalkoz\u00e1sok bizalma<\/strong><\/span><\/p>\n<\/li>\n<\/ul>\n<\/div>\n<div data-breakout=\"normal\">\n<div id=\"viewer-5sjny32790\" class=\"C-UfD\">\n<div class=\"rDaES\">\n<div class=\"e35S- au0qn\" data-hook=\"collapsible-list-component\">\n<div>\n<div class=\"V7Yu5 tJLLb\" data-hook=\"collapsible-list-item expanded\">\n<div class=\"Qd-Py\">\n<div class=\"UfDyV _1n3i3 FXHR4 FMcOw\" data-hook=\"collapsible-list-item-title\">\n<div>\n<p id=\"viewer-967sm32800\" class=\"LThh9 tL1tz qufKF\" dir=\"auto\"><span class=\"AAYkC\"><strong>Le\u00edr\u00e1s<\/strong><\/span><\/p>\n<\/div>\n<\/div>\n<div>\n<div class=\"UfDyV _1n3i3 FXHR4 FMcOw\" data-hook=\"collapsible-list-item-title\">\n<div>\n<p id=\"viewer-9xfvs14893\" class=\"LThh9 tL1tz qufKF\" dir=\"auto\"><span class=\"AAYkC\">A Titan Duo Frozen Yoghurt lehet\u0151v\u00e9 teszi, hogy gyorsan szolg\u00e1ljon fel \u00edzletes Frozen Yoghurt fagylaltot. Ez a Frozen Yoghurt g\u00e9p a lehet\u0151 legnagyobb kapacit\u00e1st k\u00edn\u00e1lja. Ennek eredm\u00e9nyek\u00e9ppen k\u00f6nnyed\u00e9n l\u00e9p\u00e9st tud tartani a n\u00e9pszer\u0171 term\u00e9k ir\u00e1nti kereslettel. A k\u00e9t henger egym\u00e1st\u00f3l f\u00fcggetlen\u00fcl aktiv\u00e1lhat\u00f3 \u00e9s deaktiv\u00e1lhat\u00f3. Ez azt jelenti, hogy a szezonon k\u00edv\u00fcli id\u0151szakban csak az egyik hengerb\u0151l szolg\u00e1lhat fel.<\/span><\/p>\n<div class=\"UfDyV _1n3i3 FXHR4 FMcOw\" data-hook=\"collapsible-list-item-title\">\n<div>\n<p id=\"viewer-bxfxm15292\" class=\"LThh9 tL1tz qufKF\" dir=\"auto\"><span class=\"AAYkC\"><strong>Jellemz\u0151k<\/strong><\/span><\/p>\n<\/div>\n<\/div>\n<div>\n<div class=\"UfDyV _1n3i3 FXHR4 FMcOw\" data-hook=\"collapsible-list-item-title\">\n<div>\n<ul class=\"Ior1H\">\n<li class=\"w4rN-\" dir=\"auto\">\n<p id=\"viewer-ip90g15002\" class=\"LThh9 tL1tz qufKF\" dir=\"\"><span class=\"AAYkC\">Gravit\u00e1ci\u00f3s rendszer<\/span><\/p>\n<\/li>\n<li class=\"w4rN-\" dir=\"auto\">\n<p id=\"viewer-otolf15004\" class=\"LThh9 tL1tz qufKF\" dir=\"\"><span class=\"AAYkC\">Intuit\u00edv \u00e9rint\u0151k\u00e9perny\u0151<\/span><\/p>\n<\/li>\n<li class=\"w4rN-\" dir=\"auto\">\n<p id=\"viewer-4kc5q15006\" class=\"LThh9 tL1tz qufKF\" dir=\"\"><span class=\"AAYkC\">2 \u00edz\u0171 fagyasztott joghurt \u00e9s egy vegyes \u00edz<\/span><\/p>\n<\/li>\n<li class=\"w4rN-\" dir=\"auto\">\n<p id=\"viewer-4ebzx15008\" class=\"LThh9 tL1tz qufKF\" dir=\"\"><span class=\"AAYkC\">3 kamr\u00e1s fagyaszt\u00f3rekesz<\/span><\/p>\n<\/li>\n<li class=\"w4rN-\" dir=\"auto\">\n<p id=\"viewer-5uiw015010\" class=\"LThh9 tL1tz qufKF\" dir=\"\"><span class=\"AAYkC\">Csak 6 hetente 1x sz\u00e9tszerel\u00e9s \u00e9s tiszt\u00edt\u00e1s<\/span><\/p>\n<\/li>\n<li class=\"w4rN-\" dir=\"auto\">\n<p id=\"viewer-xmotp15012\" class=\"LThh9 tL1tz qufKF\" dir=\"\"><span class=\"AAYkC\">Paszt\u0151r\u00f6z\u00e9s<\/span><\/p>\n<\/li>\n<li class=\"w4rN-\" dir=\"auto\">\n<p id=\"viewer-vc2vq15014\" class=\"LThh9 tL1tz qufKF\" dir=\"\"><span class=\"AAYkC\">Egyed\u00fcl\u00e1ll\u00f3 5 \u00e9v garancia<\/span><\/p>\n<\/li>\n<\/ul>\n<p><span class=\"AAYkC\"><strong>Specifik\u00e1ci\u00f3<\/strong><\/span><\/p>\n<table>\n<thead>\n<tr>\n<th>Specifik\u00e1ci\u00f3<\/th>\n<th>R\u00e9szletek<\/th>\n<\/tr>\n<\/thead>\n<tbody>\n<tr>\n<td><strong>Kapacit\u00e1s<\/strong><\/td>\n<td>55 + 65 liter \u00f3r\u00e1nk\u00e9nt<\/td>\n<\/tr>\n<tr>\n<td><strong>K\u00f6tet<\/strong><\/td>\n<td>2,5 + 3,4 literes fagyaszt\u00f3 hengeres<\/td>\n<\/tr>\n<tr>\n<td><strong>Szivatty\u00fa<\/strong><\/td>\n<td>n\/a<\/td>\n<\/tr>\n<tr>\n<td><strong>V\u00edzh\u0171t\u00e9ses<\/strong><\/td>\n<td>Ca. 90m\u00b3 h\u0171t\u0151v\u00edzfogyaszt\u00e1s \u00e9vente<\/td>\n<\/tr>\n<tr>\n<td><strong>S\u00faly<\/strong><\/td>\n<td>290 kg<\/td>\n<\/tr>\n<tr>\n<td><strong>M\u00e9retek<\/strong><\/td>\n<td>Magass\u00e1g 150 \u00d7 sz\u00e9less\u00e9g 65 \u00d7 magass\u00e1g 90 cm<\/td>\n<\/tr>\n<tr>\n<td><strong>Kapcsolat<\/strong><\/td>\n<td>400 Volt + 0 + A, 4,5 kWh<\/td>\n<\/tr>\n<\/tbody>\n<\/table>\n<div class=\"UfDyV _1n3i3 FXHR4 FMcOw\" data-hook=\"collapsible-list-item-title\">\n<div>\n<p id=\"viewer-eqks433049\" class=\"LThh9 tL1tz qufKF\" dir=\"auto\"><span class=\"AAYkC\"><strong>Extra opci\u00f3k<\/strong><\/span><\/p>\n<\/div>\n<\/div>\n<div>\n<div class=\"UfDyV _1n3i3 FXHR4 FMcOw\" data-hook=\"collapsible-list-item-title\">\n<div>\n<ul class=\"Ior1H\">\n<li class=\"w4rN-\" dir=\"auto\">\n<p id=\"viewer-w4iyi15970\" class=\"LThh9 tL1tz qufKF\" dir=\"\"><span class=\"AAYkC\">Sz\u00e1raz t\u00f6lt\u0151rendszer porkever\u00e9khez<\/span><\/p>\n<\/li>\n<li class=\"w4rN-\" dir=\"auto\">\n<p id=\"viewer-mpelz15972\" class=\"LThh9 tL1tz qufKF\" dir=\"\"><span class=\"AAYkC\">V\u00edzsz\u0171r\u0151<\/span><\/p>\n<\/li>\n<li class=\"w4rN-\" dir=\"auto\">\n<p id=\"viewer-61kqf15974\" class=\"LThh9 tL1tz qufKF\" dir=\"\"><span class=\"AAYkC\">Ice Twister<\/span><\/p>\n<\/li>\n<li class=\"w4rN-\" dir=\"auto\">\n<p id=\"viewer-au25a15976\" class=\"LThh9 tL1tz qufKF\" dir=\"\"><span class=\"AAYkC\">Matric\u00e1k<\/span><\/p>\n<\/li>\n<li class=\"w4rN-\" dir=\"auto\">\n<p id=\"viewer-2a10715978\" class=\"LThh9 tL1tz qufKF\" dir=\"\"><span class=\"AAYkC\">T\u00e9li dugatty\u00faz\u00e1rak<\/span><\/p>\n<\/li>\n<li class=\"w4rN-\" dir=\"auto\">\n<p id=\"viewer-grev115980\" class=\"LThh9 tL1tz qufKF\" dir=\"\"><span class=\"AAYkC\">\u00d6nkiszolg\u00e1l\u00f3 dugatty\u00fa<\/span><\/p>\n<\/li>\n<\/ul>\n<\/div>\n<\/div>\n<\/div>\n<\/div>\n<\/div>\n<\/div>\n<\/div>\n<\/div>\n<\/div>\n<\/div>\n<\/div>\n<\/div>\n<\/div>\n<\/div>\n<\/div>\n<\/div>","protected":false},"excerpt":{"rendered":"<p>The Titan Duo Frozen Yogurt machine stands as Nissei&#8217;s highest capacity model, engineered to meet the demands of high-traffic establishments. Its robust design ensures rapid production, making it ideal for busy ice cream parlors, amusement parks, and food courts. With the ability to serve two flavors simultaneously, it offers versatility and efficiency, ensuring a steady [&hellip;]<\/p>\n","protected":false},"featured_media":6944,"comment_status":"open","ping_status":"closed","template":"","meta":[],"product_brand":[],"product_cat":[36],"product_tag":[],"class_list":{"0":"post-6943","1":"product","2":"type-product","3":"status-publish","4":"has-post-thumbnail","6":"product_cat-frozen-yoghurt","8":"first","9":"instock","10":"shipping-taxable","11":"product-type-simple"},"_links":{"self":[{"href":"https:\/\/dersuessestopp.com\/hu\/wp-json\/wp\/v2\/product\/6943","targetHints":{"allow":["GET"]}}],"collection":[{"href":"https:\/\/dersuessestopp.com\/hu\/wp-json\/wp\/v2\/product"}],"about":[{"href":"https:\/\/dersuessestopp.com\/hu\/wp-json\/wp\/v2\/types\/product"}],"replies":[{"embeddable":true,"href":"https:\/\/dersuessestopp.com\/hu\/wp-json\/wp\/v2\/comments?post=6943"}],"version-history":[{"count":4,"href":"https:\/\/dersuessestopp.com\/hu\/wp-json\/wp\/v2\/product\/6943\/revisions"}],"predecessor-version":[{"id":6949,"href":"https:\/\/dersuessestopp.com\/hu\/wp-json\/wp\/v2\/product\/6943\/revisions\/6949"}],"wp:featuredmedia":[{"embeddable":true,"href":"https:\/\/dersuessestopp.com\/hu\/wp-json\/wp\/v2\/media\/6944"}],"wp:attachment":[{"href":"https:\/\/dersuessestopp.com\/hu\/wp-json\/wp\/v2\/media?parent=6943"}],"wp:term":[{"taxonomy":"product_brand","embeddable":true,"href":"https:\/\/dersuessestopp.com\/hu\/wp-json\/wp\/v2\/product_brand?post=6943"},{"taxonomy":"product_cat","embeddable":true,"href":"https:\/\/dersuessestopp.com\/hu\/wp-json\/wp\/v2\/product_cat?post=6943"},{"taxonomy":"product_tag","embeddable":true,"href":"https:\/\/dersuessestopp.com\/hu\/wp-json\/wp\/v2\/product_tag?post=6943"}],"curies":[{"name":"wp","href":"https:\/\/api.w.org\/{rel}","templated":true}]}}