{"id":6926,"date":"2025-08-29T06:53:29","date_gmt":"2025-08-29T06:53:29","guid":{"rendered":"https:\/\/dersuessestopp.com\/?post_type=product&#038;p=6926"},"modified":"2025-09-24T20:00:15","modified_gmt":"2025-09-24T20:00:15","slug":"nissei-giant-combi-a-vegso-eromu","status":"publish","type":"product","link":"https:\/\/dersuessestopp.com\/hu\/product\/nissei-giant-combi-the-ultimate-powerhouse\/","title":{"rendered":"Nissei Giant Combi: A v\u00e9gs\u0151 er\u0151m\u0171"},"content":{"rendered":"<div data-breakout=\"normal\">\n<p id=\"viewer-14dx827976\" class=\"LThh9 tL1tz t3L08 qufKF\" dir=\"auto\"><span class=\"AAYkC\">A nagy ig\u00e9nybev\u00e9tel\u0171 k\u00f6rnyezetekre tervezett Nissei Giant Combi p\u00e1ratlanul magas sz\u00ednvonal\u00fa<\/span><\/p>\n<\/div>\n<div data-breakout=\"normal\">\n<p id=\"viewer-57ddc480\" class=\"LThh9 tL1tz t3L08 qufKF\" dir=\"auto\"><span class=\"AAYkC\">teljes\u00edtm\u00e9nye 75 liter\/\u00f3ra kapacit\u00e1ssal. A 3,4 literes fagyaszt\u00f3henger biztos\u00edtja a gyors<\/span><\/p>\n<\/div>\n<div data-breakout=\"normal\">\n<p id=\"viewer-xptjf482\" class=\"LThh9 tL1tz t3L08 qufKF\" dir=\"auto\"><span class=\"AAYkC\">fagyaszt\u00e1s, \u00edgy t\u00f6k\u00e9letes a ny\u00fczsg\u0151 fagylaltoz\u00f3k, vid\u00e1mparkok \u00e9s \u00e9teludvarok sz\u00e1m\u00e1ra.<\/span><\/p>\n<\/div>\n<div data-breakout=\"normal\">\n<p id=\"viewer-al6cz484\" class=\"LThh9 tL1tz t3L08 qufKF\" dir=\"auto\"><span class=\"AAYkC\">Az \u00f6npaszt\u0151r\u00f6z\u0151 funkci\u00f3 6 hetente egyszeri karbantart\u00e1sra cs\u00f6kkenti a karbantart\u00e1st, \u00e9s az intuit\u00edv<\/span><\/p>\n<\/div>\n<div data-breakout=\"normal\">\n<p id=\"viewer-rk0ro486\" class=\"LThh9 tL1tz t3L08 qufKF\" dir=\"auto\"><span class=\"AAYkC\">az \u00e9rint\u0151k\u00e9perny\u0151s vez\u00e9rl\u00e9s fokozza a felhaszn\u00e1l\u00f3i \u00e9lm\u00e9nyt. Azzal a k\u00e9pess\u00e9ggel, hogy egy l\u00e1gyt\u00e1lal\u00e1si \u00edzt szolg\u00e1ljon fel<\/span><\/p>\n<\/div>\n<div data-breakout=\"normal\">\n<p id=\"viewer-jsrrj488\" class=\"LThh9 tL1tz t3L08 qufKF\" dir=\"auto\"><span class=\"AAYkC\">\u00e9s n\u00e9gyf\u00e9le turmixfajt\u00e1val sokoldal\u00fas\u00e1got k\u00edn\u00e1l, hogy megfeleljen a k\u00fcl\u00f6nb\u00f6z\u0151 v\u00e1s\u00e1rl\u00f3i preferenci\u00e1knak.<\/span><\/p>\n<\/div>\n<div data-breakout=\"normal\">\n<h3 id=\"viewer-5wnel4422\" class=\"RsvCW _3Z2KS t3L08 qufKF\" dir=\"auto\"><span class=\"qnKJ9\"><strong>NISSEI - A t\u00f6k\u00e9letess\u00e9get keres\u0151 szakemberek bizalma<\/strong><\/span><\/h3>\n<\/div>\n<div data-hook=\"rcv-block11\">A t\u00f6bb mint 35 \u00e9ves folyamatos innov\u00e1ci\u00f3val a NISSEI NL a soft serve \u00e9s a fagyasztott joghurt technol\u00f3gia \u00e9lvonal\u00e1ban \u00e1ll. G\u00e9peinket k\u00e9zzel, prec\u00edzen \u00e9s hossz\u00fa \u00e9lettartamra gy\u00e1rtjuk, \u00edgy biztos\u00edtva az \u00d6n v\u00e1llalkoz\u00e1s\u00e1nak z\u00f6kken\u0151mentes \u00e9s hat\u00e9kony m\u0171k\u00f6d\u00e9s\u00e9t.<\/div>\n<div data-breakout=\"normal\">\n<p id=\"viewer-pmx2c352\" class=\"LThh9 tL1tz t3L08 qufKF\" dir=\"auto\"><span class=\"AAYkC\"><strong>Az elm\u00falt 30 \u00e9v leny\u0171g\u00f6z\u0151 eredm\u00e9nyei Eur\u00f3p\u00e1ban.<\/strong><\/span><\/p>\n<\/div>\n<div data-breakout=\"normal\">\n<ul class=\"Ior1H t3L08\">\n<li class=\"w4rN-\" dir=\"auto\">\n<p id=\"viewer-467rb2300\" class=\"LThh9 tL1tz t3L08 qufKF\" dir=\"\"><span class=\"AAYkC\"><strong>7,000+ g\u00e9p<\/strong>\u00a0prec\u00edzen megmunk\u00e1lt \u00e9s Eur\u00f3pa-szerte \u00e9rt\u00e9kes\u00edtett<\/span><\/p>\n<\/li>\n<li class=\"w4rN-\" dir=\"auto\">\n<p id=\"viewer-0ddhr269\" class=\"LThh9 tL1tz t3L08 qufKF\" dir=\"\"><span class=\"AAYkC\"><strong>4,500+ egys\u00e9g<\/strong>\u00a0a mai napig m\u0171k\u00f6dik<\/span><\/p>\n<\/li>\n<li class=\"w4rN-\" dir=\"auto\">\n<p id=\"viewer-8mxss273\" class=\"LThh9 tL1tz t3L08 qufKF\" dir=\"\"><span class=\"AAYkC\"><strong>Vezet\u0151 v\u00e1llalkoz\u00e1sok bizalma<\/strong> <\/span><\/p>\n<\/li>\n<\/ul>\n<div class=\"UfDyV _1n3i3 FXHR4 FMcOw\" data-hook=\"collapsible-list-item-title\">\n<div>\n<p id=\"viewer-4lydl3983\" class=\"LThh9 tL1tz qufKF\" dir=\"auto\"><span class=\"AAYkC\"><strong>Le\u00edr\u00e1s<\/strong><\/span><\/p>\n<\/div>\n<\/div>\n<div>\n<div class=\"UfDyV _1n3i3 FXHR4 FMcOw\" data-hook=\"collapsible-list-item-title\">\n<div>\n<p id=\"viewer-3bift2583\" class=\"LThh9 tL1tz qufKF\" dir=\"auto\"><span class=\"AAYkC\">A Giant Combi az egyik legn\u00e9pszer\u0171bb NISSEI g\u00e9p Hollandi\u00e1ban. \u00c9s ez term\u00e9szetesen nem v\u00e9letlen. Ez a kombi g\u00e9p nagy kapacit\u00e1st k\u00edn\u00e1l, m\u00e9g ha korl\u00e1tozott m\u00e9ret\u0171 is. A Giant Combi energiatakar\u00e9kos, \u00e9s a legt\u00f6bb olyan v\u00e1llalkoz\u00e1s sz\u00e1m\u00e1ra alkalmas, amely \u00fcd\u00edt\u0151ket \u00e9s turmixokat is szeretne \u00e9rt\u00e9kes\u00edteni. A RAPP technol\u00f3gi\u00e1nak k\u00f6sz\u00f6nhet\u0151en ez a g\u00e9p k\u00e9pes folyamatosan kiv\u00e1l\u00f3 min\u0151s\u00e9g\u0171 soft serve-t \u00e9s turmixokat k\u00edn\u00e1lni. Ezenk\u00edv\u00fcl innovat\u00edv \u00e9rint\u0151k\u00e9perny\u0151vel rendelkezik.<\/span><\/p>\n<div class=\"UfDyV _1n3i3 FXHR4 FMcOw\" data-hook=\"collapsible-list-item-title\">\n<div>\n<p id=\"viewer-vfpnb4213\" class=\"LThh9 tL1tz qufKF\" dir=\"auto\"><span class=\"AAYkC\"><strong>Jellemz\u0151k<\/strong><\/span><\/p>\n<\/div>\n<\/div>\n<div>\n<div class=\"UfDyV _1n3i3 FXHR4 FMcOw\" data-hook=\"collapsible-list-item-title\">\n<div>\n<ul class=\"Ior1H\">\n<li class=\"w4rN-\" dir=\"auto\">\n<p id=\"viewer-yyxca2835\" class=\"LThh9 tL1tz qufKF\" dir=\"\"><span class=\"AAYkC\">RAPP technol\u00f3gi\u00e1val<\/span><\/p>\n<\/li>\n<li class=\"w4rN-\" dir=\"auto\">\n<p id=\"viewer-yox9w2882\" class=\"LThh9 tL1tz qufKF\" dir=\"\"><span class=\"AAYkC\">Intuit\u00edv \u00e9rint\u0151k\u00e9perny\u0151<\/span><\/p>\n<\/li>\n<li class=\"w4rN-\" dir=\"auto\">\n<p id=\"viewer-ctwnv3330\" class=\"LThh9 tL1tz qufKF\" dir=\"\"><span class=\"AAYkC\">1 \u00edz\u0171 \u00fcd\u00edt\u0151, 4 \u00edz\u0171 turmix<\/span><\/p>\n<\/li>\n<li class=\"w4rN-\" dir=\"auto\">\n<p id=\"viewer-07xep3380\" class=\"LThh9 tL1tz qufKF\" dir=\"\"><span class=\"AAYkC\">3 kamr\u00e1s fagyaszt\u00f3rekesz<\/span><\/p>\n<\/li>\n<li class=\"w4rN-\" dir=\"auto\">\n<p id=\"viewer-1mg1p3560\" class=\"LThh9 tL1tz qufKF\" dir=\"\"><span class=\"AAYkC\">Automata adagol\u00e1s\u00fa turmix (APM)<\/span><\/p>\n<\/li>\n<li class=\"w4rN-\" dir=\"auto\">\n<p id=\"viewer-2z4kn3747\" class=\"LThh9 tL1tz qufKF\" dir=\"\"><span class=\"AAYkC\">Csak 6 hetente egyszer szerelje sz\u00e9t \u00e9s tiszt\u00edtsa meg a k\u00e9sz\u00fcl\u00e9ket.<\/span><\/p>\n<\/li>\n<li class=\"w4rN-\" dir=\"auto\">\n<p id=\"viewer-saqnf3803\" class=\"LThh9 tL1tz qufKF\" dir=\"\"><span class=\"AAYkC\">Paszt\u0151r\u00f6z\u00e9s<\/span><\/p>\n<\/li>\n<li class=\"w4rN-\" dir=\"auto\">\n<p id=\"viewer-kahy03861\" class=\"LThh9 tL1tz qufKF\" dir=\"\"><span class=\"AAYkC\">L\u00e1bvez\u00e9rl\u0151<\/span><\/p>\n<\/li>\n<li class=\"w4rN-\" dir=\"auto\">\n<p id=\"viewer-cn1g84069\" class=\"LThh9 tL1tz qufKF\" dir=\"\"><span class=\"AAYkC\">Egyed\u00fcl\u00e1ll\u00f3 5 \u00e9v garancia<\/span><\/p>\n<\/li>\n<\/ul>\n<div class=\"UfDyV _1n3i3 FXHR4 FMcOw\" data-hook=\"collapsible-list-item-title\">\n<div>\n<p id=\"viewer-27blo5891\" class=\"LThh9 tL1tz qufKF\" dir=\"auto\"><span class=\"AAYkC\"><strong>M\u0171szaki adatok<\/strong><\/span><\/p>\n<\/div>\n<\/div>\n<div>\n<div class=\"UfDyV _1n3i3 FXHR4 FMcOw\" data-hook=\"collapsible-list-item-title\">\n<div>\n<table>\n<thead>\n<tr>\n<th>Specifik\u00e1ci\u00f3<\/th>\n<th>R\u00e9szletek<\/th>\n<\/tr>\n<\/thead>\n<tbody>\n<tr>\n<td><strong>Kapacit\u00e1s<\/strong><\/td>\n<td>75 liter \u00f3r\u00e1nk\u00e9nt<\/td>\n<\/tr>\n<tr>\n<td><strong>K\u00f6tet<\/strong><\/td>\n<td>3,4 literes fagyaszt\u00f3 henger<\/td>\n<\/tr>\n<tr>\n<td><strong>Szivatty\u00fa<\/strong><\/td>\n<td>Innovat\u00edv RAPP technol\u00f3gia<\/td>\n<\/tr>\n<tr>\n<td><strong>V\u00edzh\u0171t\u00e9ses<\/strong><\/td>\n<td>Ca. 50m\u00b3 h\u0171t\u0151v\u00edzfogyaszt\u00e1s \u00e9vente<\/td>\n<\/tr>\n<tr>\n<td><strong>S\u00faly<\/strong><\/td>\n<td>170 kg<\/td>\n<\/tr>\n<tr>\n<td><strong>M\u00e9retek<\/strong><\/td>\n<td>Magass\u00e1g 150 \u00d7 sz\u00e9less\u00e9g 46 \u00d7 magass\u00e1g 84 cm<\/td>\n<\/tr>\n<tr>\n<td><strong>Kapcsolat<\/strong><\/td>\n<td>400 Volt + 0 + A, 3,5 kWh<\/td>\n<\/tr>\n<\/tbody>\n<\/table>\n<div class=\"UfDyV _1n3i3 FXHR4 FMcOw\" data-hook=\"collapsible-list-item-title\">\n<div>\n<p id=\"viewer-h1due9344\" class=\"LThh9 tL1tz qufKF\" dir=\"auto\"><span class=\"AAYkC\"><strong>Extra opci\u00f3k<\/strong><\/span><\/p>\n<\/div>\n<\/div>\n<div>\n<div class=\"UfDyV _1n3i3 FXHR4 FMcOw\" data-hook=\"collapsible-list-item-title\">\n<div>\n<ul class=\"Ior1H\">\n<li class=\"w4rN-\" dir=\"auto\">\n<p id=\"viewer-0vl8f6682\" class=\"LThh9 tL1tz qufKF\" dir=\"\"><span class=\"AAYkC\">Sz\u00e1raz t\u00f6lt\u0151rendszer porkever\u00e9khez<\/span><\/p>\n<\/li>\n<li class=\"w4rN-\" dir=\"auto\">\n<p id=\"viewer-4clpv7102\" class=\"LThh9 tL1tz qufKF\" dir=\"\"><span class=\"AAYkC\">Thickshake funkci\u00f3<\/span><\/p>\n<\/li>\n<li class=\"w4rN-\" dir=\"auto\">\n<p id=\"viewer-db90k7200\" class=\"LThh9 tL1tz qufKF\" dir=\"\"><span class=\"AAYkC\">Ice Twister<\/span><\/p>\n<\/li>\n<li class=\"w4rN-\" dir=\"auto\">\n<p id=\"viewer-xcv0p7300\" class=\"LThh9 tL1tz qufKF\" dir=\"\"><span class=\"AAYkC\">V\u00edzsz\u0171r\u0151<\/span><\/p>\n<\/li>\n<\/ul>\n<\/div>\n<\/div>\n<\/div>\n<\/div>\n<\/div>\n<\/div>\n<\/div>\n<\/div>\n<\/div>\n<\/div>\n<\/div>\n<\/div>\n<\/div>","protected":false},"excerpt":{"rendered":"<p>Designed for high-demand environments, the Nissei Giant Combi delivers unparalleled performance with a capacity of 75 liters per hour. Its 3.4-liter freezer cylinder ensures rapid freezing, making it perfect for bustling ice cream shops, amusement parks, and food courts. The self-pasteurizing feature reduces maintenance to once every 6 weeks, and the intuitive touchscreen controls enhance [&hellip;]<\/p>\n","protected":false},"featured_media":6927,"comment_status":"open","ping_status":"closed","template":"","meta":[],"product_brand":[],"product_cat":[62],"product_tag":[],"class_list":{"0":"post-6926","1":"product","2":"type-product","3":"status-publish","4":"has-post-thumbnail","6":"product_cat-combi-ice-cream-milkshake","8":"first","9":"instock","10":"shipping-taxable","11":"product-type-simple"},"_links":{"self":[{"href":"https:\/\/dersuessestopp.com\/hu\/wp-json\/wp\/v2\/product\/6926","targetHints":{"allow":["GET"]}}],"collection":[{"href":"https:\/\/dersuessestopp.com\/hu\/wp-json\/wp\/v2\/product"}],"about":[{"href":"https:\/\/dersuessestopp.com\/hu\/wp-json\/wp\/v2\/types\/product"}],"replies":[{"embeddable":true,"href":"https:\/\/dersuessestopp.com\/hu\/wp-json\/wp\/v2\/comments?post=6926"}],"version-history":[{"count":1,"href":"https:\/\/dersuessestopp.com\/hu\/wp-json\/wp\/v2\/product\/6926\/revisions"}],"predecessor-version":[{"id":6929,"href":"https:\/\/dersuessestopp.com\/hu\/wp-json\/wp\/v2\/product\/6926\/revisions\/6929"}],"wp:featuredmedia":[{"embeddable":true,"href":"https:\/\/dersuessestopp.com\/hu\/wp-json\/wp\/v2\/media\/6927"}],"wp:attachment":[{"href":"https:\/\/dersuessestopp.com\/hu\/wp-json\/wp\/v2\/media?parent=6926"}],"wp:term":[{"taxonomy":"product_brand","embeddable":true,"href":"https:\/\/dersuessestopp.com\/hu\/wp-json\/wp\/v2\/product_brand?post=6926"},{"taxonomy":"product_cat","embeddable":true,"href":"https:\/\/dersuessestopp.com\/hu\/wp-json\/wp\/v2\/product_cat?post=6926"},{"taxonomy":"product_tag","embeddable":true,"href":"https:\/\/dersuessestopp.com\/hu\/wp-json\/wp\/v2\/product_tag?post=6926"}],"curies":[{"name":"wp","href":"https:\/\/api.w.org\/{rel}","templated":true}]}}