{"id":6921,"date":"2025-08-29T06:37:43","date_gmt":"2025-08-29T06:37:43","guid":{"rendered":"https:\/\/dersuessestopp.com\/?post_type=product&#038;p=6921"},"modified":"2025-09-24T20:00:50","modified_gmt":"2025-09-24T20:00:50","slug":"nissei-titan-duo-combi-sokoldalusag-a-javabol","status":"publish","type":"product","link":"https:\/\/dersuessestopp.com\/hu\/product\/nissei-titan-duo-combi-versatility-at-its-best\/","title":{"rendered":"Nissei Titan Duo Combi - sokoldal\u00fas\u00e1g a jav\u00e1b\u00f3l"},"content":{"rendered":"<div data-breakout=\"normal\">\n<p id=\"viewer-nam8a228\" class=\"LThh9 tL1tz t3L08 qufKF\" dir=\"auto\"><span class=\"AAYkC\">A Nissei Titan Duo Combi kiemelkedik kett\u0151s soft serve k\u00e9pess\u00e9g\u00e9vel \u00e9s \u00f6t turmix \u00edz\u00e9vel. Hengerenk\u00e9nt 75 \u00e9s 55 liter\/\u00f3ra kapacit\u00e1ssal m\u0171k\u00f6dik a soft serve eset\u00e9ben, \u00edgy ide\u00e1lis olyan l\u00e9tes\u00edtm\u00e9nyek sz\u00e1m\u00e1ra, mint a k\u00e1v\u00e9z\u00f3k, fagylaltoz\u00f3k \u00e9s gyors\u00e9ttereml\u00e1ncok, amelyek c\u00e9lja, hogy sz\u00e9les v\u00e1laszt\u00e9kot k\u00edn\u00e1ljanak. Kompakt kialak\u00edt\u00e1s\u00e1nak k\u00f6sz\u00f6nhet\u0151en a teljes\u00edtm\u00e9ny ter\u00e9n sem kell kompromisszumot k\u00f6tnie, az \u00f6npaszt\u0151r\u00f6z\u0151 rendszer pedig minim\u00e1lis er\u0151fesz\u00edt\u00e9ssel biztos\u00edtja a higi\u00e9ni\u00e1t.<\/span><\/p>\n<\/div>\n<div data-breakout=\"normal\">\n<h3 id=\"viewer-5wnel4422\" class=\"RsvCW _3Z2KS t3L08 qufKF\" dir=\"auto\"><span class=\"qnKJ9\"><strong>NISSEI - A t\u00f6k\u00e9letess\u00e9get keres\u0151 szakemberek bizalma<\/strong><\/span><\/h3>\n<\/div>\n<div data-breakout=\"normal\">\n<p id=\"viewer-big1i4951\" class=\"LThh9 tL1tz t3L08 qufKF\" dir=\"auto\"><span class=\"AAYkC\">A t\u00f6bb mint 35 \u00e9ves folyamatos innov\u00e1ci\u00f3val a NISSEI NL a soft serve \u00e9s a fagyasztott joghurt technol\u00f3gia \u00e9lvonal\u00e1ban \u00e1ll. G\u00e9peinket k\u00e9zzel, prec\u00edzen \u00e9s hossz\u00fa \u00e9lettartamra gy\u00e1rtjuk, \u00edgy biztos\u00edtva az \u00d6n v\u00e1llalkoz\u00e1s\u00e1nak z\u00f6kken\u0151mentes \u00e9s hat\u00e9kony m\u0171k\u00f6d\u00e9s\u00e9t.<\/span><\/p>\n<\/div>\n<div data-breakout=\"normal\">\n<p id=\"viewer-pmx2c352\" class=\"LThh9 tL1tz t3L08 qufKF\" dir=\"auto\"><span class=\"AAYkC\"><strong>Az elm\u00falt 30 \u00e9v leny\u0171g\u00f6z\u0151 eredm\u00e9nyei Eur\u00f3p\u00e1ban.<\/strong><\/span><\/p>\n<\/div>\n<div data-breakout=\"normal\">\n<ul class=\"Ior1H t3L08\">\n<li class=\"w4rN-\" dir=\"auto\">\n<p id=\"viewer-hd7ob265\" class=\"LThh9 tL1tz t3L08 qufKF\" dir=\"\"><span class=\"AAYkC\"><strong>7,000+ g\u00e9p<\/strong>\u00a0prec\u00edzen megmunk\u00e1lt \u00e9s Eur\u00f3pa-szerte \u00e9rt\u00e9kes\u00edtett<\/span><\/p>\n<\/li>\n<li class=\"w4rN-\" dir=\"auto\">\n<p id=\"viewer-0ddhr269\" class=\"LThh9 tL1tz t3L08 qufKF\" dir=\"\"><span class=\"AAYkC\"><strong>4,500+ egys\u00e9g<\/strong>\u00a0a mai napig m\u0171k\u00f6dik<\/span><\/p>\n<\/li>\n<li class=\"w4rN-\" dir=\"auto\">\n<p id=\"viewer-8mxss273\" class=\"LThh9 tL1tz t3L08 qufKF\" dir=\"\"><span class=\"AAYkC\"><strong>Vezet\u0151 v\u00e1llalkoz\u00e1sok bizalma<\/strong><\/span><\/p>\n<\/li>\n<\/ul>\n<div class=\"UfDyV _1n3i3 FXHR4 FMcOw\" data-hook=\"collapsible-list-item-title\">\n<div>\n<p id=\"viewer-do3bs1086\" class=\"LThh9 tL1tz qufKF\" dir=\"auto\"><span class=\"AAYkC\"><strong>Le\u00edr\u00e1s<\/strong><\/span><\/p>\n<\/div>\n<\/div>\n<div>\n<div class=\"UfDyV _1n3i3 FXHR4 FMcOw\" data-hook=\"collapsible-list-item-title\">\n<div>\n<p id=\"viewer-2yyli9417\" class=\"LThh9 tL1tz qufKF\" dir=\"auto\"><span class=\"AAYkC\">A Titan Duo Combi a NISSEI legsokoldal\u00fabb g\u00e9pe. Seg\u00edts\u00e9g\u00e9vel k\u00f6nnyed\u00e9n k\u00e9sz\u00edthet k\u00e9tf\u00e9le \u00edz\u0171 \u00fcd\u00edt\u0151t, egy kevert \u00edz\u0171 \u00e9s \u00f6tf\u00e9le \u00edz\u0171 turmixot. Lepje meg vend\u00e9geit az \u00e9vszaknak megfelel\u0151 egyedi \u00edzekkel. A RAPP technol\u00f3gi\u00e1nak k\u00f6sz\u00f6nhet\u0151en ez a g\u00e9p folyamatosan kiv\u00e1l\u00f3 min\u0151s\u00e9g\u0171 soft serve-t \u00e9s turmixokat k\u00e9pes k\u00edn\u00e1lni. A k\u00e9t henger egym\u00e1st\u00f3l f\u00fcggetlen\u00fcl aktiv\u00e1lhat\u00f3 \u00e9s deaktiv\u00e1lhat\u00f3. Ez azt jelenti, hogy szezonon k\u00edv\u00fcl csak az egyik hengerb\u0151l szolg\u00e1lhat fel.<\/span><\/p>\n<div class=\"UfDyV _1n3i3 FXHR4 FMcOw\" data-hook=\"collapsible-list-item-title\">\n<div>\n<p id=\"viewer-imzgd1311\" class=\"LThh9 tL1tz qufKF\" dir=\"auto\"><span class=\"AAYkC\"><strong>Jellemz\u0151k<\/strong><\/span><\/p>\n<\/div>\n<\/div>\n<div>\n<div class=\"UfDyV _1n3i3 FXHR4 FMcOw\" data-hook=\"collapsible-list-item-title\">\n<div>\n<ul class=\"Ior1H\">\n<li class=\"w4rN-\" dir=\"auto\">\n<p id=\"viewer-x37di9497\" class=\"LThh9 tL1tz qufKF\" dir=\"\"><span class=\"AAYkC\">RAPP technol\u00f3gi\u00e1val<\/span><\/p>\n<\/li>\n<li class=\"w4rN-\" dir=\"auto\">\n<p id=\"viewer-vlfyo9551\" class=\"LThh9 tL1tz qufKF\" dir=\"\"><span class=\"AAYkC\">Intuit\u00edv \u00e9rint\u0151k\u00e9perny\u0151<\/span><\/p>\n<\/li>\n<li class=\"w4rN-\" dir=\"auto\">\n<p id=\"viewer-hr7o49589\" class=\"LThh9 tL1tz qufKF\" dir=\"\"><span class=\"AAYkC\">2 \u00edz\u0171 soft serve \u00e9s egy vegyes \u00edzes\u00edt\u00e9s\u0171<\/span><\/p>\n<\/li>\n<li class=\"w4rN-\" dir=\"auto\">\n<p id=\"viewer-yxuzo9629\" class=\"LThh9 tL1tz qufKF\" dir=\"\"><span class=\"AAYkC\">5 \u00edz\u0171 turmix<\/span><\/p>\n<\/li>\n<li class=\"w4rN-\" dir=\"auto\">\n<p id=\"viewer-6utru9671\" class=\"LThh9 tL1tz qufKF\" dir=\"\"><span class=\"AAYkC\">Automata adagol\u00e1s\u00fa turmix (APM)<\/span><\/p>\n<\/li>\n<li class=\"w4rN-\" dir=\"auto\">\n<p id=\"viewer-q8d4w9715\" class=\"LThh9 tL1tz qufKF\" dir=\"\"><span class=\"AAYkC\">3 kamr\u00e1s fagyaszt\u00f3rekesz<\/span><\/p>\n<\/li>\n<li class=\"w4rN-\" dir=\"auto\">\n<p id=\"viewer-fmvw29761\" class=\"LThh9 tL1tz qufKF\" dir=\"\"><span class=\"AAYkC\">Csak 6 hetente 1x sz\u00e9tszerel\u00e9s \u00e9s tiszt\u00edt\u00e1s<\/span><\/p>\n<\/li>\n<li class=\"w4rN-\" dir=\"auto\">\n<p id=\"viewer-tle7t9809\" class=\"LThh9 tL1tz qufKF\" dir=\"\"><span class=\"AAYkC\">Paszt\u0151r\u00f6z\u00e9s<\/span><\/p>\n<\/li>\n<li class=\"w4rN-\" dir=\"auto\">\n<p id=\"viewer-3xsaw9859\" class=\"LThh9 tL1tz qufKF\" dir=\"\"><span class=\"AAYkC\">Egyed\u00fcl\u00e1ll\u00f3 5 \u00e9v garancia<\/span><\/p>\n<\/li>\n<\/ul>\n<p><span class=\"AAYkC\"><strong>Specifik\u00e1ci\u00f3<\/strong><\/span><\/p>\n<table>\n<thead>\n<tr>\n<th>Specifik\u00e1ci\u00f3<\/th>\n<th>R\u00e9szletek<\/th>\n<\/tr>\n<\/thead>\n<tbody>\n<tr>\n<td><strong>Kapacit\u00e1s<\/strong><\/td>\n<td>75 + 55 liter \u00f3r\u00e1nk\u00e9nt<\/td>\n<\/tr>\n<tr>\n<td><strong>K\u00f6tet<\/strong><\/td>\n<td>2,5 + 3,4 literes fagyaszt\u00f3 hengeres<\/td>\n<\/tr>\n<tr>\n<td><strong>Szivatty\u00fa<\/strong><\/td>\n<td>Innovat\u00edv RAPP technol\u00f3gia<\/td>\n<\/tr>\n<tr>\n<td><strong>V\u00edzh\u0171t\u00e9ses<\/strong><\/td>\n<td>Ca. 90m\u00b3 h\u0171t\u0151v\u00edzfogyaszt\u00e1s \u00e9vente<\/td>\n<\/tr>\n<tr>\n<td><strong>S\u00faly<\/strong><\/td>\n<td>290 kg<\/td>\n<\/tr>\n<tr>\n<td><strong>M\u00e9retek<\/strong><\/td>\n<td>Magass\u00e1g 150 \u00d7 sz\u00e9less\u00e9g 65 \u00d7 magass\u00e1g 90 cm<\/td>\n<\/tr>\n<tr>\n<td><strong>Kapcsolat<\/strong><\/td>\n<td>400 Volt + 0 + A, 4,5 kWh<\/td>\n<\/tr>\n<\/tbody>\n<\/table>\n<div class=\"UfDyV _1n3i3 FXHR4 FMcOw\" data-hook=\"collapsible-list-item-title\">\n<div>\n<p id=\"viewer-6ib6s4235\" class=\"LThh9 tL1tz qufKF\" dir=\"auto\"><span class=\"AAYkC\"><strong>Extra opci\u00f3k<\/strong><\/span><\/p>\n<\/div>\n<\/div>\n<div>\n<div class=\"UfDyV _1n3i3 FXHR4 FMcOw\" data-hook=\"collapsible-list-item-title\">\n<div>\n<ul class=\"Ior1H\">\n<li class=\"w4rN-\" dir=\"auto\">\n<p id=\"viewer-1rbue12278\" class=\"LThh9 tL1tz qufKF\" dir=\"\"><span class=\"AAYkC\">Sz\u00e1raz t\u00f6lt\u0151rendszer porkever\u00e9khez<\/span><\/p>\n<\/li>\n<li class=\"w4rN-\" dir=\"auto\">\n<p id=\"viewer-p9xxm12364\" class=\"LThh9 tL1tz qufKF\" dir=\"\"><span class=\"AAYkC\">Thickshake funkci\u00f3<\/span><\/p>\n<\/li>\n<li class=\"w4rN-\" dir=\"auto\">\n<p id=\"viewer-1dq5412452\" class=\"LThh9 tL1tz qufKF\" dir=\"\"><span class=\"AAYkC\">Ice Twister<\/span><\/p>\n<\/li>\n<li class=\"w4rN-\" dir=\"auto\">\n<p id=\"viewer-sb8d212542\" class=\"LThh9 tL1tz qufKF\" dir=\"\"><span class=\"AAYkC\">V\u00edzsz\u0171r\u0151<\/span><\/p>\n<\/li>\n<li class=\"w4rN-\" dir=\"auto\">\n<p id=\"viewer-4lbuv13181\" class=\"LThh9 tL1tz qufKF\" dir=\"\"><span class=\"AAYkC\">T\u00e9li dugatty\u00faz\u00e1rak<\/span><\/p>\n<\/li>\n<\/ul>\n<\/div>\n<\/div>\n<\/div>\n<\/div>\n<\/div>\n<\/div>\n<\/div>\n<\/div>\n<\/div>\n<\/div>","protected":false},"excerpt":{"rendered":"<p>The Nissei Titan Duo Combi stands out with its dual soft serve capabilities and five milkshake flavors. Operating at a capacity of 75 and 55 liters per hour per zylinder for soft serve, it&#8217;s ideal for establishments like cafes, ice cream parlors, and fast-food chains that aim to offer a wide range of options. Its [&hellip;]<\/p>\n","protected":false},"featured_media":6922,"comment_status":"open","ping_status":"closed","template":"","meta":[],"product_brand":[],"product_cat":[62],"product_tag":[],"class_list":{"0":"post-6921","1":"product","2":"type-product","3":"status-publish","4":"has-post-thumbnail","6":"product_cat-combi-ice-cream-milkshake","8":"first","9":"instock","10":"shipping-taxable","11":"product-type-simple"},"_links":{"self":[{"href":"https:\/\/dersuessestopp.com\/hu\/wp-json\/wp\/v2\/product\/6921","targetHints":{"allow":["GET"]}}],"collection":[{"href":"https:\/\/dersuessestopp.com\/hu\/wp-json\/wp\/v2\/product"}],"about":[{"href":"https:\/\/dersuessestopp.com\/hu\/wp-json\/wp\/v2\/types\/product"}],"replies":[{"embeddable":true,"href":"https:\/\/dersuessestopp.com\/hu\/wp-json\/wp\/v2\/comments?post=6921"}],"version-history":[{"count":2,"href":"https:\/\/dersuessestopp.com\/hu\/wp-json\/wp\/v2\/product\/6921\/revisions"}],"predecessor-version":[{"id":6925,"href":"https:\/\/dersuessestopp.com\/hu\/wp-json\/wp\/v2\/product\/6921\/revisions\/6925"}],"wp:featuredmedia":[{"embeddable":true,"href":"https:\/\/dersuessestopp.com\/hu\/wp-json\/wp\/v2\/media\/6922"}],"wp:attachment":[{"href":"https:\/\/dersuessestopp.com\/hu\/wp-json\/wp\/v2\/media?parent=6921"}],"wp:term":[{"taxonomy":"product_brand","embeddable":true,"href":"https:\/\/dersuessestopp.com\/hu\/wp-json\/wp\/v2\/product_brand?post=6921"},{"taxonomy":"product_cat","embeddable":true,"href":"https:\/\/dersuessestopp.com\/hu\/wp-json\/wp\/v2\/product_cat?post=6921"},{"taxonomy":"product_tag","embeddable":true,"href":"https:\/\/dersuessestopp.com\/hu\/wp-json\/wp\/v2\/product_tag?post=6921"}],"curies":[{"name":"wp","href":"https:\/\/api.w.org\/{rel}","templated":true}]}}