{"id":6912,"date":"2025-08-29T06:16:54","date_gmt":"2025-08-29T06:16:54","guid":{"rendered":"https:\/\/dersuessestopp.com\/?post_type=product&#038;p=6912"},"modified":"2025-09-24T20:01:57","modified_gmt":"2025-09-24T20:01:57","slug":"nissei-power-combi-tt-kompakt-teljesitmeny","status":"publish","type":"product","link":"https:\/\/dersuessestopp.com\/hu\/product\/nissei-power-combi-tt-compact-power\/","title":{"rendered":"Nissei Power Combi TT - Kompakt teljes\u00edtm\u00e9ny"},"content":{"rendered":"<div data-breakout=\"normal\">\n<p id=\"viewer-eq1yj396\" class=\"LThh9 tL1tz t3L08 qufKF\" dir=\"auto\"><span class=\"AAYkC\">A Nissei Power Combi TT a legkisebb a kombi sorozatban, de teljes\u00edtm\u00e9nyben sem marad el. \u00d3r\u00e1nk\u00e9nt 55 literes kapacit\u00e1s\u00e1val, valamint azzal, hogy egy soft serve \u00edz \u00e9s n\u00e9gyf\u00e9le turmix kiszolg\u00e1l\u00e1s\u00e1ra k\u00e9pes, t\u00f6k\u00e9letesen alkalmas olyan l\u00e9tes\u00edtm\u00e9nyek sz\u00e1m\u00e1ra, ahol kev\u00e9s a hely, de nagy az ig\u00e9ny, p\u00e9ld\u00e1ul kis k\u00e1v\u00e9z\u00f3k \u00e9s kisboltok. Kompakt m\u00e9retei \u00e9s energiatakar\u00e9kos kialak\u00edt\u00e1sa okos v\u00e1laszt\u00e1ss\u00e1 teszi olyan v\u00e1llalkoz\u00e1sok sz\u00e1m\u00e1ra, amelyek helykihaszn\u00e1l\u00e1s n\u00e9lk\u00fcl szeretn\u00e9k maximaliz\u00e1lni a teljes\u00edtm\u00e9nyt.<\/span><\/p>\n<\/div>\n<div data-breakout=\"normal\">\n<h3 id=\"viewer-5wnel4422\" class=\"RsvCW _3Z2KS t3L08 qufKF\" dir=\"auto\"><span class=\"qnKJ9\"><strong>NISSEI - A t\u00f6k\u00e9letess\u00e9get keres\u0151 szakemberek bizalma<\/strong><\/span><\/h3>\n<\/div>\n<div data-breakout=\"normal\">\n<p id=\"viewer-big1i4951\" class=\"LThh9 tL1tz t3L08 qufKF\" dir=\"auto\"><span class=\"AAYkC\">A t\u00f6bb mint 35 \u00e9ves folyamatos innov\u00e1ci\u00f3val a NISSEI NL a soft serve \u00e9s a fagyasztott joghurt technol\u00f3gia \u00e9lvonal\u00e1ban \u00e1ll. G\u00e9peinket k\u00e9zzel, prec\u00edzen \u00e9s hossz\u00fa \u00e9lettartamra gy\u00e1rtjuk, \u00edgy biztos\u00edtva az \u00d6n v\u00e1llalkoz\u00e1s\u00e1nak z\u00f6kken\u0151mentes \u00e9s hat\u00e9kony m\u0171k\u00f6d\u00e9s\u00e9t.<\/span><\/p>\n<\/div>\n<div data-hook=\"rcv-block8\"><strong>Az elm\u00falt 30 \u00e9v leny\u0171g\u00f6z\u0151 eredm\u00e9nyei Eur\u00f3p\u00e1ban.<\/strong><\/div>\n<div data-breakout=\"normal\">\n<ul class=\"Ior1H t3L08\">\n<li class=\"w4rN-\" dir=\"auto\">\n<p id=\"viewer-hd7ob265\" class=\"LThh9 tL1tz t3L08 qufKF\" dir=\"\"><span class=\"AAYkC\"><strong>7,000+ g\u00e9p<\/strong>\u00a0prec\u00edzen megmunk\u00e1lt \u00e9s Eur\u00f3pa-szerte \u00e9rt\u00e9kes\u00edtett<\/span><\/p>\n<\/li>\n<li class=\"w4rN-\" dir=\"auto\">\n<p id=\"viewer-0ddhr269\" class=\"LThh9 tL1tz t3L08 qufKF\" dir=\"\"><span class=\"AAYkC\"><strong>4,500+ egys\u00e9g<\/strong>\u00a0a mai napig m\u0171k\u00f6dik<\/span><\/p>\n<\/li>\n<li class=\"w4rN-\" dir=\"auto\">\n<p id=\"viewer-8mxss273\" class=\"LThh9 tL1tz t3L08 qufKF\" dir=\"\"><span class=\"AAYkC\"><strong>Vezet\u0151 v\u00e1llalkoz\u00e1sok bizalma<\/strong><\/span><\/p>\n<\/li>\n<\/ul>\n<\/div>\n<div data-hook=\"rcv-block12\">\n<div>\n<div class=\"V7Yu5 tJLLb\" data-hook=\"collapsible-list-item expanded\">\n<div class=\"Qd-Py\">\n<div class=\"UfDyV _1n3i3 FXHR4 FMcOw\" data-hook=\"collapsible-list-item-title\">\n<div>\n<p id=\"viewer-y10fv2602\" class=\"LThh9 tL1tz qufKF\" dir=\"auto\"><span class=\"AAYkC\"><strong>Le\u00edr\u00e1s<\/strong><\/span><\/p>\n<\/div>\n<\/div>\n<div>\n<div class=\"UfDyV _1n3i3 FXHR4 FMcOw\" data-hook=\"collapsible-list-item-title\">\n<div>\n<p id=\"viewer-w4b6w18044\" class=\"LThh9 tL1tz qufKF\" dir=\"auto\"><span class=\"AAYkC\">A Power Combi TT a lehet\u0151 legegyedibb. Hogy mi\u00e9rt? Mert ez a legkompaktabb \u00e9s legink\u00e1bb energiahat\u00e9kony modell. Korl\u00e1tozott m\u00e9ret\u00e9nek k\u00f6sz\u00f6nhet\u0151en ez a g\u00e9p b\u00e1rmilyen \u00fczletben elf\u00e9r. Egyszer\u0171en helyezze egy asztalra vagy munkalapra, \u00e9s m\u00e1ris megkezdheti a l\u00e1gyfagylalt \u00e9s a turmixok \u00e9rt\u00e9kes\u00edt\u00e9s\u00e9t. Az intuit\u00edv \u00e9rint\u0151k\u00e9perny\u0151nek k\u00f6sz\u00f6nhet\u0151en ez a g\u00e9p k\u00f6nnyen kezelhet\u0151 az \u00d6n \u00e9s alkalmazottai sz\u00e1m\u00e1ra. A RAPP technol\u00f3gi\u00e1nak k\u00f6sz\u00f6nhet\u0151en ez a g\u00e9p folyamatosan kiv\u00e1l\u00f3 min\u0151s\u00e9g\u0171 l\u00e1gyfagylaltot \u00e9s turmixokat k\u00e9pes k\u00edn\u00e1lni.<\/span><\/p>\n<\/div>\n<\/div>\n<\/div>\n<\/div>\n<\/div>\n<\/div>\n<div>\n<div class=\"V7Yu5 tJLLb\" data-hook=\"collapsible-list-item expanded\">\n<div class=\"_0--Hh\">\n<div class=\"lZBgD has-custom-focus\" role=\"button\" data-hook=\"collapsible-list-expand-button\" aria-label=\"A t\u00e9tel kib\u0151v\u00edtett\">\n<div>\n<div class=\"V7Yu5 tJLLb\" data-hook=\"collapsible-list-item expanded\">\n<div class=\"Qd-Py\">\n<div class=\"UfDyV _1n3i3 FXHR4 FMcOw\" data-hook=\"collapsible-list-item-title\">\n<div>\n<p id=\"viewer-c41nd2678\" class=\"LThh9 tL1tz qufKF\" dir=\"auto\"><span class=\"AAYkC\"><strong>Jellemz\u0151k<\/strong><\/span><\/p>\n<\/div>\n<\/div>\n<div>\n<div class=\"UfDyV _1n3i3 FXHR4 FMcOw\" data-hook=\"collapsible-list-item-title\">\n<div>\n<ul class=\"Ior1H\">\n<li class=\"w4rN-\" dir=\"auto\">\n<p id=\"viewer-f40qu18166\" class=\"LThh9 tL1tz qufKF\" dir=\"\"><span class=\"AAYkC\">RAPP technol\u00f3gi\u00e1val<\/span><\/p>\n<\/li>\n<li class=\"w4rN-\" dir=\"auto\">\n<p id=\"viewer-jfjva18220\" class=\"LThh9 tL1tz qufKF\" dir=\"\"><span class=\"AAYkC\">Intuit\u00edv \u00e9rint\u0151k\u00e9perny\u0151<\/span><\/p>\n<\/li>\n<li class=\"w4rN-\" dir=\"auto\">\n<p id=\"viewer-reqoh18258\" class=\"LThh9 tL1tz qufKF\" dir=\"\"><span class=\"AAYkC\">1 \u00edz\u0171 \u00fcd\u00edt\u0151<\/span><\/p>\n<\/li>\n<li class=\"w4rN-\" dir=\"auto\">\n<p id=\"viewer-bqj7118335\" class=\"LThh9 tL1tz qufKF\" dir=\"\"><span class=\"AAYkC\">4 \u00edz\u0171 turmix<\/span><\/p>\n<\/li>\n<li class=\"w4rN-\" dir=\"auto\">\n<p id=\"viewer-vp87k18480\" class=\"LThh9 tL1tz qufKF\" dir=\"\"><span class=\"AAYkC\">Automata adagol\u00e1s\u00fa turmix (APM)<\/span><\/p>\n<\/li>\n<li class=\"w4rN-\" dir=\"auto\">\n<p id=\"viewer-zmwp118565\" class=\"LThh9 tL1tz qufKF\" dir=\"\"><span class=\"AAYkC\">3 kamr\u00e1s fagyaszt\u00f3rekesz<\/span><\/p>\n<\/li>\n<li class=\"w4rN-\" dir=\"auto\">\n<p id=\"viewer-89ea918611\" class=\"LThh9 tL1tz qufKF\" dir=\"\"><span class=\"AAYkC\">Csak 6 hetente 1x sz\u00e9tszerel\u00e9s \u00e9s tiszt\u00edt\u00e1s<\/span><\/p>\n<\/li>\n<li class=\"w4rN-\" dir=\"auto\">\n<p id=\"viewer-nrbvy18777\" class=\"LThh9 tL1tz qufKF\" dir=\"\"><span class=\"AAYkC\">Paszt\u0151r\u00f6z\u00e9s<\/span><\/p>\n<\/li>\n<li class=\"w4rN-\" dir=\"auto\">\n<p id=\"viewer-s2yec18827\" class=\"LThh9 tL1tz qufKF\" dir=\"\"><span class=\"AAYkC\">Egyed\u00fcl\u00e1ll\u00f3 5 \u00e9v garancia<br \/>\n<\/span><\/p>\n<\/li>\n<\/ul>\n<p><span class=\"AAYkC\"><strong>Specifik\u00e1ci\u00f3<\/strong><\/span><\/p>\n<div class=\"_5G9RM\">\n<table>\n<thead>\n<tr>\n<th>Specifik\u00e1ci\u00f3<\/th>\n<th>R\u00e9szletek<\/th>\n<\/tr>\n<\/thead>\n<tbody>\n<tr>\n<td><strong>Kapacit\u00e1s<\/strong><\/td>\n<td>55 liter \u00f3r\u00e1nk\u00e9nt<\/td>\n<\/tr>\n<tr>\n<td><strong>K\u00f6tet<\/strong><\/td>\n<td>2,5 literes fagyaszt\u00f3 henger<\/td>\n<\/tr>\n<tr>\n<td><strong>Szivatty\u00fa<\/strong><\/td>\n<td>Innovat\u00edv RAPP szivatty\u00fa<\/td>\n<\/tr>\n<tr>\n<td><strong>V\u00edzh\u0171t\u00e9ses<\/strong><\/td>\n<td>Ca. 40m\u00b3 h\u0171t\u0151v\u00edzfogyaszt\u00e1s \u00e9vente<\/td>\n<\/tr>\n<tr>\n<td><strong>S\u00faly<\/strong><\/td>\n<td>135 kg<\/td>\n<\/tr>\n<tr>\n<td><strong>M\u00e9retek<\/strong><\/td>\n<td>H 82 \u00d7 B 46 \u00d7 D 76 cm<\/td>\n<\/tr>\n<tr>\n<td><strong>Kapcsolat<\/strong><\/td>\n<td>400 Volt + 0 + A, 3 kWh<\/td>\n<\/tr>\n<\/tbody>\n<\/table>\n<\/div>\n<\/div>\n<\/div>\n<\/div>\n<\/div>\n<\/div>\n<\/div>\n<div>\n<div class=\"V7Yu5 tJLLb\" data-hook=\"collapsible-list-item expanded\">\n<div class=\"_0--Hh\">\n<div class=\"lZBgD has-custom-focus\" role=\"button\" data-hook=\"collapsible-list-expand-button\" aria-label=\"A t\u00e9tel kib\u0151v\u00edtett\">\n<div class=\"UfDyV _1n3i3 FXHR4 FMcOw\" data-hook=\"collapsible-list-item-title\">\n<div>\n<p id=\"viewer-ftvx24683\" class=\"LThh9 tL1tz qufKF\" dir=\"auto\"><span class=\"AAYkC\"><strong>Extra opci\u00f3k<\/strong><\/span><\/p>\n<\/div>\n<\/div>\n<div>\n<div class=\"UfDyV _1n3i3 FXHR4 FMcOw\" data-hook=\"collapsible-list-item-title\">\n<div>\n<ul class=\"Ior1H\">\n<li class=\"w4rN-\" dir=\"auto\">\n<p id=\"viewer-ep1ca20745\" class=\"LThh9 tL1tz qufKF\" dir=\"\"><span class=\"AAYkC\">Sz\u00e1raz t\u00f6lt\u0151rendszer porkever\u00e9khez<\/span><\/p>\n<\/li>\n<li class=\"w4rN-\" dir=\"auto\">\n<p id=\"viewer-dald520874\" class=\"LThh9 tL1tz qufKF\" dir=\"\"><span class=\"AAYkC\">Thickshake funkci\u00f3<\/span><\/p>\n<\/li>\n<li class=\"w4rN-\" dir=\"auto\">\n<p id=\"viewer-hqofp20962\" class=\"LThh9 tL1tz qufKF\" dir=\"\"><span class=\"AAYkC\">Ice Twister<\/span><\/p>\n<\/li>\n<li class=\"w4rN-\" dir=\"auto\">\n<p id=\"viewer-k4cel21052\" class=\"LThh9 tL1tz qufKF\" dir=\"\"><span class=\"AAYkC\">V\u00edzsz\u0171r\u0151<\/span><\/p>\n<\/li>\n<\/ul>\n<\/div>\n<\/div>\n<\/div>\n<\/div>\n<\/div>\n<\/div>\n<\/div>\n<\/div>\n<\/div>\n<\/div>\n<\/div>\n<\/div>","protected":false},"excerpt":{"rendered":"<p>The Nissei Power Combi TT is the smallest in the combi series but doesn&#8217;t fall short on performance. With a capacity of 55 liters per hour and the ability to serve one soft serve flavor and four milkshake varieties, it&#8217;s perfect for establishments with limited space but high demand, such as small cafes and convenience [&hellip;]<\/p>\n","protected":false},"featured_media":6913,"comment_status":"open","ping_status":"closed","template":"","meta":[],"product_brand":[],"product_cat":[62],"product_tag":[],"class_list":{"0":"post-6912","1":"product","2":"type-product","3":"status-publish","4":"has-post-thumbnail","6":"product_cat-combi-ice-cream-milkshake","8":"first","9":"instock","10":"shipping-taxable","11":"product-type-simple"},"_links":{"self":[{"href":"https:\/\/dersuessestopp.com\/hu\/wp-json\/wp\/v2\/product\/6912","targetHints":{"allow":["GET"]}}],"collection":[{"href":"https:\/\/dersuessestopp.com\/hu\/wp-json\/wp\/v2\/product"}],"about":[{"href":"https:\/\/dersuessestopp.com\/hu\/wp-json\/wp\/v2\/types\/product"}],"replies":[{"embeddable":true,"href":"https:\/\/dersuessestopp.com\/hu\/wp-json\/wp\/v2\/comments?post=6912"}],"version-history":[{"count":1,"href":"https:\/\/dersuessestopp.com\/hu\/wp-json\/wp\/v2\/product\/6912\/revisions"}],"predecessor-version":[{"id":6915,"href":"https:\/\/dersuessestopp.com\/hu\/wp-json\/wp\/v2\/product\/6912\/revisions\/6915"}],"wp:featuredmedia":[{"embeddable":true,"href":"https:\/\/dersuessestopp.com\/hu\/wp-json\/wp\/v2\/media\/6913"}],"wp:attachment":[{"href":"https:\/\/dersuessestopp.com\/hu\/wp-json\/wp\/v2\/media?parent=6912"}],"wp:term":[{"taxonomy":"product_brand","embeddable":true,"href":"https:\/\/dersuessestopp.com\/hu\/wp-json\/wp\/v2\/product_brand?post=6912"},{"taxonomy":"product_cat","embeddable":true,"href":"https:\/\/dersuessestopp.com\/hu\/wp-json\/wp\/v2\/product_cat?post=6912"},{"taxonomy":"product_tag","embeddable":true,"href":"https:\/\/dersuessestopp.com\/hu\/wp-json\/wp\/v2\/product_tag?post=6912"}],"curies":[{"name":"wp","href":"https:\/\/api.w.org\/{rel}","templated":true}]}}